{"id":280,"date":"2015-10-08T08:41:55","date_gmt":"2015-10-08T06:41:55","guid":{"rendered":"http:\/\/agora.xtec.cat\/insmartidot\/?page_id=280"},"modified":"2026-03-14T11:10:43","modified_gmt":"2026-03-14T10:10:43","slug":"restaurant-marti-dot","status":"publish","type":"page","link":"https:\/\/agora.xtec.cat\/insmartidot\/hoteleria\/restaurant-marti-dot\/","title":{"rendered":"Restaurant i cuina pedag\u00f2gica a l&#8217;Ins Mart\u00ed Dot"},"content":{"rendered":"\n<p>C\/ Josep Teixid\u00f3, 2-12.<\/p>\n\n\n\n<div class=\"wp-block-buttons is-layout-flex wp-block-buttons-is-layout-flex\">\n<div class=\"wp-block-button\"><a class=\"wp-block-button__link wp-element-button\" href=\"https:\/\/www.thefork.es\/restaurante\/restaurant-institut-marti-dot-r846386#rankedBy=SEARCH_ENGINE\">Reserves<\/a><\/div>\n<\/div>\n\n\n\n<figure class=\"wp-block-image\"><img loading=\"lazy\" decoding=\"async\" width=\"1000\" height=\"296\" src=\"http:\/\/agora.xtec.cat\/insmartidot\/wp-content\/uploads\/usu476\/2015\/10\/IMG_20171020_140624409.jpg\" alt=\"\" class=\"wp-image-2359\" srcset=\"https:\/\/agora.xtec.cat\/insmartidot\/wp-content\/uploads\/usu476\/2015\/10\/IMG_20171020_140624409.jpg 1000w, https:\/\/agora.xtec.cat\/insmartidot\/wp-content\/uploads\/usu476\/2015\/10\/IMG_20171020_140624409-300x89.jpg 300w, https:\/\/agora.xtec.cat\/insmartidot\/wp-content\/uploads\/usu476\/2015\/10\/IMG_20171020_140624409-768x227.jpg 768w\" sizes=\"auto, (max-width: 1000px) 100vw, 1000px\" \/><\/figure>\n\n\n\n<p>Ubicat a les instal\u00b7lacions de l&#8217;institut, al carrer Josep Teixidor de Sant Feliu de Llobregat, el restaurant Mart\u00ed Dot no \u00e9s un restaurant convencional. Els productes que s&#8217;hi serveixen els elaboren els estudiants dels cicles de cuina i gastronomia i tamb\u00e9 de forneria i pastisseria.<\/p>\n\n\n\n<p>De l&#8217;atenci\u00f3 als clients se n&#8217;ocupen els alumnes del cicle de serveis en restauraci\u00f3. M\u00e9s que un restaurant, \u00e9s una aula oberta al p\u00fablic on els alumnes fan les seves pr\u00e0ctiques. Aix\u00ed doncs, \u00e9s important entendre que no es tracta de professionals sin\u00f3 de personal en formaci\u00f3. Tot i aix\u00f2, l&#8217;alta qualitat dels plats, la cuidada presentaci\u00f3 i l&#8217;atenci\u00f3 que els nostres alumnes dispensen als clients fan que sigui imprescindible reservar taula amb antelaci\u00f3.<\/p>\n\n\n\n<p>En el nostre&nbsp;<a href=\"https:\/\/www.instagram.com\/hoteleria.martidot\/\">INSTAGRAM<\/a>&nbsp;veureu la nostra oferta setmanal.<\/p>\n\n\n\n<figure class=\"wp-block-image\"><img loading=\"lazy\" decoding=\"async\" width=\"1000\" height=\"274\" src=\"http:\/\/agora.xtec.cat\/insmartidot\/wp-content\/uploads\/usu476\/2015\/10\/rest.jpg\" alt=\"\" class=\"wp-image-2362\" srcset=\"https:\/\/agora.xtec.cat\/insmartidot\/wp-content\/uploads\/usu476\/2015\/10\/rest.jpg 1000w, https:\/\/agora.xtec.cat\/insmartidot\/wp-content\/uploads\/usu476\/2015\/10\/rest-300x82.jpg 300w, https:\/\/agora.xtec.cat\/insmartidot\/wp-content\/uploads\/usu476\/2015\/10\/rest-768x210.jpg 768w\" sizes=\"auto, (max-width: 1000px) 100vw, 1000px\" \/><\/figure>\n\n\n\n<p><\/p>\n\n\n\n<p>HORARI<br>de dimarts a dijous de 13.30 a 14.15 (horari de rebuda de clients);<\/p>\n\n\n\n<p>tamb\u00e9&nbsp;els divendres men\u00fa degustaci\u00f3, en el mateix horari de recepci\u00f3 de clients.<\/p>\n\n\n\n<p>RESERVES<br>al 936 851 801<\/p>\n\n\n\n<p>MEN\u00da<\/p>\n\n\n\n<p>De dimarts a dijous:<br>Inclou un entrant, un primer i un segon plat a escollir entre dues opcions cada un i els postres, el pa, la beguda i el caf\u00e8.<\/p>\n\n\n\n<p>Preu 15,95 \u20ac tot incl\u00f2s<\/p>\n\n\n\n<p>Els divendres: <strong>Men\u00fa degustaci\u00f3 gastron\u00f2mic.&nbsp;<\/strong>Elaborat i servit pels alumnes de grau superior.<br>Inclou dos entrants, un plat de peix i un de carn i les postres, el pa (elaboraci\u00f3 pr\u00f2pia), aigua, vi i caf\u00e8.<\/p>\n\n\n\n<p>Preu 32,60 \u20ac tot incl\u00f2s<\/p>\n\n\n\n<p>IMPORTANT<br><span style=\"color: #ff9900;\">pagament exclusivament amb targeta<\/span><\/p>\n\n\n\n<p>&nbsp;<\/p>\n\n\n\n<figure class=\"wp-block-image\"><img loading=\"lazy\" decoding=\"async\" width=\"1024\" height=\"423\" src=\"http:\/\/agora.xtec.cat\/insmartidot\/wp-content\/uploads\/usu476\/2017\/10\/cuina2-1024x423.jpg\" alt=\"\" class=\"wp-image-2312\" srcset=\"https:\/\/agora.xtec.cat\/insmartidot\/wp-content\/uploads\/usu476\/2017\/10\/cuina2.jpg 1024w, https:\/\/agora.xtec.cat\/insmartidot\/wp-content\/uploads\/usu476\/2017\/10\/cuina2-300x124.jpg 300w, https:\/\/agora.xtec.cat\/insmartidot\/wp-content\/uploads\/usu476\/2017\/10\/cuina2-768x317.jpg 768w\" sizes=\"auto, (max-width: 1024px) 100vw, 1024px\" \/><\/figure>\n\n\n\n<p><\/p>\n\n\n\n<figure class=\"wp-block-image\"><img loading=\"lazy\" decoding=\"async\" width=\"1024\" height=\"365\" src=\"http:\/\/agora.xtec.cat\/insmartidot\/wp-content\/uploads\/usu476\/2015\/10\/pastisseria-1024x365.jpg\" alt=\"\" class=\"wp-image-2304\" srcset=\"https:\/\/agora.xtec.cat\/insmartidot\/wp-content\/uploads\/usu476\/2015\/10\/pastisseria.jpg 1024w, https:\/\/agora.xtec.cat\/insmartidot\/wp-content\/uploads\/usu476\/2015\/10\/pastisseria-300x107.jpg 300w, https:\/\/agora.xtec.cat\/insmartidot\/wp-content\/uploads\/usu476\/2015\/10\/pastisseria-768x274.jpg 768w\" sizes=\"auto, (max-width: 1024px) 100vw, 1024px\" \/><\/figure>\n\n\n\n<p><\/p>\n","protected":false},"excerpt":{"rendered":"<p>C\/ Josep Teixid\u00f3, 2-12. Ubicat a les instal\u00b7lacions de l&#8217;institut, al carrer Josep Teixidor de Sant Feliu de Llobregat, el restaurant Mart\u00ed Dot no \u00e9s un restaurant convencional. Els productes que s&#8217;hi serveixen els elaboren els estudiants dels cicles de cuina i gastronomia i tamb\u00e9 de forneria i pastisseria. De l&#8217;atenci\u00f3 als clients se n&#8217;ocupen [&hellip;]<\/p>\n","protected":false},"author":1,"featured_media":0,"parent":276,"menu_order":1,"comment_status":"closed","ping_status":"closed","template":"","meta":{"_bbp_topic_count":0,"_bbp_reply_count":0,"_bbp_total_topic_count":0,"_bbp_total_reply_count":0,"_bbp_voice_count":0,"_bbp_anonymous_reply_count":0,"_bbp_topic_count_hidden":0,"_bbp_reply_count_hidden":0,"_bbp_forum_subforum_count":0,"site-sidebar-layout":"default","site-content-layout":"","ast-site-content-layout":"default","site-content-style":"default","site-sidebar-style":"default","ast-global-header-display":"","ast-banner-title-visibility":"","ast-main-header-display":"","ast-hfb-above-header-display":"","ast-hfb-below-header-display":"","ast-hfb-mobile-header-display":"","site-post-title":"","ast-breadcrumbs-content":"","ast-featured-img":"","footer-sml-layout":"","theme-transparent-header-meta":"","adv-header-id-meta":"","stick-header-meta":"","header-above-stick-meta":"","header-main-stick-meta":"","header-below-stick-meta":"","astra-migrate-meta-layouts":"set","ast-page-background-enabled":"default","ast-page-background-meta":{"desktop":{"background-color":"var(--ast-global-color-4)","background-image":"","background-repeat":"repeat","background-position":"center center","background-size":"auto","background-attachment":"scroll","background-type":"","background-media":"","overlay-type":"","overlay-color":"","overlay-opacity":"","overlay-gradient":""},"tablet":{"background-color":"","background-image":"","background-repeat":"repeat","background-position":"center center","background-size":"auto","background-attachment":"scroll","background-type":"","background-media":"","overlay-type":"","overlay-color":"","overlay-opacity":"","overlay-gradient":""},"mobile":{"background-color":"","background-image":"","background-repeat":"repeat","background-position":"center center","background-size":"auto","background-attachment":"scroll","background-type":"","background-media":"","overlay-type":"","overlay-color":"","overlay-opacity":"","overlay-gradient":""}},"ast-content-background-meta":{"desktop":{"background-color":"var(--ast-global-color-5)","background-image":"","background-repeat":"repeat","background-position":"center center","background-size":"auto","background-attachment":"scroll","background-type":"","background-media":"","overlay-type":"","overlay-color":"","overlay-opacity":"","overlay-gradient":""},"tablet":{"background-color":"var(--ast-global-color-5)","background-image":"","background-repeat":"repeat","background-position":"center center","background-size":"auto","background-attachment":"scroll","background-type":"","background-media":"","overlay-type":"","overlay-color":"","overlay-opacity":"","overlay-gradient":""},"mobile":{"background-color":"var(--ast-global-color-5)","background-image":"","background-repeat":"repeat","background-position":"center center","background-size":"auto","background-attachment":"scroll","background-type":"","background-media":"","overlay-type":"","overlay-color":"","overlay-opacity":"","overlay-gradient":""}},"footnotes":""},"class_list":["post-280","page","type-page","status-publish","hentry"],"post_mailing_queue_ids":[],"_links":{"self":[{"href":"https:\/\/agora.xtec.cat\/insmartidot\/wp-json\/wp\/v2\/pages\/280","targetHints":{"allow":["GET"]}}],"collection":[{"href":"https:\/\/agora.xtec.cat\/insmartidot\/wp-json\/wp\/v2\/pages"}],"about":[{"href":"https:\/\/agora.xtec.cat\/insmartidot\/wp-json\/wp\/v2\/types\/page"}],"author":[{"embeddable":true,"href":"https:\/\/agora.xtec.cat\/insmartidot\/wp-json\/wp\/v2\/users\/1"}],"replies":[{"embeddable":true,"href":"https:\/\/agora.xtec.cat\/insmartidot\/wp-json\/wp\/v2\/comments?post=280"}],"version-history":[{"count":6,"href":"https:\/\/agora.xtec.cat\/insmartidot\/wp-json\/wp\/v2\/pages\/280\/revisions"}],"predecessor-version":[{"id":10044,"href":"https:\/\/agora.xtec.cat\/insmartidot\/wp-json\/wp\/v2\/pages\/280\/revisions\/10044"}],"up":[{"embeddable":true,"href":"https:\/\/agora.xtec.cat\/insmartidot\/wp-json\/wp\/v2\/pages\/276"}],"wp:attachment":[{"href":"https:\/\/agora.xtec.cat\/insmartidot\/wp-json\/wp\/v2\/media?parent=280"}],"curies":[{"name":"wp","href":"https:\/\/api.w.org\/{rel}","templated":true}]}}