{"id":278,"date":"2015-10-08T08:41:09","date_gmt":"2015-10-08T06:41:09","guid":{"rendered":"http:\/\/agora.xtec.cat\/insmartidot\/?page_id=278"},"modified":"2026-03-14T11:10:08","modified_gmt":"2026-03-14T10:10:08","slug":"restaurant-palau-falguera","status":"publish","type":"page","link":"https:\/\/agora.xtec.cat\/insmartidot\/hoteleria\/restaurant-palau-falguera\/","title":{"rendered":"Restaurant i cuina pedag\u00f2gica al Palau Falguera"},"content":{"rendered":"\n<p>C\/ Falguera, 6. <\/p>\n\n\n\n<div class=\"wp-block-buttons is-layout-flex wp-block-buttons-is-layout-flex\">\n<div class=\"wp-block-button\"><a class=\"wp-block-button__link wp-element-button\" href=\"https:\/\/www.thefork.es\/restaurante\/restaurante-palau-falguera-r846385#rankedBy=SEARCH_ENGINE\">Reserves<\/a><\/div>\n<\/div>\n\n\n\n<p class=\"titol\">El restaurant ocupa part de les depend\u00e8ncies del palau situat al parc p\u00fablic <em>Jardins del Palau Falguera <\/em>de Sant Feliu de Llobregat. Aqu\u00ed es desenvolupen les pr\u00e0ctiques dels alumnes del 2n curs del cicle de grau superior <em>Direcci\u00f3 de<\/em> cuina i els del 2n curs dels cicles de grau mig <em>Cuina i Gastronomia <\/em>i<em> Serveis en Restauraci\u00f3. <\/em>Es tracta d&#8217;un espai summament acollidor amb vistes a l&#8217;activitat de la cuina. L&#8217;alt nivell dels nostres alumnes i la immillorable qualitat dels productes que se serveixen han convertit aquest restaurant en una refer\u00e8ncia a la poblaci\u00f3. Tot i aix\u00f2, volem advertir als clients que seran servits per estudiants, no per professionals del sector. De la mateixa manera, donat que es tracta d&#8217;un aula-restaurant associat a un centre docent, l&#8217;institut es reserva el dret d&#8217;anul\u00b7lar les reserves en cas de for\u00e7a major.<\/p>\n\n\n\n<figure class=\"wp-block-image\"><img loading=\"lazy\" decoding=\"async\" width=\"1000\" height=\"506\" src=\"http:\/\/agora.xtec.cat\/insmartidot\/wp-content\/uploads\/usu476\/2015\/10\/parc.jpg\" alt=\"\" class=\"wp-image-2458\" srcset=\"https:\/\/agora.xtec.cat\/insmartidot\/wp-content\/uploads\/usu476\/2015\/10\/parc.jpg 1000w, https:\/\/agora.xtec.cat\/insmartidot\/wp-content\/uploads\/usu476\/2015\/10\/parc-300x152.jpg 300w, https:\/\/agora.xtec.cat\/insmartidot\/wp-content\/uploads\/usu476\/2015\/10\/parc-768x389.jpg 768w\" sizes=\"auto, (max-width: 1000px) 100vw, 1000px\" \/><\/figure>\n\n\n\n<p class=\"titol\"><\/p>\n\n\n\n<figure class=\"wp-block-image\"><img loading=\"lazy\" decoding=\"async\" width=\"1000\" height=\"469\" src=\"http:\/\/agora.xtec.cat\/insmartidot\/wp-content\/uploads\/usu476\/2015\/10\/porta.jpg\" alt=\"\" class=\"wp-image-2457\" srcset=\"https:\/\/agora.xtec.cat\/insmartidot\/wp-content\/uploads\/usu476\/2015\/10\/porta.jpg 1000w, https:\/\/agora.xtec.cat\/insmartidot\/wp-content\/uploads\/usu476\/2015\/10\/porta-300x141.jpg 300w, https:\/\/agora.xtec.cat\/insmartidot\/wp-content\/uploads\/usu476\/2015\/10\/porta-768x360.jpg 768w\" sizes=\"auto, (max-width: 1000px) 100vw, 1000px\" \/><\/figure>\n\n\n\n<p class=\"titol\"><\/p>\n\n\n\n<p>HORARI<br>de dimarts a dijous de 13.30h a 14.15h (horari d&#8217;entrada i recepci\u00f3 de clients).<\/p>\n\n\n\n<p>Enguany tenim tancat els dilluns i els divendres per raons acad\u00e8miques, per\u00f2 us esperem tamb\u00e9 en el restaurant de l&#8217;edifici principal de l&#8217;Institut Mart\u00ed Dot<\/p>\n\n\n\n<p>RESERVES<br>al 936 326 646 de 10:00h a 13:00h.<\/p>\n\n\n\n<p>MEN\u00da<br>Oferim un men\u00fa \u00fanic de degustaci\u00f3.que es canvia cada setmana. Enguany us oferim un c\u00f2ctel de benvinguda, aperitiu, 4 plats, prepostre i postre. Tot, incloent-hi el pa d&#8217;elaboraci\u00f3 pr\u00f2pia, aigua i vi, caf\u00e8 i petit fours. El preu \u00e9s de 25,30 \u20ac.<\/p>\n\n\n\n<p>En el nostre <a href=\"https:\/\/www.instagram.com\/hoteleria.martidot\/\">INSTAGRAM<\/a>&nbsp;veureu la nostra oferta setmanal.<\/p>\n\n\n\n<p>Teniu la informaci\u00f3 del Consorci de Turisme del Baix Llobregat a aquest <a href=\"https:\/\/turisme.elbaixllobregat.cat\/restaurant\/restaurant-pedag%C3%B2gic-palau-falguera\">ENLLA\u00c7<\/a><\/p>\n\n\n\n<p>IMPORTANT<br><span style=\"color: #ff9900;\">pagament exclusivament amb targeta<\/span><\/p>\n\n\n\n<figure class=\"wp-block-image\"><img loading=\"lazy\" decoding=\"async\" width=\"1000\" height=\"485\" src=\"http:\/\/agora.xtec.cat\/insmartidot\/wp-content\/uploads\/usu476\/2015\/10\/palau.jpg\" alt=\"\" class=\"wp-image-2689\" srcset=\"https:\/\/agora.xtec.cat\/insmartidot\/wp-content\/uploads\/usu476\/2015\/10\/palau.jpg 1000w, https:\/\/agora.xtec.cat\/insmartidot\/wp-content\/uploads\/usu476\/2015\/10\/palau-300x146.jpg 300w, https:\/\/agora.xtec.cat\/insmartidot\/wp-content\/uploads\/usu476\/2015\/10\/palau-768x372.jpg 768w\" sizes=\"auto, (max-width: 1000px) 100vw, 1000px\" \/><\/figure>\n\n\n\n<p><\/p>\n\n\n\n<figure class=\"wp-block-image\"><img loading=\"lazy\" decoding=\"async\" width=\"1000\" height=\"327\" src=\"http:\/\/agora.xtec.cat\/insmartidot\/wp-content\/uploads\/usu476\/2015\/10\/palau02.jpg\" alt=\"\" class=\"wp-image-2405\" srcset=\"https:\/\/agora.xtec.cat\/insmartidot\/wp-content\/uploads\/usu476\/2015\/10\/palau02.jpg 1000w, https:\/\/agora.xtec.cat\/insmartidot\/wp-content\/uploads\/usu476\/2015\/10\/palau02-300x98.jpg 300w, https:\/\/agora.xtec.cat\/insmartidot\/wp-content\/uploads\/usu476\/2015\/10\/palau02-768x251.jpg 768w\" sizes=\"auto, (max-width: 1000px) 100vw, 1000px\" \/><\/figure>\n\n\n\n<p><\/p>\n\n\n\n<figure class=\"wp-block-image\"><img loading=\"lazy\" decoding=\"async\" width=\"1000\" height=\"509\" src=\"http:\/\/agora.xtec.cat\/insmartidot\/wp-content\/uploads\/usu476\/2015\/10\/cuinapalau.jpg\" alt=\"\" class=\"wp-image-2693\" srcset=\"https:\/\/agora.xtec.cat\/insmartidot\/wp-content\/uploads\/usu476\/2015\/10\/cuinapalau.jpg 1000w, https:\/\/agora.xtec.cat\/insmartidot\/wp-content\/uploads\/usu476\/2015\/10\/cuinapalau-300x153.jpg 300w, https:\/\/agora.xtec.cat\/insmartidot\/wp-content\/uploads\/usu476\/2015\/10\/cuinapalau-768x391.jpg 768w\" sizes=\"auto, (max-width: 1000px) 100vw, 1000px\" \/><\/figure>\n\n\n\n<p><\/p>\n\n\n\n<figure class=\"wp-block-image\"><img loading=\"lazy\" decoding=\"async\" width=\"1000\" height=\"361\" src=\"http:\/\/agora.xtec.cat\/insmartidot\/wp-content\/uploads\/usu476\/2015\/10\/palau01.jpg\" alt=\"\" class=\"wp-image-2403\" srcset=\"https:\/\/agora.xtec.cat\/insmartidot\/wp-content\/uploads\/usu476\/2015\/10\/palau01.jpg 1000w, https:\/\/agora.xtec.cat\/insmartidot\/wp-content\/uploads\/usu476\/2015\/10\/palau01-300x108.jpg 300w, https:\/\/agora.xtec.cat\/insmartidot\/wp-content\/uploads\/usu476\/2015\/10\/palau01-768x277.jpg 768w\" sizes=\"auto, (max-width: 1000px) 100vw, 1000px\" \/><\/figure>\n","protected":false},"excerpt":{"rendered":"<p>C\/ Falguera, 6. El restaurant ocupa part de les depend\u00e8ncies del palau situat al parc p\u00fablic Jardins del Palau Falguera de Sant Feliu de Llobregat. Aqu\u00ed es desenvolupen les pr\u00e0ctiques dels alumnes del 2n curs del cicle de grau superior Direcci\u00f3 de cuina i els del 2n curs dels cicles de grau mig Cuina i [&hellip;]<\/p>\n","protected":false},"author":1,"featured_media":0,"parent":276,"menu_order":0,"comment_status":"closed","ping_status":"closed","template":"","meta":{"_bbp_topic_count":0,"_bbp_reply_count":0,"_bbp_total_topic_count":0,"_bbp_total_reply_count":0,"_bbp_voice_count":0,"_bbp_anonymous_reply_count":0,"_bbp_topic_count_hidden":0,"_bbp_reply_count_hidden":0,"_bbp_forum_subforum_count":0,"site-sidebar-layout":"default","site-content-layout":"","ast-site-content-layout":"default","site-content-style":"default","site-sidebar-style":"default","ast-global-header-display":"","ast-banner-title-visibility":"","ast-main-header-display":"","ast-hfb-above-header-display":"","ast-hfb-below-header-display":"","ast-hfb-mobile-header-display":"","site-post-title":"","ast-breadcrumbs-content":"","ast-featured-img":"","footer-sml-layout":"","theme-transparent-header-meta":"","adv-header-id-meta":"","stick-header-meta":"","header-above-stick-meta":"","header-main-stick-meta":"","header-below-stick-meta":"","astra-migrate-meta-layouts":"set","ast-page-background-enabled":"default","ast-page-background-meta":{"desktop":{"background-color":"var(--ast-global-color-4)","background-image":"","background-repeat":"repeat","background-position":"center center","background-size":"auto","background-attachment":"scroll","background-type":"","background-media":"","overlay-type":"","overlay-color":"","overlay-opacity":"","overlay-gradient":""},"tablet":{"background-color":"","background-image":"","background-repeat":"repeat","background-position":"center center","background-size":"auto","background-attachment":"scroll","background-type":"","background-media":"","overlay-type":"","overlay-color":"","overlay-opacity":"","overlay-gradient":""},"mobile":{"background-color":"","background-image":"","background-repeat":"repeat","background-position":"center center","background-size":"auto","background-attachment":"scroll","background-type":"","background-media":"","overlay-type":"","overlay-color":"","overlay-opacity":"","overlay-gradient":""}},"ast-content-background-meta":{"desktop":{"background-color":"var(--ast-global-color-5)","background-image":"","background-repeat":"repeat","background-position":"center center","background-size":"auto","background-attachment":"scroll","background-type":"","background-media":"","overlay-type":"","overlay-color":"","overlay-opacity":"","overlay-gradient":""},"tablet":{"background-color":"var(--ast-global-color-5)","background-image":"","background-repeat":"repeat","background-position":"center center","background-size":"auto","background-attachment":"scroll","background-type":"","background-media":"","overlay-type":"","overlay-color":"","overlay-opacity":"","overlay-gradient":""},"mobile":{"background-color":"var(--ast-global-color-5)","background-image":"","background-repeat":"repeat","background-position":"center center","background-size":"auto","background-attachment":"scroll","background-type":"","background-media":"","overlay-type":"","overlay-color":"","overlay-opacity":"","overlay-gradient":""}},"footnotes":""},"class_list":["post-278","page","type-page","status-publish","hentry"],"post_mailing_queue_ids":[],"_links":{"self":[{"href":"https:\/\/agora.xtec.cat\/insmartidot\/wp-json\/wp\/v2\/pages\/278","targetHints":{"allow":["GET"]}}],"collection":[{"href":"https:\/\/agora.xtec.cat\/insmartidot\/wp-json\/wp\/v2\/pages"}],"about":[{"href":"https:\/\/agora.xtec.cat\/insmartidot\/wp-json\/wp\/v2\/types\/page"}],"author":[{"embeddable":true,"href":"https:\/\/agora.xtec.cat\/insmartidot\/wp-json\/wp\/v2\/users\/1"}],"replies":[{"embeddable":true,"href":"https:\/\/agora.xtec.cat\/insmartidot\/wp-json\/wp\/v2\/comments?post=278"}],"version-history":[{"count":6,"href":"https:\/\/agora.xtec.cat\/insmartidot\/wp-json\/wp\/v2\/pages\/278\/revisions"}],"predecessor-version":[{"id":10043,"href":"https:\/\/agora.xtec.cat\/insmartidot\/wp-json\/wp\/v2\/pages\/278\/revisions\/10043"}],"up":[{"embeddable":true,"href":"https:\/\/agora.xtec.cat\/insmartidot\/wp-json\/wp\/v2\/pages\/276"}],"wp:attachment":[{"href":"https:\/\/agora.xtec.cat\/insmartidot\/wp-json\/wp\/v2\/media?parent=278"}],"curies":[{"name":"wp","href":"https:\/\/api.w.org\/{rel}","templated":true}]}}