{"id":2711,"date":"2017-12-27T22:52:23","date_gmt":"2017-12-27T21:52:23","guid":{"rendered":"http:\/\/agora.xtec.cat\/insmartidot\/?page_id=2711"},"modified":"2024-04-09T19:20:40","modified_gmt":"2024-04-09T17:20:40","slug":"humanitats","status":"publish","type":"page","link":"https:\/\/agora.xtec.cat\/insmartidot\/departaments\/departaments-eso-batxillerat\/humanitats\/","title":{"rendered":"Humanitats"},"content":{"rendered":"<p><span style=\"color: #339966;\">Fitxes de presentaci\u00f3 de les mat\u00e8ries\u00a0<\/span><\/p>\n<table style=\"height: 548px; width: 100%; border-collapse: collapse;\" border=\"1\">\n<tbody>\n<tr style=\"height: 31px;\">\n<td style=\"width: 50%; height: 31px;\">Curs<\/td>\n<td style=\"width: 50%; height: 31px;\">document<\/td>\n<\/tr>\n<tr style=\"height: 31px;\">\n<td style=\"width: 50%; height: 31px;\">4t ESO Llat\u00ed<\/td>\n<td style=\"width: 50%; height: 31px;\">Presentaci\u00f3 llat\u00ed 4t ESO<\/td>\n<\/tr>\n<tr style=\"height: 31px;\">\n<td style=\"width: 50%; height: 31px;\">1r Batxillerat Llat\u00ed<\/td>\n<td style=\"width: 50%; height: 31px;\">Presentaci\u00f3 llat\u00ed 1r Batxillerat<\/td>\n<\/tr>\n<tr style=\"height: 31px;\">\n<td style=\"width: 50%; height: 31px;\">2n Batxillerat Llat\u00ed<\/td>\n<td style=\"width: 50%; height: 31px;\">Presentaci\u00f3 llat\u00ed 2n Batxillerat<\/td>\n<\/tr>\n<tr style=\"height: 31px;\">\n<td style=\"width: 50%; height: 31px;\">1r Batxillerat Grec<\/td>\n<td style=\"width: 50%; height: 31px;\">Presentaci\u00f3 grec 1r Batxillerat<\/td>\n<\/tr>\n<tr style=\"height: 31px;\">\n<td style=\"width: 50%; height: 31px;\">2n Batxillerat Grec<\/td>\n<td style=\"width: 50%; height: 31px;\">Presentaci\u00f3 grec 2n Batxillerat<\/td>\n<\/tr>\n<tr style=\"height: 31px;\">\n<td style=\"width: 50%; height: 31px;\">4t ESO Filosofia<\/td>\n<td style=\"width: 50%; height: 31px;\">presentaci\u00f3 filosofia 4t<\/td>\n<\/tr>\n<tr style=\"height: 31px;\">\n<td style=\"width: 50%; height: 31px;\">1r Batxillerat Filosofia<\/td>\n<td style=\"width: 50%; height: 31px;\">presentaci\u00f3 filosofia 1r Batx<\/td>\n<\/tr>\n<tr style=\"height: 48px;\">\n<td style=\"width: 50%; height: 48px;\">2n Batxillerat Hist\u00f2ria de la filosofia<\/td>\n<td style=\"width: 50%; height: 48px;\">presentaci\u00f3 hist\u00f2ria filosofia 2n Batx<\/td>\n<\/tr>\n<tr style=\"height: 31px;\">\n<td style=\"width: 50%; height: 31px;\">1r ESO cultura i valors \u00e8tics<\/td>\n<td style=\"width: 50%; height: 31px;\"><\/td>\n<\/tr>\n<tr style=\"height: 31px;\">\n<td style=\"width: 50%; height: 31px;\">2n ESO cultura i valors \u00e8tics<\/td>\n<td style=\"width: 50%; height: 31px;\">presentaci\u00f3 CVE 2n<\/td>\n<\/tr>\n<tr style=\"height: 31px;\">\n<td style=\"width: 50%; height: 31px;\">3r ESO cultura i valors \u00e8tics<\/td>\n<td style=\"width: 50%; height: 31px;\">presentci\u00f3 CVE 3r<\/td>\n<\/tr>\n<tr style=\"height: 31px;\">\n<td style=\"width: 50%; height: 31px;\">4t ESO cultura i valors \u00e8tics<\/td>\n<td style=\"width: 50%; height: 31px;\">presentaci\u00f3 CVE 4t<\/td>\n<\/tr>\n<tr style=\"height: 32px;\">\n<td style=\"width: 50%; height: 32px;\">1r ESO Religi\u00f3<\/td>\n<td style=\"width: 50%; height: 32px;\">Presentacio\u0301 religio\u0301 1r ESO<\/td>\n<\/tr>\n<tr style=\"height: 32px;\">\n<td style=\"width: 50%; height: 32px;\">2n ESO Religi\u00f3<\/td>\n<td style=\"width: 50%; height: 32px;\">Presentacio\u0301 religio\u0301 2n ESO<\/td>\n<\/tr>\n<tr style=\"height: 32px;\">\n<td style=\"width: 50%; height: 32px;\">3r ESO Religi\u00f3<\/td>\n<td style=\"width: 50%; height: 32px;\">Presentacio\u0301 religio\u0301 3r ESO<\/td>\n<\/tr>\n<tr style=\"height: 32px;\">\n<td style=\"width: 50%; height: 32px;\">4t ESO Religi\u00f3<\/td>\n<td style=\"width: 50%; height: 32px;\">Presentacio\u0301 religio\u0301 4t ESO<\/td>\n<\/tr>\n<\/tbody>\n<\/table>\n","protected":false},"excerpt":{"rendered":"<p>Fitxes de presentaci\u00f3 de les mat\u00e8ries\u00a0 Curs document 4t ESO Llat\u00ed Presentaci\u00f3 llat\u00ed 4t ESO 1r Batxillerat Llat\u00ed Presentaci\u00f3 llat\u00ed 1r Batxillerat 2n Batxillerat Llat\u00ed Presentaci\u00f3 llat\u00ed 2n Batxillerat 1r Batxillerat Grec Presentaci\u00f3 grec 1r Batxillerat 2n Batxillerat Grec Presentaci\u00f3 grec 2n Batxillerat 4t ESO Filosofia presentaci\u00f3 filosofia 4t 1r Batxillerat Filosofia presentaci\u00f3 filosofia 1r [&hellip;]<\/p>\n","protected":false},"author":1,"featured_media":0,"parent":7685,"menu_order":45,"comment_status":"closed","ping_status":"closed","template":"page-templates\/side-menu.php","meta":{"_bbp_topic_count":0,"_bbp_reply_count":0,"_bbp_total_topic_count":0,"_bbp_total_reply_count":0,"_bbp_voice_count":0,"_bbp_anonymous_reply_count":0,"_bbp_topic_count_hidden":0,"_bbp_reply_count_hidden":0,"_bbp_forum_subforum_count":0,"site-sidebar-layout":"default","site-content-layout":"","ast-site-content-layout":"","site-content-style":"default","site-sidebar-style":"default","ast-global-header-display":"","ast-banner-title-visibility":"","ast-main-header-display":"","ast-hfb-above-header-display":"","ast-hfb-below-header-display":"","ast-hfb-mobile-header-display":"","site-post-title":"","ast-breadcrumbs-content":"","ast-featured-img":"","footer-sml-layout":"","theme-transparent-header-meta":"","adv-header-id-meta":"","stick-header-meta":"","header-above-stick-meta":"","header-main-stick-meta":"","header-below-stick-meta":"","astra-migrate-meta-layouts":"default","ast-page-background-enabled":"default","ast-page-background-meta":{"desktop":{"background-color":"var(--ast-global-color-4)","background-image":"","background-repeat":"repeat","background-position":"center center","background-size":"auto","background-attachment":"scroll","background-type":"","background-media":"","overlay-type":"","overlay-color":"","overlay-opacity":"","overlay-gradient":""},"tablet":{"background-color":"","background-image":"","background-repeat":"repeat","background-position":"center center","background-size":"auto","background-attachment":"scroll","background-type":"","background-media":"","overlay-type":"","overlay-color":"","overlay-opacity":"","overlay-gradient":""},"mobile":{"background-color":"","background-image":"","background-repeat":"repeat","background-position":"center center","background-size":"auto","background-attachment":"scroll","background-type":"","background-media":"","overlay-type":"","overlay-color":"","overlay-opacity":"","overlay-gradient":""}},"ast-content-background-meta":{"desktop":{"background-color":"var(--ast-global-color-5)","background-image":"","background-repeat":"repeat","background-position":"center center","background-size":"auto","background-attachment":"scroll","background-type":"","background-media":"","overlay-type":"","overlay-color":"","overlay-opacity":"","overlay-gradient":""},"tablet":{"background-color":"var(--ast-global-color-5)","background-image":"","background-repeat":"repeat","background-position":"center center","background-size":"auto","background-attachment":"scroll","background-type":"","background-media":"","overlay-type":"","overlay-color":"","overlay-opacity":"","overlay-gradient":""},"mobile":{"background-color":"var(--ast-global-color-5)","background-image":"","background-repeat":"repeat","background-position":"center center","background-size":"auto","background-attachment":"scroll","background-type":"","background-media":"","overlay-type":"","overlay-color":"","overlay-opacity":"","overlay-gradient":""}},"footnotes":""},"class_list":["post-2711","page","type-page","status-publish","hentry"],"post_mailing_queue_ids":[],"_links":{"self":[{"href":"https:\/\/agora.xtec.cat\/insmartidot\/wp-json\/wp\/v2\/pages\/2711","targetHints":{"allow":["GET"]}}],"collection":[{"href":"https:\/\/agora.xtec.cat\/insmartidot\/wp-json\/wp\/v2\/pages"}],"about":[{"href":"https:\/\/agora.xtec.cat\/insmartidot\/wp-json\/wp\/v2\/types\/page"}],"author":[{"embeddable":true,"href":"https:\/\/agora.xtec.cat\/insmartidot\/wp-json\/wp\/v2\/users\/1"}],"replies":[{"embeddable":true,"href":"https:\/\/agora.xtec.cat\/insmartidot\/wp-json\/wp\/v2\/comments?post=2711"}],"version-history":[{"count":3,"href":"https:\/\/agora.xtec.cat\/insmartidot\/wp-json\/wp\/v2\/pages\/2711\/revisions"}],"predecessor-version":[{"id":9006,"href":"https:\/\/agora.xtec.cat\/insmartidot\/wp-json\/wp\/v2\/pages\/2711\/revisions\/9006"}],"up":[{"embeddable":true,"href":"https:\/\/agora.xtec.cat\/insmartidot\/wp-json\/wp\/v2\/pages\/7685"}],"wp:attachment":[{"href":"https:\/\/agora.xtec.cat\/insmartidot\/wp-json\/wp\/v2\/media?parent=2711"}],"curies":[{"name":"wp","href":"https:\/\/api.w.org\/{rel}","templated":true}]}}