{"id":977,"date":"2023-06-08T16:35:55","date_gmt":"2023-06-08T14:35:55","guid":{"rendered":"https:\/\/agora.xtec.cat\/insmarianao\/?page_id=977"},"modified":"2026-01-23T16:41:00","modified_gmt":"2026-01-23T15:41:00","slug":"secretaria-i-gestions","status":"publish","type":"page","link":"https:\/\/agora.xtec.cat\/insmarianao\/secretaria-i-gestions\/","title":{"rendered":"SECRETARIA I GESTIONS"},"content":{"rendered":"<div class=\"header-common-style header-secretaria\"><\/div>\n<ul>\n<li><a href=\"https:\/\/agora.xtec.cat\/insmarianao\/secretaria-i-gestions\/horari-datencio-al-public-i-contacte\/\">Horari d&#8217;atenci\u00f3 al p\u00fablic i contacte<\/a><\/li>\n<li><a href=\"https:\/\/agora.xtec.cat\/insmarianao\/secretaria-i-gestions\/preinscripcio-i-matricula\/\">Preinscripci\u00f3 i matr\u00edcula<\/a><\/li>\n<li><a href=\"https:\/\/agora.xtec.cat\/insmarianao\/secretaria-i-gestions\/beques\/\">Beques<\/a><\/li>\n<li><a href=\"https:\/\/llibres.institutmarianao.cat\/\" target=\"_blank\" rel=\"noopener\">Llibres de text<\/a><\/li>\n<li><a href=\"https:\/\/agora.xtec.cat\/insmarianao\/secretaria-i-gestions\/certificats-i-titols\/\">Certificats i T\u00edtols<\/a><\/li>\n<li><a href=\"https:\/\/agora.xtec.cat\/insmarianao\/secretaria-i-gestions\/proves-dacces-ccff\/\">Proves d&#8217;Acc\u00e9s als Cicles Formatius<\/a><\/li>\n<li><a href=\"https:\/\/agora.xtec.cat\/insmarianao\/secretaria-i-gestions\/portes-obertes\/\">Portes Obertes<\/a><\/li>\n<\/ul>\n","protected":false},"excerpt":{"rendered":"<p>Horari d&#8217;atenci\u00f3 al p\u00fablic i contacte Preinscripci\u00f3 i matr\u00edcula Beques Llibres de text Certificats i T\u00edtols Proves d&#8217;Acc\u00e9s als Cicles Formatius Portes Obertes<\/p>\n","protected":false},"author":1,"featured_media":0,"parent":0,"menu_order":0,"comment_status":"closed","ping_status":"closed","template":"","meta":{"_bbp_topic_count":0,"_bbp_reply_count":0,"_bbp_total_topic_count":0,"_bbp_total_reply_count":0,"_bbp_voice_count":0,"_bbp_anonymous_reply_count":0,"_bbp_topic_count_hidden":0,"_bbp_reply_count_hidden":0,"_bbp_forum_subforum_count":0,"site-sidebar-layout":"default","site-content-layout":"","ast-site-content-layout":"default","site-content-style":"default","site-sidebar-style":"default","ast-global-header-display":"","ast-banner-title-visibility":"","ast-main-header-display":"","ast-hfb-above-header-display":"","ast-hfb-below-header-display":"","ast-hfb-mobile-header-display":"","site-post-title":"","ast-breadcrumbs-content":"","ast-featured-img":"","footer-sml-layout":"","theme-transparent-header-meta":"default","adv-header-id-meta":"","stick-header-meta":"","header-above-stick-meta":"","header-main-stick-meta":"","header-below-stick-meta":"","astra-migrate-meta-layouts":"set","ast-page-background-enabled":"default","ast-page-background-meta":{"desktop":{"background-color":"var(--ast-global-color-4)","background-image":"","background-repeat":"repeat","background-position":"center center","background-size":"auto","background-attachment":"scroll","background-type":"","background-media":"","overlay-type":"","overlay-color":"","overlay-opacity":"","overlay-gradient":""},"tablet":{"background-color":"","background-image":"","background-repeat":"repeat","background-position":"center center","background-size":"auto","background-attachment":"scroll","background-type":"","background-media":"","overlay-type":"","overlay-color":"","overlay-opacity":"","overlay-gradient":""},"mobile":{"background-color":"","background-image":"","background-repeat":"repeat","background-position":"center center","background-size":"auto","background-attachment":"scroll","background-type":"","background-media":"","overlay-type":"","overlay-color":"","overlay-opacity":"","overlay-gradient":""}},"ast-content-background-meta":{"desktop":{"background-color":"var(--ast-global-color-5)","background-image":"","background-repeat":"repeat","background-position":"center center","background-size":"auto","background-attachment":"scroll","background-type":"","background-media":"","overlay-type":"","overlay-color":"","overlay-opacity":"","overlay-gradient":""},"tablet":{"background-color":"var(--ast-global-color-5)","background-image":"","background-repeat":"repeat","background-position":"center center","background-size":"auto","background-attachment":"scroll","background-type":"","background-media":"","overlay-type":"","overlay-color":"","overlay-opacity":"","overlay-gradient":""},"mobile":{"background-color":"var(--ast-global-color-5)","background-image":"","background-repeat":"repeat","background-position":"center center","background-size":"auto","background-attachment":"scroll","background-type":"","background-media":"","overlay-type":"","overlay-color":"","overlay-opacity":"","overlay-gradient":""}},"footnotes":""},"class_list":["post-977","page","type-page","status-publish","hentry"],"post_mailing_queue_ids":[],"_links":{"self":[{"href":"https:\/\/agora.xtec.cat\/insmarianao\/wp-json\/wp\/v2\/pages\/977","targetHints":{"allow":["GET"]}}],"collection":[{"href":"https:\/\/agora.xtec.cat\/insmarianao\/wp-json\/wp\/v2\/pages"}],"about":[{"href":"https:\/\/agora.xtec.cat\/insmarianao\/wp-json\/wp\/v2\/types\/page"}],"author":[{"embeddable":true,"href":"https:\/\/agora.xtec.cat\/insmarianao\/wp-json\/wp\/v2\/users\/1"}],"replies":[{"embeddable":true,"href":"https:\/\/agora.xtec.cat\/insmarianao\/wp-json\/wp\/v2\/comments?post=977"}],"version-history":[{"count":6,"href":"https:\/\/agora.xtec.cat\/insmarianao\/wp-json\/wp\/v2\/pages\/977\/revisions"}],"predecessor-version":[{"id":5518,"href":"https:\/\/agora.xtec.cat\/insmarianao\/wp-json\/wp\/v2\/pages\/977\/revisions\/5518"}],"wp:attachment":[{"href":"https:\/\/agora.xtec.cat\/insmarianao\/wp-json\/wp\/v2\/media?parent=977"}],"curies":[{"name":"wp","href":"https:\/\/api.w.org\/{rel}","templated":true}]}}