{"id":9,"date":"2014-09-12T10:15:01","date_gmt":"2014-09-12T10:15:01","guid":{"rendered":"http:\/\/agora.xtec.cat\/insmarianao\/?page_id=9"},"modified":"2026-04-29T11:34:29","modified_gmt":"2026-04-29T09:34:29","slug":"pagina-dinici-buida","status":"publish","type":"page","link":"https:\/\/agora.xtec.cat\/insmarianao\/","title":{"rendered":"INICI"},"content":{"rendered":"<div class=\"banner-portes-obertes\">\n<div class=\"banner-portes-obertes-title\">Jornades de Portes Obertes<\/div>\n<div class=\"banner-portes-obertes-estudis\">\n<div style=\"margin-bottom: 10px;\">\n<p><span class=\"banner-portes-obertes-marca\">Batxillerat:<\/span> Dijous 26 de mar\u00e7 a les 18:00h<\/p>\n<ul style=\"margin: 10px;\">\n<li><a style=\"text-decoration: none; color: white;\" href=\"https:\/\/agora.xtec.cat\/insmarianao\/wp-content\/uploads\/usu2666\/2026\/04\/Families-portes-obertes-BAT-25-26.docx.pdf\" target=\"_blank\" rel=\"noopener\">Informaci\u00f3 donada a les fam\u00edlies a les Portes Obertes de Batxillerat<span class=\"dashicons dashicons-pdf custom-icons\">\u00a0<\/span><\/a><\/li>\n<\/ul>\n<\/div>\n<div>\n<p><span class=\"banner-portes-obertes-marca\">Cicles de grau mitj\u00e0:<\/span> Dijous 14 maig:<\/p>\n<ul style=\"margin: 10px;\">\n<li><strong>Inform\u00e0tica:<\/strong> 17:30h (Telem\u00e0tiques)<\/li>\n<li><strong>Comer\u00e7:<\/strong> 17:30h (Telem\u00e0tiques)<\/li>\n<li><strong>Mec\u00e0nica:<\/strong> 18:30h (Presencial)<\/li>\n<\/ul>\n<\/div>\n<div>\n<p><span class=\"banner-portes-obertes-marca\">Cicles de grau superior:<\/span> Dijous 14 maig:<\/p>\n<ul style=\"margin: 10px;\">\n<li><strong>Inform\u00e0tica:<\/strong> 18:30h (Presencial)<\/li>\n<li><strong>Comer\u00e7 (Gesti\u00f3 de Vendes i Espais Comercials):<\/strong> 18:30h (Telem\u00e0tiques)<\/li>\n<li><strong>Comer\u00e7 (Comer\u00e7 Internacional):<\/strong> 18:30h (Telem\u00e0tiques)<\/li>\n<li><strong>Mec\u00e0nica:<\/strong> 18:30h (Presencial)<\/li>\n<\/ul>\n<\/div>\n<div>\n<p><span class=\"banner-portes-obertes-marca\">Programa de Formaci\u00f3 i Inserci\u00f3 (PFI):<\/span> Dijous 14 maig a les 17:30h (Presencial)<\/p>\n<\/div>\n<p style=\"font-size: 18px;\">(Els enlla\u00e7os per a les connexions telem\u00e0tiques es publicaran en aquesta web)<\/p>\n<\/div>\n<\/div>\n<div class=\"matricula-section\">\n<h2 style=\"margin-bottom: 0px; font-size: 32px;\">Preinscripcions i Matr\u00edcula<\/h2>\n<h2 style=\"margin-top: 0px;\">CURS 2026\/2027<\/h2>\n<h3>INSTITUT MARIANAO<\/h3>\n<h4>Codi del centre: 08043681<\/h4>\n<div class=\"matricula-container\">\n<div class=\"matricula-curs\" style=\"background-color: #28a800;\" data-href=\"https:\/\/agora.xtec.cat\/insmarianao\/secretaria-i-gestions\/preinscripcio-i-matricula\/eso\/\">\n<div class=\"matricula-text\">\n<h4>ESO<\/h4>\n<p class=\"matricula-data\">Preinscripci\u00f3 telem\u00e0tica: 6 al 18 de mar\u00e7<\/p>\n<\/div>\n<\/div>\n<div class=\"matricula-curs\" style=\"background-color: #f53500;\" data-href=\"https:\/\/agora.xtec.cat\/insmarianao\/secretaria-i-gestions\/preinscripcio-i-matricula\/batxillerat\/\">\n<div class=\"matricula-text\">\n<h4>BATXILLERAT<\/h4>\n<p class=\"matricula-data\">Preinscripci\u00f3 telem\u00e0tica: 9 a 16 d\u2019abril<\/p>\n<\/div>\n<\/div>\n<div class=\"matricula-curs\" style=\"background-color: #007ef5;\" data-href=\"https:\/\/agora.xtec.cat\/insmarianao\/secretaria-i-gestions\/preinscripcio-i-matricula\/cfgm\/\">\n<div class=\"matricula-text\">\n<h4>CFGM<\/h4>\n<p class=\"matricula-data\">Preinscripci\u00f3 telem\u00e0tica: <span lang=\"CA\">26 de maig a 1 de juny<\/span><\/p>\n<\/div>\n<\/div>\n<div class=\"matricula-curs\" style=\"background-color: #c000f5;\" data-href=\"https:\/\/agora.xtec.cat\/insmarianao\/secretaria-i-gestions\/preinscripcio-i-matricula\/cfgs\/\">\n<div class=\"matricula-text\">\n<h4>CFGS<\/h4>\n<p class=\"matricula-data\">Preinscripci\u00f3 telem\u00e0tica: <span lang=\"CA\">26 de maig a 1 de juny<\/span><\/p>\n<\/div>\n<\/div>\n<div class=\"matricula-curs\" style=\"background-color: #fa8900;\" data-href=\"https:\/\/agora.xtec.cat\/insmarianao\/secretaria-i-gestions\/preinscripcio-i-matricula\/pfi\/\">\n<div class=\"matricula-text\">\n<h4>PFI<\/h4>\n<p class=\"matricula-data\">Preinscripci\u00f3 telem\u00e0tica: 4 al 13 de maig<\/p>\n<\/div>\n<\/div>\n<\/div>\n<\/div>\n","protected":false},"excerpt":{"rendered":"<p>Jornades de Portes Obertes Batxillerat: Dijous 26 de mar\u00e7 a les 18:00h Informaci\u00f3 donada a les fam\u00edlies a les Portes Obertes de Batxillerat\u00a0 Cicles de grau mitj\u00e0: Dijous 14 maig: Inform\u00e0tica: 17:30h (Telem\u00e0tiques) Comer\u00e7: 17:30h (Telem\u00e0tiques) Mec\u00e0nica: 18:30h (Presencial) Cicles de grau superior: Dijous 14 maig: Inform\u00e0tica: 18:30h (Presencial) Comer\u00e7 (Gesti\u00f3 de Vendes i Espais [&hellip;]<\/p>\n","protected":false},"author":1,"featured_media":0,"parent":7,"menu_order":0,"comment_status":"closed","ping_status":"closed","template":"","meta":{"_bbp_topic_count":0,"_bbp_reply_count":0,"_bbp_total_topic_count":0,"_bbp_total_reply_count":0,"_bbp_voice_count":0,"_bbp_anonymous_reply_count":0,"_bbp_topic_count_hidden":0,"_bbp_reply_count_hidden":0,"_bbp_forum_subforum_count":0,"site-sidebar-layout":"default","site-content-layout":"","ast-site-content-layout":"default","site-content-style":"default","site-sidebar-style":"default","ast-global-header-display":"","ast-banner-title-visibility":"","ast-main-header-display":"","ast-hfb-above-header-display":"","ast-hfb-below-header-display":"","ast-hfb-mobile-header-display":"","site-post-title":"","ast-breadcrumbs-content":"","ast-featured-img":"","footer-sml-layout":"","theme-transparent-header-meta":"default","adv-header-id-meta":"","stick-header-meta":"","header-above-stick-meta":"","header-main-stick-meta":"","header-below-stick-meta":"","astra-migrate-meta-layouts":"set","ast-page-background-enabled":"default","ast-page-background-meta":{"desktop":{"background-color":"var(--ast-global-color-4)","background-image":"","background-repeat":"repeat","background-position":"center center","background-size":"auto","background-attachment":"scroll","background-type":"","background-media":"","overlay-type":"","overlay-color":"","overlay-opacity":"","overlay-gradient":""},"tablet":{"background-color":"","background-image":"","background-repeat":"repeat","background-position":"center center","background-size":"auto","background-attachment":"scroll","background-type":"","background-media":"","overlay-type":"","overlay-color":"","overlay-opacity":"","overlay-gradient":""},"mobile":{"background-color":"","background-image":"","background-repeat":"repeat","background-position":"center center","background-size":"auto","background-attachment":"scroll","background-type":"","background-media":"","overlay-type":"","overlay-color":"","overlay-opacity":"","overlay-gradient":""}},"ast-content-background-meta":{"desktop":{"background-color":"var(--ast-global-color-5)","background-image":"","background-repeat":"repeat","background-position":"center center","background-size":"auto","background-attachment":"scroll","background-type":"","background-media":"","overlay-type":"","overlay-color":"","overlay-opacity":"","overlay-gradient":""},"tablet":{"background-color":"var(--ast-global-color-5)","background-image":"","background-repeat":"repeat","background-position":"center center","background-size":"auto","background-attachment":"scroll","background-type":"","background-media":"","overlay-type":"","overlay-color":"","overlay-opacity":"","overlay-gradient":""},"mobile":{"background-color":"var(--ast-global-color-5)","background-image":"","background-repeat":"repeat","background-position":"center center","background-size":"auto","background-attachment":"scroll","background-type":"","background-media":"","overlay-type":"","overlay-color":"","overlay-opacity":"","overlay-gradient":""}},"footnotes":""},"class_list":["post-9","page","type-page","status-publish","hentry"],"post_mailing_queue_ids":[],"_links":{"self":[{"href":"https:\/\/agora.xtec.cat\/insmarianao\/wp-json\/wp\/v2\/pages\/9","targetHints":{"allow":["GET"]}}],"collection":[{"href":"https:\/\/agora.xtec.cat\/insmarianao\/wp-json\/wp\/v2\/pages"}],"about":[{"href":"https:\/\/agora.xtec.cat\/insmarianao\/wp-json\/wp\/v2\/types\/page"}],"author":[{"embeddable":true,"href":"https:\/\/agora.xtec.cat\/insmarianao\/wp-json\/wp\/v2\/users\/1"}],"replies":[{"embeddable":true,"href":"https:\/\/agora.xtec.cat\/insmarianao\/wp-json\/wp\/v2\/comments?post=9"}],"version-history":[{"count":7,"href":"https:\/\/agora.xtec.cat\/insmarianao\/wp-json\/wp\/v2\/pages\/9\/revisions"}],"predecessor-version":[{"id":6035,"href":"https:\/\/agora.xtec.cat\/insmarianao\/wp-json\/wp\/v2\/pages\/9\/revisions\/6035"}],"up":[{"embeddable":true,"href":"https:\/\/agora.xtec.cat\/insmarianao\/wp-json\/wp\/v2\/pages\/7"}],"wp:attachment":[{"href":"https:\/\/agora.xtec.cat\/insmarianao\/wp-json\/wp\/v2\/media?parent=9"}],"curies":[{"name":"wp","href":"https:\/\/api.w.org\/{rel}","templated":true}]}}