{"id":854,"date":"2022-02-12T00:24:39","date_gmt":"2022-02-11T23:24:39","guid":{"rendered":"https:\/\/agora.xtec.cat\/insmarianao\/?page_id=854"},"modified":"2026-02-17T12:34:19","modified_gmt":"2026-02-17T11:34:19","slug":"sobre-linstitut","status":"publish","type":"page","link":"https:\/\/agora.xtec.cat\/insmarianao\/linstitut\/sobre-linstitut\/","title":{"rendered":"Sobre l&#8217;Institut"},"content":{"rendered":"<div class=\"header-common-style header-sobre-institut\"><\/div>\n<ol>\n<li style=\"list-style-type: none;\">\n<ol>\n<li><a href=\"#salutacio\">Salutaci\u00f3<\/a><\/li>\n<li><a href=\"#linea_educativa\">L\u00ednea educativa<\/a><\/li>\n<li><a href=\"#historia\">Hist\u00f2ria<\/a><\/li>\n<li><a href=\"#video-presentacio\">V\u00eddeo de presentaci\u00f3<\/a><\/li>\n<\/ol>\n<\/li>\n<\/ol>\n<hr class=\"linea\" \/>\n<h1><a id=\"salutacio\"><\/a>Benvolguts i benvolgudes !!<\/h1>\n<p style=\"text-align: justify;\">Des de l&#8217;Institut Marianao, centre educatiu p\u00fablic, els d\u00f3no la benvinguda i els convido a que vegin les diferents oportunitats educatives i formatives del nostre centre.<\/p>\n<p style=\"text-align: justify;\">Ens definim com un centre obert, comprom\u00e8s i solidari.<\/p>\n<p style=\"text-align: justify;\">Com podran veure la nostra l\u00ednea educativa \u00e9s el resultat dels tres fonaments que a continuaci\u00f3 els hi explico.<\/p>\n<p style=\"text-align: justify;\">Obert, per la nostra oferta formativa que compr\u00e8n des de l\u2019ensenyament obligatori i post-obligatori, a la Formaci\u00f3 ocupacional, amb equipaments espec\u00edfics i professorat especialitzat i comprom\u00e8s amb l\u2019educaci\u00f3.<\/p>\n<p style=\"text-align: justify;\">Comprom\u00e8s amb els valors que queden recollits al PEC, la Sostenibilitat, la Prevenci\u00f3, la Salut i la Coeducaci\u00f3. Treballem en xarxa per fomentar aquests valors, a trav\u00e9s dels programes de: &#8220;Escoles Verdes&#8221;, &#8220;Escoles Saludables&#8221;, \u201cMediaci\u00f3\u201d i &#8220;Promoci\u00f3 de l&#8217;Esport escolar&#8221;.<\/p>\n<p style=\"text-align: justify;\">Estem compromesos tamb\u00e9 amb Europa a trav\u00e9s del programa Erasmus + i la xarxa NETINVET. Totes les fam\u00edlies professionals de CFGM i CFGS estan implicades. Tenim socis i fem intercanvis amb molts pa\u00efsos europeus: \u00c0ustria, Finl\u00e0ndia, It\u00e0lia, Dinamarca, Alemanya, Hongria, Rep\u00fablica Txeca, etc. i dels cursos transnacionals.<\/p>\n<p style=\"text-align: justify;\">I, evidentment, amb la Qualitat de l\u2019ensenyament p\u00fablic i en plans de millora, per la qual cosa participem en el &#8220;Projecte de qualitat i millora cont\u00ednua&#8221; amb un Sistema de Gesti\u00f3 Integrada, SGI, de les normes <strong>ISO 9001:2015<\/strong>, la <strong>ISO 14001:2015<\/strong> i la <strong>ISO 45001:2018<\/strong> i el <strong>certificat EMAS III<\/strong>. L&#8217;Institut tamb\u00e9 t\u00e9 el <strong>diploma d&#8217;Excel\u00b7l\u00e8ncia<\/strong> segons el model e2cat des de el curs 2011-2012.<\/p>\n<p style=\"text-align: justify;\">I solidari, amb el futur professional dels nostres alumnes i la seva inserci\u00f3 laboral, i per aix\u00f2 tenim borsa de treball i cursos ocupacionals. Formem part de les xarxes InnovaFP, ActivaFP i FPdual per impulsar els estudis professionals i que aquests siguin de qualitat.<\/p>\n<p>Rebi una salutaci\u00f3 cordial i l\u2019agra\u00efment per la seva visita.<\/p>\n<p><em><strong>Antonio Arjona Corvillo<\/strong><\/em><br \/>\n<em><strong>Director<\/strong><\/em><\/p>\n<hr class=\"linea\" \/>\n<h1><a id=\"linea_educativa\"><\/a>L\u00ednea educativa<\/h1>\n<p><strong>Missi\u00f3 i Valors del centre<\/strong><\/p>\n<p style=\"text-align: justify;\">L\u2019INS Marianao t\u00e9 com a <strong>MISSI\u00d3<\/strong> la de formar en les habilitats i compet\u00e8ncies corresponents a les diferents etapes educatives, educar en les actituds de respecte a totes les persones, en els valors socials de prevenci\u00f3 i sostenibilitat, i en la capacitaci\u00f3 professional.<\/p>\n<p>L\u2019INS Marianao t\u00e9 com a <strong>VISI\u00d3<\/strong> la millora de la qualitat de l\u2019ensenyament impartit al centre, i la integraci\u00f3 del centre en el seu entorn.<\/p>\n<p style=\"text-align: justify;\">La <strong>POL\u00cdTICA DE QUALITAT<\/strong> de l\u2019INS MARIANAO consisteix b\u00e0sicament a aconseguir augmentar la satisfacci\u00f3 del client aix\u00ed treballar per tal de prevenir i reduir els incidents i accidents en el treball, els impactes ambientals generats mitjan\u00e7ant l\u2019aplicaci\u00f3 d\u2019una l\u00ednia educativa basada en els seg\u00fcents fets:<\/p>\n<ol>\n<li style=\"text-align: justify; margin-bottom: 10px;\"><strong>LAICISME<\/strong>: L\u2019INS MARIANAO \u00e9s un centre laic que es regeix pel pluralisme democr\u00e0tic i pel respecte a totes les opcions que el representen (ideol\u00f2giques, religioses&#8230;)<\/li>\n<li style=\"text-align: justify; margin-bottom: 10px;\"><strong>FORMACI\u00d3 INTEGRAL<\/strong>: L\u2019objectiu principal de l\u2019INS MARIANAO \u00e9s la formaci\u00f3 integral del nostre alumnat en els valors inherents a una societat democr\u00e0tica, plural i lliure aix\u00ed com preocupada per la prevenci\u00f3 en mat\u00e8ria de salut, seguretat i medi ambient. En l\u2019\u00e0mbit de la gesti\u00f3 ambiental s\u2019adquireix el comprom\u00eds de treballar per a reduir i prevenir els impactes ambientals de les nostres activitats i serveis millorant de forma cont\u00ednua les pr\u00e0ctiques ambientals que es porten a terme al centre. En l\u2019\u00e0mbit de la Prevenci\u00f3 formem per assolir una cultura preventiva integral, en els \u00e0mbits de salut, seguretat, ergonomia i higiene.<\/li>\n<li style=\"text-align: justify; margin-bottom: 10px;\"><strong>CATAL\u00c0<\/strong>: El catal\u00e0 \u00e9s la llengua utilitzada al centre com a llengua vehicular. L\u2019alumnat en finalitzar els seus estudis ha d\u2019expressar-se correctament en catal\u00e0 i en castell\u00e0.<\/li>\n<li style=\"text-align: justify; margin-bottom: 10px;\"><strong>COMPLIMENT NORMATIU I ALTRES REQUISITS<\/strong>: Complir amb la legislaci\u00f3 d\u2019aplicaci\u00f3, de manera que es revisi i s\u2019asseguri en els \u00e0mbits de qualitat, seguretat, salut i medi ambient. aix\u00ed com d\u2019altres compromisos adquirits volunt\u00e0riament.<\/li>\n<li style=\"text-align: justify; margin-bottom: 10px;\"><strong>MILLORA CONT\u00cdNUA<\/strong>: El comprom\u00eds amb un sistema de gesti\u00f3 integrat de la qualitat, el medi ambient, la seguretat i la salut en el treball. Proporcionant unes condicions segures i saludables, complint els requisits del client en base als principis de prevenci\u00f3 i millora cont\u00ednua.<\/li>\n<li style=\"text-align: justify; margin-bottom: 10px;\"><strong>COMPROM\u00cdS PER A LA CONSULTA I LA PARTICIPACI\u00d3 DELS TREBALLADORS<\/strong>: Garantir la consulta i participaci\u00f3 de tota la comunitat educativa en el desenvolupament del sistema de gesti\u00f3 integrat de la seguretat i salut en el treball.<\/li>\n<\/ol>\n<p><strong>Formaci\u00f3<\/strong><\/p>\n<ul>\n<li><strong>NIVELLS EDUCATIUS<\/strong>: ESO, Batxillerat i Cicles Formatius<\/li>\n<li><strong>L\u00cdNIES<\/strong>: Tres per nivell d&#8217;ESO, dos per Batxillerat i cicles formatius (tres fam\u00edlies professionals)<\/li>\n<\/ul>\n<p><strong>Activitats extraescolars<\/strong><\/p>\n<p>Sortides a la neu, museus, exposicions, teatre, Canal Ol\u00edmpic, patinatge sobre gel, etc.<\/p>\n<p>Realitzaci\u00f3 de diferents tallers en horari no lectiu<\/p>\n<p>Viatge de fi de curs a 4t d&#8217;ESO<\/p>\n<p>Relaci\u00f3 Escola-Fam\u00edlies<\/p>\n<p>Es porta a terme tant a trav\u00e9s de l&#8217;AMPA com amb el Pla d&#8217;Acci\u00f3 Tutorial<\/p>\n<hr class=\"linea\" \/>\n<h1><a id=\"historia\"><\/a>Hist\u00f2ria<\/h1>\n<p><strong>LA FUNDACI\u00d3 DE L\u2019INSTITUT<\/strong><\/p>\n<p style=\"text-align: justify;\"><img loading=\"lazy\" decoding=\"async\" id=\"img-palau-marianao\" class=\"alignnone size-full wp-image-566\" style=\"float: right; margin-left: 20px;\" src=\"https:\/\/agora.xtec.cat\/insmarianao\/wp-content\/uploads\/usu2666\/2023\/06\/palau_marianao.jpg\" alt=\"\" width=\"300\" height=\"203\" \/>L\u2019origen del nostre institut es remunta a l\u2019any 1973 amb la instal\u00b7laci\u00f3 dels primers tallers d&#8217;FP al palau de Marianao, que l\u2019any seg\u00fcent es van ampliar a Can Massalleras. Aquesta situaci\u00f3 s\u2019allarga fins al curs 1980-81, moment en qu\u00e8 l\u2019equipament es trasllada a l\u2019IFP Camps Blancs, de nova construcci\u00f3. Durant el curs seg\u00fcent (1982-83), les especialitats d\u2019electricitat i delineaci\u00f3 es van traslladar novament al castell de Marianao, com a secci\u00f3 de l\u2019IFP Camps Blancs. \u00c9s aleshores, durant el curs 1983-84, que es crea oficialment el nou institut l\u2019IFP Marianao. L\u2019any seg\u00fcent s\u2019hi van afegir les especialitats de Perruqueria i Est\u00e8tica i m\u00e9s endavant el batxillerat.<\/p>\n<p>Els primers professors que hi va haver al nostre institut van ser els seg\u00fcents:<\/p>\n<p>&#8211; Dibuix: Andreu Mesas i Llu\u00eds Garc\u00eda.<br \/>\n&#8211; Organitzaci\u00f3 i projecte de fabricaci\u00f3 mec\u00e0nica:Leopoldo Cerd\u00e0.<br \/>\n&#8211; Pr\u00e0ctiques de delineaci\u00f3: Enric Do\u00f1ate.<br \/>\n&#8211; Pr\u00e0ctiques d\u2019electricitat: Javier Biel, Paco Orfila, Joan Arom\u00ed i Joan Corominas.<br \/>\n&#8211; Social-Human\u00edstic: Mari Creu Pascual.<br \/>\n&#8211; Matem\u00e0tiques: Jhoan Watemberg Lubinsky.<br \/>\n&#8211; Angl\u00e8s: Marisa L\u00f3pez.<\/p>\n<p><strong>L\u2019EDIFICI ACTUAL<\/strong><\/p>\n<p style=\"text-align: justify;\">L\u2019any 1987-1988 l\u2019IFP Marianao abandona el Castell i es trasllada a l\u2019edifici actual, que s\u2019acaba de construir. Desapareixen les especialitats de perruqueria i est\u00e8tica. M\u00e9s endavant, durant el curs 1995-1996 es va comen\u00e7ar a implantar l\u2019ESO. El 1998 desapareix l\u2019antiga FP i comencen els nous cicles formatius. Desapareix electricitat, delineaci\u00f3 es va transformar en Desenvolupament de Projectes Mec\u00e0nics (fam\u00edlia de fabricaci\u00f3 mec\u00e0nica) i es van implantar els cicles de Comer\u00e7 i M\u00e0rqueting i tamb\u00e9 Inform\u00e0tica.<\/p>\n<p><strong>ELS DIRECTORS I DIRECTORES<\/strong><\/p>\n<p style=\"text-align: justify;\">Al llarg d\u2019aquests anys, el nostre institut ha tingut diversos directors i directores. Han estat els seg\u00fcents: Andreu Mesas, Llu\u00eds Garc\u00eda, Albert Salvador, Ferran Joan, Andreu Mesas, Anna Mart\u00ed, Miguel Ruiz, Joan Vives, Catalina Mu\u00f1oz, Josefina Garcia P\u00e9rez i Antonio Arjona Corvillo el director actual.<\/p>\n<h1><a id=\"video-presentacio\"><\/a>V\u00eddeo de presentaci\u00f3<\/h1>\n<div class=\"one-video-container\" style=\"max-width: 420px;\">\n<div class=\"video-responsive\"><iframe src=\"https:\/\/www.youtube.com\/embed\/gS5LaVImdL4\" frameborder=\"0\" allowfullscreen=\"allowfullscreen\"><\/iframe><\/div>\n<\/div>\n","protected":false},"excerpt":{"rendered":"<p>Salutaci\u00f3 L\u00ednea educativa Hist\u00f2ria V\u00eddeo de presentaci\u00f3 Benvolguts i benvolgudes !! Des de l&#8217;Institut Marianao, centre educatiu p\u00fablic, els d\u00f3no la benvinguda i els convido a que vegin les diferents oportunitats educatives i formatives del nostre centre. Ens definim com un centre obert, comprom\u00e8s i solidari. Com podran veure la nostra l\u00ednea educativa \u00e9s el [&hellip;]<\/p>\n","protected":false},"author":1,"featured_media":0,"parent":1477,"menu_order":0,"comment_status":"closed","ping_status":"closed","template":"","meta":{"_bbp_topic_count":0,"_bbp_reply_count":0,"_bbp_total_topic_count":0,"_bbp_total_reply_count":0,"_bbp_voice_count":0,"_bbp_anonymous_reply_count":0,"_bbp_topic_count_hidden":0,"_bbp_reply_count_hidden":0,"_bbp_forum_subforum_count":0,"site-sidebar-layout":"default","site-content-layout":"","ast-site-content-layout":"default","site-content-style":"default","site-sidebar-style":"default","ast-global-header-display":"","ast-banner-title-visibility":"","ast-main-header-display":"","ast-hfb-above-header-display":"","ast-hfb-below-header-display":"","ast-hfb-mobile-header-display":"","site-post-title":"","ast-breadcrumbs-content":"","ast-featured-img":"","footer-sml-layout":"","theme-transparent-header-meta":"default","adv-header-id-meta":"","stick-header-meta":"","header-above-stick-meta":"","header-main-stick-meta":"","header-below-stick-meta":"","astra-migrate-meta-layouts":"set","ast-page-background-enabled":"default","ast-page-background-meta":{"desktop":{"background-color":"var(--ast-global-color-4)","background-image":"","background-repeat":"repeat","background-position":"center center","background-size":"auto","background-attachment":"scroll","background-type":"","background-media":"","overlay-type":"","overlay-color":"","overlay-opacity":"","overlay-gradient":""},"tablet":{"background-color":"","background-image":"","background-repeat":"repeat","background-position":"center center","background-size":"auto","background-attachment":"scroll","background-type":"","background-media":"","overlay-type":"","overlay-color":"","overlay-opacity":"","overlay-gradient":""},"mobile":{"background-color":"","background-image":"","background-repeat":"repeat","background-position":"center center","background-size":"auto","background-attachment":"scroll","background-type":"","background-media":"","overlay-type":"","overlay-color":"","overlay-opacity":"","overlay-gradient":""}},"ast-content-background-meta":{"desktop":{"background-color":"var(--ast-global-color-5)","background-image":"","background-repeat":"repeat","background-position":"center center","background-size":"auto","background-attachment":"scroll","background-type":"","background-media":"","overlay-type":"","overlay-color":"","overlay-opacity":"","overlay-gradient":""},"tablet":{"background-color":"var(--ast-global-color-5)","background-image":"","background-repeat":"repeat","background-position":"center center","background-size":"auto","background-attachment":"scroll","background-type":"","background-media":"","overlay-type":"","overlay-color":"","overlay-opacity":"","overlay-gradient":""},"mobile":{"background-color":"var(--ast-global-color-5)","background-image":"","background-repeat":"repeat","background-position":"center center","background-size":"auto","background-attachment":"scroll","background-type":"","background-media":"","overlay-type":"","overlay-color":"","overlay-opacity":"","overlay-gradient":""}},"footnotes":""},"class_list":["post-854","page","type-page","status-publish","hentry"],"post_mailing_queue_ids":[],"_links":{"self":[{"href":"https:\/\/agora.xtec.cat\/insmarianao\/wp-json\/wp\/v2\/pages\/854","targetHints":{"allow":["GET"]}}],"collection":[{"href":"https:\/\/agora.xtec.cat\/insmarianao\/wp-json\/wp\/v2\/pages"}],"about":[{"href":"https:\/\/agora.xtec.cat\/insmarianao\/wp-json\/wp\/v2\/types\/page"}],"author":[{"embeddable":true,"href":"https:\/\/agora.xtec.cat\/insmarianao\/wp-json\/wp\/v2\/users\/1"}],"replies":[{"embeddable":true,"href":"https:\/\/agora.xtec.cat\/insmarianao\/wp-json\/wp\/v2\/comments?post=854"}],"version-history":[{"count":6,"href":"https:\/\/agora.xtec.cat\/insmarianao\/wp-json\/wp\/v2\/pages\/854\/revisions"}],"predecessor-version":[{"id":5763,"href":"https:\/\/agora.xtec.cat\/insmarianao\/wp-json\/wp\/v2\/pages\/854\/revisions\/5763"}],"up":[{"embeddable":true,"href":"https:\/\/agora.xtec.cat\/insmarianao\/wp-json\/wp\/v2\/pages\/1477"}],"wp:attachment":[{"href":"https:\/\/agora.xtec.cat\/insmarianao\/wp-json\/wp\/v2\/media?parent=854"}],"curies":[{"name":"wp","href":"https:\/\/api.w.org\/{rel}","templated":true}]}}