{"id":810,"date":"2022-02-08T23:36:59","date_gmt":"2022-02-08T22:36:59","guid":{"rendered":"https:\/\/agora.xtec.cat\/insmarianao\/?page_id=810"},"modified":"2026-02-19T12:17:38","modified_gmt":"2026-02-19T11:17:38","slug":"fabricacio-mecanica","status":"publish","type":"page","link":"https:\/\/agora.xtec.cat\/insmarianao\/formacio-professional\/fabricacio-mecanica\/","title":{"rendered":"Fabricaci\u00f3 Mec\u00e0nica"},"content":{"rendered":"<div class=\"header-common-style header-mecanica\"><\/div>\n<h2>\u00cdndex<\/h2>\n<ul>\n<li><a href=\"https:\/\/agora.xtec.cat\/insmarianao\/categoria\/fabricacio-mecanica\/\">Not\u00edcies Fabricaci\u00f3 Mec\u00e0nica<\/a><\/li>\n<li><a href=\"#fm1\">Informaci\u00f3 general Fabricaci\u00f3 Mec\u00e0nica<\/a><\/li>\n<li><a href=\"#fm2\">CFGM en Mecanitzaci\u00f3<\/a><\/li>\n<li><a href=\"#fm3\">CFGS de Disseny en Fabricaci\u00f3 Mec\u00e0nica<\/a><\/li>\n<li><a href=\"#fm4\">CFGS de Programaci\u00f3 de la Producci\u00f3 en Fabricaci\u00f3 Mec\u00e0nica<\/a><\/li>\n<li><a href=\"#fm5\">Fulls Informatius de Fabricaci\u00f3 Mec\u00e0nica<\/a><\/li>\n<li><a href=\"#fm6\">Normes de comportament i seguretat al Taller Mec\u00e0nic<\/a><\/li>\n<li><a href=\"#fm7\">Material de taller. Equipament obligatori per a l&#8217;alumnat<\/a><\/li>\n<li><a href=\"#fm8\">Software de simulaci\u00f3 de robots<\/a><\/li>\n<\/ul>\n<hr class=\"linea\" \/>\n<h2 id=\"fm1\">Informaci\u00f3 general Fabricaci\u00f3 Mec\u00e0nica<\/h2>\n<p style=\"text-align: justify;\">Els cicles formatius de la fam\u00edlia de <strong>Fabricaci\u00f3 Mec\u00e0nica<\/strong> que s&#8217;imparteixen a l&#8217;<strong>Institut Marianao<\/strong> s\u00f3n:<\/p>\n<ul>\n<li>Cicle Formatiu de Grau Mitj\u00e0 en <strong>Mecanitzaci\u00f3<\/strong><\/li>\n<li>Cicle Formatiu de Grau Superior de <strong>Disseny en Fabricaci\u00f3 Mec\u00e0nica<\/strong><\/li>\n<li>Cicle Formatiu de Grau Superior de <strong>Programaci\u00f3 de la Producci\u00f3 en Fabricaci\u00f3 Mec\u00e0nica<\/strong><\/li>\n<\/ul>\n<p><strong>Tr\u00edptic informatiu<\/strong> dels Cicles Formatius de la fam\u00edlia de <strong>Fabricaci\u00f3 Mec\u00e0nica<\/strong>: <a href=\"https:\/\/triptics.institutmarianao.cat\/mecanica\/\" target=\"_blank\" rel=\"noopener\">Descarregar aqu\u00ed<span class=\"dashicons dashicons-pdf custom-icons\">\u00a0<\/span><\/a>.<\/p>\n<hr class=\"linea\" \/>\n<h2 id=\"fm2\">CFGM en Mecanitzaci\u00f3<\/h2>\n<h4>Caracter\u00edstiques<\/h4>\n<ul>\n<li><strong>Ensenyament<\/strong>: Formaci\u00f3 professional<\/li>\n<li><strong>Grau<\/strong>: Grau mitj\u00e0<\/li>\n<li><strong>Titulaci\u00f3<\/strong>: T\u00e8cnic\/a<\/li>\n<li><strong>Durada<\/strong>: 2.000 hores distribu\u00efdes en dos cursos acad\u00e8mics.<\/li>\n<li><strong>Horari<\/strong>: Di\u00fcrn-mat\u00ed<\/li>\n<\/ul>\n<h4>Descripci\u00f3<\/h4>\n<p style=\"text-align: justify;\">Aquests estudis postobligatoris capaciten per determinar processos de mecanitzaci\u00f3 a partir de la informaci\u00f3 t\u00e8cnica, preparar m\u00e0quines i sistemes, programar m\u00e0quines eines de control num\u00e8ric, robots i manipuladors, verificar productes mecanitzats, fer el manteniment de primer nivell en m\u00e0quines i equips de mecanitzaci\u00f3 i aplicar procediments de qualitat, prevenci\u00f3 de riscos laborals i mediambientals.<\/p>\n<h4>M\u00e9s informaci\u00f3<\/h4>\n<ul>\n<li>El <strong>CFGM en Mecanitzaci\u00f3<\/strong> a l&#8217;<strong>Institut Marianao<\/strong>: V\u00eddeo de presentaci\u00f3:\n<div style=\"max-width: 500px; margin-top: 20px;\">\n<div class=\"video-responsive\"><iframe src=\"https:\/\/www.youtube.com\/embed\/ZGuNWNP5YG0\" frameborder=\"0\" allowfullscreen=\"allowfullscreen\"><\/iframe><\/div>\n<\/div>\n<\/li>\n<li>\n<p style=\"margin-top: 20px;\">Tota la informaci\u00f3 sobre el <strong>CFGM en Mecanitzaci\u00f3<\/strong> la trobar\u00e0s en <a href=\"https:\/\/triaeducativa.gencat.cat\/ca\/estudis\/?mecanitzacio&amp;p_id=101\" target=\"_blank\" rel=\"noopener\">aquest enlla\u00e7<span class=\"dashicons dashicons-admin-links custom-icons\">\u00a0<\/span><\/a><\/p>\n<\/li>\n<\/ul>\n<hr class=\"linea\" \/>\n<h2 id=\"fm3\">CFGS de Disseny en Fabricaci\u00f3 Mec\u00e0nica<\/h2>\n<h4>Caracter\u00edstiques<\/h4>\n<ul>\n<li><strong>Ensenyament<\/strong>: Formaci\u00f3 professional<\/li>\n<li><strong>Grau<\/strong>: Grau superior<\/li>\n<li><strong>Titulaci\u00f3<\/strong>: T\u00e8cnic\/a superior<\/li>\n<li><strong>Durada<\/strong>: 2.000 hores distribu\u00efdes en dos cursos acad\u00e8mics.<\/li>\n<li><strong>Horari<\/strong>: Di\u00fcrn-tarda<\/li>\n<\/ul>\n<h4>Descripci\u00f3<\/h4>\n<p style=\"text-align: justify;\">Aquests estudis postobligatoris capaciten per dissenyar productes de fabricaci\u00f3 mec\u00e0nica, fosa, forja, estampaci\u00f3 i pulverimetal\u00b7l\u00fargia, utillatge de processament de xapa i motlles i models per a pol\u00edmers, assegurant-ne la qualitat i segons la normativa de prevenci\u00f3 de riscos laborals i de protecci\u00f3 ambiental.<\/p>\n<h4>M\u00e9s informaci\u00f3<\/h4>\n<ul>\n<li>El <strong>CFGS de Disseny en Fabricaci\u00f3 Mec\u00e0nica<\/strong> a l&#8217;<strong>Institut Marianao<\/strong>: V\u00eddeo de presentaci\u00f3:\n<div style=\"max-width: 500px; margin-top: 20px;\">\n<div class=\"video-responsive\"><iframe src=\"https:\/\/www.youtube.com\/embed\/788DtLLl6jM\" frameborder=\"0\" allowfullscreen=\"allowfullscreen\"><\/iframe><\/div>\n<\/div>\n<\/li>\n<li>\n<p style=\"margin-top: 20px;\">Tota la informaci\u00f3 sobre el <strong>CFGS de Disseny en Fabricaci\u00f3 Mec\u00e0nica<\/strong> la trobar\u00e0s en <a href=\"https:\/\/triaeducativa.gencat.cat\/ca\/estudis\/?disseny-fabricacio-mecanica&amp;p_id=175\" target=\"_blank\" rel=\"noopener\">aquest enlla\u00e7<span class=\"dashicons dashicons-admin-links custom-icons\">\u00a0<\/span><\/a><\/p>\n<\/li>\n<\/ul>\n<hr class=\"linea\" \/>\n<h2 id=\"fm4\">CFGS de Programaci\u00f3 de la Producci\u00f3 en Fabricaci\u00f3 Mec\u00e0nica<\/h2>\n<h4>Caracter\u00edstiques<\/h4>\n<ul>\n<li><strong>Ensenyament<\/strong>: Formaci\u00f3 professional<\/li>\n<li><strong>Grau<\/strong>: Grau superior<\/li>\n<li><strong>Titulaci\u00f3<\/strong>: T\u00e8cnic\/a superior<\/li>\n<li><strong>Durada<\/strong>: 2.000 hores distribu\u00efdes en dos cursos acad\u00e8mics.<\/li>\n<li><strong>Horari<\/strong>: Di\u00fcrn-tarda<\/li>\n<\/ul>\n<h4>Descripci\u00f3<\/h4>\n<p style=\"text-align: justify;\">Aquests estudis postobligatoris capaciten per planificar, programar i controlar la fabricaci\u00f3 per mecanitzaci\u00f3 i el muntatge de b\u00e9ns d\u2019equipament de manera que es garanteixi la qualitat de la gesti\u00f3 del proc\u00e9s i dels productes, aix\u00ed com la supervisi\u00f3 dels sistemes de prevenci\u00f3 i riscos laborals i de protecci\u00f3 ambiental.<\/p>\n<h4>M\u00e9s informaci\u00f3<\/h4>\n<ul>\n<li>El <strong>CFGS de Programaci\u00f3 de la Producci\u00f3 en Fabricaci\u00f3 Mec\u00e0nica<\/strong> a l&#8217;<strong>Institut Marianao<\/strong>: V\u00eddeo de presentaci\u00f3:\n<div style=\"max-width: 500px; margin-top: 20px;\">\n<div class=\"video-responsive\"><iframe src=\"https:\/\/www.youtube.com\/embed\/zRB-0h0s3W4\" frameborder=\"0\" allowfullscreen=\"allowfullscreen\"><\/iframe><\/div>\n<\/div>\n<\/li>\n<li>\n<p style=\"margin-top: 20px;\">Tota la informaci\u00f3 sobre el <strong>CFGS de Programaci\u00f3 de la Producci\u00f3 en Fabricaci\u00f3 Mec\u00e0nica<\/strong> la trobar\u00e0s en <a href=\"https:\/\/triaeducativa.gencat.cat\/ca\/estudis\/?programacio-produccio-fabricacio-mecanica&amp;p_id=177\" target=\"_blank\" rel=\"noopener\">aquest enlla\u00e7<span class=\"dashicons dashicons-admin-links custom-icons\">\u00a0<\/span><\/a><\/p>\n<\/li>\n<\/ul>\n<hr class=\"linea\" \/>\n<h2 id=\"fm5\">Fulls Informatius de Fabricaci\u00f3 Mec\u00e0nica<\/h2>\n<p>Documents Informatius del departament de <strong>Fabricaci\u00f3 Mec\u00e0nica<\/strong>:<\/p>\n<ul>\n<li><a href=\"https:\/\/agora.xtec.cat\/insmarianao\/wp-content\/uploads\/usu2666\/2026\/02\/2526-FM20-Fulls-informatius.pdf\" target=\"_blank\" rel=\"noopener\">Grau Mitj\u00e0 en Mecanitzaci\u00f3 (DUAL)<span class=\"dashicons dashicons-pdf custom-icons\">\u00a0<\/span><\/a><\/li>\n<li><a href=\"https:\/\/agora.xtec.cat\/insmarianao\/wp-content\/uploads\/usu2666\/2026\/02\/2526-FMC0-Fulls-informatius.pdf\" target=\"_blank\" rel=\"noopener\">Grau Superior de Disseny en Fabricaci\u00f3 Mec\u00e0nica<span class=\"dashicons dashicons-pdf custom-icons\">\u00a0<\/span><\/a><\/li>\n<li><a href=\"https:\/\/agora.xtec.cat\/insmarianao\/wp-content\/uploads\/usu2666\/2026\/02\/2526-FMB0-Fulls-informatius.pdf\" target=\"_blank\" rel=\"noopener\">Grau Superior de Programaci\u00f3 de la producci\u00f3 en Fabricaci\u00f3 Mec\u00e0nica<span class=\"dashicons dashicons-pdf custom-icons\">\u00a0<\/span><\/a><\/li>\n<\/ul>\n<hr class=\"linea\" \/>\n<h2 id=\"fm6\">Normes de comportament i seguretat al Taller Mec\u00e0nic<\/h2>\n<p><i class=\"fa fa-warning\" aria-hidden=\"true\">\u00a0<\/i>Cal seguir les seg\u00fcents normes atentament sempre que estigueu al taller:<\/p>\n<ul>\n<li><a href=\"https:\/\/agora.xtec.cat\/insmarianao\/wp-content\/uploads\/usu2666\/2023\/07\/normativa_i_seguretat_taller_mecanic.pdf\" target=\"_blank\" rel=\"noopener\">Normes de comportament i seguretat al Taller Mec\u00e0nic<span class=\"dashicons dashicons-pdf custom-icons\">\u00a0<\/span><\/a><\/li>\n<\/ul>\n<hr class=\"linea\" \/>\n<h2 id=\"fm7\">Material de taller. Equipament obligatori per a l&#8217;alumnat<\/h2>\n<ul>\n<li>Botes de seguretat, normativa a complir: S1P de la casa WURT MODYF (48\u20ac &#8211; 128\u20ac)<\/li>\n<li>Granota, model AUTOMOTIVE color GRIS\/Vermell de la casa WURT MODYF (60\u20ac)<\/li>\n<li>Ulleres de protecci\u00f3 de policarbonat ( 5\u20ac &#8211; 15\u20ac )<\/li>\n<li>Guants de cuir ( 5\u20ac &#8211; 15\u20ac )<\/li>\n<li>Peu de rei (15\u20ac &#8211; 60\u20ac)<\/li>\n<li>Eina de cobalt 10x10x160-200mm (40\u20ac &#8211; 50\u20ac) (<strong>nom\u00e9s grau mitj\u00e0<\/strong>)<\/li>\n<\/ul>\n<p><a href=\"https:\/\/agora.xtec.cat\/insmarianao\/wp-content\/uploads\/usu2666\/2025\/04\/Material-alumnes-fabricacio-mecanica.pdf\" target=\"_blank\" rel=\"noopener\">Descarrega en PDF el material de taller per a l&#8217;alumnat de fabricaci\u00f3 mec\u00e0nica<span class=\"dashicons dashicons-pdf custom-icons\">\u00a0<\/span><\/a><\/p>\n<h2 id=\"fm8\">Software de simulaci\u00f3 de robots<\/h2>\n<p style=\"text-align: justify;\">El departament de Fabricaci\u00f3 Mec\u00e0nica ha adquirit per part d&#8217;un prove\u00efdor, llic\u00e8ncies de forma gratu\u00efta per a que l&#8217;alumnat pugui simular i treballar de manera offline amb robots industrials.<br \/>\nL&#8217;empresa s&#8217;anomena <a href=\"https:\/\/robodk.com\/\" target=\"_blank\" rel=\"noopener\">RoboDK<\/a> i us deixem el link al seu web ja que \u00e9s molt interessant:<\/p>\n<p><a href=\"https:\/\/robodk.com\/\" target=\"_blank\" rel=\"noopener\">https:\/\/robodk.com\/<span class=\"dashicons dashicons-admin-links custom-icons\">\u00a0<\/span><\/a><\/p>\n<p><img loading=\"lazy\" decoding=\"async\" class=\"gallery-image aligncenter wp-image-4623 size-full\" src=\"https:\/\/agora.xtec.cat\/insmarianao\/wp-content\/uploads\/usu2666\/2025\/06\/image.png\" alt=\"\" width=\"1248\" height=\"416\" srcset=\"https:\/\/agora.xtec.cat\/insmarianao\/wp-content\/uploads\/usu2666\/2025\/06\/image.png 1248w, https:\/\/agora.xtec.cat\/insmarianao\/wp-content\/uploads\/usu2666\/2025\/06\/image-300x100.png 300w, https:\/\/agora.xtec.cat\/insmarianao\/wp-content\/uploads\/usu2666\/2025\/06\/image-1024x341.png 1024w, https:\/\/agora.xtec.cat\/insmarianao\/wp-content\/uploads\/usu2666\/2025\/06\/image-768x256.png 768w\" sizes=\"auto, (max-width: 1248px) 100vw, 1248px\" \/><\/p>\n","protected":false},"excerpt":{"rendered":"<p>\u00cdndex Not\u00edcies Fabricaci\u00f3 Mec\u00e0nica Informaci\u00f3 general Fabricaci\u00f3 Mec\u00e0nica CFGM en Mecanitzaci\u00f3 CFGS de Disseny en Fabricaci\u00f3 Mec\u00e0nica CFGS de Programaci\u00f3 de la Producci\u00f3 en Fabricaci\u00f3 Mec\u00e0nica Fulls Informatius de Fabricaci\u00f3 Mec\u00e0nica Normes de comportament i seguretat al Taller Mec\u00e0nic Material de taller. Equipament obligatori per a l&#8217;alumnat Software de simulaci\u00f3 de robots Informaci\u00f3 general Fabricaci\u00f3 [&hellip;]<\/p>\n","protected":false},"author":1,"featured_media":0,"parent":1432,"menu_order":2,"comment_status":"closed","ping_status":"closed","template":"","meta":{"_bbp_topic_count":0,"_bbp_reply_count":0,"_bbp_total_topic_count":0,"_bbp_total_reply_count":0,"_bbp_voice_count":0,"_bbp_anonymous_reply_count":0,"_bbp_topic_count_hidden":0,"_bbp_reply_count_hidden":0,"_bbp_forum_subforum_count":0,"site-sidebar-layout":"default","site-content-layout":"","ast-site-content-layout":"default","site-content-style":"default","site-sidebar-style":"default","ast-global-header-display":"","ast-banner-title-visibility":"","ast-main-header-display":"","ast-hfb-above-header-display":"","ast-hfb-below-header-display":"","ast-hfb-mobile-header-display":"","site-post-title":"","ast-breadcrumbs-content":"","ast-featured-img":"","footer-sml-layout":"","theme-transparent-header-meta":"default","adv-header-id-meta":"","stick-header-meta":"","header-above-stick-meta":"","header-main-stick-meta":"","header-below-stick-meta":"","astra-migrate-meta-layouts":"set","ast-page-background-enabled":"default","ast-page-background-meta":{"desktop":{"background-color":"var(--ast-global-color-4)","background-image":"","background-repeat":"repeat","background-position":"center center","background-size":"auto","background-attachment":"scroll","background-type":"","background-media":"","overlay-type":"","overlay-color":"","overlay-opacity":"","overlay-gradient":""},"tablet":{"background-color":"","background-image":"","background-repeat":"repeat","background-position":"center center","background-size":"auto","background-attachment":"scroll","background-type":"","background-media":"","overlay-type":"","overlay-color":"","overlay-opacity":"","overlay-gradient":""},"mobile":{"background-color":"","background-image":"","background-repeat":"repeat","background-position":"center center","background-size":"auto","background-attachment":"scroll","background-type":"","background-media":"","overlay-type":"","overlay-color":"","overlay-opacity":"","overlay-gradient":""}},"ast-content-background-meta":{"desktop":{"background-color":"var(--ast-global-color-5)","background-image":"","background-repeat":"repeat","background-position":"center center","background-size":"auto","background-attachment":"scroll","background-type":"","background-media":"","overlay-type":"","overlay-color":"","overlay-opacity":"","overlay-gradient":""},"tablet":{"background-color":"var(--ast-global-color-5)","background-image":"","background-repeat":"repeat","background-position":"center center","background-size":"auto","background-attachment":"scroll","background-type":"","background-media":"","overlay-type":"","overlay-color":"","overlay-opacity":"","overlay-gradient":""},"mobile":{"background-color":"var(--ast-global-color-5)","background-image":"","background-repeat":"repeat","background-position":"center center","background-size":"auto","background-attachment":"scroll","background-type":"","background-media":"","overlay-type":"","overlay-color":"","overlay-opacity":"","overlay-gradient":""}},"footnotes":""},"class_list":["post-810","page","type-page","status-publish","hentry"],"post_mailing_queue_ids":[],"_links":{"self":[{"href":"https:\/\/agora.xtec.cat\/insmarianao\/wp-json\/wp\/v2\/pages\/810","targetHints":{"allow":["GET"]}}],"collection":[{"href":"https:\/\/agora.xtec.cat\/insmarianao\/wp-json\/wp\/v2\/pages"}],"about":[{"href":"https:\/\/agora.xtec.cat\/insmarianao\/wp-json\/wp\/v2\/types\/page"}],"author":[{"embeddable":true,"href":"https:\/\/agora.xtec.cat\/insmarianao\/wp-json\/wp\/v2\/users\/1"}],"replies":[{"embeddable":true,"href":"https:\/\/agora.xtec.cat\/insmarianao\/wp-json\/wp\/v2\/comments?post=810"}],"version-history":[{"count":7,"href":"https:\/\/agora.xtec.cat\/insmarianao\/wp-json\/wp\/v2\/pages\/810\/revisions"}],"predecessor-version":[{"id":5767,"href":"https:\/\/agora.xtec.cat\/insmarianao\/wp-json\/wp\/v2\/pages\/810\/revisions\/5767"}],"up":[{"embeddable":true,"href":"https:\/\/agora.xtec.cat\/insmarianao\/wp-json\/wp\/v2\/pages\/1432"}],"wp:attachment":[{"href":"https:\/\/agora.xtec.cat\/insmarianao\/wp-json\/wp\/v2\/media?parent=810"}],"curies":[{"name":"wp","href":"https:\/\/api.w.org\/{rel}","templated":true}]}}