{"id":808,"date":"2022-02-08T23:36:46","date_gmt":"2022-02-08T22:36:46","guid":{"rendered":"https:\/\/agora.xtec.cat\/insmarianao\/?page_id=808"},"modified":"2026-02-02T19:51:06","modified_gmt":"2026-02-02T18:51:06","slug":"comerc-i-marqueting","status":"publish","type":"page","link":"https:\/\/agora.xtec.cat\/insmarianao\/formacio-professional\/comerc-i-marqueting\/","title":{"rendered":"Comer\u00e7 i M\u00e0rqueting"},"content":{"rendered":"<div class=\"header-common-style header-comerc\"><\/div>\n<h2>\u00cdndex<\/h2>\n<ul>\n<li><a href=\"https:\/\/agora.xtec.cat\/insmarianao\/categoria\/comerc-i-marqueting\/\">Not\u00edcies Comer\u00e7 i M\u00e0rqueting<\/a><\/li>\n<li><a href=\"#cm1\">Informaci\u00f3 general Comer\u00e7 i M\u00e0rqueting<\/a><\/li>\n<li><a href=\"#cm2\">CFGM d&#8217;Activitats Comercials DUAL<\/a><\/li>\n<li><a href=\"#cm3\">CFGS en Comer\u00e7 Internacional<\/a><\/li>\n<li><a href=\"#cm4\">CFGS en Gesti\u00f3 de Vendes i Espais Comercials amb l&#8217;especialitat de comercial de l&#8217;Automoci\u00f3<\/a><\/li>\n<li><a href=\"#cm5\">Fulls Informatius de Comer\u00e7 i M\u00e0rqueting<\/a><\/li>\n<li><a href=\"#cm6\">Normes de comportament a les aules de Comer\u00e7 i M\u00e0rqueting<\/a><\/li>\n<\/ul>\n<hr class=\"linea\" \/>\n<h2 id=\"cm1\">Informaci\u00f3 general Comer\u00e7 i M\u00e0rqueting<\/h2>\n<p style=\"text-align: justify;\">Els cicles formatius de la fam\u00edlia de <strong>Comer\u00e7 i M\u00e0rqueting<\/strong> que s&#8217;imparteixen a l&#8217;<strong>Institut Marianao<\/strong> s\u00f3n:<\/p>\n<ul>\n<li>Cicle Formatiu de Grau Mitj\u00e0 d&#8217;<strong>Activitats Comercials DUAL<\/strong><\/li>\n<li>Cicle Formatiu de Grau Superior en <strong>Comer\u00e7 Internacional<\/strong><\/li>\n<li>Cicle Formatiu de Grau Superior en <strong>Gesti\u00f3 de Vendes i Espais Comercials<\/strong> amb l&#8217;especialitat de Comercial de l&#8217;Automoci\u00f3<\/li>\n<\/ul>\n<p><strong>Tr\u00edptic informatiu<\/strong> dels Cicles Formatius de la fam\u00edlia de <strong>Comer\u00e7 i M\u00e0rqueting<\/strong>: <a href=\"https:\/\/triptics.institutmarianao.cat\/comerc\/\" target=\"_blank\" rel=\"noopener\">Descarregar aqu\u00ed<span class=\"dashicons dashicons-pdf custom-icons\">\u00a0<\/span><\/a>.<\/p>\n<hr class=\"linea\" \/>\n<h2 id=\"cm2\">CFGM d&#8217;Activitats Comercials DUAL<\/h2>\n<h4>Caracter\u00edstiques<\/h4>\n<ul>\n<li><strong>Ensenyament<\/strong>: Formaci\u00f3 professional<\/li>\n<li><strong>Grau<\/strong>: Grau mitj\u00e0<\/li>\n<li><strong>Titulaci\u00f3<\/strong>: T\u00e8cnic\/a<\/li>\n<li><strong>Durada<\/strong>: 2.000 hores distribu\u00efdes en dos cursos acad\u00e8mics.<\/li>\n<li><strong>Horari<\/strong>: Di\u00fcrn-mat\u00ed<\/li>\n<\/ul>\n<h4>Descripci\u00f3<\/h4>\n<p style=\"text-align: justify;\">Aquests estudis capaciten per desenvolupar activitats de distribuci\u00f3 i comercialitzaci\u00f3 de b\u00e9ns i\/o serveis i gestionar un petit establiment comercial, aplicant les normes de qualitat i seguretat establertes i respectant la legislaci\u00f3 vigent.<\/p>\n<h4>M\u00e9s informaci\u00f3<\/h4>\n<ul>\n<li>El <strong>CFGM d&#8217;Activitats Comercials<\/strong> a l&#8217;<strong>Institut Marianao<\/strong>: <a href=\"http:\/\/prezi.com\/zpivlxa8qwch\/?utm_campaign=share&amp;utm_medium=copy\" target=\"_blank\" rel=\"noopener\">Prezi de Presentaci\u00f3<span class=\"dashicons dashicons-media-video custom-icons\">\u00a0<\/span><\/a><\/li>\n<li>El <strong>CFGM d&#8217;Activitats Comercials<\/strong> a l&#8217;<strong>Institut Marianao<\/strong>: V\u00eddeo de presentaci\u00f3:\n<div style=\"max-width: 500px; margin-top: 20px;\">\n<div class=\"video-responsive\"><iframe src=\"https:\/\/www.youtube.com\/embed\/c9tNGVy_7eQ\" frameborder=\"0\" allowfullscreen=\"allowfullscreen\"><\/iframe><\/div>\n<\/div>\n<\/li>\n<li>\n<p style=\"margin-top: 20px;\">Tota la informaci\u00f3 sobre el <strong>CFGM d&#8217;Activitats Comercials<\/strong> la trobar\u00e0s en <a href=\"https:\/\/triaeducativa.gencat.cat\/ca\/estudis\/?activitats-comercials&amp;p_id=1370\" target=\"_blank\" rel=\"noopener\">aquest enlla\u00e7<span class=\"dashicons dashicons-admin-links custom-icons\">\u00a0<\/span><\/a><\/p>\n<\/li>\n<\/ul>\n<hr class=\"linea\" \/>\n<h2 id=\"cm3\">CFGS en Comer\u00e7 Internacional<\/h2>\n<h4>Caracter\u00edstiques<\/h4>\n<ul>\n<li><strong>Ensenyament<\/strong>: Formaci\u00f3 professional<\/li>\n<li><strong>Grau<\/strong>: Grau superior<\/li>\n<li><strong>Titulaci\u00f3<\/strong>: T\u00e8cnic\/a superior<\/li>\n<li><strong>Durada<\/strong>: 2.000 hores distribu\u00efdes en dos cursos acad\u00e8mics.<\/li>\n<li><strong>Horari<\/strong>: Di\u00fcrn-tarda<\/li>\n<\/ul>\n<h4>Descripci\u00f3<\/h4>\n<p style=\"text-align: justify;\">Aquests estudis capaciten per planificar i gestionar els processos d&#8217;importaci\u00f3-exportaci\u00f3 i introducci\u00f3-expedici\u00f3 de mercaderies, d&#8217;acord amb la legislaci\u00f3 vigent, en el marc dels objectius i procediments que s&#8217;han establert.<\/p>\n<h4>M\u00e9s informaci\u00f3<\/h4>\n<ul>\n<li>El <strong>CFGS en Comer\u00e7 Internacional <\/strong> a l&#8217;<strong>Institut Marianao<\/strong>: <a href=\"http:\/\/prezi.com\/0s4ti6oxgkfq\/?utm_campaign=share&amp;utm_medium=copy\" target=\"_blank\" rel=\"noopener\">Prezi de Presentaci\u00f3<span class=\"dashicons dashicons-media-video custom-icons\">\u00a0<\/span><\/a><\/li>\n<li>El <strong>CFGS en Comer\u00e7 Internacional <\/strong> a l&#8217;<strong>Institut Marianao<\/strong>: V\u00eddeo de presentaci\u00f3:\n<div style=\"max-width: 500px; margin-top: 20px;\">\n<div class=\"video-responsive\"><iframe src=\"https:\/\/www.youtube.com\/embed\/40jSagCUSnA\" frameborder=\"0\" allowfullscreen=\"allowfullscreen\"><\/iframe><\/div>\n<\/div>\n<\/li>\n<li>\n<p style=\"margin-top: 20px;\">Tota la informaci\u00f3 sobre el <strong>CFGS en Comer\u00e7 Internacional<\/strong> la trobar\u00e0s en <a href=\"https:\/\/triaeducativa.gencat.cat\/ca\/estudis\/?comerc-internacional&amp;p_id=1670\" target=\"_blank\" rel=\"noopener\">aquest enlla\u00e7<span class=\"dashicons dashicons-admin-links custom-icons\">\u00a0<\/span><\/a><\/p>\n<\/li>\n<\/ul>\n<hr class=\"linea\" \/>\n<h2 id=\"cm4\">CFGS en Gesti\u00f3 de Vendes i Espais Comercials amb l&#8217;especialitat de comercial de l&#8217;Automoci\u00f3<\/h2>\n<h4>Caracter\u00edstiques<\/h4>\n<ul>\n<li><strong>Ensenyament<\/strong>: Formaci\u00f3 professional<\/li>\n<li><strong>Grau<\/strong>: Grau superior<\/li>\n<li><strong>Titulaci\u00f3<\/strong>: T\u00e8cnic\/a superior<\/li>\n<li><strong>Durada<\/strong>: 2.000 hores distribu\u00efdes en dos cursos acad\u00e8mics.<\/li>\n<li><strong>Horari<\/strong>: Di\u00fcrn-mat\u00ed<\/li>\n<\/ul>\n<h4>Descripci\u00f3<\/h4>\n<p style=\"text-align: justify;\">Aquests estudis capaciten per gestionar les operacions comercials de compravenda i distribuci\u00f3 de productes i serveis, i organitzar la implantaci\u00f3 i animaci\u00f3 d&#8217;espais comercials segons criteris de qualitat, seguretat i prevenci\u00f3 de riscos, d&#8217;acord amb la normativa vigent.<\/p>\n<h4>M\u00e9s informaci\u00f3<\/h4>\n<ul>\n<li>El <strong>CFGS en Gesti\u00f3 de Vendes i Espais Comercials<\/strong> a l&#8217;<strong>Institut Marianao<\/strong>: V\u00eddeo de presentaci\u00f3:\n<div style=\"max-width: 500px; margin-top: 20px;\">\n<div class=\"video-responsive\"><iframe src=\"https:\/\/www.youtube.com\/embed\/dBuyvABaOXY\" frameborder=\"0\" allowfullscreen=\"allowfullscreen\"><\/iframe><\/div>\n<\/div>\n<\/li>\n<li>V\u00eddeo de presentaci\u00f3 del <strong>Curs de Comercials de l&#8217;Automoci\u00f3<\/strong> (<strong>CFGS Gesti\u00f3 de Vendes i Espais Comercials<\/strong>) del <strong>Departament d&#8217;Educaci\u00f3<\/strong> i el <strong>Gremi del Motor<\/strong>:\n<div style=\"max-width: 500px; margin-top: 20px;\">\n<div class=\"video-responsive\"><iframe src=\"https:\/\/www.youtube.com\/embed\/VnoE7urVPCE\" frameborder=\"0\" allowfullscreen=\"allowfullscreen\"><\/iframe><\/div>\n<\/div>\n<\/li>\n<li>\n<p style=\"margin-top: 20px;\">Tota la informaci\u00f3 sobre el <strong>CFGS en Gesti\u00f3 de Vendes i Espais Comercials<\/strong> la trobar\u00e0s en <a href=\"https:\/\/triaeducativa.gencat.cat\/ca\/estudis\/?gestio-vendes-espais-comercials&amp;p_id=1710\" target=\"_blank\" rel=\"noopener\">aquest enlla\u00e7<span class=\"dashicons dashicons-admin-links custom-icons\">\u00a0<\/span><\/a><\/p>\n<\/li>\n<\/ul>\n<hr class=\"linea\" \/>\n<h2 id=\"cm5\">Fulls Informatius de Comer\u00e7 i M\u00e0rqueting<\/h2>\n<p>Documents Informatius del departament de <strong>Comer\u00e7 i M\u00e0rqueting<\/strong>:<\/p>\n<ul>\n<li><a href=\"https:\/\/agora.xtec.cat\/insmarianao\/wp-content\/uploads\/usu2666\/2024\/09\/Full-Informatiu-CFGM-Activitats-comercials-1r-DUAL-curs-24-25.pdf\" target=\"_blank\" rel=\"noopener\">Grau Mitj\u00e0 d&#8217;Activitats comercials. 1r Curs<span class=\"dashicons dashicons-pdf custom-icons\">\u00a0<\/span><\/a><\/li>\n<li><a href=\"https:\/\/agora.xtec.cat\/insmarianao\/wp-content\/uploads\/usu2666\/2024\/09\/Full-Informatiu-CFGM-Activitats-comercials-2n-DUAL-1.pdf\" target=\"_blank\" rel=\"noopener\">Grau Mitj\u00e0 d&#8217;Activitats comercials. 2n Curs<span class=\"dashicons dashicons-pdf custom-icons\">\u00a0<\/span><\/a><\/li>\n<li><a href=\"https:\/\/agora.xtec.cat\/insmarianao\/wp-content\/uploads\/usu2666\/2024\/09\/Full-Informatiu-CFGS-Comerc-Internacional-1r-24-25.pdf\" target=\"_blank\" rel=\"noopener\">Grau Superior de Comer\u00e7 Internacional. 1r Curs<span class=\"dashicons dashicons-pdf custom-icons\">\u00a0<\/span><\/a><\/li>\n<li><a href=\"https:\/\/agora.xtec.cat\/insmarianao\/wp-content\/uploads\/usu2666\/2024\/09\/Full-Informatiu-CFGS-Comerc-Internacional-2n-1.pdf\" target=\"_blank\" rel=\"noopener\">Grau Superior de Comer\u00e7 Internacional. 2n Curs<span class=\"dashicons dashicons-pdf custom-icons\">\u00a0<\/span><\/a><\/li>\n<li><a href=\"https:\/\/agora.xtec.cat\/insmarianao\/wp-content\/uploads\/usu2666\/2024\/09\/Full-Informatiu-CFGS-Gestio-de-Vendes-i-Espais-Comercials-1r.pdf\" target=\"_blank\" rel=\"noopener\">Grau Superior de Gesti\u00f3 de Vendes i Espais Comercials. 1r Curs<span class=\"dashicons dashicons-pdf custom-icons\">\u00a0<\/span><\/a><\/li>\n<li><a href=\"https:\/\/agora.xtec.cat\/insmarianao\/wp-content\/uploads\/usu2666\/2024\/09\/Full-Informatiu-CFGS-Gestio-de-Vendes-i-Espais-Comercials-2n.pdf\" target=\"_blank\" rel=\"noopener\">Grau Superior de Gesti\u00f3 de Vendes i Espais Comercials. 2n Curs<span class=\"dashicons dashicons-pdf custom-icons\">\u00a0<\/span><\/a><\/li>\n<\/ul>\n<hr class=\"linea\" \/>\n<h2 id=\"cm6\">Normes de comportament a les aules de Comer\u00e7 i M\u00e0rqueting<\/h2>\n<p><i class=\"fa fa-warning\" aria-hidden=\"true\">\u00a0<\/i>Cal seguir les seg\u00fcents normes atentament sempre que estigueu al les aules de Comer\u00e7 i M\u00e0rqueting:<\/p>\n<ul>\n<li><a href=\"https:\/\/agora.xtec.cat\/insmarianao\/wp-content\/uploads\/usu2666\/2023\/07\/normativa_comerc-marqueting.pdf\" target=\"_blank\" rel=\"noopener\">Normes de comportament a les aules de Comer\u00e7 i M\u00e0rqueting<span class=\"dashicons dashicons-pdf custom-icons\">\u00a0<\/span><\/a><\/li>\n<\/ul>\n","protected":false},"excerpt":{"rendered":"<p>\u00cdndex Not\u00edcies Comer\u00e7 i M\u00e0rqueting Informaci\u00f3 general Comer\u00e7 i M\u00e0rqueting CFGM d&#8217;Activitats Comercials DUAL CFGS en Comer\u00e7 Internacional CFGS en Gesti\u00f3 de Vendes i Espais Comercials amb l&#8217;especialitat de comercial de l&#8217;Automoci\u00f3 Fulls Informatius de Comer\u00e7 i M\u00e0rqueting Normes de comportament a les aules de Comer\u00e7 i M\u00e0rqueting Informaci\u00f3 general Comer\u00e7 i M\u00e0rqueting Els cicles [&hellip;]<\/p>\n","protected":false},"author":1,"featured_media":0,"parent":1432,"menu_order":1,"comment_status":"closed","ping_status":"closed","template":"","meta":{"_bbp_topic_count":0,"_bbp_reply_count":0,"_bbp_total_topic_count":0,"_bbp_total_reply_count":0,"_bbp_voice_count":0,"_bbp_anonymous_reply_count":0,"_bbp_topic_count_hidden":0,"_bbp_reply_count_hidden":0,"_bbp_forum_subforum_count":0,"site-sidebar-layout":"default","site-content-layout":"","ast-site-content-layout":"default","site-content-style":"default","site-sidebar-style":"default","ast-global-header-display":"","ast-banner-title-visibility":"","ast-main-header-display":"","ast-hfb-above-header-display":"","ast-hfb-below-header-display":"","ast-hfb-mobile-header-display":"","site-post-title":"","ast-breadcrumbs-content":"","ast-featured-img":"","footer-sml-layout":"","theme-transparent-header-meta":"default","adv-header-id-meta":"","stick-header-meta":"","header-above-stick-meta":"","header-main-stick-meta":"","header-below-stick-meta":"","astra-migrate-meta-layouts":"set","ast-page-background-enabled":"default","ast-page-background-meta":{"desktop":{"background-color":"var(--ast-global-color-4)","background-image":"","background-repeat":"repeat","background-position":"center center","background-size":"auto","background-attachment":"scroll","background-type":"","background-media":"","overlay-type":"","overlay-color":"","overlay-opacity":"","overlay-gradient":""},"tablet":{"background-color":"","background-image":"","background-repeat":"repeat","background-position":"center center","background-size":"auto","background-attachment":"scroll","background-type":"","background-media":"","overlay-type":"","overlay-color":"","overlay-opacity":"","overlay-gradient":""},"mobile":{"background-color":"","background-image":"","background-repeat":"repeat","background-position":"center center","background-size":"auto","background-attachment":"scroll","background-type":"","background-media":"","overlay-type":"","overlay-color":"","overlay-opacity":"","overlay-gradient":""}},"ast-content-background-meta":{"desktop":{"background-color":"var(--ast-global-color-5)","background-image":"","background-repeat":"repeat","background-position":"center center","background-size":"auto","background-attachment":"scroll","background-type":"","background-media":"","overlay-type":"","overlay-color":"","overlay-opacity":"","overlay-gradient":""},"tablet":{"background-color":"var(--ast-global-color-5)","background-image":"","background-repeat":"repeat","background-position":"center center","background-size":"auto","background-attachment":"scroll","background-type":"","background-media":"","overlay-type":"","overlay-color":"","overlay-opacity":"","overlay-gradient":""},"mobile":{"background-color":"var(--ast-global-color-5)","background-image":"","background-repeat":"repeat","background-position":"center center","background-size":"auto","background-attachment":"scroll","background-type":"","background-media":"","overlay-type":"","overlay-color":"","overlay-opacity":"","overlay-gradient":""}},"footnotes":""},"class_list":["post-808","page","type-page","status-publish","hentry"],"post_mailing_queue_ids":[],"_links":{"self":[{"href":"https:\/\/agora.xtec.cat\/insmarianao\/wp-json\/wp\/v2\/pages\/808","targetHints":{"allow":["GET"]}}],"collection":[{"href":"https:\/\/agora.xtec.cat\/insmarianao\/wp-json\/wp\/v2\/pages"}],"about":[{"href":"https:\/\/agora.xtec.cat\/insmarianao\/wp-json\/wp\/v2\/types\/page"}],"author":[{"embeddable":true,"href":"https:\/\/agora.xtec.cat\/insmarianao\/wp-json\/wp\/v2\/users\/1"}],"replies":[{"embeddable":true,"href":"https:\/\/agora.xtec.cat\/insmarianao\/wp-json\/wp\/v2\/comments?post=808"}],"version-history":[{"count":7,"href":"https:\/\/agora.xtec.cat\/insmarianao\/wp-json\/wp\/v2\/pages\/808\/revisions"}],"predecessor-version":[{"id":5589,"href":"https:\/\/agora.xtec.cat\/insmarianao\/wp-json\/wp\/v2\/pages\/808\/revisions\/5589"}],"up":[{"embeddable":true,"href":"https:\/\/agora.xtec.cat\/insmarianao\/wp-json\/wp\/v2\/pages\/1432"}],"wp:attachment":[{"href":"https:\/\/agora.xtec.cat\/insmarianao\/wp-json\/wp\/v2\/media?parent=808"}],"curies":[{"name":"wp","href":"https:\/\/api.w.org\/{rel}","templated":true}]}}