{"id":715,"date":"2022-02-08T22:53:15","date_gmt":"2022-02-08T21:53:15","guid":{"rendered":"https:\/\/agora.xtec.cat\/insmarianao\/?page_id=715"},"modified":"2026-02-17T10:48:54","modified_gmt":"2026-02-17T09:48:54","slug":"fulls-informatius","status":"publish","type":"page","link":"https:\/\/agora.xtec.cat\/insmarianao\/eso\/fulls-informatius\/","title":{"rendered":"Fulls informatius ESO"},"content":{"rendered":"<div class=\"header-common-style header-fulls-informatius\"><\/div>\n<h2>Curs 2025-2026<\/h2>\n<ol>\n<li><a href=\"#castella\">Llengua Castellana i Literatura<\/a><\/li>\n<li><a href=\"#catala\">Llengua Catalana i Literatura<\/a><\/li>\n<li><a href=\"#ciencies\">Ci\u00e8ncies<\/a><\/li>\n<li><a href=\"#classiques\">Cl\u00e0ssiques<\/a><\/li>\n<li><a href=\"#educacio_fisica\">Educaci\u00f3 F\u00edsica<\/a><\/li>\n<li><a href=\"#idiomes\">Idiomes<\/a><\/li>\n<li><a href=\"#mates\">Matem\u00e0tiques<\/a><\/li>\n<li><a href=\"#musica\">M\u00fasica<\/a><\/li>\n<li><a href=\"#ciencies_socials\">Ci\u00e8ncies Socials<\/a><\/li>\n<li><a href=\"#tecno\">Tecnologia<\/a><\/li>\n<li><a href=\"#plastica\">Visual i Pl\u00e0stica<\/a><\/li>\n<\/ol>\n<hr class=\"linea\" \/>\n<h1><a id=\"castella\"><\/a>Llengua Castellana i Literatura<\/h1>\n<ul>\n<li><a href=\"https:\/\/agora.xtec.cat\/insmarianao\/wp-content\/uploads\/usu2666\/2025\/07\/FULL-INFORMATIU-1r-ESO-CASTELLA-25-26.docx.pdf\" target=\"_blank\" rel=\"noreferrer noopener\">Castell\u00e0 1r ESO<span class=\"dashicons dashicons-pdf custom-icons\">\u00a0<\/span><\/a><\/li>\n<li><a href=\"https:\/\/agora.xtec.cat\/insmarianao\/wp-content\/uploads\/usu2666\/2025\/07\/FULL-INFORMATIU-2n-ESO-CASTELLA-25-26.docx.pdf\" target=\"_blank\" rel=\"noreferrer noopener\">Castell\u00e0 2n ESO<span class=\"dashicons dashicons-pdf custom-icons\">\u00a0<\/span><\/a>\n<ul>\n<li><a href=\"https:\/\/agora.xtec.cat\/insmarianao\/wp-content\/uploads\/usu2666\/2025\/07\/FULL-INFORMATIU_Un-mundo-por-leer-2nESO-curs-25-26.docx.pdf\" target=\"_blank\" rel=\"noreferrer noopener\">Optativa &#8220;Un mundo por leer&#8221; 2n ESO<span class=\"dashicons dashicons-pdf custom-icons\">\u00a0<\/span><\/a><\/li>\n<\/ul>\n<\/li>\n<li><a href=\"https:\/\/agora.xtec.cat\/insmarianao\/wp-content\/uploads\/usu2666\/2025\/09\/FULL-INFORMATIU-3r-ESO-CASTELLA-25-26-.docx.pdf\" target=\"_blank\" rel=\"noreferrer noopener\">Castell\u00e0 3r ESO<span class=\"dashicons dashicons-pdf custom-icons\">\u00a0<\/span><\/a><\/li>\n<li><a href=\"https:\/\/agora.xtec.cat\/insmarianao\/wp-content\/uploads\/usu2666\/2025\/07\/FULL-INFORMATIU-4t-ESO-CASTELLA-25-26.docx-.pdf\" target=\"_blank\" rel=\"noreferrer noopener\">Castell\u00e0 4t ESO<span class=\"dashicons dashicons-pdf custom-icons\">\u00a0<\/span><\/a><\/li>\n<\/ul>\n<hr class=\"linea\" \/>\n<h1><a id=\"catala\"><\/a>Llengua Catalana i Literatura<\/h1>\n<ul>\n<li><a href=\"https:\/\/agora.xtec.cat\/insmarianao\/wp-content\/uploads\/usu2666\/2025\/10\/Full-informatiu-CATALA-1r-ESO-25-26.pdf\" target=\"_blank\" rel=\"noreferrer noopener\">Catal\u00e0 1r ESO<span class=\"dashicons dashicons-pdf custom-icons\">\u00a0<\/span><\/a><\/li>\n<li><a href=\"https:\/\/agora.xtec.cat\/insmarianao\/wp-content\/uploads\/usu2666\/2025\/10\/Full-Informatiu-CATALA-2n-ESO-25-26.pdf\" target=\"_blank\" rel=\"noreferrer noopener\">Catal\u00e0 2n ESO<span class=\"dashicons dashicons-pdf custom-icons\">\u00a0<\/span><\/a><\/li>\n<li><a href=\"https:\/\/agora.xtec.cat\/insmarianao\/wp-content\/uploads\/usu2666\/2025\/10\/Full-Informatiu-CATALA-3r-ESO-25-26-1.pdf\" target=\"_blank\" rel=\"noreferrer noopener\">Catal\u00e0 3r ESO<span class=\"dashicons dashicons-pdf custom-icons\">\u00a0<\/span><\/a><\/li>\n<li><a href=\"https:\/\/agora.xtec.cat\/insmarianao\/wp-content\/uploads\/usu2666\/2025\/10\/Full-informatiu-CATALA-4t-ESO-25-26.pdf\" target=\"_blank\" rel=\"noreferrer noopener\">Catal\u00e0 4t ESO<span class=\"dashicons dashicons-pdf custom-icons\">\u00a0<\/span><\/a><\/li>\n<\/ul>\n<hr class=\"linea\" \/>\n<h1><a id=\"ciencies\"><\/a>Ci\u00e8ncies<\/h1>\n<ul>\n<li><a href=\"https:\/\/agora.xtec.cat\/insmarianao\/wp-content\/uploads\/usu2666\/2025\/07\/Full-informatiu-BG-1r-ESO-25-26.pdf\" target=\"_blank\" rel=\"noreferrer noopener\">Biologia i Geologia 1r ESO<span class=\"dashicons dashicons-pdf custom-icons\">\u00a0<\/span><\/a><\/li>\n<li><a href=\"https:\/\/agora.xtec.cat\/insmarianao\/wp-content\/uploads\/usu2666\/2025\/07\/Full-informatiu-2n-ESO-FQ-25-26.pdf\" target=\"_blank\" rel=\"noreferrer noopener\">Ci\u00e8ncies Naturals (F\u00edsica i Qu\u00edmica) 2n ESO<span class=\"dashicons dashicons-pdf custom-icons\">\u00a0<\/span><\/a><\/li>\n<li><a href=\"https:\/\/agora.xtec.cat\/insmarianao\/wp-content\/uploads\/usu2666\/2025\/07\/Full-informatiu-ESO-3r-FQ-25-26.docx.pdf\" target=\"_blank\" rel=\"noreferrer noopener\">F\u00edsica i Qu\u00edmica 3r ESO<span class=\"dashicons dashicons-pdf custom-icons\">\u00a0<\/span><\/a><\/li>\n<li><a href=\"https:\/\/agora.xtec.cat\/insmarianao\/wp-content\/uploads\/usu2666\/2025\/07\/Full-informatiu-BG-3r-ESO-25-26.docx.pdf\" target=\"_blank\" rel=\"noreferrer noopener\">Biologia i Geologia 3r ESO<span class=\"dashicons dashicons-pdf custom-icons\">\u00a0<\/span><\/a><\/li>\n<li><a href=\"https:\/\/agora.xtec.cat\/insmarianao\/wp-content\/uploads\/usu2666\/2025\/07\/Full-informatiu-FQ-4ESO-25-26.docx.pdf\" target=\"_blank\" rel=\"noreferrer noopener\">F\u00edsica i Qu\u00edmica 4t ESO<span class=\"dashicons dashicons-pdf custom-icons\">\u00a0<\/span><\/a><\/li>\n<li><a href=\"https:\/\/agora.xtec.cat\/insmarianao\/wp-content\/uploads\/usu2666\/2025\/07\/Full-informatiu-BG-4t-ESO-25-26.docx.pdf\" target=\"_blank\" rel=\"noreferrer noopener\">Biologia i Geologia 4t ESO<span class=\"dashicons dashicons-pdf custom-icons\">\u00a0<\/span><\/a><\/li>\n<\/ul>\n<p>Normes de seguretat del laboratori:<\/p>\n<p><i class=\"fa fa-warning\" aria-hidden=\"true\">\u00a0<\/i>Cal seguir les seg\u00fcents normes atentament sempre que estigueu al laboratori:<\/p>\n<ul>\n<li><a href=\"https:\/\/agora.xtec.cat\/insmarianao\/wp-content\/uploads\/usu2666\/2023\/10\/T802_Normes_de_Seguretat_Laboratori-1.pdf\" target=\"_blank\" rel=\"noreferrer noopener\">Document T802 Normes seguretat laboratori<span class=\"dashicons dashicons-pdf custom-icons\">\u00a0<\/span><\/a><\/li>\n<\/ul>\n<hr class=\"linea\" \/>\n<h1><a id=\"classiques\"><\/a>Cl\u00e0ssiques<\/h1>\n<ul>\n<li><a href=\"https:\/\/agora.xtec.cat\/insmarianao\/wp-content\/uploads\/usu2666\/2025\/07\/Fulls-informatiu_-C.-Classica_25-26.pdf\" target=\"_blank\" rel=\"noreferrer noopener\">Cultura Cl\u00e0ssica 2n ESO<span class=\"dashicons dashicons-pdf custom-icons\">\u00a0<\/span><\/a><\/li>\n<li><a href=\"https:\/\/agora.xtec.cat\/insmarianao\/wp-content\/uploads\/usu2666\/2025\/10\/Full-informatiu-3r-ESO-Cultura-classica.docx-1.pdf\" target=\"_blank\" rel=\"noreferrer noopener\">Cultura Cl\u00e0ssica 3r ESO<span class=\"dashicons dashicons-pdf custom-icons\">\u00a0<\/span><\/a><\/li>\n<li><a href=\"https:\/\/agora.xtec.cat\/insmarianao\/wp-content\/uploads\/usu2666\/2025\/10\/Full-informatiu-4t-ESO-LLATI_-LLENGUA-I-CULTURA.docx.pdf\" target=\"_blank\" rel=\"noreferrer noopener\">Llat\u00ed 4t ESO<span class=\"dashicons dashicons-pdf custom-icons\">\u00a0<\/span><\/a><\/li>\n<\/ul>\n<hr class=\"linea\" \/>\n<h1><a id=\"educacio_fisica\"><\/a>Educaci\u00f3 F\u00edsica<\/h1>\n<ul>\n<li><a href=\"https:\/\/agora.xtec.cat\/insmarianao\/wp-content\/uploads\/usu2666\/2026\/02\/Full-informatiu-1-ESO-25-26.docx.pdf\" target=\"_blank\" rel=\"noreferrer noopener\">Educaci\u00f3 F\u00edsica 1r ESO<span class=\"dashicons dashicons-pdf custom-icons\">\u00a0<\/span><\/a><\/li>\n<li><a href=\"https:\/\/agora.xtec.cat\/insmarianao\/wp-content\/uploads\/usu2666\/2026\/02\/Full-informatiu-2-ESO-25-26.docx.pdf\" target=\"_blank\" rel=\"noreferrer noopener\">Educaci\u00f3 F\u00edsica 2n ESO<span class=\"dashicons dashicons-pdf custom-icons\">\u00a0<\/span><\/a><\/li>\n<li><a href=\"https:\/\/agora.xtec.cat\/insmarianao\/wp-content\/uploads\/usu2666\/2026\/02\/Full-informatiu-3-ESO-25-26.docx.pdf\" target=\"_blank\" rel=\"noreferrer noopener\">Educaci\u00f3 F\u00edsica 3r ESO<span class=\"dashicons dashicons-pdf custom-icons\">\u00a0<\/span><\/a><\/li>\n<li><a href=\"https:\/\/agora.xtec.cat\/insmarianao\/wp-content\/uploads\/usu2666\/2026\/02\/Full-informatiu-4-ESO-25-26.docx.pdf\" target=\"_blank\" rel=\"noreferrer noopener\">Educaci\u00f3 F\u00edsica 4t ESO<span class=\"dashicons dashicons-pdf custom-icons\">\u00a0<\/span><\/a><\/li>\n<\/ul>\n<p>Normes de la mat\u00e8ria d&#8217;Educaci\u00f3 F\u00edsica:<\/p>\n<p><i class=\"fa fa-warning\" aria-hidden=\"true\">\u00a0<\/i>Normes que els alumnes cal que tinguin en compte per al bon funcionament de la mat\u00e8ria d&#8217;Educaci\u00f3 F\u00edsica:<\/p>\n<ul>\n<li><a href=\"https:\/\/agora.xtec.cat\/insmarianao\/wp-content\/uploads\/usu2666\/2023\/10\/Normes_de_la_materia_Educacio_Fisica.pdf\" target=\"_blank\" rel=\"noopener noreferrer\">Document Normes de la mat\u00e8ria d&#8217;Educaci\u00f3 F\u00edsica<span class=\"dashicons dashicons-pdf custom-icons\">\u00a0<\/span><\/a><\/li>\n<\/ul>\n<hr class=\"linea\" \/>\n<h1><a id=\"idiomes\"><\/a>Idiomes<\/h1>\n<ul>\n<li><a href=\"https:\/\/agora.xtec.cat\/insmarianao\/wp-content\/uploads\/usu2666\/2025\/07\/Full-informatiu-angles-1ESO_25-26.pdf\" target=\"_blank\" rel=\"noreferrer noopener\">Angl\u00e8s 1r ESO<span class=\"dashicons dashicons-pdf custom-icons\">\u00a0<\/span><\/a><\/li>\n<li><a href=\"https:\/\/agora.xtec.cat\/insmarianao\/wp-content\/uploads\/usu2666\/2025\/07\/Full-informatiu-angles-2ESO_25-26.pdf\" target=\"_blank\" rel=\"noreferrer noopener\">Angl\u00e8s 2n ESO<span class=\"dashicons dashicons-pdf custom-icons\">\u00a0<\/span><\/a>\n<ul>\n<li><a href=\"https:\/\/agora.xtec.cat\/insmarianao\/wp-content\/uploads\/usu2666\/2025\/07\/Full-informatiu-Alemany-2ESO-25-26.pdf\" target=\"_blank\" rel=\"noreferrer noopener\">Optativa Alemany 2n ESO<span class=\"dashicons dashicons-pdf custom-icons\">\u00a0<\/span><\/a><\/li>\n<\/ul>\n<\/li>\n<li><a href=\"https:\/\/agora.xtec.cat\/insmarianao\/wp-content\/uploads\/usu2666\/2025\/07\/Full-informatiu-angles-3ESO_25-26.pdf\" target=\"_blank\" rel=\"noreferrer noopener\">Angl\u00e8s 3r ESO<span class=\"dashicons dashicons-pdf custom-icons\">\u00a0<\/span><\/a>\n<ul>\n<li><a href=\"https:\/\/agora.xtec.cat\/insmarianao\/wp-content\/uploads\/usu2666\/2025\/07\/Full-informatiu-Alemany-3ESO-25-26.pdf\" target=\"_blank\" rel=\"noreferrer noopener\">Optativa Alemany 3r ESO<span class=\"dashicons dashicons-pdf custom-icons\">\u00a0<\/span><\/a><\/li>\n<\/ul>\n<\/li>\n<li><a href=\"https:\/\/agora.xtec.cat\/insmarianao\/wp-content\/uploads\/usu2666\/2025\/07\/Full-informatiu-angles-4ESO_25-26.pdf\" target=\"_blank\" rel=\"noreferrer noopener\">Angl\u00e8s 4t ESO<span class=\"dashicons dashicons-pdf custom-icons\">\u00a0<\/span><\/a>\n<ul>\n<li><a href=\"https:\/\/agora.xtec.cat\/insmarianao\/wp-content\/uploads\/usu2666\/2025\/07\/Full-informatiu-Alemany-4ESO-25-26.pdf\" target=\"_blank\" rel=\"noreferrer noopener\">Optativa Alemany 4t ESO<span class=\"dashicons dashicons-pdf custom-icons\">\u00a0<\/span><\/a><\/li>\n<\/ul>\n<\/li>\n<\/ul>\n<hr class=\"linea\" \/>\n<h1><a id=\"mates\"><\/a>Matem\u00e0tiques<\/h1>\n<ul>\n<li><a href=\"https:\/\/agora.xtec.cat\/insmarianao\/wp-content\/uploads\/usu2666\/2025\/07\/FULL-INFORMATIU-MATEMATIQUES-1ESO-2025_2026.pdf\" target=\"_blank\" rel=\"noreferrer noopener\">Matem\u00e0tiques 1r ESO<span class=\"dashicons dashicons-pdf custom-icons\">\u00a0<\/span><\/a><\/li>\n<li><a href=\"https:\/\/agora.xtec.cat\/insmarianao\/wp-content\/uploads\/usu2666\/2025\/07\/FULL-INFORMATIU-MATEMATIQUES-2ESO-2025_2026.pdf\" target=\"_blank\" rel=\"noreferrer noopener\">Matem\u00e0tiques 2n ESO<span class=\"dashicons dashicons-pdf custom-icons\">\u00a0<\/span><\/a><\/li>\n<li><a href=\"https:\/\/agora.xtec.cat\/insmarianao\/wp-content\/uploads\/usu2666\/2025\/07\/FULL-INFORMATIU-OPTATIVA-MATEMATIQUES-2ESO-2025_2026.pdf\" target=\"_blank\" rel=\"noreferrer noopener\">Optativa Resoluci\u00f3 de problemes 2n ESO<span class=\"dashicons dashicons-pdf custom-icons\">\u00a0<\/span><\/a><\/li>\n<li><a href=\"https:\/\/agora.xtec.cat\/insmarianao\/wp-content\/uploads\/usu2666\/2025\/07\/FULL-INFORMATIU-MATEMATIQUES-3ESO-2025_2026.pdf\" target=\"_blank\" rel=\"noreferrer noopener\">Matem\u00e0tiques 3r ESO<span class=\"dashicons dashicons-pdf custom-icons\">\u00a0<\/span><\/a><\/li>\n<li><a href=\"https:\/\/agora.xtec.cat\/insmarianao\/wp-content\/uploads\/usu2666\/2025\/07\/FULL-INFORMATIU-MATEMATIQUES-4ESO-2025_2026.pdf\" target=\"_blank\" rel=\"noreferrer noopener\">Matem\u00e0tiques 4t ESO<span class=\"dashicons dashicons-pdf custom-icons\">\u00a0<\/span><\/a><\/li>\n<\/ul>\n<hr class=\"linea\" \/>\n<h1><a id=\"musica\"><\/a>M\u00fasica<\/h1>\n<ul>\n<li><a href=\"https:\/\/agora.xtec.cat\/insmarianao\/wp-content\/uploads\/usu2666\/2026\/02\/FULL-INFORMATIU-1-ESO_MUSICA-25_26.pdf\" target=\"_blank\" rel=\"noreferrer noopener\">M\u00fasica 1r ESO<span class=\"dashicons dashicons-pdf custom-icons\">\u00a0<\/span><\/a><\/li>\n<li><a href=\"https:\/\/agora.xtec.cat\/insmarianao\/wp-content\/uploads\/usu2666\/2026\/02\/FULL-INFORMATIU-2-ESO_MUSICA-25_26.pdf\" target=\"_blank\" rel=\"noreferrer noopener\">M\u00fasica 2n ESO<span class=\"dashicons dashicons-pdf custom-icons\">\u00a0<\/span><\/a><\/li>\n<li><a href=\"https:\/\/agora.xtec.cat\/insmarianao\/wp-content\/uploads\/usu2666\/2026\/02\/FULL-INFORMATIU-3-ESO_MUSICA-25_26.pdf\" target=\"_blank\" rel=\"noreferrer noopener\">M\u00fasica 3r ESO<span class=\"dashicons dashicons-pdf custom-icons\">\u00a0<\/span><\/a><\/li>\n<li><a href=\"https:\/\/agora.xtec.cat\/insmarianao\/wp-content\/uploads\/usu2666\/2026\/02\/FULL-INFORMATIU-4-ESO_MUSICA-25_26.pdf\" target=\"_blank\" rel=\"noreferrer noopener\">M\u00fasica 4t ESO<span class=\"dashicons dashicons-pdf custom-icons\">\u00a0<\/span><\/a><\/li>\n<\/ul>\n<hr class=\"linea\" \/>\n<h1><a id=\"ciencies_socials\"><\/a>Ci\u00e8ncies Socials<\/h1>\n<ul>\n<li><a href=\"https:\/\/agora.xtec.cat\/insmarianao\/wp-content\/uploads\/usu2666\/2025\/07\/1r-ESO-Socials.-2025-26.pdf\" target=\"_blank\" rel=\"noreferrer noopener\">Geografia i Hist\u00f2ria 1r ESO<span class=\"dashicons dashicons-pdf custom-icons\">\u00a0<\/span><\/a><\/li>\n<li><a href=\"https:\/\/agora.xtec.cat\/insmarianao\/wp-content\/uploads\/usu2666\/2025\/07\/2n-ESO-Socials.-2025-26.pdf\" target=\"_blank\" rel=\"noreferrer noopener\">Geografia i Hist\u00f2ria 2n ESO<span class=\"dashicons dashicons-pdf custom-icons\">\u00a0<\/span><\/a><\/li>\n<li><a href=\"https:\/\/agora.xtec.cat\/insmarianao\/wp-content\/uploads\/usu2666\/2025\/07\/3r-ESO-Socials.-2025-26.pdf\" target=\"_blank\" rel=\"noreferrer noopener\">Geografia i Hist\u00f2ria 3r ESO<span class=\"dashicons dashicons-pdf custom-icons\">\u00a0<\/span><\/a><\/li>\n<li><a href=\"https:\/\/agora.xtec.cat\/insmarianao\/wp-content\/uploads\/usu2666\/2025\/07\/3r-ESO-Emprenedoria.-2025-26.pdf\" target=\"_blank\" rel=\"noreferrer noopener\">Emprenedoria 3r ESO<span class=\"dashicons dashicons-pdf custom-icons\">\u00a0<\/span><\/a><\/li>\n<li><a href=\"https:\/\/agora.xtec.cat\/insmarianao\/wp-content\/uploads\/usu2666\/2025\/07\/4t-ESO-Socials.-2025-26.pdf\" target=\"_blank\" rel=\"noreferrer noopener\">Geografia i Hist\u00f2ria 4t ESO<span class=\"dashicons dashicons-pdf custom-icons\">\u00a0<\/span><\/a><\/li>\n<li><a href=\"https:\/\/agora.xtec.cat\/insmarianao\/wp-content\/uploads\/usu2666\/2025\/07\/4t-ESO-Edu-Valors-Civics-i-Etics.-2025-26.pdf\" target=\"_blank\" rel=\"noreferrer noopener\">Educaci\u00f3 en Valors C\u00edvics i \u00e8tics 4t ESO<span class=\"dashicons dashicons-pdf custom-icons\">\u00a0<\/span><\/a><\/li>\n<li><a href=\"https:\/\/agora.xtec.cat\/insmarianao\/wp-content\/uploads\/usu2666\/2025\/07\/4t-ESO-Economia.-2025-26.pdf\" target=\"_blank\" rel=\"noreferrer noopener\">Economia 4t ESO<span class=\"dashicons dashicons-pdf custom-icons\">\u00a0<\/span><\/a><\/li>\n<li><a href=\"https:\/\/agora.xtec.cat\/insmarianao\/wp-content\/uploads\/usu2666\/2025\/07\/4t-ESO-Emprenedoria.-2025-26.pdf\" target=\"_blank\" rel=\"noreferrer noopener\">Emprenedoria 4t ESO ESO<span class=\"dashicons dashicons-pdf custom-icons\">\u00a0<\/span><\/a><\/li>\n<li><a href=\"https:\/\/agora.xtec.cat\/insmarianao\/wp-content\/uploads\/usu2666\/2025\/07\/1r-ESO-Religio.-2025-26.pdf\" target=\"_blank\" rel=\"noreferrer noopener\">Religi\u00f3 1r ESO<span class=\"dashicons dashicons-pdf custom-icons\">\u00a0<\/span><\/a><\/li>\n<li><a href=\"https:\/\/agora.xtec.cat\/insmarianao\/wp-content\/uploads\/usu2666\/2025\/07\/2n-ESO-Religio.-2025-26.pdf\" target=\"_blank\" rel=\"noreferrer noopener\">Religi\u00f3 2n ESO<span class=\"dashicons dashicons-pdf custom-icons\">\u00a0<\/span><\/a><\/li>\n<li><a href=\"https:\/\/agora.xtec.cat\/insmarianao\/wp-content\/uploads\/usu2666\/2025\/07\/3r-ESO-Religio.-2025-26.pdf\" target=\"_blank\" rel=\"noreferrer noopener\">Religi\u00f3 3r ESO<span class=\"dashicons dashicons-pdf custom-icons\">\u00a0<\/span><\/a><\/li>\n<li><a href=\"https:\/\/agora.xtec.cat\/insmarianao\/wp-content\/uploads\/usu2666\/2025\/07\/4t-ESO-Religio.-2025-26.pdf\" target=\"_blank\" rel=\"noreferrer noopener\">Religi\u00f3 4t ESO<span class=\"dashicons dashicons-pdf custom-icons\">\u00a0<\/span><\/a><\/li>\n<\/ul>\n<hr class=\"linea\" \/>\n<h1><a id=\"tecno\"><\/a>Tecnologia<\/h1>\n<ul>\n<li><a href=\"https:\/\/agora.xtec.cat\/insmarianao\/wp-content\/uploads\/usu2666\/2025\/09\/2025-26-Full-informatiu-Tecnologies-1r-ESO.pdf\" target=\"_blank\" rel=\"noreferrer noopener\">Tecnologia 1r ESO<span class=\"dashicons dashicons-pdf custom-icons\">\u00a0<\/span><\/a><\/li>\n<li><a href=\"https:\/\/agora.xtec.cat\/insmarianao\/wp-content\/uploads\/usu2666\/2025\/09\/2025-26-Full-informatiu-Tecnologies-2n-ESO.pdf\" target=\"_blank\" rel=\"noreferrer noopener\">Tecnologia 2n ESO<span class=\"dashicons dashicons-pdf custom-icons\">\u00a0<\/span><\/a><\/li>\n<li><a href=\"https:\/\/agora.xtec.cat\/insmarianao\/wp-content\/uploads\/usu2666\/2025\/09\/2025-26-Full-informatiu-Tecnologies-3r-ESO.pdf\" target=\"_blank\" rel=\"noreferrer noopener\">Tecnologia 3r ESO<span class=\"dashicons dashicons-pdf custom-icons\">\u00a0<\/span><\/a><\/li>\n<li><a href=\"https:\/\/agora.xtec.cat\/insmarianao\/wp-content\/uploads\/usu2666\/2025\/09\/2025-26-Full-informatiu-Tecnologies-4t-ESO.pdf\" target=\"_blank\" rel=\"noopener\">Tecnologia 4t ESO<span class=\"dashicons dashicons-pdf custom-icons\">\u00a0<\/span><\/a><\/li>\n<li><a href=\"https:\/\/agora.xtec.cat\/insmarianao\/wp-content\/uploads\/usu2666\/2025\/09\/2025-26-Full-informatiu-Digitalitzacio-4t-ESO.pdf\" target=\"_blank\" rel=\"noopener\">Digitalitzaci\u00f3 4t ESO<span class=\"dashicons dashicons-pdf custom-icons\">\u00a0<\/span><\/a><\/li>\n<\/ul>\n<p>Normes de seguretat del taller<\/p>\n<p><i class=\"fa fa-warning\" aria-hidden=\"true\">\u00a0<\/i>Cal seguir les seg\u00fcents normes atentament sempre que estigueu al taller:<\/p>\n<ul>\n<li><a href=\"https:\/\/agora.xtec.cat\/insmarianao\/wp-content\/uploads\/usu2666\/2023\/10\/T803_Normes_seguretat_tallers_V4_2021-1.pdf\" target=\"_blank\" rel=\"noreferrer noopener\">Normes de comportament a l&#8217;aula de Tecnologia<span class=\"dashicons dashicons-pdf custom-icons\">\u00a0<\/span><\/a><\/li>\n<\/ul>\n<hr class=\"linea\" \/>\n<h1><a id=\"plastica\"><\/a>Visual i Pl\u00e0stica<\/h1>\n<ul>\n<li><a href=\"https:\/\/agora.xtec.cat\/insmarianao\/wp-content\/uploads\/usu2666\/2026\/02\/Full-informatiu-VP-1-ESO-2025-2026.pdf\" target=\"_blank\" rel=\"noreferrer noopener\">Visual i Pl\u00e0stica 1r ESO<span class=\"dashicons dashicons-pdf custom-icons\">\u00a0<\/span><\/a><\/li>\n<li><a href=\"https:\/\/agora.xtec.cat\/insmarianao\/wp-content\/uploads\/usu2666\/2026\/02\/M203-Full-informatiu-VP-3-ESO-2025-2026.pdf\" target=\"_blank\" rel=\"noreferrer noopener\">Visual i Pl\u00e0stica 3r ESO<span class=\"dashicons dashicons-pdf custom-icons\">\u00a0<\/span><\/a><\/li>\n<li><a href=\"https:\/\/agora.xtec.cat\/insmarianao\/wp-content\/uploads\/usu2666\/2026\/02\/M203-Full-informatiu-OPT-VP-4-ESO-2025-2026.pdf\" target=\"_blank\" rel=\"noreferrer noopener\">Visual i pl\u00e0stica Optativa 4t ESO<span class=\"dashicons dashicons-pdf custom-icons\">\u00a0<\/span><\/a><\/li>\n<\/ul>\n","protected":false},"excerpt":{"rendered":"<p>Curs 2025-2026 Llengua Castellana i Literatura Llengua Catalana i Literatura Ci\u00e8ncies Cl\u00e0ssiques Educaci\u00f3 F\u00edsica Idiomes Matem\u00e0tiques M\u00fasica Ci\u00e8ncies Socials Tecnologia Visual i Pl\u00e0stica Llengua Castellana i Literatura Castell\u00e0 1r ESO\u00a0 Castell\u00e0 2n ESO\u00a0 Optativa &#8220;Un mundo por leer&#8221; 2n ESO\u00a0 Castell\u00e0 3r ESO\u00a0 Castell\u00e0 4t ESO\u00a0 Llengua Catalana i Literatura Catal\u00e0 1r ESO\u00a0 Catal\u00e0 2n [&hellip;]<\/p>\n","protected":false},"author":1,"featured_media":0,"parent":1381,"menu_order":1,"comment_status":"closed","ping_status":"closed","template":"","meta":{"_bbp_topic_count":0,"_bbp_reply_count":0,"_bbp_total_topic_count":0,"_bbp_total_reply_count":0,"_bbp_voice_count":0,"_bbp_anonymous_reply_count":0,"_bbp_topic_count_hidden":0,"_bbp_reply_count_hidden":0,"_bbp_forum_subforum_count":0,"site-sidebar-layout":"default","site-content-layout":"","ast-site-content-layout":"default","site-content-style":"default","site-sidebar-style":"default","ast-global-header-display":"","ast-banner-title-visibility":"","ast-main-header-display":"","ast-hfb-above-header-display":"","ast-hfb-below-header-display":"","ast-hfb-mobile-header-display":"","site-post-title":"","ast-breadcrumbs-content":"","ast-featured-img":"","footer-sml-layout":"","theme-transparent-header-meta":"default","adv-header-id-meta":"","stick-header-meta":"","header-above-stick-meta":"","header-main-stick-meta":"","header-below-stick-meta":"","astra-migrate-meta-layouts":"set","ast-page-background-enabled":"default","ast-page-background-meta":{"desktop":{"background-color":"var(--ast-global-color-4)","background-image":"","background-repeat":"repeat","background-position":"center center","background-size":"auto","background-attachment":"scroll","background-type":"","background-media":"","overlay-type":"","overlay-color":"","overlay-opacity":"","overlay-gradient":""},"tablet":{"background-color":"","background-image":"","background-repeat":"repeat","background-position":"center center","background-size":"auto","background-attachment":"scroll","background-type":"","background-media":"","overlay-type":"","overlay-color":"","overlay-opacity":"","overlay-gradient":""},"mobile":{"background-color":"","background-image":"","background-repeat":"repeat","background-position":"center center","background-size":"auto","background-attachment":"scroll","background-type":"","background-media":"","overlay-type":"","overlay-color":"","overlay-opacity":"","overlay-gradient":""}},"ast-content-background-meta":{"desktop":{"background-color":"var(--ast-global-color-5)","background-image":"","background-repeat":"repeat","background-position":"center center","background-size":"auto","background-attachment":"scroll","background-type":"","background-media":"","overlay-type":"","overlay-color":"","overlay-opacity":"","overlay-gradient":""},"tablet":{"background-color":"var(--ast-global-color-5)","background-image":"","background-repeat":"repeat","background-position":"center center","background-size":"auto","background-attachment":"scroll","background-type":"","background-media":"","overlay-type":"","overlay-color":"","overlay-opacity":"","overlay-gradient":""},"mobile":{"background-color":"var(--ast-global-color-5)","background-image":"","background-repeat":"repeat","background-position":"center center","background-size":"auto","background-attachment":"scroll","background-type":"","background-media":"","overlay-type":"","overlay-color":"","overlay-opacity":"","overlay-gradient":""}},"footnotes":""},"class_list":["post-715","page","type-page","status-publish","hentry"],"post_mailing_queue_ids":[],"_links":{"self":[{"href":"https:\/\/agora.xtec.cat\/insmarianao\/wp-json\/wp\/v2\/pages\/715","targetHints":{"allow":["GET"]}}],"collection":[{"href":"https:\/\/agora.xtec.cat\/insmarianao\/wp-json\/wp\/v2\/pages"}],"about":[{"href":"https:\/\/agora.xtec.cat\/insmarianao\/wp-json\/wp\/v2\/types\/page"}],"author":[{"embeddable":true,"href":"https:\/\/agora.xtec.cat\/insmarianao\/wp-json\/wp\/v2\/users\/1"}],"replies":[{"embeddable":true,"href":"https:\/\/agora.xtec.cat\/insmarianao\/wp-json\/wp\/v2\/comments?post=715"}],"version-history":[{"count":7,"href":"https:\/\/agora.xtec.cat\/insmarianao\/wp-json\/wp\/v2\/pages\/715\/revisions"}],"predecessor-version":[{"id":5760,"href":"https:\/\/agora.xtec.cat\/insmarianao\/wp-json\/wp\/v2\/pages\/715\/revisions\/5760"}],"up":[{"embeddable":true,"href":"https:\/\/agora.xtec.cat\/insmarianao\/wp-json\/wp\/v2\/pages\/1381"}],"wp:attachment":[{"href":"https:\/\/agora.xtec.cat\/insmarianao\/wp-json\/wp\/v2\/media?parent=715"}],"curies":[{"name":"wp","href":"https:\/\/api.w.org\/{rel}","templated":true}]}}