{"id":711,"date":"2022-02-08T22:52:26","date_gmt":"2022-02-08T21:52:26","guid":{"rendered":"https:\/\/agora.xtec.cat\/insmarianao\/?page_id=711"},"modified":"2026-01-23T16:43:32","modified_gmt":"2026-01-23T15:43:32","slug":"deures-destiu","status":"publish","type":"page","link":"https:\/\/agora.xtec.cat\/insmarianao\/eso\/deures-destiu\/","title":{"rendered":"Deures d&#8217;estiu ESO"},"content":{"rendered":"<div class=\"header-common-style header-deures-estiu\"><\/div>\n<h2 style=\"text-align: center;\">Deures d&#8217;estiu 2025<\/h2>\n<hr class=\"linea\" \/>\n<h3>\u00cdndex<\/h3>\n<ul>\n<li><a href=\"#castella\">Castell\u00e0<\/a><\/li>\n<li><a href=\"#catala\">Catal\u00e0<\/a><\/li>\n<li><a href=\"#ciencies\">Ci\u00e8ncies<\/a><\/li>\n<li><a href=\"#idiomes\">Idiomes<\/a><\/li>\n<li><a href=\"#matematiques\">Matem\u00e0tiques<\/a><\/li>\n<li><a href=\"#musica\">M\u00fasica<\/a><\/li>\n<li><a href=\"#tecnologia\">Tecnologia<\/a><\/li>\n<li><a href=\"#plastica\">Visual i Pl\u00e0stica<\/a><\/li>\n<\/ul>\n<hr class=\"linea\" \/>\n<h4 id=\"castella\">Castell\u00e0<\/h4>\n<ul>\n<li><a href=\"https:\/\/agora.xtec.cat\/insmarianao\/wp-content\/uploads\/usu2666\/2024\/07\/Deures-d_estiu-CASTELLA-ESO.pdf\" target=\"_blank\" rel=\"noopener\">Tots els nivells d&#8217;ESO<span class=\"dashicons dashicons-pdf custom-icons\">\u00a0<\/span><\/a><\/li>\n<\/ul>\n<hr class=\"linea\" \/>\n<h4 id=\"catala\">Catal\u00e0<\/h4>\n<ul>\n<li><a href=\"https:\/\/agora.xtec.cat\/insmarianao\/wp-content\/uploads\/usu2666\/2023\/07\/Deures_de_estiu_Catala_1ESO.pdf\" target=\"_blank\" rel=\"noopener\">1r ESO<span class=\"dashicons dashicons-pdf custom-icons\">\u00a0<\/span><\/a><\/li>\n<\/ul>\n<hr class=\"linea\" \/>\n<h4 id=\"ciencies\">Ci\u00e8ncies<\/h4>\n<ul>\n<li><a href=\"https:\/\/agora.xtec.cat\/insmarianao\/wp-content\/uploads\/usu2666\/2025\/07\/ACTIVITATS-D_ESTIU-CIENCIES-EXPERIMENTALS_1r-cicle-ESO.pdf\" target=\"_blank\" rel=\"noopener\">1r ESO i 2n ESO Ci\u00e8ncies Experimentals<span class=\"dashicons dashicons-pdf custom-icons\">\u00a0<\/span><\/a><\/li>\n<li><a href=\"https:\/\/agora.xtec.cat\/insmarianao\/wp-content\/uploads\/usu2666\/2025\/07\/DEURES-ESTIU_3ESO-BG_24-25.docx.pdf\" target=\"_blank\" rel=\"noopener\">3r ESO Biologia i Geologia<span class=\"dashicons dashicons-pdf custom-icons\">\u00a0<\/span><\/a><\/li>\n<li><a href=\"https:\/\/agora.xtec.cat\/insmarianao\/wp-content\/uploads\/usu2666\/2025\/07\/3r-FIQ-Propostes-d_estiu.pdf\" target=\"_blank\" rel=\"noopener\">3r ESO F\u00edsica i Qu\u00edmica<span class=\"dashicons dashicons-pdf custom-icons\">\u00a0<\/span><\/a><\/li>\n<li><a href=\"https:\/\/agora.xtec.cat\/insmarianao\/wp-content\/uploads\/usu2666\/2025\/07\/DEURES-ESTIU_4ESO-BG_24-25.docx.pdf\" target=\"_blank\" rel=\"noopener\">4t ESO Biologia i Geologia<span class=\"dashicons dashicons-pdf custom-icons\">\u00a0<\/span><\/a><\/li>\n<\/ul>\n<hr class=\"linea\" \/>\n<h4 id=\"idiomes\">Idiomes<\/h4>\n<ul>\n<li><a href=\"https:\/\/agora.xtec.cat\/insmarianao\/wp-content\/uploads\/usu2666\/2025\/07\/1ESO-Angles.pdf\" target=\"_blank\" rel=\"noopener\">1r ESO Angl\u00e8s<span class=\"dashicons dashicons-pdf custom-icons\">\u00a0<\/span><\/a><\/li>\n<li><a href=\"https:\/\/agora.xtec.cat\/insmarianao\/wp-content\/uploads\/usu2666\/2025\/07\/2ESO-Angles.pdf\" target=\"_blank\" rel=\"noopener\">2n ESO Angl\u00e8s<span class=\"dashicons dashicons-pdf custom-icons\">\u00a0<\/span><\/a><\/li>\n<li><a href=\"https:\/\/agora.xtec.cat\/insmarianao\/wp-content\/uploads\/usu2666\/2025\/07\/2n-ESO-Alemany.pdf\" target=\"_blank\" rel=\"noopener\">2n ESO Alemany<span class=\"dashicons dashicons-pdf custom-icons\">\u00a0<\/span><\/a><\/li>\n<li><a href=\"https:\/\/agora.xtec.cat\/insmarianao\/wp-content\/uploads\/usu2666\/2025\/07\/3ESO-Angles.pdf\" target=\"_blank\" rel=\"noopener\">3r ESO Angl\u00e8s<span class=\"dashicons dashicons-pdf custom-icons\">\u00a0<\/span><\/a><\/li>\n<li><a href=\"https:\/\/agora.xtec.cat\/insmarianao\/wp-content\/uploads\/usu2666\/2025\/07\/3r-ESO-Alemany.pdf\" target=\"_blank\" rel=\"noopener\">3r ESO Alemany<span class=\"dashicons dashicons-pdf custom-icons\">\u00a0<\/span><\/a><\/li>\n<li><a href=\"https:\/\/agora.xtec.cat\/insmarianao\/wp-content\/uploads\/usu2666\/2025\/07\/4ESO-Angles.pdf\" target=\"_blank\" rel=\"noopener\">4t ESO Angl\u00e8s<span class=\"dashicons dashicons-pdf custom-icons\">\u00a0<\/span><\/a><\/li>\n<li><a href=\"https:\/\/agora.xtec.cat\/insmarianao\/wp-content\/uploads\/usu2666\/2025\/07\/4rt-ESO-Alemany.pdf\" target=\"_blank\" rel=\"noopener\">4t ESO Alemany<span class=\"dashicons dashicons-pdf custom-icons\">\u00a0<\/span><\/a><\/li>\n<\/ul>\n<hr class=\"linea\" \/>\n<h4 id=\"matematiques\">Matem\u00e0tiques<\/h4>\n<ul>\n<li><span style=\"text-decoration: underline;\">1r ESO<\/span>\n<p style=\"margin-left: 15px;\"><strong><span style=\"color: #ff0000;\">IMPORTANT<\/span><\/strong>: <a href=\"https:\/\/agora.xtec.cat\/insmarianao\/wp-content\/uploads\/usu2666\/2023\/07\/DOSSIER_DESTIU_1_ESO_1_INSTRUCCIONS.pdf\" target=\"_blank\" rel=\"noopener noreferrer\">Explicaci\u00f3 dossiers matem\u00e0tiques (1r ESO)<span class=\"dashicons dashicons-pdf custom-icons\">\u00a0<\/span><\/a>.<\/p>\n<ul>\n<li><a href=\"https:\/\/agora.xtec.cat\/insmarianao\/wp-content\/uploads\/usu2666\/2023\/07\/DOSSIER_ESTIU_1ESO_NORMAL.pdf\" target=\"_blank\" rel=\"noopener\">DOSSIER D&#8217;ESTIU 1 ESO NORMAL<span class=\"dashicons dashicons-pdf custom-icons\">\u00a0<\/span><\/a><\/li>\n<li><a href=\"https:\/\/agora.xtec.cat\/insmarianao\/wp-content\/uploads\/usu2666\/2023\/07\/DOSSIER_ESTIU_1ESO_AVANCAT.pdf\" target=\"_blank\" rel=\"noopener\">DOSSIER D&#8217;ESTIU 1 ESO AVAN\u00c7AT<span class=\"dashicons dashicons-pdf custom-icons\">\u00a0<\/span><\/a><\/li>\n<li><a href=\"https:\/\/agora.xtec.cat\/insmarianao\/wp-content\/uploads\/usu2666\/2023\/07\/DOSSIER_ESTIU_1ESO_COMPETENCIAL.pdf\" target=\"_blank\" rel=\"noopener\">DOSSIER D&#8217;ESTIU 1 ESO COMPETENCIAL<span class=\"dashicons dashicons-pdf custom-icons\">\u00a0<\/span><\/a><\/li>\n<\/ul>\n<\/li>\n<li><span style=\"text-decoration: underline;\">2n ESO<\/span>\n<ul>\n<li><a href=\"https:\/\/agora.xtec.cat\/insmarianao\/wp-content\/uploads\/usu2666\/2023\/07\/DOSSIER_ESTIU_2ESO_NORMAL.pdf\" target=\"_blank\" rel=\"noopener\">DOSSIER D&#8217;ESTIU 2 ESO_NORMAL<span class=\"dashicons dashicons-pdf custom-icons\">\u00a0<\/span><\/a><\/li>\n<li><a href=\"https:\/\/agora.xtec.cat\/insmarianao\/wp-content\/uploads\/usu2666\/2023\/07\/DOSSIER_ESTIU_2ESO_ADAPTAT.pdf\" target=\"_blank\" rel=\"noopener\">DOSSIER D&#8217;ESTIU 2 ESO_ADAPTAT<span class=\"dashicons dashicons-pdf custom-icons\">\u00a0<\/span><\/a><\/li>\n<\/ul>\n<\/li>\n<li><span style=\"text-decoration: underline;\">3r ESO<\/span>\n<ul>\n<li><a href=\"https:\/\/agora.xtec.cat\/insmarianao\/wp-content\/uploads\/usu2666\/2023\/07\/DOSSIER_ESTIU_3ESO.pdf\" target=\"_blank\" rel=\"noopener noreferrer\">DOSSIER D&#8217;ESTIU 3 ESO<span class=\"dashicons dashicons-pdf custom-icons\">\u00a0<\/span><\/a>.<\/li>\n<\/ul>\n<\/li>\n<li><span style=\"text-decoration: underline;\">4t ESO<\/span>\n<ul>\n<li><a href=\"https:\/\/agora.xtec.cat\/insmarianao\/wp-content\/uploads\/usu2666\/2023\/07\/DEURES_ESTIU_4ESO.pdf\" target=\"_blank\" rel=\"noopener noreferrer\">DOSSIER D&#8217;ESTIU 4 ESO<span class=\"dashicons dashicons-pdf custom-icons\">\u00a0<\/span><\/a><\/li>\n<\/ul>\n<\/li>\n<\/ul>\n<hr class=\"linea\" \/>\n<h4 id=\"musica\">M\u00fasica<\/h4>\n<ul>\n<li><span style=\"text-decoration: underline;\">1r ESO<\/span>\n<ul>\n<li><a href=\"https:\/\/agora.xtec.cat\/insmarianao\/wp-content\/uploads\/usu2666\/2025\/07\/01-DEURES-D_ESTIU-1-ESO.pdf\" target=\"_blank\" rel=\"noopener\">Deures d&#8217;estiu 1r ESO<span class=\"dashicons dashicons-pdf custom-icons\">\u00a0<\/span><\/a><\/li>\n<li><a href=\"https:\/\/agora.xtec.cat\/insmarianao\/wp-content\/uploads\/usu2666\/2025\/07\/1-DOSSIER-DE-RECUPERACIO-MUSICA-1r-ESO.pdf\" target=\"_blank\" rel=\"noopener\">1-Dossier de recuperaci\u00f3 m\u00fasica 1r ESO<span class=\"dashicons dashicons-pdf custom-icons\">\u00a0<\/span><\/a><\/li>\n<li><a href=\"https:\/\/agora.xtec.cat\/insmarianao\/wp-content\/uploads\/usu2666\/2025\/07\/2-Dossier.pdf\" target=\"_blank\" rel=\"noopener\">2-Dossier<span class=\"dashicons dashicons-pdf custom-icons\">\u00a0<\/span><\/a><\/li>\n<li><a href=\"https:\/\/agora.xtec.cat\/insmarianao\/wp-content\/uploads\/usu2666\/2025\/07\/3-Dossier.pdf\" target=\"_blank\" rel=\"noopener\">3-Dossier<span class=\"dashicons dashicons-pdf custom-icons\">\u00a0<\/span><\/a><\/li>\n<li><a href=\"https:\/\/agora.xtec.cat\/insmarianao\/wp-content\/uploads\/usu2666\/2025\/07\/4-Dossier.pdf\" target=\"_blank\" rel=\"noopener\">4-Dossier<span class=\"dashicons dashicons-pdf custom-icons\">\u00a0<\/span><\/a><\/li>\n<li><a href=\"https:\/\/agora.xtec.cat\/insmarianao\/wp-content\/uploads\/usu2666\/2025\/07\/5-Dossier.pdf\" target=\"_blank\" rel=\"noopener\">5-Dossier<span class=\"dashicons dashicons-pdf custom-icons\">\u00a0<\/span><\/a><\/li>\n<li><a href=\"https:\/\/agora.xtec.cat\/insmarianao\/wp-content\/uploads\/usu2666\/2025\/07\/6-Dossier.pdf\" target=\"_blank\" rel=\"noopener\">6-Dossier<span class=\"dashicons dashicons-pdf custom-icons\">\u00a0<\/span><\/a><\/li>\n<li><a href=\"https:\/\/agora.xtec.cat\/insmarianao\/wp-content\/uploads\/usu2666\/2025\/07\/7-Dossier.pdf\" target=\"_blank\" rel=\"noopener\">7-Dossier<span class=\"dashicons dashicons-pdf custom-icons\">\u00a0<\/span><\/a><\/li>\n<li><a href=\"https:\/\/agora.xtec.cat\/insmarianao\/wp-content\/uploads\/usu2666\/2025\/07\/8-Dossier.pdf\" target=\"_blank\" rel=\"noopener\">8-Dossier<span class=\"dashicons dashicons-pdf custom-icons\">\u00a0<\/span><\/a><\/li>\n<li><a href=\"https:\/\/agora.xtec.cat\/insmarianao\/wp-content\/uploads\/usu2666\/2025\/07\/9-Dossier.pdf\" target=\"_blank\" rel=\"noopener\">9-Dossier<span class=\"dashicons dashicons-pdf custom-icons\">\u00a0<\/span><\/a><\/li>\n<li><a href=\"https:\/\/agora.xtec.cat\/insmarianao\/wp-content\/uploads\/usu2666\/2025\/07\/10-Dossier.pdf\" target=\"_blank\" rel=\"noopener\">10-Dossier<span class=\"dashicons dashicons-pdf custom-icons\">\u00a0<\/span><\/a><\/li>\n<li><a href=\"https:\/\/agora.xtec.cat\/insmarianao\/wp-content\/uploads\/usu2666\/2025\/07\/11-Dossier.pdf\" target=\"_blank\" rel=\"noopener\">11-Dossier<span class=\"dashicons dashicons-pdf custom-icons\">\u00a0<\/span><\/a><\/li>\n<li><a href=\"https:\/\/agora.xtec.cat\/insmarianao\/wp-content\/uploads\/usu2666\/2025\/07\/12-Dossier.pdf\" target=\"_blank\" rel=\"noopener\">12-Dossier<span class=\"dashicons dashicons-pdf custom-icons\">\u00a0<\/span><\/a><\/li>\n<li><a href=\"https:\/\/agora.xtec.cat\/insmarianao\/wp-content\/uploads\/usu2666\/2025\/07\/13-Dossier.pdf\" target=\"_blank\" rel=\"noopener\">13-Dossier<span class=\"dashicons dashicons-pdf custom-icons\">\u00a0<\/span><\/a><\/li>\n<li><a href=\"https:\/\/agora.xtec.cat\/insmarianao\/wp-content\/uploads\/usu2666\/2025\/07\/14-Dossier.pdf\" target=\"_blank\" rel=\"noopener\">14-Dossier<span class=\"dashicons dashicons-pdf custom-icons\">\u00a0<\/span><\/a><\/li>\n<li><a href=\"https:\/\/agora.xtec.cat\/insmarianao\/wp-content\/uploads\/usu2666\/2025\/07\/15-Dossier.pdf\" target=\"_blank\" rel=\"noopener\">15-Dossier<span class=\"dashicons dashicons-pdf custom-icons\">\u00a0<\/span><\/a><\/li>\n<li><a href=\"https:\/\/agora.xtec.cat\/insmarianao\/wp-content\/uploads\/usu2666\/2025\/07\/16-Dossier.pdf\" target=\"_blank\" rel=\"noopener\">16-Dossier<span class=\"dashicons dashicons-pdf custom-icons\">\u00a0<\/span><\/a><\/li>\n<\/ul>\n<\/li>\n<li><span style=\"text-decoration: underline;\">2n ESO<\/span>\n<ul>\n<li><a href=\"https:\/\/agora.xtec.cat\/insmarianao\/wp-content\/uploads\/usu2666\/2023\/07\/01-DEURES-DESTIU-2-ESO.pdf\" target=\"_blank\" rel=\"noopener\">1-Deures d&#8217;estiu 2n ESO<span class=\"dashicons dashicons-pdf custom-icons\">\u00a0<\/span><\/a><\/li>\n<li><a href=\"https:\/\/agora.xtec.cat\/insmarianao\/wp-content\/uploads\/usu2666\/2023\/07\/2-Dossier-1.pdf\" target=\"_blank\" rel=\"noopener\">2-Dossier<span class=\"dashicons dashicons-pdf custom-icons\">\u00a0<\/span><\/a><\/li>\n<li><a href=\"https:\/\/agora.xtec.cat\/insmarianao\/wp-content\/uploads\/usu2666\/2023\/07\/3-Dossier-1.pdf\" target=\"_blank\" rel=\"noopener\">3-Dossier<span class=\"dashicons dashicons-pdf custom-icons\">\u00a0<\/span><\/a><\/li>\n<li><a href=\"https:\/\/agora.xtec.cat\/insmarianao\/wp-content\/uploads\/usu2666\/2023\/07\/4-Dossier-1.pdf\" target=\"_blank\" rel=\"noopener\">4-Dossier<span class=\"dashicons dashicons-pdf custom-icons\">\u00a0<\/span><\/a><\/li>\n<li><a href=\"https:\/\/agora.xtec.cat\/insmarianao\/wp-content\/uploads\/usu2666\/2023\/07\/5-Dossier-1.pdf\" target=\"_blank\" rel=\"noopener\">5-Dossier<span class=\"dashicons dashicons-pdf custom-icons\">\u00a0<\/span><\/a><\/li>\n<li><a href=\"https:\/\/agora.xtec.cat\/insmarianao\/wp-content\/uploads\/usu2666\/2023\/07\/6-Dossier-1.pdf\" target=\"_blank\" rel=\"noopener\">6-Dossier<span class=\"dashicons dashicons-pdf custom-icons\">\u00a0<\/span><\/a><\/li>\n<li><a href=\"https:\/\/agora.xtec.cat\/insmarianao\/wp-content\/uploads\/usu2666\/2023\/07\/7-Dossier-1.pdf\" target=\"_blank\" rel=\"noopener\">7-Dossier<span class=\"dashicons dashicons-pdf custom-icons\">\u00a0<\/span><\/a><\/li>\n<li><a href=\"https:\/\/agora.xtec.cat\/insmarianao\/wp-content\/uploads\/usu2666\/2023\/07\/8-Dossier-1.pdf\" target=\"_blank\" rel=\"noopener\">8-Dossier<span class=\"dashicons dashicons-pdf custom-icons\">\u00a0<\/span><\/a><\/li>\n<li><a href=\"https:\/\/agora.xtec.cat\/insmarianao\/wp-content\/uploads\/usu2666\/2023\/07\/9-Dossier-1.pdf\" target=\"_blank\" rel=\"noopener\">9-Dossier<span class=\"dashicons dashicons-pdf custom-icons\">\u00a0<\/span><\/a><\/li>\n<li><a href=\"https:\/\/agora.xtec.cat\/insmarianao\/wp-content\/uploads\/usu2666\/2023\/07\/10-Dossier-1.pdf\" target=\"_blank\" rel=\"noopener\">10-Dossier<span class=\"dashicons dashicons-pdf custom-icons\">\u00a0<\/span><\/a><\/li>\n<\/ul>\n<\/li>\n<\/ul>\n<hr class=\"linea\" \/>\n<h4 id=\"tecnologia\">Tecnologia<\/h4>\n<ul>\n<li><a href=\"https:\/\/agora.xtec.cat\/insmarianao\/wp-content\/uploads\/usu2666\/2025\/07\/QUADERN-ESTIU-TECNOLOGIA-1r-ESO.pdf\" target=\"_blank\" rel=\"noopener\">1r ESO<span class=\"dashicons dashicons-pdf custom-icons\">\u00a0<\/span><\/a><\/li>\n<li><a href=\"https:\/\/agora.xtec.cat\/insmarianao\/wp-content\/uploads\/usu2666\/2025\/07\/QUADERN-ESTIU-TECNOLOGIA-2n-ESO.pdf\" target=\"_blank\" rel=\"noopener\">2n ESO<span class=\"dashicons dashicons-pdf custom-icons\">\u00a0<\/span><\/a><\/li>\n<li><a href=\"https:\/\/agora.xtec.cat\/insmarianao\/wp-content\/uploads\/usu2666\/2025\/07\/QUADERN-ESTIU-TECNOLOGIA-3r-ESO.pdf\" target=\"_blank\" rel=\"noopener\">3r ESO<span class=\"dashicons dashicons-pdf custom-icons\">\u00a0<\/span><\/a><\/li>\n<\/ul>\n<hr class=\"linea\" \/>\n<h4 id=\"plastica\">Visual i Pl\u00e0stica<\/h4>\n<ul>\n<li><a href=\"https:\/\/agora.xtec.cat\/insmarianao\/wp-content\/uploads\/usu2666\/2024\/07\/Deures-d_estiu-Visual-i-Plastica-1ESO_CURS-2023-2024.pdf\" target=\"_blank\" rel=\"noopener\">Dossier de recuperaci\u00f3 1r ESO<span class=\"dashicons dashicons-pdf custom-icons\">\u00a0<\/span><\/a><\/li>\n<\/ul>\n","protected":false},"excerpt":{"rendered":"<p>Deures d&#8217;estiu 2025 \u00cdndex Castell\u00e0 Catal\u00e0 Ci\u00e8ncies Idiomes Matem\u00e0tiques M\u00fasica Tecnologia Visual i Pl\u00e0stica Castell\u00e0 Tots els nivells d&#8217;ESO\u00a0 Catal\u00e0 1r ESO\u00a0 Ci\u00e8ncies 1r ESO i 2n ESO Ci\u00e8ncies Experimentals\u00a0 3r ESO Biologia i Geologia\u00a0 3r ESO F\u00edsica i Qu\u00edmica\u00a0 4t ESO Biologia i Geologia\u00a0 Idiomes 1r ESO Angl\u00e8s\u00a0 2n ESO Angl\u00e8s\u00a0 2n ESO Alemany\u00a0 [&hellip;]<\/p>\n","protected":false},"author":1,"featured_media":0,"parent":1381,"menu_order":2,"comment_status":"closed","ping_status":"closed","template":"","meta":{"_bbp_topic_count":0,"_bbp_reply_count":0,"_bbp_total_topic_count":0,"_bbp_total_reply_count":0,"_bbp_voice_count":0,"_bbp_anonymous_reply_count":0,"_bbp_topic_count_hidden":0,"_bbp_reply_count_hidden":0,"_bbp_forum_subforum_count":0,"site-sidebar-layout":"default","site-content-layout":"","ast-site-content-layout":"default","site-content-style":"default","site-sidebar-style":"default","ast-global-header-display":"","ast-banner-title-visibility":"","ast-main-header-display":"","ast-hfb-above-header-display":"","ast-hfb-below-header-display":"","ast-hfb-mobile-header-display":"","site-post-title":"","ast-breadcrumbs-content":"","ast-featured-img":"","footer-sml-layout":"","theme-transparent-header-meta":"default","adv-header-id-meta":"","stick-header-meta":"","header-above-stick-meta":"","header-main-stick-meta":"","header-below-stick-meta":"","astra-migrate-meta-layouts":"set","ast-page-background-enabled":"default","ast-page-background-meta":{"desktop":{"background-color":"var(--ast-global-color-4)","background-image":"","background-repeat":"repeat","background-position":"center center","background-size":"auto","background-attachment":"scroll","background-type":"","background-media":"","overlay-type":"","overlay-color":"","overlay-opacity":"","overlay-gradient":""},"tablet":{"background-color":"","background-image":"","background-repeat":"repeat","background-position":"center center","background-size":"auto","background-attachment":"scroll","background-type":"","background-media":"","overlay-type":"","overlay-color":"","overlay-opacity":"","overlay-gradient":""},"mobile":{"background-color":"","background-image":"","background-repeat":"repeat","background-position":"center center","background-size":"auto","background-attachment":"scroll","background-type":"","background-media":"","overlay-type":"","overlay-color":"","overlay-opacity":"","overlay-gradient":""}},"ast-content-background-meta":{"desktop":{"background-color":"var(--ast-global-color-5)","background-image":"","background-repeat":"repeat","background-position":"center center","background-size":"auto","background-attachment":"scroll","background-type":"","background-media":"","overlay-type":"","overlay-color":"","overlay-opacity":"","overlay-gradient":""},"tablet":{"background-color":"var(--ast-global-color-5)","background-image":"","background-repeat":"repeat","background-position":"center center","background-size":"auto","background-attachment":"scroll","background-type":"","background-media":"","overlay-type":"","overlay-color":"","overlay-opacity":"","overlay-gradient":""},"mobile":{"background-color":"var(--ast-global-color-5)","background-image":"","background-repeat":"repeat","background-position":"center center","background-size":"auto","background-attachment":"scroll","background-type":"","background-media":"","overlay-type":"","overlay-color":"","overlay-opacity":"","overlay-gradient":""}},"footnotes":""},"class_list":["post-711","page","type-page","status-publish","hentry"],"post_mailing_queue_ids":[],"_links":{"self":[{"href":"https:\/\/agora.xtec.cat\/insmarianao\/wp-json\/wp\/v2\/pages\/711","targetHints":{"allow":["GET"]}}],"collection":[{"href":"https:\/\/agora.xtec.cat\/insmarianao\/wp-json\/wp\/v2\/pages"}],"about":[{"href":"https:\/\/agora.xtec.cat\/insmarianao\/wp-json\/wp\/v2\/types\/page"}],"author":[{"embeddable":true,"href":"https:\/\/agora.xtec.cat\/insmarianao\/wp-json\/wp\/v2\/users\/1"}],"replies":[{"embeddable":true,"href":"https:\/\/agora.xtec.cat\/insmarianao\/wp-json\/wp\/v2\/comments?post=711"}],"version-history":[{"count":6,"href":"https:\/\/agora.xtec.cat\/insmarianao\/wp-json\/wp\/v2\/pages\/711\/revisions"}],"predecessor-version":[{"id":5529,"href":"https:\/\/agora.xtec.cat\/insmarianao\/wp-json\/wp\/v2\/pages\/711\/revisions\/5529"}],"up":[{"embeddable":true,"href":"https:\/\/agora.xtec.cat\/insmarianao\/wp-json\/wp\/v2\/pages\/1381"}],"wp:attachment":[{"href":"https:\/\/agora.xtec.cat\/insmarianao\/wp-json\/wp\/v2\/media?parent=711"}],"curies":[{"name":"wp","href":"https:\/\/api.w.org\/{rel}","templated":true}]}}