{"id":709,"date":"2022-02-08T22:52:18","date_gmt":"2022-02-08T21:52:18","guid":{"rendered":"https:\/\/agora.xtec.cat\/insmarianao\/?page_id=709"},"modified":"2026-01-23T16:43:07","modified_gmt":"2026-01-23T15:43:07","slug":"informacio-general","status":"publish","type":"page","link":"https:\/\/agora.xtec.cat\/insmarianao\/eso\/informacio-general\/","title":{"rendered":"Informaci\u00f3 general ESO"},"content":{"rendered":"<div class=\"header-common-style header-info-general\"><\/div>\n<h2>Descripci\u00f3<\/h2>\n<p style=\"text-align: justify;\">L&#8217;etapa de l&#8217;<strong>Educaci\u00f3 Secund\u00e0ria Obligat\u00f2ria (ESO)<\/strong> t\u00e9 car\u00e0cter obligatori i gratu\u00eft. Compr\u00e8n 4 cursos acad\u00e8mics que s&#8217;inicien, generalment, l&#8217;any natural en qu\u00e8 es compleixen els 12 anys i s&#8217;acaba als 16 anys, tot i que els alumnes tenen dret a romandre en el centre amb r\u00e8gim ordinari fins als 18.<\/p>\n<p style=\"text-align: justify;\">L&#8217;ESO s&#8217;organitza en diferents mat\u00e8ries. El 4t curs t\u00e9 complement\u00e0riament car\u00e0cter orientador, tant per als estudis posteriors, com per a la integraci\u00f3 a la vida laboral.<\/p>\n<p style=\"text-align: justify;\">La finalitat de l&#8217;ESO \u00e9s proporcionar a tots els alumnes una educaci\u00f3 que els permeti assegurar un desenvolupament personal s\u00f2lid, adquirir les habilitats i les compet\u00e8ncies culturals i socials relatives a l&#8217;expressi\u00f3 i comprensi\u00f3 oral, a l&#8217;escriptura, al c\u00e0lcul, a la resoluci\u00f3 de problemes de la vida quotidiana, al rebuig de tot tipus de comportaments discriminatoris per ra\u00f3 de sexe, la igualtat de drets i oportunitats entre dones i homes, l&#8217;autonomia personal, la corresponsabilitat i la interdepend\u00e8ncia personal i la comprensi\u00f3 dels elements b\u00e0sics del m\u00f3n en els aspectes cient\u00edfic, social i cultural. Aix\u00ed mateix, ha de contribuir a desenvolupar les habilitats socials de treball i d&#8217;estudi amb autonomia i esperit cr\u00edtic, la sensibilitat art\u00edstica, la creativitat i l&#8217;afectivitat de tots els nois i les noies.<\/p>\n<h2 id=\"estudiaESO\">ESO a l&#8217;Institut Marianao<\/h2>\n<p>V\u00eddeos de presentaci\u00f3:<\/p>\n<div class=\"n-videos-container\" style=\"margin-bottom: 20px;\">\n<div class=\"one-video-container\" style=\"max-width: 420px;\">\n<div class=\"video-responsive\"><iframe src=\"https:\/\/www.youtube.com\/embed\/9Yrnn1uKcS8\" frameborder=\"0\" allowfullscreen=\"allowfullscreen\"><\/iframe><\/div>\n<\/div>\n<div class=\"one-video-container\" style=\"max-width: 420px;\">\n<div class=\"video-responsive\"><iframe src=\"https:\/\/www.youtube.com\/embed\/w1vYNOZAMzQ\" frameborder=\"0\" allowfullscreen=\"allowfullscreen\"><\/iframe><\/div>\n<\/div>\n<\/div>\n<p>V\u00eddeo de presentaci\u00f3 de la Directora (<strong>Josefina Garcia<\/strong>):<\/p>\n<div class=\"one-video-container\" style=\"max-width: 420px;\">\n<div class=\"video-responsive\"><iframe src=\"https:\/\/www.youtube.com\/embed\/5YCJlR9lgyk\" frameborder=\"0\" allowfullscreen=\"allowfullscreen\"><\/iframe><\/div>\n<\/div>\n<h2 style=\"margin-top: 20px;\">Enlla\u00e7os d&#8217;inter\u00e9s<\/h2>\n<ul>\n<li><a href=\"https:\/\/triaeducativa.gencat.cat\/ca\/estudis\/?educacio-secundaria-obligatoria&amp;p_id=246\" target=\"_blank\" rel=\"noopener\">Informaci\u00f3 general sobre la ESO<span class=\"dashicons dashicons-admin-links custom-icons\">\u00a0<\/span><\/a><\/li>\n<li><a href=\"https:\/\/xtec.gencat.cat\/ca\/curriculum\/eso\" target=\"_blank\" rel=\"noopener\">Curr\u00edculum de la ESO<span class=\"dashicons dashicons-admin-links custom-icons\">\u00a0<\/span><\/a><\/li>\n<\/ul>\n","protected":false},"excerpt":{"rendered":"<p>Descripci\u00f3 L&#8217;etapa de l&#8217;Educaci\u00f3 Secund\u00e0ria Obligat\u00f2ria (ESO) t\u00e9 car\u00e0cter obligatori i gratu\u00eft. Compr\u00e8n 4 cursos acad\u00e8mics que s&#8217;inicien, generalment, l&#8217;any natural en qu\u00e8 es compleixen els 12 anys i s&#8217;acaba als 16 anys, tot i que els alumnes tenen dret a romandre en el centre amb r\u00e8gim ordinari fins als 18. L&#8217;ESO s&#8217;organitza en diferents [&hellip;]<\/p>\n","protected":false},"author":1,"featured_media":0,"parent":1381,"menu_order":0,"comment_status":"closed","ping_status":"closed","template":"","meta":{"_bbp_topic_count":0,"_bbp_reply_count":0,"_bbp_total_topic_count":0,"_bbp_total_reply_count":0,"_bbp_voice_count":0,"_bbp_anonymous_reply_count":0,"_bbp_topic_count_hidden":0,"_bbp_reply_count_hidden":0,"_bbp_forum_subforum_count":0,"site-sidebar-layout":"default","site-content-layout":"","ast-site-content-layout":"default","site-content-style":"default","site-sidebar-style":"default","ast-global-header-display":"","ast-banner-title-visibility":"","ast-main-header-display":"","ast-hfb-above-header-display":"","ast-hfb-below-header-display":"","ast-hfb-mobile-header-display":"","site-post-title":"","ast-breadcrumbs-content":"","ast-featured-img":"","footer-sml-layout":"","theme-transparent-header-meta":"default","adv-header-id-meta":"","stick-header-meta":"","header-above-stick-meta":"","header-main-stick-meta":"","header-below-stick-meta":"","astra-migrate-meta-layouts":"set","ast-page-background-enabled":"default","ast-page-background-meta":{"desktop":{"background-color":"var(--ast-global-color-4)","background-image":"","background-repeat":"repeat","background-position":"center center","background-size":"auto","background-attachment":"scroll","background-type":"","background-media":"","overlay-type":"","overlay-color":"","overlay-opacity":"","overlay-gradient":""},"tablet":{"background-color":"","background-image":"","background-repeat":"repeat","background-position":"center center","background-size":"auto","background-attachment":"scroll","background-type":"","background-media":"","overlay-type":"","overlay-color":"","overlay-opacity":"","overlay-gradient":""},"mobile":{"background-color":"","background-image":"","background-repeat":"repeat","background-position":"center center","background-size":"auto","background-attachment":"scroll","background-type":"","background-media":"","overlay-type":"","overlay-color":"","overlay-opacity":"","overlay-gradient":""}},"ast-content-background-meta":{"desktop":{"background-color":"var(--ast-global-color-5)","background-image":"","background-repeat":"repeat","background-position":"center center","background-size":"auto","background-attachment":"scroll","background-type":"","background-media":"","overlay-type":"","overlay-color":"","overlay-opacity":"","overlay-gradient":""},"tablet":{"background-color":"var(--ast-global-color-5)","background-image":"","background-repeat":"repeat","background-position":"center center","background-size":"auto","background-attachment":"scroll","background-type":"","background-media":"","overlay-type":"","overlay-color":"","overlay-opacity":"","overlay-gradient":""},"mobile":{"background-color":"var(--ast-global-color-5)","background-image":"","background-repeat":"repeat","background-position":"center center","background-size":"auto","background-attachment":"scroll","background-type":"","background-media":"","overlay-type":"","overlay-color":"","overlay-opacity":"","overlay-gradient":""}},"footnotes":""},"class_list":["post-709","page","type-page","status-publish","hentry"],"post_mailing_queue_ids":[],"_links":{"self":[{"href":"https:\/\/agora.xtec.cat\/insmarianao\/wp-json\/wp\/v2\/pages\/709","targetHints":{"allow":["GET"]}}],"collection":[{"href":"https:\/\/agora.xtec.cat\/insmarianao\/wp-json\/wp\/v2\/pages"}],"about":[{"href":"https:\/\/agora.xtec.cat\/insmarianao\/wp-json\/wp\/v2\/types\/page"}],"author":[{"embeddable":true,"href":"https:\/\/agora.xtec.cat\/insmarianao\/wp-json\/wp\/v2\/users\/1"}],"replies":[{"embeddable":true,"href":"https:\/\/agora.xtec.cat\/insmarianao\/wp-json\/wp\/v2\/comments?post=709"}],"version-history":[{"count":7,"href":"https:\/\/agora.xtec.cat\/insmarianao\/wp-json\/wp\/v2\/pages\/709\/revisions"}],"predecessor-version":[{"id":5527,"href":"https:\/\/agora.xtec.cat\/insmarianao\/wp-json\/wp\/v2\/pages\/709\/revisions\/5527"}],"up":[{"embeddable":true,"href":"https:\/\/agora.xtec.cat\/insmarianao\/wp-json\/wp\/v2\/pages\/1381"}],"wp:attachment":[{"href":"https:\/\/agora.xtec.cat\/insmarianao\/wp-json\/wp\/v2\/media?parent=709"}],"curies":[{"name":"wp","href":"https:\/\/api.w.org\/{rel}","templated":true}]}}