{"id":694,"date":"2022-02-08T22:48:36","date_gmt":"2022-02-08T21:48:36","guid":{"rendered":"https:\/\/agora.xtec.cat\/insmarianao\/?page_id=694"},"modified":"2026-01-23T16:39:39","modified_gmt":"2026-01-23T15:39:39","slug":"biblioteca","status":"publish","type":"page","link":"https:\/\/agora.xtec.cat\/insmarianao\/linstitut\/serveis\/biblioteca\/","title":{"rendered":"Biblioteca"},"content":{"rendered":"<div class=\"header-common-style header-biblioteca\"><\/div>\n<div>\n<div style=\"text-align: justify;\">\n<blockquote><p><em>&#8220;No s\u2019obtindran resultats en lectura si no es proporciona als infants el gust de llegir, el gust de les paraules. L\u2019escola tota sola no ho pot fer. Tots sabem com el medi, en particular el medi familiar, genera una funci\u00f3 important en aquest domini (\u2026) per\u00f2 \u00e9s a l\u2019escola a qui correspon plantar les bases d\u2019aquesta pr\u00e0ctica de la lectura. La biblioteca \u00e9s el cor de l\u2019escola.&#8221;<\/em><\/p>\n<p style=\"text-align: right;\"><em><strong>Lionel Jospin<\/strong><\/em><\/p>\n<\/blockquote>\n<p>&nbsp;<\/p>\n<p style=\"text-align: justify;\">La nostra biblioteca vol ser un espai d\u2019aprenentatge, un lloc que fomenti la lectura, i que permeti l\u2019acc\u00e9s a la informaci\u00f3 a trav\u00e9s de diferents suports.<\/p>\n<h2>Fons documental<\/h2>\n<p>Disposem de 2097 documents: enciclop\u00e8dies, diccionaris, llibres, revistes i DVD.<\/p>\n<h2>Cat\u00e0leg<\/h2>\n<p>Tot el fons de documents est\u00e0 enregistrat en <strong>l\u2019\u00e8-P\u00e8rgam<\/strong>, una aplicaci\u00f3 de gesti\u00f3 de biblioteques basada en Internet. La comunitat escolar (professors, alumnes i pares) pot d\u2019aquesta manera fer la consulta en l\u00ednia del cat\u00e0leg de la nostra biblioteca, veure les novetats, comentaris de llibres, guies de lectura ,etc.<\/p>\n<h2>Com consultar el cat\u00e0leg de la biblioteca?<\/h2>\n<ul>\n<li style=\"margin-bottom: 10px;\"><a href=\"https:\/\/agora.xtec.cat\/insmarianao\/wp-content\/uploads\/usu2666\/2022\/02\/Acces_Biblioteca_Alumnes.pdf\" target=\"_blank\" rel=\"noopener\">Alumnes<span class=\"dashicons dashicons-pdf custom-icons\">\u00a0<\/span><\/a><\/li>\n<li><a href=\"https:\/\/agora.xtec.cat\/insmarianao\/wp-content\/uploads\/usu2666\/2022\/02\/Acces_Biblioteca_Professors.pdf\" target=\"_blank\" rel=\"noopener\">Professors<span class=\"dashicons dashicons-pdf custom-icons\">\u00a0<\/span><\/a><\/li>\n<\/ul>\n<h2>Cat\u00e0leg de la Biblioteca de l&#8217;Institut Marianao<\/h2>\n<p>Feu <em>click<\/em> en la imatge per accedir-hi:<\/p>\n<p><em><strong><a href=\"https:\/\/aplicacions.gestioeducativa.gencat.cat\/epergam\/web\/biblioteca.jsp?codi=08043681\" target=\"_blank\" rel=\"noopener\"><img loading=\"lazy\" decoding=\"async\" class=\"aligncenter size-medium wp-image-940\" src=\"https:\/\/agora.xtec.cat\/insmarianao\/wp-content\/uploads\/usu2666\/2023\/06\/logo_epergam-300x107.png\" alt=\"Logo ep\u00e8rgam\" width=\"300\" height=\"107\" srcset=\"https:\/\/agora.xtec.cat\/insmarianao\/wp-content\/uploads\/usu2666\/2023\/06\/logo_epergam-300x107.png 300w, https:\/\/agora.xtec.cat\/insmarianao\/wp-content\/uploads\/usu2666\/2023\/06\/logo_epergam-768x273.png 768w, https:\/\/agora.xtec.cat\/insmarianao\/wp-content\/uploads\/usu2666\/2023\/06\/logo_epergam.png 795w\" sizes=\"auto, (max-width: 300px) 100vw, 300px\" \/><\/a><\/strong><\/em><\/p>\n<h2>Pr\u00e9stec<\/h2>\n<p style=\"padding-left: 30px;\">De dilluns a divendres d&#8217;11.15h a 11.45h<br \/>\n(Estan exclosos de pr\u00e9stec les enciclop\u00e8dies i els diccionaris)<\/p>\n<h2>Internet<\/h2>\n<p style=\"padding-left: 30px;\">Es pot accedir a Internet des dels cinc ordinadors que trobareu a la sala.<\/p>\n<h2>WiFi<\/h2>\n<p style=\"padding-left: 30px;\">Podeu connectar-vos a Internet des del vostre ordinador port\u00e0til.<\/p>\n<\/div>\n<\/div>\n","protected":false},"excerpt":{"rendered":"<p>&#8220;No s\u2019obtindran resultats en lectura si no es proporciona als infants el gust de llegir, el gust de les paraules. L\u2019escola tota sola no ho pot fer. Tots sabem com el medi, en particular el medi familiar, genera una funci\u00f3 important en aquest domini (\u2026) per\u00f2 \u00e9s a l\u2019escola a qui correspon plantar les bases [&hellip;]<\/p>\n","protected":false},"author":1,"featured_media":0,"parent":850,"menu_order":1,"comment_status":"closed","ping_status":"closed","template":"","meta":{"_bbp_topic_count":0,"_bbp_reply_count":0,"_bbp_total_topic_count":0,"_bbp_total_reply_count":0,"_bbp_voice_count":0,"_bbp_anonymous_reply_count":0,"_bbp_topic_count_hidden":0,"_bbp_reply_count_hidden":0,"_bbp_forum_subforum_count":0,"site-sidebar-layout":"default","site-content-layout":"","ast-site-content-layout":"default","site-content-style":"default","site-sidebar-style":"default","ast-global-header-display":"","ast-banner-title-visibility":"","ast-main-header-display":"","ast-hfb-above-header-display":"","ast-hfb-below-header-display":"","ast-hfb-mobile-header-display":"","site-post-title":"","ast-breadcrumbs-content":"","ast-featured-img":"","footer-sml-layout":"","theme-transparent-header-meta":"default","adv-header-id-meta":"","stick-header-meta":"","header-above-stick-meta":"","header-main-stick-meta":"","header-below-stick-meta":"","astra-migrate-meta-layouts":"set","ast-page-background-enabled":"default","ast-page-background-meta":{"desktop":{"background-color":"var(--ast-global-color-4)","background-image":"","background-repeat":"repeat","background-position":"center center","background-size":"auto","background-attachment":"scroll","background-type":"","background-media":"","overlay-type":"","overlay-color":"","overlay-opacity":"","overlay-gradient":""},"tablet":{"background-color":"","background-image":"","background-repeat":"repeat","background-position":"center center","background-size":"auto","background-attachment":"scroll","background-type":"","background-media":"","overlay-type":"","overlay-color":"","overlay-opacity":"","overlay-gradient":""},"mobile":{"background-color":"","background-image":"","background-repeat":"repeat","background-position":"center center","background-size":"auto","background-attachment":"scroll","background-type":"","background-media":"","overlay-type":"","overlay-color":"","overlay-opacity":"","overlay-gradient":""}},"ast-content-background-meta":{"desktop":{"background-color":"var(--ast-global-color-5)","background-image":"","background-repeat":"repeat","background-position":"center center","background-size":"auto","background-attachment":"scroll","background-type":"","background-media":"","overlay-type":"","overlay-color":"","overlay-opacity":"","overlay-gradient":""},"tablet":{"background-color":"var(--ast-global-color-5)","background-image":"","background-repeat":"repeat","background-position":"center center","background-size":"auto","background-attachment":"scroll","background-type":"","background-media":"","overlay-type":"","overlay-color":"","overlay-opacity":"","overlay-gradient":""},"mobile":{"background-color":"var(--ast-global-color-5)","background-image":"","background-repeat":"repeat","background-position":"center center","background-size":"auto","background-attachment":"scroll","background-type":"","background-media":"","overlay-type":"","overlay-color":"","overlay-opacity":"","overlay-gradient":""}},"footnotes":""},"class_list":["post-694","page","type-page","status-publish","hentry"],"post_mailing_queue_ids":[],"_links":{"self":[{"href":"https:\/\/agora.xtec.cat\/insmarianao\/wp-json\/wp\/v2\/pages\/694","targetHints":{"allow":["GET"]}}],"collection":[{"href":"https:\/\/agora.xtec.cat\/insmarianao\/wp-json\/wp\/v2\/pages"}],"about":[{"href":"https:\/\/agora.xtec.cat\/insmarianao\/wp-json\/wp\/v2\/types\/page"}],"author":[{"embeddable":true,"href":"https:\/\/agora.xtec.cat\/insmarianao\/wp-json\/wp\/v2\/users\/1"}],"replies":[{"embeddable":true,"href":"https:\/\/agora.xtec.cat\/insmarianao\/wp-json\/wp\/v2\/comments?post=694"}],"version-history":[{"count":7,"href":"https:\/\/agora.xtec.cat\/insmarianao\/wp-json\/wp\/v2\/pages\/694\/revisions"}],"predecessor-version":[{"id":5512,"href":"https:\/\/agora.xtec.cat\/insmarianao\/wp-json\/wp\/v2\/pages\/694\/revisions\/5512"}],"up":[{"embeddable":true,"href":"https:\/\/agora.xtec.cat\/insmarianao\/wp-json\/wp\/v2\/pages\/850"}],"wp:attachment":[{"href":"https:\/\/agora.xtec.cat\/insmarianao\/wp-json\/wp\/v2\/media?parent=694"}],"curies":[{"name":"wp","href":"https:\/\/api.w.org\/{rel}","templated":true}]}}