{"id":662,"date":"2021-11-03T10:00:30","date_gmt":"2021-11-03T09:00:30","guid":{"rendered":"https:\/\/agora.xtec.cat\/insmarianao\/?page_id=662"},"modified":"2026-01-23T16:38:31","modified_gmt":"2026-01-23T15:38:31","slug":"contacte","status":"publish","type":"page","link":"https:\/\/agora.xtec.cat\/insmarianao\/linstitut\/contacte\/","title":{"rendered":"Contacte"},"content":{"rendered":"<div class=\"header-common-style header-contacte\"><\/div>\n<div>\n<div>\n<p style=\"margin-left: 15px; margin-bottom: 15px !important;\"><i class=\"fa fa-phone icon-fa-custom\"><\/i>\u00a0<a href=\"tel:+34936407858\">Telf: 93 640 78 58<\/a><\/p>\n<p style=\"margin-left: 15px; margin-bottom: 15px !important;\"><i class=\"fa fa-fax icon-fa-custom\"><\/i>\u00a0Fax: 93 640 17 33<\/p>\n<p style=\"margin-left: 15px; margin-bottom: 15px !important;\"><i class=\"fa fa-envelope icon-fa-custom\"><\/i>\u00a0<a href=\"mailto:insmarianao@xtec.cat\" target=\"_blank\" rel=\"noopener\">insmarianao@xtec.cat<\/a><\/p>\n<p style=\"margin-left: 15px;\"><i class=\"fa fa-globe icon-fa-custom\"><\/i>\u00a0<a href=\"https:\/\/agora.xtec.cat\/insmarianao\/\">https:\/\/agora.xtec.cat\/insmarianao<\/a><\/p>\n<\/div>\n<div>\n<h1>Horari d&#8217;atenci\u00f3 al p\u00fablic<\/h1>\n<div>\n<p>Pots demanar informaci\u00f3 i fer tr\u00e0mits de dilluns a divendres en el seg\u00fcent horari:<\/p>\n<\/div>\n<div>\n<ul>\n<li><strong>MAT\u00cd:<\/strong> Tots els dies de 10h a 14h<\/li>\n<li><strong>MAT\u00cd (Juliol):<\/strong> Tots els dies de 9h a 14h<\/li>\n<li><strong>TARDA<\/strong> Dilluns-dimarts-dimecres-dijous de 15h a 18h<\/li>\n<li><strong>TARDA (Juliol):<\/strong> Els dies que s&#8217;ha donat n\u00famero de matr\u00edcula<\/li>\n<\/ul>\n<p style=\"padding-left: 20px;\">* <strong>Divendres tarda<\/strong> la secretaria romandr\u00e0 tancada.<\/p>\n<\/div>\n<\/div>\n<div>\n<h1>Com arribar?<\/h1>\n<div>\n<ul>\n<li>Ferrocarrils de la Generalitat de Catalunya. L\u00ednia Llobregat &#8211; Anoia (Sant Boi)<\/li>\n<li>Bus SB1 (Barri Marianao)<\/li>\n<\/ul>\n<\/div>\n<div>\n<p><iframe loading=\"lazy\" style=\"border: 0;\" src=\"https:\/\/www.google.com\/maps\/embed?pb=!1m18!1m12!1m3!1d1780.93853135815!2d2.0229452259626495!3d41.34866605428717!2m3!1f0!2f0!3f0!3m2!1i1024!2i768!4f13.1!3m3!1m2!1s0x0000000000000000%3A0x58d4d335637bcc86!2sInstitut+Marianao!5e0!3m2!1sca!2ses!4v1454521188306\" width=\"400\" height=\"300\" frameborder=\"0\" allowfullscreen=\"allowfullscreen\"><\/iframe><\/p>\n<\/div>\n<\/div>\n<\/div>\n","protected":false},"excerpt":{"rendered":"<p>\u00a0Telf: 93 640 78 58 \u00a0Fax: 93 640 17 33 \u00a0insmarianao@xtec.cat \u00a0https:\/\/agora.xtec.cat\/insmarianao Horari d&#8217;atenci\u00f3 al p\u00fablic Pots demanar informaci\u00f3 i fer tr\u00e0mits de dilluns a divendres en el seg\u00fcent horari: MAT\u00cd: Tots els dies de 10h a 14h MAT\u00cd (Juliol): Tots els dies de 9h a 14h TARDA Dilluns-dimarts-dimecres-dijous de 15h a 18h TARDA (Juliol): [&hellip;]<\/p>\n","protected":false},"author":1,"featured_media":0,"parent":1477,"menu_order":1,"comment_status":"closed","ping_status":"closed","template":"","meta":{"_bbp_topic_count":0,"_bbp_reply_count":0,"_bbp_total_topic_count":0,"_bbp_total_reply_count":0,"_bbp_voice_count":0,"_bbp_anonymous_reply_count":0,"_bbp_topic_count_hidden":0,"_bbp_reply_count_hidden":0,"_bbp_forum_subforum_count":0,"site-sidebar-layout":"default","site-content-layout":"","ast-site-content-layout":"default","site-content-style":"default","site-sidebar-style":"default","ast-global-header-display":"","ast-banner-title-visibility":"","ast-main-header-display":"","ast-hfb-above-header-display":"","ast-hfb-below-header-display":"","ast-hfb-mobile-header-display":"","site-post-title":"","ast-breadcrumbs-content":"","ast-featured-img":"","footer-sml-layout":"","theme-transparent-header-meta":"default","adv-header-id-meta":"","stick-header-meta":"","header-above-stick-meta":"","header-main-stick-meta":"","header-below-stick-meta":"","astra-migrate-meta-layouts":"set","ast-page-background-enabled":"default","ast-page-background-meta":{"desktop":{"background-color":"var(--ast-global-color-4)","background-image":"","background-repeat":"repeat","background-position":"center center","background-size":"auto","background-attachment":"scroll","background-type":"","background-media":"","overlay-type":"","overlay-color":"","overlay-opacity":"","overlay-gradient":""},"tablet":{"background-color":"","background-image":"","background-repeat":"repeat","background-position":"center center","background-size":"auto","background-attachment":"scroll","background-type":"","background-media":"","overlay-type":"","overlay-color":"","overlay-opacity":"","overlay-gradient":""},"mobile":{"background-color":"","background-image":"","background-repeat":"repeat","background-position":"center center","background-size":"auto","background-attachment":"scroll","background-type":"","background-media":"","overlay-type":"","overlay-color":"","overlay-opacity":"","overlay-gradient":""}},"ast-content-background-meta":{"desktop":{"background-color":"var(--ast-global-color-5)","background-image":"","background-repeat":"repeat","background-position":"center center","background-size":"auto","background-attachment":"scroll","background-type":"","background-media":"","overlay-type":"","overlay-color":"","overlay-opacity":"","overlay-gradient":""},"tablet":{"background-color":"var(--ast-global-color-5)","background-image":"","background-repeat":"repeat","background-position":"center center","background-size":"auto","background-attachment":"scroll","background-type":"","background-media":"","overlay-type":"","overlay-color":"","overlay-opacity":"","overlay-gradient":""},"mobile":{"background-color":"var(--ast-global-color-5)","background-image":"","background-repeat":"repeat","background-position":"center center","background-size":"auto","background-attachment":"scroll","background-type":"","background-media":"","overlay-type":"","overlay-color":"","overlay-opacity":"","overlay-gradient":""}},"footnotes":""},"class_list":["post-662","page","type-page","status-publish","hentry"],"post_mailing_queue_ids":[],"_links":{"self":[{"href":"https:\/\/agora.xtec.cat\/insmarianao\/wp-json\/wp\/v2\/pages\/662","targetHints":{"allow":["GET"]}}],"collection":[{"href":"https:\/\/agora.xtec.cat\/insmarianao\/wp-json\/wp\/v2\/pages"}],"about":[{"href":"https:\/\/agora.xtec.cat\/insmarianao\/wp-json\/wp\/v2\/types\/page"}],"author":[{"embeddable":true,"href":"https:\/\/agora.xtec.cat\/insmarianao\/wp-json\/wp\/v2\/users\/1"}],"replies":[{"embeddable":true,"href":"https:\/\/agora.xtec.cat\/insmarianao\/wp-json\/wp\/v2\/comments?post=662"}],"version-history":[{"count":7,"href":"https:\/\/agora.xtec.cat\/insmarianao\/wp-json\/wp\/v2\/pages\/662\/revisions"}],"predecessor-version":[{"id":5508,"href":"https:\/\/agora.xtec.cat\/insmarianao\/wp-json\/wp\/v2\/pages\/662\/revisions\/5508"}],"up":[{"embeddable":true,"href":"https:\/\/agora.xtec.cat\/insmarianao\/wp-json\/wp\/v2\/pages\/1477"}],"wp:attachment":[{"href":"https:\/\/agora.xtec.cat\/insmarianao\/wp-json\/wp\/v2\/media?parent=662"}],"curies":[{"name":"wp","href":"https:\/\/api.w.org\/{rel}","templated":true}]}}