{"id":586,"date":"2021-10-06T11:29:05","date_gmt":"2021-10-06T09:29:05","guid":{"rendered":"https:\/\/agora.xtec.cat\/insmarianao\/?page_id=586"},"modified":"2026-02-13T09:38:46","modified_gmt":"2026-02-13T08:38:46","slug":"prevencio-de-riscos-laborals","status":"publish","type":"page","link":"https:\/\/agora.xtec.cat\/insmarianao\/linstitut\/prevencio-de-riscos-laborals\/","title":{"rendered":"Prevenci\u00f3 de Riscos Laborals"},"content":{"rendered":"<div class=\"header-common-style header-prl\"><\/div>\n<h2>Pla d&#8217;emerg\u00e8ncia del centre<\/h2>\n<ul>\n<li><a href=\"https:\/\/agora.xtec.cat\/insmarianao\/wp-content\/uploads\/usu2666\/2026\/02\/PLA-EMERGENCIA-ACTUALITZAT-2025.pdf\" target=\"_blank\" rel=\"noopener\">Pla d&#8217;emerg\u00e8ncia del centre<span class=\"dashicons dashicons-pdf custom-icons\">\u00a0<\/span><\/a><\/li>\n<\/ul>\n<div><img loading=\"lazy\" decoding=\"async\" src=\"https:\/\/agora.xtec.cat\/insmarianao\/wp-content\/uploads\/usu2666\/2023\/06\/prl_ins_marianao.jpg\" alt=\"prl ins marianao\" width=\"500\" height=\"375\" \/><\/div>\n<h2 style=\"margin-top: 20px;\">Pl\u00e0nols de l&#8217;institut Marianao<\/h2>\n<ul>\n<li><a href=\"https:\/\/agora.xtec.cat\/insmarianao\/wp-content\/uploads\/usu2666\/2023\/06\/Planta-Baixa.pdf\" target=\"_blank\" rel=\"noopener\">Planta baixa<span class=\"dashicons dashicons-pdf custom-icons\">\u00a0<\/span><\/a><\/li>\n<li><a href=\"https:\/\/agora.xtec.cat\/insmarianao\/wp-content\/uploads\/usu2666\/2023\/06\/Planta-1.pdf\" target=\"_blank\" rel=\"noopener\">Planta primera<span class=\"dashicons dashicons-pdf custom-icons\">\u00a0<\/span><\/a><\/li>\n<li><a href=\"https:\/\/agora.xtec.cat\/insmarianao\/wp-content\/uploads\/usu2666\/2023\/06\/Planta-2.pdf\" target=\"_blank\" rel=\"noopener\">Planta segona<span class=\"dashicons dashicons-pdf custom-icons\">\u00a0<\/span><\/a><\/li>\n<\/ul>\n<h2>Evacuaci\u00f3 de l&#8217;Institut Marianao<\/h2>\n<div style=\"max-width: 500px;\">\n<div class=\"video-responsive\"><iframe src=\"https:\/\/www.youtube.com\/embed\/XnCZpE9HOJ0\" frameborder=\"0\" allowfullscreen=\"allowfullscreen\"><\/iframe><\/div>\n<\/div>\n<h2 style=\"margin-top: 20px;\">Certificaci\u00f3 ISO 45001:2018<\/h2>\n<ul>\n<li><a href=\"https:\/\/agora.xtec.cat\/insmarianao\/wp-content\/uploads\/usu2666\/2021\/10\/BV_certificat-ISO-45001_2021.pdf\" target=\"_blank\" rel=\"noopener\">Certificaci\u00f3 ISO 45001:2018<span class=\"dashicons dashicons-pdf custom-icons\">\u00a0<\/span><\/a><\/li>\n<\/ul>\n<div>\n<div><\/div>\n<p><img loading=\"lazy\" decoding=\"async\" class=\"prl-iso-img alignleft size-full wp-image-596 gallery-image\" src=\"https:\/\/agora.xtec.cat\/insmarianao\/wp-content\/uploads\/usu2666\/2023\/06\/iso_45001.jpg\" alt=\"\" width=\"212\" height=\"300\" \/><\/p>\n<div>\n<p style=\"text-align: justify;\">L\u2019empresa certificadora <strong>Bureau Veritas<\/strong> ens ha enviat la certificaci\u00f3 del centre segons la norma <strong>ISO 45001:2018<\/strong>, de <strong>Seguretat i Salut en el Treball<\/strong>. L\u2019auditoria la van finalitzar el 26 de novembre i amb l\u2019informe em\u00e8s sab\u00edem que obtindr\u00edem el certificat, per\u00f2 ara que ja el tenim volem compartir aquesta fita amb tota la comunitat educativa.<\/p>\n<p>Som el <strong>primer centre de tota Catalunya<\/strong> que ha obtingut aquesta certificaci\u00f3.<\/p>\n<p style=\"text-align: justify;\">Va ser la nostra hist\u00f2ria de millora cont\u00ednua i la llarga traject\u00f2ria treballant la Prevenci\u00f3 de riscos que ens va decidir iniciar aquest cam\u00ed, quan l\u2019any 2018 des de la Direcci\u00f3 General de Formaci\u00f3 Professional Inicial i Ensenyaments de R\u00e8gim Especial a trav\u00e9s del Projecte de Qualitat i Millora Cont\u00ednua, el van proposar a 10 centres de Catalunya.<\/p>\n<p style=\"text-align: justify;\">Ha estat un cam\u00ed ple de dificultats que ha coincidit amb una \u00e8poca de restriccions, per\u00f2 ha valgut la pena. Un dels beneficis que obt\u00e9 el centre d\u2019aquesta certificaci\u00f3 \u00e9s que afavoreix la consulta i participaci\u00f3 d\u2019alumnat i fam\u00edlies, a m\u00e9s del personal del centre, en el tema de millorar la seguretat de l\u2019Institut. Algunes de les millores de manteniment que s\u2019han fet aquest any corresponen als vostres suggeriments.<\/p>\n<p>Continuem treballant per la disminuci\u00f3 de riscos relacionats amb la Seguretat i Salut en el Treball.<\/p>\n<\/div>\n<\/div>\n<ul>\n<li>Carta d&#8217;agra\u00efment i reconeixement de la <strong>Direcci\u00f3 General de Formaci\u00f3 Professional<\/strong> per ser el <strong>primer institut de Catalunya<\/strong> amb un sistema integrat: <strong>ISO 9001<\/strong>, <strong>ISO 14001<\/strong> i <strong>ISO 45001<\/strong>: <a href=\"https:\/\/agora.xtec.cat\/insmarianao\/wp-content\/uploads\/usu2666\/2021\/10\/reconeixement_INS_Marianao.pdf\" target=\"_blank\" rel=\"noopener\">Reconeixement Institut Marianao<span class=\"dashicons dashicons-pdf custom-icons\">\u00a0<\/span><\/a>.<\/li>\n<\/ul>\n<h2>Tweets<\/h2>\n<div class=\"row twitter-container\">\n<div class=\"div-twitter\">\n<blockquote class=\"twitter-tweet\">\n<p dir=\"ltr\" lang=\"ca\">Formaci\u00f3 en Gesti\u00f3 d\u2019 Emerg\u00e8ncies per l\u2019alumnat d\u2019Activitats Comercials i Sistemes Microinform\u00e0tics. <a href=\"https:\/\/t.co\/hEQuILyRIM\">pic.twitter.com\/hEQuILyRIM<\/a><\/p>\n<p>\u2014 INSTITUT MARIANAO (@insmarianao) <a href=\"https:\/\/twitter.com\/insmarianao\/status\/1393172814098743296?ref_src=twsrc%5Etfw\">May 14, 2021<\/a><\/p><\/blockquote>\n<p><script src=\"https:\/\/platform.twitter.com\/widgets.js\" async=\"\" type=\"text\/javascript\" charset=\"utf-8\"><\/script><\/p>\n<\/div>\n<div class=\"div-twitter\">\n<blockquote class=\"twitter-tweet\">\n<p dir=\"ltr\" lang=\"ca\">Formaci\u00f3 en extinci\u00f3 d\u2019incendis impartit per l\u2019empresa Efica\u00e7. Hem conegut els diferents extintors que tenim a l\u2019institut i com actuar en cas d\u2019un petit incendi <a href=\"https:\/\/t.co\/yUmEu3VoL5\">pic.twitter.com\/yUmEu3VoL5<\/a><\/p>\n<p>\u2014 INSTITUT MARIANAO (@insmarianao) <a href=\"https:\/\/twitter.com\/insmarianao\/status\/1385172490813587457?ref_src=twsrc%5Etfw\">April 22, 2021<\/a><\/p><\/blockquote>\n<p><script src=\"https:\/\/platform.twitter.com\/widgets.js\" async=\"\" type=\"text\/javascript\" charset=\"utf-8\"><\/script><\/p>\n<\/div>\n<\/div>\n<div class=\"row twitter-container\">\n<div class=\"div-twitter\">\n<blockquote class=\"twitter-tweet\">\n<p dir=\"ltr\" lang=\"ca\">En <a href=\"https:\/\/twitter.com\/PolMena?ref_src=twsrc%5Etfw\">@PolMena<\/a> coordinador d&#8217;<a href=\"https:\/\/twitter.com\/Joves_CCOO?ref_src=twsrc%5Etfw\">@Joves_CCOO<\/a> al territori, va impartir la setmana passada unes xerrades sobre drets laborals i prevenci\u00f3 riscos al <a href=\"https:\/\/twitter.com\/insmarianao?ref_src=twsrc%5Etfw\">@insmarianao<\/a> de <a href=\"https:\/\/twitter.com\/hashtag\/SantBoi?src=hash&amp;ref_src=twsrc%5Etfw\">#SantBoi<\/a>.<br \/>\nGran \u00e8xit i inter\u00e8s per part de l&#8217;alumnat.<br \/>\nPersistim en dibuixar un futur d&#8217;oportunitats, ocupaci\u00f3 i drets <a href=\"https:\/\/t.co\/NESuFalnKH\">pic.twitter.com\/NESuFalnKH<\/a><\/p>\n<p>\u2014 CCOO BLL APAG (@ccoo_bll_apag) <a href=\"https:\/\/twitter.com\/ccoo_bll_apag\/status\/1380196779417821184?ref_src=twsrc%5Etfw\">April 8, 2021<\/a><\/p><\/blockquote>\n<p><script src=\"https:\/\/platform.twitter.com\/widgets.js\" async=\"\" type=\"text\/javascript\" charset=\"utf-8\"><\/script><\/p>\n<\/div>\n<div class=\"div-twitter\">\n<blockquote class=\"twitter-tweet\">\n<p dir=\"ltr\" lang=\"ca\">Dins de la setmana de la salut, els grups de 4t d&#8217;ESO han realitzat el taller &#8220;Feina si, per\u00f2 amb seguretat&#8221; en l&#8217;\u00e0mbit de la Gesti\u00f3 de la Prevenci\u00f3. <a href=\"https:\/\/t.co\/0i122NAgiI\">pic.twitter.com\/0i122NAgiI<\/a><\/p>\n<p>\u2014 INSTITUT MARIANAO (@insmarianao) <a href=\"https:\/\/twitter.com\/insmarianao\/status\/1375044180544720899?ref_src=twsrc%5Etfw\">March 25, 2021<\/a><\/p><\/blockquote>\n<p><script src=\"https:\/\/platform.twitter.com\/widgets.js\" async=\"\" type=\"text\/javascript\" charset=\"utf-8\"><\/script><\/p>\n<\/div>\n<\/div>\n<div class=\"row twitter-container\">\n<div class=\"div-twitter\">\n<blockquote class=\"twitter-tweet\">\n<p dir=\"ltr\" lang=\"ca\">avui simulacre d&#8217;incendi. Sortida d&#8217;evacuaci\u00f3 amb incendi al laboratori <a href=\"https:\/\/twitter.com\/hashtag\/bombers?src=hash&amp;ref_src=twsrc%5Etfw\">#bombers<\/a> <a href=\"https:\/\/twitter.com\/hashtag\/protecciocivil?src=hash&amp;ref_src=twsrc%5Etfw\">#protecciocivil<\/a> <a href=\"https:\/\/t.co\/hakV1R8rfz\">pic.twitter.com\/hakV1R8rfz<\/a><\/p>\n<p>\u2014 INSTITUT MARIANAO (@insmarianao) <a href=\"https:\/\/twitter.com\/insmarianao\/status\/1204695089043427329?ref_src=twsrc%5Etfw\">December 11, 2019<\/a><\/p><\/blockquote>\n<p><script src=\"https:\/\/platform.twitter.com\/widgets.js\" async=\"\" type=\"text\/javascript\" charset=\"utf-8\"><\/script><\/p>\n<\/div>\n<\/div>\n","protected":false},"excerpt":{"rendered":"<p>Pla d&#8217;emerg\u00e8ncia del centre Pla d&#8217;emerg\u00e8ncia del centre\u00a0 Pl\u00e0nols de l&#8217;institut Marianao Planta baixa\u00a0 Planta primera\u00a0 Planta segona\u00a0 Evacuaci\u00f3 de l&#8217;Institut Marianao Certificaci\u00f3 ISO 45001:2018 Certificaci\u00f3 ISO 45001:2018\u00a0 L\u2019empresa certificadora Bureau Veritas ens ha enviat la certificaci\u00f3 del centre segons la norma ISO 45001:2018, de Seguretat i Salut en el Treball. L\u2019auditoria la van finalitzar [&hellip;]<\/p>\n","protected":false},"author":1,"featured_media":0,"parent":1477,"menu_order":5,"comment_status":"closed","ping_status":"closed","template":"","meta":{"_bbp_topic_count":0,"_bbp_reply_count":0,"_bbp_total_topic_count":0,"_bbp_total_reply_count":0,"_bbp_voice_count":0,"_bbp_anonymous_reply_count":0,"_bbp_topic_count_hidden":0,"_bbp_reply_count_hidden":0,"_bbp_forum_subforum_count":0,"site-sidebar-layout":"default","site-content-layout":"","ast-site-content-layout":"default","site-content-style":"default","site-sidebar-style":"default","ast-global-header-display":"","ast-banner-title-visibility":"","ast-main-header-display":"","ast-hfb-above-header-display":"","ast-hfb-below-header-display":"","ast-hfb-mobile-header-display":"","site-post-title":"","ast-breadcrumbs-content":"","ast-featured-img":"","footer-sml-layout":"","theme-transparent-header-meta":"default","adv-header-id-meta":"","stick-header-meta":"","header-above-stick-meta":"","header-main-stick-meta":"","header-below-stick-meta":"","astra-migrate-meta-layouts":"set","ast-page-background-enabled":"default","ast-page-background-meta":{"desktop":{"background-color":"var(--ast-global-color-4)","background-image":"","background-repeat":"repeat","background-position":"center center","background-size":"auto","background-attachment":"scroll","background-type":"","background-media":"","overlay-type":"","overlay-color":"","overlay-opacity":"","overlay-gradient":""},"tablet":{"background-color":"","background-image":"","background-repeat":"repeat","background-position":"center center","background-size":"auto","background-attachment":"scroll","background-type":"","background-media":"","overlay-type":"","overlay-color":"","overlay-opacity":"","overlay-gradient":""},"mobile":{"background-color":"","background-image":"","background-repeat":"repeat","background-position":"center center","background-size":"auto","background-attachment":"scroll","background-type":"","background-media":"","overlay-type":"","overlay-color":"","overlay-opacity":"","overlay-gradient":""}},"ast-content-background-meta":{"desktop":{"background-color":"var(--ast-global-color-5)","background-image":"","background-repeat":"repeat","background-position":"center center","background-size":"auto","background-attachment":"scroll","background-type":"","background-media":"","overlay-type":"","overlay-color":"","overlay-opacity":"","overlay-gradient":""},"tablet":{"background-color":"var(--ast-global-color-5)","background-image":"","background-repeat":"repeat","background-position":"center center","background-size":"auto","background-attachment":"scroll","background-type":"","background-media":"","overlay-type":"","overlay-color":"","overlay-opacity":"","overlay-gradient":""},"mobile":{"background-color":"var(--ast-global-color-5)","background-image":"","background-repeat":"repeat","background-position":"center center","background-size":"auto","background-attachment":"scroll","background-type":"","background-media":"","overlay-type":"","overlay-color":"","overlay-opacity":"","overlay-gradient":""}},"footnotes":""},"class_list":["post-586","page","type-page","status-publish","hentry"],"post_mailing_queue_ids":[],"_links":{"self":[{"href":"https:\/\/agora.xtec.cat\/insmarianao\/wp-json\/wp\/v2\/pages\/586","targetHints":{"allow":["GET"]}}],"collection":[{"href":"https:\/\/agora.xtec.cat\/insmarianao\/wp-json\/wp\/v2\/pages"}],"about":[{"href":"https:\/\/agora.xtec.cat\/insmarianao\/wp-json\/wp\/v2\/types\/page"}],"author":[{"embeddable":true,"href":"https:\/\/agora.xtec.cat\/insmarianao\/wp-json\/wp\/v2\/users\/1"}],"replies":[{"embeddable":true,"href":"https:\/\/agora.xtec.cat\/insmarianao\/wp-json\/wp\/v2\/comments?post=586"}],"version-history":[{"count":7,"href":"https:\/\/agora.xtec.cat\/insmarianao\/wp-json\/wp\/v2\/pages\/586\/revisions"}],"predecessor-version":[{"id":5734,"href":"https:\/\/agora.xtec.cat\/insmarianao\/wp-json\/wp\/v2\/pages\/586\/revisions\/5734"}],"up":[{"embeddable":true,"href":"https:\/\/agora.xtec.cat\/insmarianao\/wp-json\/wp\/v2\/pages\/1477"}],"wp:attachment":[{"href":"https:\/\/agora.xtec.cat\/insmarianao\/wp-json\/wp\/v2\/media?parent=586"}],"curies":[{"name":"wp","href":"https:\/\/api.w.org\/{rel}","templated":true}]}}