{"id":4272,"date":"2025-01-22T17:23:25","date_gmt":"2025-01-22T16:23:25","guid":{"rendered":"https:\/\/agora.xtec.cat\/insmarianao\/?page_id=4272"},"modified":"2026-01-23T16:40:46","modified_gmt":"2026-01-23T15:40:46","slug":"infermeria-de-linstitut-marianao","status":"publish","type":"page","link":"https:\/\/agora.xtec.cat\/insmarianao\/linstitut\/infermeria-de-linstitut-marianao\/","title":{"rendered":"Infermeria de l&#8217;Institut Marianao"},"content":{"rendered":"<div class=\"header-common-style header-infermeria\"><\/div>\n<p style=\"text-align: justify;\">En el <strong>Servei de Consulta Oberta<\/strong> la infermera del <strong>Programa de Salut i Escola<\/strong> visita l&#8217;IES. En aquesta consulta s&#8217;ofereix un espai <span style=\"text-decoration: underline;\">confidencial<\/span> on els\/les alumnes poden compartir o fer consultes sobre <strong>emocions, possibles problemes amb companys, amb la fam\u00edlia o situacions dif\u00edcils de gestionar<\/strong>.<\/p>\n<p style=\"text-align: justify;\"><strong>\u00c9s un recurs per atendre dubtes d&#8217;alimentaci\u00f3, sexualitat, activitat f\u00edsica o salut en general<\/strong>.<\/p>\n<p>L&#8217;alumnat que vulgui utilitzar aquest servei, s&#8217;ha de posar en contacte amb <strong>Laura<\/strong>, la infermera del projecte Salut-Escola (\u00c9s un mail per a \u00fas exclusiu de l&#8217;alumnat de l&#8217;Institut Marianao):<\/p>\n<p style=\"margin-left: 15px;\"><i class=\"fa fa-envelope icon-fa-custom\"><\/i>\u00a0<a href=\"mailto:infermeria@institutmarianao.cat\" target=\"_blank\" rel=\"noopener\">infermeria@institutmarianao.cat<\/a><\/p>\n","protected":false},"excerpt":{"rendered":"<p>En el Servei de Consulta Oberta la infermera del Programa de Salut i Escola visita l&#8217;IES. En aquesta consulta s&#8217;ofereix un espai confidencial on els\/les alumnes poden compartir o fer consultes sobre emocions, possibles problemes amb companys, amb la fam\u00edlia o situacions dif\u00edcils de gestionar. \u00c9s un recurs per atendre dubtes d&#8217;alimentaci\u00f3, sexualitat, activitat f\u00edsica [&hellip;]<\/p>\n","protected":false},"author":1,"featured_media":0,"parent":1477,"menu_order":8,"comment_status":"closed","ping_status":"closed","template":"","meta":{"_bbp_topic_count":0,"_bbp_reply_count":0,"_bbp_total_topic_count":0,"_bbp_total_reply_count":0,"_bbp_voice_count":0,"_bbp_anonymous_reply_count":0,"_bbp_topic_count_hidden":0,"_bbp_reply_count_hidden":0,"_bbp_forum_subforum_count":0,"site-sidebar-layout":"default","site-content-layout":"","ast-site-content-layout":"default","site-content-style":"default","site-sidebar-style":"default","ast-global-header-display":"","ast-banner-title-visibility":"","ast-main-header-display":"","ast-hfb-above-header-display":"","ast-hfb-below-header-display":"","ast-hfb-mobile-header-display":"","site-post-title":"","ast-breadcrumbs-content":"","ast-featured-img":"","footer-sml-layout":"","theme-transparent-header-meta":"default","adv-header-id-meta":"","stick-header-meta":"","header-above-stick-meta":"","header-main-stick-meta":"","header-below-stick-meta":"","astra-migrate-meta-layouts":"set","ast-page-background-enabled":"default","ast-page-background-meta":{"desktop":{"background-color":"var(--ast-global-color-4)","background-image":"","background-repeat":"repeat","background-position":"center center","background-size":"auto","background-attachment":"scroll","background-type":"","background-media":"","overlay-type":"","overlay-color":"","overlay-opacity":"","overlay-gradient":""},"tablet":{"background-color":"","background-image":"","background-repeat":"repeat","background-position":"center center","background-size":"auto","background-attachment":"scroll","background-type":"","background-media":"","overlay-type":"","overlay-color":"","overlay-opacity":"","overlay-gradient":""},"mobile":{"background-color":"","background-image":"","background-repeat":"repeat","background-position":"center center","background-size":"auto","background-attachment":"scroll","background-type":"","background-media":"","overlay-type":"","overlay-color":"","overlay-opacity":"","overlay-gradient":""}},"ast-content-background-meta":{"desktop":{"background-color":"var(--ast-global-color-5)","background-image":"","background-repeat":"repeat","background-position":"center center","background-size":"auto","background-attachment":"scroll","background-type":"","background-media":"","overlay-type":"","overlay-color":"","overlay-opacity":"","overlay-gradient":""},"tablet":{"background-color":"var(--ast-global-color-5)","background-image":"","background-repeat":"repeat","background-position":"center center","background-size":"auto","background-attachment":"scroll","background-type":"","background-media":"","overlay-type":"","overlay-color":"","overlay-opacity":"","overlay-gradient":""},"mobile":{"background-color":"var(--ast-global-color-5)","background-image":"","background-repeat":"repeat","background-position":"center center","background-size":"auto","background-attachment":"scroll","background-type":"","background-media":"","overlay-type":"","overlay-color":"","overlay-opacity":"","overlay-gradient":""}},"footnotes":""},"class_list":["post-4272","page","type-page","status-publish","hentry"],"post_mailing_queue_ids":[],"_links":{"self":[{"href":"https:\/\/agora.xtec.cat\/insmarianao\/wp-json\/wp\/v2\/pages\/4272","targetHints":{"allow":["GET"]}}],"collection":[{"href":"https:\/\/agora.xtec.cat\/insmarianao\/wp-json\/wp\/v2\/pages"}],"about":[{"href":"https:\/\/agora.xtec.cat\/insmarianao\/wp-json\/wp\/v2\/types\/page"}],"author":[{"embeddable":true,"href":"https:\/\/agora.xtec.cat\/insmarianao\/wp-json\/wp\/v2\/users\/1"}],"replies":[{"embeddable":true,"href":"https:\/\/agora.xtec.cat\/insmarianao\/wp-json\/wp\/v2\/comments?post=4272"}],"version-history":[{"count":6,"href":"https:\/\/agora.xtec.cat\/insmarianao\/wp-json\/wp\/v2\/pages\/4272\/revisions"}],"predecessor-version":[{"id":5517,"href":"https:\/\/agora.xtec.cat\/insmarianao\/wp-json\/wp\/v2\/pages\/4272\/revisions\/5517"}],"up":[{"embeddable":true,"href":"https:\/\/agora.xtec.cat\/insmarianao\/wp-json\/wp\/v2\/pages\/1477"}],"wp:attachment":[{"href":"https:\/\/agora.xtec.cat\/insmarianao\/wp-json\/wp\/v2\/media?parent=4272"}],"curies":[{"name":"wp","href":"https:\/\/api.w.org\/{rel}","templated":true}]}}