{"id":4100,"date":"2024-10-02T11:20:34","date_gmt":"2024-10-02T09:20:34","guid":{"rendered":"https:\/\/agora.xtec.cat\/insmarianao\/?page_id=4100"},"modified":"2026-02-03T16:53:59","modified_gmt":"2026-02-03T15:53:59","slug":"borsa-de-treball","status":"publish","type":"page","link":"https:\/\/agora.xtec.cat\/insmarianao\/formacio-professional\/borsa-de-treball\/","title":{"rendered":"Borsa de treball"},"content":{"rendered":"<div class=\"header-common-style header-borsa-treball\"><\/div>\n<h4>Borsa de treball de l&#8217;Institut Marianao<\/h4>\n<p style=\"text-align: justify;\">A l&#8217;Institut Marianao publiquem les ofertes de treball que les empreses amb les que col\u00b7laborem ens fan arribar. Aquestes ofertes van destinades a alumnes i exalumnes de l&#8217;Institut Marianao.<\/p>\n<p>Podeu consultar la nostra web en el seg\u00fcent enlla\u00e7:<\/p>\n<p><a href=\"https:\/\/fpdual.institutmarianao.cat\/borsa-de-treball\" target=\"_blank\" rel=\"noopener\">Borsa de treball de l&#8217;Institut Marianao<span class=\"dashicons dashicons-admin-links custom-icons\">\u00a0<\/span><\/a><\/p>\n<h4>Borsa de treball de la Uni\u00f3 Patronal Metal\u00b7l\u00fargica<\/h4>\n<p style=\"text-align: justify;\">Arrel de la vinculaci\u00f3 del <strong>Gremi del Motor<\/strong> i l&#8217;<strong>Institut Marianao<\/strong>, la <strong>Uni\u00f3 Patronal Metal\u00b7l\u00fargica<\/strong>, a la que pertany el gremi, posa a disposici\u00f3 la Borsa de Treball per alumnes i exalumnes.<\/p>\n<p style=\"text-align: justify;\">Aquest servei connecta empresa amb candidats i \u00e9s totalment gratu\u00eft per ambdues parts.<\/p>\n<p style=\"text-align: justify;\">\u00c9s una Borsa de Treball sectorial, encara que publiquen ofertes de treball de tot l&#8217;organigrama d&#8217;una empresa. Generalment, en aquestes ofertes, els perfils transversals m\u00e9s demandats son referents a l\u2019atenci\u00f3 al client, administratiu\/iva, comercial, t\u00e8cnic\/a recursos humans, administrador\/a de sistemes inform\u00e0tics i t\u00e8cnic\/a en m\u00e0rqueting. I els perfils sectorials trobem soldadors\/es, t\u00e8cnic\/a de manteniment, operari\/a de producci\u00f3, projectistes CAD, mec\u00e0nics, electricistes, t\u00e8cnic\/a de qualitat.<\/p>\n<p><strong>Com funciona?<\/strong><\/p>\n<ol>\n<li style=\"text-align: justify;\">Inscriu-te a l\u2019apartat de Candidats de la WEB: <a href=\"https:\/\/upm.org\/borsa-de-treball\/candidats\" target=\"_blank\" rel=\"noopener\">https:\/\/upm.org\/borsa-de-treball\/candidats<\/a> i adjunta el teu CV! T\u2019ocupar\u00e0 uns 2 minuts.<\/li>\n<li style=\"text-align: justify;\">Contactaran amb tu per con\u00e8ixer-te i explicar-te l\u2019estat actual del sector del metall i la ind\u00fastria, empreses, tend\u00e8ncies i oportunitats de futur.<\/li>\n<li style=\"text-align: justify;\">Derivaci\u00f3 del teu CV a empreses que estiguin cercant el teu perfil, sempre sota el teu consentiment previ.<\/li>\n<li style=\"text-align: justify;\">Seguiment del proc\u00e9s de selecci\u00f3.<\/li>\n<\/ol>\n","protected":false},"excerpt":{"rendered":"<p>Borsa de treball de l&#8217;Institut Marianao A l&#8217;Institut Marianao publiquem les ofertes de treball que les empreses amb les que col\u00b7laborem ens fan arribar. Aquestes ofertes van destinades a alumnes i exalumnes de l&#8217;Institut Marianao. Podeu consultar la nostra web en el seg\u00fcent enlla\u00e7: Borsa de treball de l&#8217;Institut Marianao\u00a0 Borsa de treball de la [&hellip;]<\/p>\n","protected":false},"author":1,"featured_media":0,"parent":1432,"menu_order":11,"comment_status":"closed","ping_status":"closed","template":"","meta":{"_bbp_topic_count":0,"_bbp_reply_count":0,"_bbp_total_topic_count":0,"_bbp_total_reply_count":0,"_bbp_voice_count":0,"_bbp_anonymous_reply_count":0,"_bbp_topic_count_hidden":0,"_bbp_reply_count_hidden":0,"_bbp_forum_subforum_count":0,"site-sidebar-layout":"default","site-content-layout":"","ast-site-content-layout":"default","site-content-style":"default","site-sidebar-style":"default","ast-global-header-display":"","ast-banner-title-visibility":"","ast-main-header-display":"","ast-hfb-above-header-display":"","ast-hfb-below-header-display":"","ast-hfb-mobile-header-display":"","site-post-title":"","ast-breadcrumbs-content":"","ast-featured-img":"","footer-sml-layout":"","theme-transparent-header-meta":"default","adv-header-id-meta":"","stick-header-meta":"","header-above-stick-meta":"","header-main-stick-meta":"","header-below-stick-meta":"","astra-migrate-meta-layouts":"set","ast-page-background-enabled":"default","ast-page-background-meta":{"desktop":{"background-color":"var(--ast-global-color-4)","background-image":"","background-repeat":"repeat","background-position":"center center","background-size":"auto","background-attachment":"scroll","background-type":"","background-media":"","overlay-type":"","overlay-color":"","overlay-opacity":"","overlay-gradient":""},"tablet":{"background-color":"","background-image":"","background-repeat":"repeat","background-position":"center center","background-size":"auto","background-attachment":"scroll","background-type":"","background-media":"","overlay-type":"","overlay-color":"","overlay-opacity":"","overlay-gradient":""},"mobile":{"background-color":"","background-image":"","background-repeat":"repeat","background-position":"center center","background-size":"auto","background-attachment":"scroll","background-type":"","background-media":"","overlay-type":"","overlay-color":"","overlay-opacity":"","overlay-gradient":""}},"ast-content-background-meta":{"desktop":{"background-color":"var(--ast-global-color-5)","background-image":"","background-repeat":"repeat","background-position":"center center","background-size":"auto","background-attachment":"scroll","background-type":"","background-media":"","overlay-type":"","overlay-color":"","overlay-opacity":"","overlay-gradient":""},"tablet":{"background-color":"var(--ast-global-color-5)","background-image":"","background-repeat":"repeat","background-position":"center center","background-size":"auto","background-attachment":"scroll","background-type":"","background-media":"","overlay-type":"","overlay-color":"","overlay-opacity":"","overlay-gradient":""},"mobile":{"background-color":"var(--ast-global-color-5)","background-image":"","background-repeat":"repeat","background-position":"center center","background-size":"auto","background-attachment":"scroll","background-type":"","background-media":"","overlay-type":"","overlay-color":"","overlay-opacity":"","overlay-gradient":""}},"footnotes":""},"class_list":["post-4100","page","type-page","status-publish","hentry"],"post_mailing_queue_ids":[],"_links":{"self":[{"href":"https:\/\/agora.xtec.cat\/insmarianao\/wp-json\/wp\/v2\/pages\/4100","targetHints":{"allow":["GET"]}}],"collection":[{"href":"https:\/\/agora.xtec.cat\/insmarianao\/wp-json\/wp\/v2\/pages"}],"about":[{"href":"https:\/\/agora.xtec.cat\/insmarianao\/wp-json\/wp\/v2\/types\/page"}],"author":[{"embeddable":true,"href":"https:\/\/agora.xtec.cat\/insmarianao\/wp-json\/wp\/v2\/users\/1"}],"replies":[{"embeddable":true,"href":"https:\/\/agora.xtec.cat\/insmarianao\/wp-json\/wp\/v2\/comments?post=4100"}],"version-history":[{"count":6,"href":"https:\/\/agora.xtec.cat\/insmarianao\/wp-json\/wp\/v2\/pages\/4100\/revisions"}],"predecessor-version":[{"id":5644,"href":"https:\/\/agora.xtec.cat\/insmarianao\/wp-json\/wp\/v2\/pages\/4100\/revisions\/5644"}],"up":[{"embeddable":true,"href":"https:\/\/agora.xtec.cat\/insmarianao\/wp-json\/wp\/v2\/pages\/1432"}],"wp:attachment":[{"href":"https:\/\/agora.xtec.cat\/insmarianao\/wp-json\/wp\/v2\/media?parent=4100"}],"curies":[{"name":"wp","href":"https:\/\/api.w.org\/{rel}","templated":true}]}}