{"id":3004,"date":"2023-11-24T09:53:51","date_gmt":"2023-11-24T08:53:51","guid":{"rendered":"https:\/\/agora.xtec.cat\/insmarianao\/?page_id=3004"},"modified":"2026-02-05T20:35:50","modified_gmt":"2026-02-05T19:35:50","slug":"slam-poetry","status":"publish","type":"page","link":"https:\/\/agora.xtec.cat\/insmarianao\/projectes\/slam-poetry\/","title":{"rendered":"Slam Poetry"},"content":{"rendered":"<div class=\"header-common-style header-slam-poetry\"><\/div>\n<p style=\"text-align: justify;\">Els alumnes i les alumnes de <strong>4t ESO<\/strong> del nostre centre participen en la competici\u00f3 po\u00e8tica &#8220;<strong>Llobregat\u00a0 Slam Poetry<\/strong>&#8220;.<\/p>\n<p style=\"text-align: justify;\">L\u2019Slam Poetry \u00e9s un format de poesia que ha irromput amb for\u00e7a a les aules d\u2019arreu d\u2019Europa, amb unes aplicacions i potencials educatius molt interessants. \u00c9s un joc centrat en la paraula en qu\u00e8, els\/les participants o &#8220;<em>slammers<\/em>&#8221; disposen de tres minuts per interpretar un text po\u00e8tic d\u2019autoria pr\u00f2pia, fent servir nom\u00e9s la seva veu i el seu cos, davant una audi\u00e8ncia que \u00e9s qui decideix quina actuaci\u00f3 \u00e9s la guanyadora.<\/p>\n<p style=\"text-align: justify;\">L\u2019Slam Poetry consta de tres sessions formatives a l\u2019aula i una experi\u00e8ncia esc\u00e8nica, tamb\u00e9 a l\u2019aula, per tal d\u2019escollir els guanyadors i guanyadores de cada grup-classe, que assistiran a la &#8220;Gran Final Instituts de Sant Boi&#8221;, a la recerca del millor &#8220;<em>rapsoda<\/em>&#8221; jove de la vila.<\/p>\n<p><img loading=\"lazy\" decoding=\"async\" class=\"gallery-image aligncenter\" src=\"https:\/\/agora.xtec.cat\/insmarianao\/wp-content\/uploads\/usu2666\/2023\/11\/slam_poetry.png\" alt=\"Slam Poetry\" width=\"283\" height=\"285\" \/><\/p>\n","protected":false},"excerpt":{"rendered":"<p>Els alumnes i les alumnes de 4t ESO del nostre centre participen en la competici\u00f3 po\u00e8tica &#8220;Llobregat\u00a0 Slam Poetry&#8220;. L\u2019Slam Poetry \u00e9s un format de poesia que ha irromput amb for\u00e7a a les aules d\u2019arreu d\u2019Europa, amb unes aplicacions i potencials educatius molt interessants. \u00c9s un joc centrat en la paraula en qu\u00e8, els\/les participants [&hellip;]<\/p>\n","protected":false},"author":1,"featured_media":0,"parent":1967,"menu_order":7,"comment_status":"closed","ping_status":"closed","template":"","meta":{"_bbp_topic_count":0,"_bbp_reply_count":0,"_bbp_total_topic_count":0,"_bbp_total_reply_count":0,"_bbp_voice_count":0,"_bbp_anonymous_reply_count":0,"_bbp_topic_count_hidden":0,"_bbp_reply_count_hidden":0,"_bbp_forum_subforum_count":0,"site-sidebar-layout":"default","site-content-layout":"","ast-site-content-layout":"default","site-content-style":"default","site-sidebar-style":"default","ast-global-header-display":"","ast-banner-title-visibility":"","ast-main-header-display":"","ast-hfb-above-header-display":"","ast-hfb-below-header-display":"","ast-hfb-mobile-header-display":"","site-post-title":"","ast-breadcrumbs-content":"","ast-featured-img":"","footer-sml-layout":"","theme-transparent-header-meta":"default","adv-header-id-meta":"","stick-header-meta":"","header-above-stick-meta":"","header-main-stick-meta":"","header-below-stick-meta":"","astra-migrate-meta-layouts":"set","ast-page-background-enabled":"default","ast-page-background-meta":{"desktop":{"background-color":"var(--ast-global-color-4)","background-image":"","background-repeat":"repeat","background-position":"center center","background-size":"auto","background-attachment":"scroll","background-type":"","background-media":"","overlay-type":"","overlay-color":"","overlay-opacity":"","overlay-gradient":""},"tablet":{"background-color":"","background-image":"","background-repeat":"repeat","background-position":"center center","background-size":"auto","background-attachment":"scroll","background-type":"","background-media":"","overlay-type":"","overlay-color":"","overlay-opacity":"","overlay-gradient":""},"mobile":{"background-color":"","background-image":"","background-repeat":"repeat","background-position":"center center","background-size":"auto","background-attachment":"scroll","background-type":"","background-media":"","overlay-type":"","overlay-color":"","overlay-opacity":"","overlay-gradient":""}},"ast-content-background-meta":{"desktop":{"background-color":"var(--ast-global-color-5)","background-image":"","background-repeat":"repeat","background-position":"center center","background-size":"auto","background-attachment":"scroll","background-type":"","background-media":"","overlay-type":"","overlay-color":"","overlay-opacity":"","overlay-gradient":""},"tablet":{"background-color":"var(--ast-global-color-5)","background-image":"","background-repeat":"repeat","background-position":"center center","background-size":"auto","background-attachment":"scroll","background-type":"","background-media":"","overlay-type":"","overlay-color":"","overlay-opacity":"","overlay-gradient":""},"mobile":{"background-color":"var(--ast-global-color-5)","background-image":"","background-repeat":"repeat","background-position":"center center","background-size":"auto","background-attachment":"scroll","background-type":"","background-media":"","overlay-type":"","overlay-color":"","overlay-opacity":"","overlay-gradient":""}},"footnotes":""},"class_list":["post-3004","page","type-page","status-publish","hentry"],"post_mailing_queue_ids":[],"_links":{"self":[{"href":"https:\/\/agora.xtec.cat\/insmarianao\/wp-json\/wp\/v2\/pages\/3004","targetHints":{"allow":["GET"]}}],"collection":[{"href":"https:\/\/agora.xtec.cat\/insmarianao\/wp-json\/wp\/v2\/pages"}],"about":[{"href":"https:\/\/agora.xtec.cat\/insmarianao\/wp-json\/wp\/v2\/types\/page"}],"author":[{"embeddable":true,"href":"https:\/\/agora.xtec.cat\/insmarianao\/wp-json\/wp\/v2\/users\/1"}],"replies":[{"embeddable":true,"href":"https:\/\/agora.xtec.cat\/insmarianao\/wp-json\/wp\/v2\/comments?post=3004"}],"version-history":[{"count":6,"href":"https:\/\/agora.xtec.cat\/insmarianao\/wp-json\/wp\/v2\/pages\/3004\/revisions"}],"predecessor-version":[{"id":5696,"href":"https:\/\/agora.xtec.cat\/insmarianao\/wp-json\/wp\/v2\/pages\/3004\/revisions\/5696"}],"up":[{"embeddable":true,"href":"https:\/\/agora.xtec.cat\/insmarianao\/wp-json\/wp\/v2\/pages\/1967"}],"wp:attachment":[{"href":"https:\/\/agora.xtec.cat\/insmarianao\/wp-json\/wp\/v2\/media?parent=3004"}],"curies":[{"name":"wp","href":"https:\/\/api.w.org\/{rel}","templated":true}]}}