{"id":2447,"date":"2023-09-22T12:12:47","date_gmt":"2023-09-22T10:12:47","guid":{"rendered":"https:\/\/agora.xtec.cat\/insmarianao\/?page_id=2447"},"modified":"2026-04-14T12:22:37","modified_gmt":"2026-04-14T10:22:37","slug":"pfi","status":"publish","type":"page","link":"https:\/\/agora.xtec.cat\/insmarianao\/secretaria-i-gestions\/preinscripcio-i-matricula\/pfi\/","title":{"rendered":"PFI &#8211; Preinscripci\u00f3 i Matr\u00edcula"},"content":{"rendered":"<div class=\"header-common-style header-matricula\"><\/div>\n<h4>Curs 2026-2027<\/h4>\n<h3 style=\"text-align: center;\"><span style=\"color: #ff0000;\">Fes la preinscripci\u00f3 online:<\/span><\/h3>\n<p style=\"text-align: center;\"><span style=\"color: #3366ff;\"><a style=\"color: #3366ff;\" href=\"https:\/\/preinscripcio.gencat.cat\/ca\/estudis\/pfi\/preinscriute\/sollicitud\/\" target=\"_blank\" rel=\"noopener\"><span style=\"color: #ff0000;\">Fes la sol\u00b7licitud de preinscripci\u00f3<\/span><\/a><\/span><\/p>\n<h4>Calendari de Preinscripci\u00f3 i Matr\u00edcula PFI Curs 2026\/2027<\/h4>\n<div class=\"custom-table\" style=\"margin-bottom: 30px;\">\n<table>\n<thead>\n<tr>\n<th style=\"text-align: center;\" colspan=\"2\">Calendari de Preinscripci\u00f3 i Matr\u00edcula PFI Curs 2026\/2027<\/th>\n<\/tr>\n<\/thead>\n<tbody>\n<tr>\n<td>Publicaci\u00f3 de l\u2019oferta<\/td>\n<td>30 d&#8217;abril<\/td>\n<\/tr>\n<tr>\n<td>Presentaci\u00f3 de sol\u00b7licituds<\/td>\n<td>4 al 13 de maig<\/td>\n<\/tr>\n<tr>\n<td>Entrevistes<\/td>\n<td>4 al 26 de maig<\/td>\n<\/tr>\n<tr>\n<td>Presentaci\u00f3 de documentaci\u00f3<\/td>\n<td>Fins al 14 de maig<\/td>\n<\/tr>\n<tr>\n<td>Llistes <strong>provisionals<\/strong> amb puntuaci\u00f3 provisional<\/td>\n<td>28 de maig<\/td>\n<\/tr>\n<tr>\n<td>Termini de reclamacions<\/td>\n<td>28 de maig al 3 de juny<\/td>\n<\/tr>\n<tr>\n<td>Llistes amb puntuaci\u00f3 un cop resoltes les reclamacions i sorteig<\/td>\n<td>8 de juny<\/td>\n<\/tr>\n<tr>\n<td>Publicaci\u00f3 de l\u2019oferta final<\/td>\n<td>3 de juliol<\/td>\n<\/tr>\n<tr>\n<td>Llistat d\u2019<strong>admesos i llistes d\u2019espera<\/strong><\/td>\n<td>3 de juliol<\/td>\n<\/tr>\n<tr>\n<td>Per\u00edode de matr\u00edcula<\/td>\n<td>6 al 10 de juliol<\/td>\n<\/tr>\n<\/tbody>\n<\/table>\n<\/div>\n<h5 style=\"text-align: center;\"><span style=\"color: #3366ff;\">M\u00e9s informaci\u00f3 a:<\/span><br \/>\n<span style=\"color: #3366ff;\"><a style=\"color: #3366ff;\" href=\"https:\/\/preinscripcio.gencat.cat\/ca\/estudis\/pfi\/inici\/\" target=\"_blank\" rel=\"noopener\">La preinscripci\u00f3 escolar als programes de formaci\u00f3 i inserci\u00f3<\/a><\/span><\/h5>\n<h3>CRITERIS D\u2019ASSIGNACI\u00d3 DE PLA\u00c7A<\/h3>\n<p><strong>Quins s\u00f3n els criteris de prioritat per accedir als programes de formaci\u00f3 i inserci\u00f3?<\/strong><\/p>\n<ol>\n<li style=\"text-align: justify;\"><strong>Proximitat del domicili al centre on es fa el programa<\/strong>, segons les \u00e0rees d&#8217;influ\u00e8ncia establertes:\n<ul>\n<li>Si el domicili es troba dins la zona educativa 1 del centre se sumen <strong>30 punts<\/strong>.<\/li>\n<li>Si el domicili es troba dins la zona educativa 2 del centre se sumen <strong>15 punts<\/strong>.<\/li>\n<\/ul>\n<\/li>\n<li style=\"text-align: justify;\"><strong>Participaci\u00f3 per primera vegada en programes de formaci\u00f3 i inserci\u00f3<\/strong>. Si no has cursat un programa de qualificaci\u00f3 professi\u00f3 inicial (PQPI), ni un programa de formaci\u00f3 i inserci\u00f3, ni un cicle de formaci\u00f3 professional, se sumen <strong>20 punts<\/strong>.<\/li>\n<li style=\"text-align: justify;\"><strong>Anys d&#8217;escolaritzaci\u00f3 a l&#8217;ESO<\/strong>.\n<ul>\n<li>Si has cursat ESO en un centre ordinari\n<ol>\n<li>Per cada any cursat a l&#8217;ESO, l&#8217;alumne o alumna sol\u00b7licitant sumar\u00e0 <strong>5 punts<\/strong>.<\/li>\n<li>Segons quin sigui l&#8217;\u00faltim curs fet a l&#8217;ESO:\n<ul>\n<li>Si l&#8217;\u00faltim curs realitzat \u00e9s quart d&#8217;ESO, se sumen <strong>20 punts<\/strong>.<\/li>\n<li>Si l&#8217;\u00faltim curs realitzat \u00e9s tercer d&#8217;ESO, se sumen <strong>10 punts<\/strong>.<\/li>\n<li>Si l&#8217;\u00faltim curs realitzat \u00e9s segon d&#8217;ESO, se sumen <strong>5 punts<\/strong>.<\/li>\n<\/ul>\n<\/li>\n<\/ol>\n<\/li>\n<li>Si has estat matriculat en un centre de formaci\u00f3 per a persones adultes:\n<ul>\n<li>Se sumen <strong>10 punts<\/strong> si has estat escolaritzat tot el curs i <strong>5 punts<\/strong> si ho has estat parcialment.<\/li>\n<li>Si s&#8217;acredita el nivell 1 del curr\u00edculum d&#8217;ESO, se sumen <strong>5 punts<\/strong>.<\/li>\n<\/ul>\n<\/li>\n<\/ul>\n<\/li>\n<li style=\"text-align: justify;\"><strong>Entrevista per valorar l&#8217;adequaci\u00f3 del programa<\/strong> a la situaci\u00f3, els interessos, la motivaci\u00f3 i les aptituds de l&#8217;alumne o alumna, aix\u00ed com la manca d&#8217;experi\u00e8ncia laboral. Segons els resultats de l&#8217;entrevista es poden aconseguir: <strong>0, 10, 20 o 30 punts<\/strong>.<\/li>\n<\/ol>\n<p style=\"text-align: justify;\"><strong>Qu\u00e8 passa si hi ha un empat entre les sol\u00b7licituds amb una qualificaci\u00f3 m\u00e9s alta?<\/strong><\/p>\n<p style=\"text-align: justify;\">Totes les sol\u00b7licituds de preinscripci\u00f3 tenen assignat de manera aleat\u00f2ria <strong>un n\u00famero que serveix per ordenar-les quan hi ha empat<\/strong>. A trav\u00e9s d&#8217;un <strong>sorteig p\u00fablic<\/strong> s&#8217;aconsegueix un <strong>n\u00famero de desempat<\/strong> a partir del qual es fa l&#8217;ordenaci\u00f3 de sol\u00b7licituds.<\/p>\n<p style=\"text-align: justify;\">Si per alguna de les vies d&#8217;acc\u00e9s no s&#8217;ocupen totes les places que li corresponen, les vacants s&#8217;ofereixen als alumnes apuntats a la llista d&#8217;espera.<\/p>\n<h3>DOCUMENTACI\u00d3<\/h3>\n<p style=\"text-align: justify;\">Per fer la sol\u00b7licitud de preinscripci\u00f3 cal presentar tota la documentaci\u00f3 necess\u00e0ria per acreditar la identitat de l&#8217;alumne sol\u00b7licitant i l&#8217;acompliment dels criteris de prioritat d&#8217;assignaci\u00f3 de places.<\/p>\n<ol>\n<li><strong>Si la sol\u00b7licitud es presenta mitjan\u00e7ant el formulari electr\u00f2nic:<\/strong>\n<ul>\n<li style=\"text-align: justify;\"><strong>Eina d&#8217;identificaci\u00f3 digital<\/strong>: La persona que faci el tr\u00e0mit en format electr\u00f2nic cal que tingui una eina d&#8217;identificaci\u00f3 digital com el DNI electr\u00f2nic, la T-CAT, el sistema Cl@ve o l&#8217;idCAT M\u00f2bil. Si no es t\u00e9 aquesta eina es pot presentar la sol\u00b7licitud en format inform\u00e0tic.<\/li>\n<li style=\"text-align: justify;\"><strong>Codi identificador de l&#8217;alumne o l&#8217;alumna el RALC<\/strong>. Aquest codi es pot consultar en aquest web, a l&#8217;apartat <strong>Consulta de l&#8217;identificador de l&#8217;alumne<\/strong>. Per fer la consulta i obtenir el n\u00famero d&#8217;identificador, la persona que faci el tr\u00e0mit s&#8217;ha d&#8217;autenticar electr\u00f2nicament. El portal sol\u00b7licita <strong>la data de naixement de l&#8217;alumne<\/strong> i, un cop validada, mostra la informaci\u00f3 en pantalla.<\/li>\n<li>Si l&#8217;alumne a l&#8217;alumna no disposa del RALC, caldr\u00e0 adjuntar:<br \/>\n<strong>Si \u00e9s menor d&#8217;edat:<\/strong><\/p>\n<ul>\n<li><strong>Llibre de fam\u00edlia o altres documents relatius a la filiaci\u00f3.<\/strong><\/li>\n<li style=\"text-align: justify;\"><strong>DNI del pare, la mare o el tutor o la tutora de l&#8217;alumne<\/strong>. Si el sol\u00b7licitant \u00e9s estranger, necessitar\u00e0 la <strong>targeta de resid\u00e8ncia<\/strong> on consta el <strong>NIE<\/strong> o el <strong>passaport<\/strong>, i si \u00e9s estranger d&#8217;un pa\u00eds membre de la Uni\u00f3 Europea li caldr\u00e0 adjuntar el <strong>document d&#8217;identitat del pa\u00eds d&#8217;origen<\/strong>.<\/li>\n<\/ul>\n<p><strong>Si \u00e9s major d&#8217;edat:<\/strong><\/p>\n<ul>\n<li><strong>DNI, NIE, passaport o document d&#8217;identitat d&#8217;un pa\u00eds membre de l&#8217;alumne o l&#8217;alumna.<\/strong><\/li>\n<\/ul>\n<\/li>\n<\/ul>\n<\/li>\n<li><strong>Si la sol\u00b7licitud es presenta mitjan\u00e7ant el formulari en suport inform\u00e0tic<\/strong> cal adjuntar els seg\u00fcents documents identificatius:<br \/>\n<strong>Si \u00e9s menor d&#8217;edat:<\/strong><\/p>\n<ul>\n<li style=\"text-align: justify;\"><strong>Certificaci\u00f3 electr\u00f2nica de la inscripci\u00f3 de naixement o llibre de fam\u00edlia o altres documents relatius a la filiaci\u00f3<\/strong>. Quan l&#8217;alumne estigui en situaci\u00f3 d&#8217;acolliment, el document que cal aportar \u00e9s la resoluci\u00f3 d&#8217;acolliment del Departament de Drets Socials.<\/li>\n<li style=\"text-align: justify;\"><strong>DNI del pare, la mare o el tutor o la tutora de l&#8217;alumne<\/strong>. Si el sol\u00b7licitant \u00e9s estranger, necessitar\u00e0 la <strong>targeta de resid\u00e8ncia<\/strong> on consta el <strong>NIE<\/strong> o el <strong>passaport<\/strong>.<\/li>\n<\/ul>\n<p><strong>Si \u00e9s major d&#8217;edat:<\/strong><\/p>\n<ul>\n<li><strong>DNI, NIE, passaport o document d&#8217;identitat d&#8217;un pa\u00eds membre de l&#8217;alumne o l&#8217;alumna.<\/strong><\/li>\n<\/ul>\n<\/li>\n<\/ol>\n<p>Per <strong>acreditar la condici\u00f3 de discapacitat<\/strong> s&#8217;ha de presentar la targeta acreditativa de la discapacitat vigent<\/p>\n<h3>Documentaci\u00f3 acreditativa dels criteris de prioritat<\/h3>\n<ol>\n<li style=\"text-align: justify;\"><strong>Proximitat del domicili al lloc on es fa el programa<\/strong>: original i c\u00f2pia del DNI de la persona sol\u00b7licitant o, en el cas de persones estrangeres, de la targeta de resid\u00e8ncia on consta el NIE.Quan el domicili habitual que s&#8217;al\u00b7lega no coincideix amb el del DNI o el de la targeta de resid\u00e8ncia on consta el NIE, o es tracta de persones estrangeres sense NIE, s&#8217;acredita amb el certificat o volant municipal de conviv\u00e8ncia de l&#8217;alumne o alumna, on ha de constar que conviu amb la persona sol\u00b7licitant, si escau.<\/li>\n<li style=\"text-align: justify;\"><strong>Participaci\u00f3 per primera vegada en una programa de formaci\u00f3 i inserci\u00f3<\/strong>: s&#8217;acredita marcant la casella corresponent en la sol\u00b7licitud de preinscripci\u00f3 telem\u00e0tica. <strong>Anys d&#8217;escolaritzaci\u00f3 a l&#8217;ESO<\/strong>: certificat d&#8217;estudis o altra documentaci\u00f3 que acrediti el nombre de cursos escolaritzats a l&#8217;ESO i l&#8217;\u00faltim curs que s&#8217;ha fet o que s&#8217;est\u00e0 fent. Per a l&#8217;alumnat que est\u00e0 matriculat en un centre de formaci\u00f3 per a persones adultes, certificat conforme ha estat escolaritzat tot el curs o ha estat escolaritzat parcialment.Si es tracta d&#8217;alumnes que han cursat l&#8217;ESO a Catalunya en un centre ordinari a partir del curs 2017-2018, o que actualment est\u00e0 cursant l&#8217;ESO a Catalunya, no han d&#8217;adjuntar cap certificat del seu expedient acad\u00e8mic ja que s&#8217;obt\u00e9 de les bases de dades del Departament d&#8217;Educaci\u00f3 i es mostra les puntuacions obtingudes a la llista de sol\u00b7licituds de preinscripci\u00f3 al centre amb la puntuaci\u00f3 provisional. Si no s&#8217;ha pogut obtenir, cal adjuntar el certificat d&#8217;aquesta qualificaci\u00f3 mitjana abans de finalitzar el per\u00edode per presentar una reclamaci\u00f3 a la llista de sol\u00b7licituds de preinscripci\u00f3 al centre amb la puntuaci\u00f3 provisional.<\/li>\n<li><strong>Entrevista<\/strong>: no cal presentar cap documentaci\u00f3 ja que l&#8217;entrevista es fa al centre.<\/li>\n<\/ol>\n","protected":false},"excerpt":{"rendered":"<p>Curs 2026-2027 Fes la preinscripci\u00f3 online: Fes la sol\u00b7licitud de preinscripci\u00f3 Calendari de Preinscripci\u00f3 i Matr\u00edcula PFI Curs 2026\/2027 Calendari de Preinscripci\u00f3 i Matr\u00edcula PFI Curs 2026\/2027 Publicaci\u00f3 de l\u2019oferta 30 d&#8217;abril Presentaci\u00f3 de sol\u00b7licituds 4 al 13 de maig Entrevistes 4 al 26 de maig Presentaci\u00f3 de documentaci\u00f3 Fins al 14 de maig Llistes [&hellip;]<\/p>\n","protected":false},"author":1,"featured_media":0,"parent":979,"menu_order":4,"comment_status":"closed","ping_status":"closed","template":"","meta":{"_bbp_topic_count":0,"_bbp_reply_count":0,"_bbp_total_topic_count":0,"_bbp_total_reply_count":0,"_bbp_voice_count":0,"_bbp_anonymous_reply_count":0,"_bbp_topic_count_hidden":0,"_bbp_reply_count_hidden":0,"_bbp_forum_subforum_count":0,"site-sidebar-layout":"default","site-content-layout":"","ast-site-content-layout":"default","site-content-style":"default","site-sidebar-style":"default","ast-global-header-display":"","ast-banner-title-visibility":"","ast-main-header-display":"","ast-hfb-above-header-display":"","ast-hfb-below-header-display":"","ast-hfb-mobile-header-display":"","site-post-title":"","ast-breadcrumbs-content":"","ast-featured-img":"","footer-sml-layout":"","theme-transparent-header-meta":"default","adv-header-id-meta":"","stick-header-meta":"","header-above-stick-meta":"","header-main-stick-meta":"","header-below-stick-meta":"","astra-migrate-meta-layouts":"set","ast-page-background-enabled":"default","ast-page-background-meta":{"desktop":{"background-color":"var(--ast-global-color-4)","background-image":"","background-repeat":"repeat","background-position":"center center","background-size":"auto","background-attachment":"scroll","background-type":"","background-media":"","overlay-type":"","overlay-color":"","overlay-opacity":"","overlay-gradient":""},"tablet":{"background-color":"","background-image":"","background-repeat":"repeat","background-position":"center center","background-size":"auto","background-attachment":"scroll","background-type":"","background-media":"","overlay-type":"","overlay-color":"","overlay-opacity":"","overlay-gradient":""},"mobile":{"background-color":"","background-image":"","background-repeat":"repeat","background-position":"center center","background-size":"auto","background-attachment":"scroll","background-type":"","background-media":"","overlay-type":"","overlay-color":"","overlay-opacity":"","overlay-gradient":""}},"ast-content-background-meta":{"desktop":{"background-color":"var(--ast-global-color-5)","background-image":"","background-repeat":"repeat","background-position":"center center","background-size":"auto","background-attachment":"scroll","background-type":"","background-media":"","overlay-type":"","overlay-color":"","overlay-opacity":"","overlay-gradient":""},"tablet":{"background-color":"var(--ast-global-color-5)","background-image":"","background-repeat":"repeat","background-position":"center center","background-size":"auto","background-attachment":"scroll","background-type":"","background-media":"","overlay-type":"","overlay-color":"","overlay-opacity":"","overlay-gradient":""},"mobile":{"background-color":"var(--ast-global-color-5)","background-image":"","background-repeat":"repeat","background-position":"center center","background-size":"auto","background-attachment":"scroll","background-type":"","background-media":"","overlay-type":"","overlay-color":"","overlay-opacity":"","overlay-gradient":""}},"footnotes":""},"class_list":["post-2447","page","type-page","status-publish","hentry"],"post_mailing_queue_ids":[],"_links":{"self":[{"href":"https:\/\/agora.xtec.cat\/insmarianao\/wp-json\/wp\/v2\/pages\/2447","targetHints":{"allow":["GET"]}}],"collection":[{"href":"https:\/\/agora.xtec.cat\/insmarianao\/wp-json\/wp\/v2\/pages"}],"about":[{"href":"https:\/\/agora.xtec.cat\/insmarianao\/wp-json\/wp\/v2\/types\/page"}],"author":[{"embeddable":true,"href":"https:\/\/agora.xtec.cat\/insmarianao\/wp-json\/wp\/v2\/users\/1"}],"replies":[{"embeddable":true,"href":"https:\/\/agora.xtec.cat\/insmarianao\/wp-json\/wp\/v2\/comments?post=2447"}],"version-history":[{"count":6,"href":"https:\/\/agora.xtec.cat\/insmarianao\/wp-json\/wp\/v2\/pages\/2447\/revisions"}],"predecessor-version":[{"id":6002,"href":"https:\/\/agora.xtec.cat\/insmarianao\/wp-json\/wp\/v2\/pages\/2447\/revisions\/6002"}],"up":[{"embeddable":true,"href":"https:\/\/agora.xtec.cat\/insmarianao\/wp-json\/wp\/v2\/pages\/979"}],"wp:attachment":[{"href":"https:\/\/agora.xtec.cat\/insmarianao\/wp-json\/wp\/v2\/media?parent=2447"}],"curies":[{"name":"wp","href":"https:\/\/api.w.org\/{rel}","templated":true}]}}