{"id":2433,"date":"2023-09-22T11:47:56","date_gmt":"2023-09-22T09:47:56","guid":{"rendered":"https:\/\/agora.xtec.cat\/insmarianao\/?page_id=2433"},"modified":"2026-04-16T16:50:22","modified_gmt":"2026-04-16T14:50:22","slug":"cfgs","status":"publish","type":"page","link":"https:\/\/agora.xtec.cat\/insmarianao\/secretaria-i-gestions\/preinscripcio-i-matricula\/cfgs\/","title":{"rendered":"CFGS &#8211; Preinscripci\u00f3 i Matr\u00edcula"},"content":{"rendered":"<div class=\"header-common-style header-matricula\"><\/div>\n<h4>Curs 2026-2027<\/h4>\n<h3 style=\"text-align: center;\"><span style=\"color: #ff0000;\">Fes la preinscripci\u00f3 online:<\/span><\/h3>\n<p style=\"text-align: center;\"><span style=\"color: #3366ff;\"><a style=\"color: #3366ff;\" href=\"https:\/\/preinscripcio.gencat.cat\/ca\/estudis\/fp-grau-superior\/preinscriute\/sollicitud\/\" target=\"_blank\" rel=\"noopener\"><span style=\"color: #ff0000;\">Fes la sol\u00b7licitud de preinscripci\u00f3<\/span><\/a><\/span><\/p>\n<h4>Calendari de Preinscripci\u00f3 i Matr\u00edcula CFGS Curs 2026\/2027<\/h4>\n<div class=\"custom-table\">\n<table>\n<colgroup>\n<col style=\"width: 95px;\" \/>\n<col style=\"width: auto;\" \/>\n<col style=\"width: auto;\" \/> <\/colgroup>\n<thead>\n<tr>\n<th style=\"text-align: center;\" colspan=\"3\">Calendari de Preinscripci\u00f3 i Matr\u00edcula CFGS Curs 2026\/2027<\/th>\n<\/tr>\n<\/thead>\n<tbody>\n<tr>\n<td style=\"background-color: grey;\" rowspan=\"6\"><\/td>\n<td>Presentaci\u00f3 de sol\u00b7licituds<\/td>\n<td>26 de maig a 1 de juny<\/td>\n<\/tr>\n<tr>\n<td>Presentaci\u00f3 de documentaci\u00f3<\/td>\n<td>2 de juny<\/td>\n<\/tr>\n<tr>\n<td>Llistes amb puntuaci\u00f3 <strong>provisional<\/strong><\/td>\n<td>29 de juny<\/td>\n<\/tr>\n<tr>\n<td>Termini de <strong>reclamacions de la puntuaci\u00f3<\/strong><\/td>\n<td>29 de juny a 2 de juliol<\/td>\n<\/tr>\n<tr>\n<td>Sorteig<\/td>\n<td>6 de juliol<\/td>\n<\/tr>\n<tr>\n<td>Llista amb <strong>puntuaci\u00f3 definitiva<\/strong><\/td>\n<td>7 de juliol<\/td>\n<\/tr>\n<tr>\n<td rowspan=\"4\">TANDA 1<\/td>\n<td>Publicaci\u00f3 de la <strong>primera tanda d\u2019assignacions<\/strong><\/td>\n<td>10 de juliol<\/td>\n<\/tr>\n<tr>\n<td><strong>Confirmaci\u00f3 o ren\u00fancia<\/strong> a la pla\u00e7a assignada (online)<\/td>\n<td>10 al 14 de juliol<\/td>\n<\/tr>\n<tr>\n<td><strong>Matr\u00edcula d\u2019assignats<\/strong> a la <strong>primera<\/strong> tanda (al centre)<\/td>\n<td>10 al 16 de juliol<\/td>\n<\/tr>\n<tr>\n<td><strong>Reclamaci\u00f3<\/strong> a les llistes d\u2019assignats<br \/>\n<strong>a primera tanda<\/strong><\/td>\n<td>13 al 15 de juliol<\/td>\n<\/tr>\n<tr>\n<td rowspan=\"4\">TANDA 2<\/td>\n<td>Publicaci\u00f3 de la <strong>segona tanda d\u2019assignacions<\/strong><\/td>\n<td>24 de juliol<\/td>\n<\/tr>\n<tr>\n<td><strong>Confirmaci\u00f3 o ren\u00fancia<\/strong> a la pla\u00e7a assignada (online)<\/td>\n<td>24 al 28 de juliol<\/td>\n<\/tr>\n<tr>\n<td><strong>Matr\u00edcula d\u2019assignats<\/strong> a la <strong>segona<\/strong> tanda (al centre)<\/td>\n<td>27 al 29 de juliol * i<br \/>\n1 a 3 de setembre<\/td>\n<\/tr>\n<tr>\n<td><strong>Reclamaci\u00f3<\/strong> a les llistes d\u2019assignats<br \/>\n<strong>a segona tanda<\/strong><\/td>\n<td>27 al 29 de juliol<\/td>\n<\/tr>\n<\/tbody>\n<\/table>\n<\/div>\n<p style=\"text-align: right;\"><small>* A l\u2019agost el centre est\u00e0 tancat.<\/small><\/p>\n<h5 style=\"text-align: center;\"><span style=\"color: #3366ff;\">M\u00e9s informaci\u00f3 a:<\/span><br \/>\n<span style=\"color: #3366ff;\"><a style=\"color: #3366ff;\" href=\"https:\/\/preinscripcio.gencat.cat\/ca\/estudis\/fp-grau-superior\/inici\/\" target=\"_blank\" rel=\"noopener\">La preinscripci\u00f3 al grau superior de formaci\u00f3 professional<\/a><\/span><\/h5>\n<h3>CRITERIS DE LA PRIORITAT I BAREM PER ALS CF GRAU SUPERIOR<\/h3>\n<p>Criteris per a l\u2019assignaci\u00f3 de les places<\/p>\n<p style=\"text-align: justify;\">Els centres educatius de Catalunya ofereixen una quantitat limitada de places. Si el nombre de sol\u00b7licituds que s&#8217;han fet per a un ensenyament i centre determinat \u00e9s superior al nombre de places que ofereix aquest centre, pot passar que algun dels alumnes que l&#8217;h\u00e0giu triat no hi obtingueu pla\u00e7a.<\/p>\n<p style=\"text-align: justify;\">Per tant, com que alguns centres tenen una demanda d&#8217;inscripcions superior al nombre de matr\u00edcules que poden oferir, \u00e9s important que feu constar, en la sol\u00b7licitud, el m\u00e0xim nombre de centres que s&#8217;ajusten a les vostres prioritats, fins a un total de 10, ordenats segons les vostres prefer\u00e8ncies.<\/p>\n<p style=\"text-align: justify;\">Les sol\u00b7licituds de preinscripci\u00f3 a la formaci\u00f3 professional de grau superior s&#8217;ordenen, en primer lloc, segons les diferents <strong>vies d&#8217;acc\u00e9s<\/strong> a aquests cicles i, dins de cada via, segons les <strong>prioritats espec\u00edfiques<\/strong>, si n&#8217;hi ha. A continuaci\u00f3, en funci\u00f3 de la qualificaci\u00f3 mitjana que cada alumne\/a ha obtingut en estudis, proves o cursos, de manera decreixent i, finalment, l&#8217;ordre en qu\u00e8 l&#8217;alumne\/a ha definit els cicles en la sol\u00b7licitud. L&#8217;ordenaci\u00f3 de les sol\u00b7licituds es diferent per a cada via d&#8217;acc\u00e9s.<\/p>\n<p>Hi ha <span style=\"text-decoration: underline;\"><strong>3 vies per accedir a les places<\/strong><\/span> a cicles formatius:<\/p>\n<ol>\n<li>Un <strong>80 % de les places<\/strong> es reserven per a la <strong>via del batxillerat i t\u00e8cnic\/a de formaci\u00f3 professional<\/strong>. Del total de places d&#8217;aquesta via, el 50 % estan inicialment destinades per als que heu cursat batxillerat, i, el 50 % dedicades als que heu cursat un t\u00edtol de t\u00e8cnic\/a de formaci\u00f3 professional. En el cas que no s&#8217;omplin totes les vacants es destinen a l&#8217;altre grup de sol\u00b7licituds.\n<p style=\"text-align: justify;\">En aquesta primera via, s\u00f3n priorit\u00e0ries les sol\u00b7licituds de les persones que heu acabat (o acabareu) els estudis els cursos 2023-2024, 2024-2025 i 2025-2026, respecte de les persones que els heu acabat en cursos anteriors.<\/p>\n<p style=\"text-align: justify;\">Una vegada diferenciades les sol\u00b7licituds en funci\u00f3 dels estudis previs i del curs acad\u00e8mic en qu\u00e8 els heu finalitzat, les peticions dins les sol\u00b7licituds s&#8217;ordenen a partir de la <strong>nota d&#8217;acc\u00e9s<\/strong>.<\/p>\n<p style=\"text-align: justify;\">En general, la <strong>nota d&#8217;acc\u00e9s<\/strong> \u00e9s la qualificaci\u00f3 del batxillerat o cicle de grau mitj\u00e0 que s&#8217;al\u00b7lega per accedir. Ara b\u00e9, si la modalitat de batxillerat cursada \u00e9s preferent per accedir al t\u00edtol que es vol cursar, segons la <a href=\"https:\/\/triaeducativa.gencat.cat\/ca\/batxillerat\/prioritat-admissio-fp-gs\/\" target=\"_blank\" rel=\"noopener\">taula de modalitats preferents de batxillerat<\/a>, d&#8217;una banda, o si el cicle de grau mitj\u00e0 cursat \u00e9s d&#8217;una fam\u00edlia af\u00ed al t\u00edtol que es vol cursar, <a href=\"https:\/\/triaeducativa.gencat.cat\/ca\/fp\/afinitat-families-professionals\/\" target=\"_blank\" rel=\"noopener\">segons la taula d&#8217;afinitats de les fam\u00edlies professionals<\/a>, de l&#8217;altra, la <strong>nota d&#8217;acc\u00e9s<\/strong> \u00e9s el resultat de multiplicar la qualificaci\u00f3 mitjana obtinguda en els estudis previs per un par\u00e0metre (1,7). Aix\u00ed la <strong>nota d&#8217;acc\u00e9s<\/strong> pot ser diferent per a cada petici\u00f3 de la sol\u00b7licitud, en funci\u00f3 de si es t\u00e9 acc\u00e9s prioritari per modalitat de batxillerat o per fam\u00edlia af\u00ed.<\/p>\n<p style=\"text-align: justify;\">Cada petici\u00f3 t\u00e9 la seva <strong>nota d&#8217;acc\u00e9s<\/strong> calculada i s&#8217;assignar\u00e0 o no en funci\u00f3 de la nota de tall per a batxillerat o t\u00e8cnic\/a de formaci\u00f3 professional que correspongui per al cicle demanat i de si la petici\u00f3 s&#8217;ha llistat com a m\u00e9s o menys priorit\u00e0ria en la sol\u00b7licitud.<\/p>\n<\/li>\n<li style=\"text-align: justify;\">Per a la <strong>via de la prova d&#8217;acc\u00e9s<\/strong> (o exempci\u00f3) o que tenen altres titulacions que hi permeten accedir, es fa una <strong>reserva de places del 15 %<\/strong>.<\/li>\n<li style=\"text-align: justify;\">Per a la <strong>via del t\u00edtol de de t\u00e8cnic\/a superior<\/strong> de formaci\u00f3 professional es reserva un <strong>5 % de les places<\/strong>.<\/li>\n<\/ol>\n<p style=\"text-align: justify;\">En les <strong>places reservades a les vies 2 i 3<\/strong>, les sol\u00b7licituds s&#8217;assignen en funci\u00f3 de la qualificaci\u00f3 mitjana de la prova, el curs o els estudis previs que donen acc\u00e9s i tamb\u00e9 en funci\u00f3 de si la petici\u00f3 s&#8217;ha llistat com a m\u00e9s o menys priorit\u00e0ria en la sol\u00b7licitud de preinscripci\u00f3.<\/p>\n<p style=\"text-align: justify;\">Per als casos en qu\u00e8 es produeixen situacions d&#8217;empat, a cada sol\u00b7licitud s&#8217;atorga un n\u00famero de forma aleat\u00f2ria. En la data assenyalada en el calendari, s&#8217;obt\u00e9 un n\u00famero per sorteig, i a partir d&#8217;aquest n\u00famero s&#8217;ordenen les sol\u00b7licituds empatades.<\/p>\n<p style=\"text-align: justify;\">Finalment, cal tenir en compte que si per alguna de les 3 vies d&#8217;acc\u00e9s no s&#8217;ocupen totes les places reservades corresponents, les vacants es reparteixen a la resta de les vies de manera proporcional.<\/p>\n<p style=\"text-align: justify;\">Acc\u00e9s amb certificats de professionalitat:<\/p>\n<p style=\"text-align: justify;\">Es fa una reserva de 2 places per grup per a les persones que han obtingut un o diversos certificats de professionalitat integrats en el cicle formatiu a qu\u00e8 es demana accedir per cursar els m\u00f2duls que els permetin finalitzar el cicle. Les sol\u00b7licituds s\u2019ordenen per la qualificaci\u00f3 obtinguda en el certificat de professionalitat, de manera decreixent i, en cas d\u2019empat s\u2019aplica tamb\u00e9 el resultat del sorteig.<\/p>\n<h3>DOCUMENTACI\u00d3 DE PREINSCRIPCI\u00d3<\/h3>\n<ol>\n<li><strong>Si la sol\u00b7licitud es presenta mitjan\u00e7ant el formulari electr\u00f2nic, cal indicar el n\u00famero identificador del RALC, el codi identificador de l&#8217;alumne o l&#8217;alumna:<\/strong>\n<p style=\"text-align: justify;\">Tots els infants que han estat matriculats a Catalunya a partir del curs 2015-2016 tenen assignat un codi identificador del Registre d&#8217;alumnes de Catalunya, el RALC.<\/p>\n<p style=\"text-align: justify;\">Aquest codi es pot consultar al<strong> web preinscripci\u00f3.gencat.cat<\/strong>, en l&#8217;apartat <strong>Consulta de l&#8217;identificador de l&#8217;alumne<\/strong>. Per fer la consulta i obtenir el n\u00famero d&#8217;identificador, la persona que faci el tr\u00e0mit s&#8217;ha d&#8217;autenticar electr\u00f2nicament. El portal sol\u00b7licita la <strong>data de naixement de l&#8217;alumne<\/strong> i, un cop validada, mostra la informaci\u00f3 en pantalla.<\/p>\n<p style=\"text-align: justify;\"><strong>\u00c9s important<\/strong> verificar tamb\u00e9 que tota la informaci\u00f3 que hi apareix \u00e9s correcta. En cas contrari, cal sol\u00b7licitar una rectificaci\u00f3 de les dades.<\/p>\n<p style=\"text-align: justify;\"><strong>Si no es disposa de RALC<\/strong>: si \u00e9s menor d&#8217;edat cal presentar llibre de fam\u00edlia i el DNI de l&#8217;alumne\/a o tutor. Si \u00e9s major d&#8217;edat nom\u00e9s cal aportar el DNI de l&#8217;alumne\/a.<\/p>\n<\/li>\n<li><strong>Si la sol\u00b7licitud es presenta mitjan\u00e7ant el formulari en suport inform\u00e0tic<\/strong> cal adjuntar els seg\u00fcents documents identificatius:\n<p style=\"text-align: justify;\"><strong>Si \u00e9s menor d&#8217;edat:<\/strong><\/p>\n<ul>\n<li style=\"text-align: justify;\"><strong>Llibre de fam\u00edlia o altres documents relatius a la filiaci\u00f3.<\/strong><\/li>\n<li><strong>DNI del pare, la mare o el tutor o la tutora de l&#8217;alumne<\/strong>.\n<p style=\"text-align: justify;\">Si el sol\u00b7licitant \u00e9s estranger, necessitar\u00e0 la <strong>targeta de resid\u00e8ncia<\/strong> on consta el <strong>NIE<\/strong> o el <strong>passaport<\/strong>.<\/p>\n<\/li>\n<\/ul>\n<p><strong>Si \u00e9s major d&#8217;edat:<\/strong><\/p>\n<ul>\n<li><strong>DNI, NIE, passaport o document d&#8217;identitat d&#8217;un pa\u00eds membre de l&#8217;alumne o l&#8217;alumna.<\/strong><\/li>\n<\/ul>\n<\/li>\n<\/ol>\n<h3>Documentaci\u00f3 acreditativa de la qualificaci\u00f3 mitjana d&#8217;estudis<\/h3>\n<ol>\n<li><strong>Els alumnes escolaritzats a Catalunya a partir del curs 2016\u20132017<\/strong> que al\u00b7leguin el t\u00edtol de Batxillerat o el de t\u00e8cnic de formaci\u00f3 professional de grau mitj\u00e0 o d&#8217;arts pl\u00e0stiques i disseny:\n<p style=\"text-align: justify;\"><strong>No<\/strong> cal presentar cap certificat de la qualificaci\u00f3 mitjana de l&#8217;expedient. Aquesta s&#8217;obt\u00e9 de les bases de dades del Departament d&#8217;Educaci\u00f3 i es mostra en la <strong>llista de sol\u00b7licituds<\/strong> de preinscripci\u00f3 al centre amb la <strong>puntuaci\u00f3 provisional<\/strong>.<\/p>\n<\/li>\n<li><strong>Les persones que han superat la prova d&#8217;acc\u00e9s a Catalunya des de l&#8217;any 2011<\/strong>:\n<p style=\"text-align: justify;\"><strong>NO<\/strong> cal presentar cap certificat de la qualificaci\u00f3 mitjana de l&#8217;expedient. Aquesta s&#8217;obt\u00e9 de les bases de dades del Departament d&#8217;Educaci\u00f3 i es mostra en la <strong>llista de sol\u00b7licituds<\/strong> de preinscripci\u00f3 al centre amb la <strong>puntuaci\u00f3 provisional<\/strong>.<\/p>\n<p style=\"text-align: justify;\">Si la prova d&#8217;acc\u00e9s \u00e9s anterior o s&#8217;ha realitzat en una altra comunitat aut\u00f2noma, s&#8217;ha d&#8217;adjuntar la certificaci\u00f3 d&#8217;haver-la superat digitalitzada.<\/p>\n<\/li>\n<li><strong>Els alumnes amb estudis de batxillerat LOGSE<\/strong>:\n<p style=\"text-align: justify;\">Cal adjuntar una c\u00f2pia escanejada o fotografiada de les p\u00e0gines 22 i 23 del llibre de qualificacions.<\/p>\n<\/li>\n<li>Els alumnes que al\u00b7leguen un <strong>estudi estranger<\/strong>:\n<ul>\n<li style=\"text-align: justify;\"><strong>Si aquest estudi est\u00e0 homologat<\/strong> a Catalunya des l&#8217;any <strong>2016<\/strong>:\n<ul>\n<li>No cal presentar res. La qualificaci\u00f3 s&#8217;obt\u00e9 de l&#8217;aplicaci\u00f3 de gesti\u00f3 d&#8217;homologacions.<\/li>\n<\/ul>\n<\/li>\n<li><strong>Si aquest estudi no est\u00e0 homologat<\/strong> a Catalunya des l&#8217;any <strong>2016<\/strong>:\n<ul>\n<li style=\"text-align: justify;\">Cal adjuntar la credencial digitalitzada (escanejada o fotografiada per les dues cares) on consti l&#8217;homologaci\u00f3.<\/li>\n<li>Si en la credencial no hi consta o b\u00e9 no s&#8217;ha resolt encara l&#8217;homologaci\u00f3, es pot demanar el c\u00e0lcul de la qualificaci\u00f3 mitjana al Departament d&#8217;Educaci\u00f3.\n<p style=\"text-align: justify;\">(IMPORTANT: si no es demana aquest c\u00e0lcul al Departament o no es pot calcular dins el termini, es considera que \u00e9s un 5.)<\/p>\n<\/li>\n<\/ul>\n<\/li>\n<li><strong>Si l&#8217;alumne\/a encara no ha finalitzat aquests estudis en el moment de la preinscripci\u00f3<\/strong> i per aix\u00f2 no s&#8217;ha pogut iniciar el tr\u00e0mit d&#8217;homologaci\u00f3:\n<ul>\n<li style=\"text-align: justify;\">Es pot presentar una <a href=\"https:\/\/documents.espai.educacio.gencat.cat\/FormularisModels\/CentresGestioAdministrativa\/A815.pdf\" target=\"_blank\" rel=\"noopener\">declaraci\u00f3 responsable<\/a> que t\u00e9 els mateixos efectes per al proc\u00e9s de preinscripci\u00f3 que la presentaci\u00f3 del volant de matr\u00edcula condicional, que acredita que s&#8217;ha iniciat l&#8217;expedient d&#8217;homologaci\u00f3. En aquest cas, la qualificaci\u00f3 es considera que \u00e9s un 5.<\/li>\n<\/ul>\n<\/li>\n<\/ul>\n<\/li>\n<li style=\"text-align: justify;\">Els alumnes que al\u00b7leguen altres ensenyaments que donen acc\u00e9s, han de presentar el certificat de la qualificaci\u00f3 mitjana de l\u2019expedient de qu\u00e8 es tracti.<\/li>\n<li>Les persones que han superat la <strong>prova d&#8217;acc\u00e9s a la universitat<\/strong>\n<ul>\n<li>Si han fet la <strong>prova per a majors de 25 anys l&#8217;any actual<\/strong>:\n<p style=\"text-align: justify;\">Cal adjuntar una c\u00f2pia de la consulta dels resultats de la prova, escanejada o fotografiada per les dues cares (en el moment de la matr\u00edcula cal presentar al centre el certificat de superaci\u00f3 de la prova).<\/p>\n<\/li>\n<li style=\"text-align: justify;\">Les persones exemptes de la prova d&#8217;acc\u00e9s per haver superat les proves d&#8217;acc\u00e9s a la universitat per a majors de 40 o 45 anys han d&#8217;adjuntar a la sol\u00b7licitud de preinscripci\u00f3 el certificat de superaci\u00f3 d&#8217;aquesta prova.<\/li>\n<\/ul>\n<\/li>\n<\/ol>\n<p style=\"text-align: justify;\">IMPORTANT: En tots els casos en qu\u00e8 es preveu obtenir la qualificaci\u00f3 mitjana de les bases de dades del Departament d&#8217;Educaci\u00f3 i Formaci\u00f3 Professional: si al final no es pot obtenir i no es mostra en la <strong>llista de sol\u00b7licituds de preinscripci\u00f3<\/strong> al centre amb la puntuaci\u00f3 provisional, cal fer una reclamaci\u00f3. Per fer-ho, s&#8217;ha d&#8217;utilitzar l&#8217;eina electr\u00f2nica per enviar la reclamaci\u00f3 i el document de certificaci\u00f3 de la qualificaci\u00f3 mitjana durant el per\u00edode establert al calendari per fer-ho.<\/p>\n","protected":false},"excerpt":{"rendered":"<p>Curs 2026-2027 Fes la preinscripci\u00f3 online: Fes la sol\u00b7licitud de preinscripci\u00f3 Calendari de Preinscripci\u00f3 i Matr\u00edcula CFGS Curs 2026\/2027 Calendari de Preinscripci\u00f3 i Matr\u00edcula CFGS Curs 2026\/2027 Presentaci\u00f3 de sol\u00b7licituds 26 de maig a 1 de juny Presentaci\u00f3 de documentaci\u00f3 2 de juny Llistes amb puntuaci\u00f3 provisional 29 de juny Termini de reclamacions de la [&hellip;]<\/p>\n","protected":false},"author":1,"featured_media":0,"parent":979,"menu_order":3,"comment_status":"closed","ping_status":"closed","template":"","meta":{"_bbp_topic_count":0,"_bbp_reply_count":0,"_bbp_total_topic_count":0,"_bbp_total_reply_count":0,"_bbp_voice_count":0,"_bbp_anonymous_reply_count":0,"_bbp_topic_count_hidden":0,"_bbp_reply_count_hidden":0,"_bbp_forum_subforum_count":0,"site-sidebar-layout":"default","site-content-layout":"","ast-site-content-layout":"default","site-content-style":"default","site-sidebar-style":"default","ast-global-header-display":"","ast-banner-title-visibility":"","ast-main-header-display":"","ast-hfb-above-header-display":"","ast-hfb-below-header-display":"","ast-hfb-mobile-header-display":"","site-post-title":"","ast-breadcrumbs-content":"","ast-featured-img":"","footer-sml-layout":"","theme-transparent-header-meta":"default","adv-header-id-meta":"","stick-header-meta":"","header-above-stick-meta":"","header-main-stick-meta":"","header-below-stick-meta":"","astra-migrate-meta-layouts":"set","ast-page-background-enabled":"default","ast-page-background-meta":{"desktop":{"background-color":"var(--ast-global-color-4)","background-image":"","background-repeat":"repeat","background-position":"center center","background-size":"auto","background-attachment":"scroll","background-type":"","background-media":"","overlay-type":"","overlay-color":"","overlay-opacity":"","overlay-gradient":""},"tablet":{"background-color":"","background-image":"","background-repeat":"repeat","background-position":"center center","background-size":"auto","background-attachment":"scroll","background-type":"","background-media":"","overlay-type":"","overlay-color":"","overlay-opacity":"","overlay-gradient":""},"mobile":{"background-color":"","background-image":"","background-repeat":"repeat","background-position":"center center","background-size":"auto","background-attachment":"scroll","background-type":"","background-media":"","overlay-type":"","overlay-color":"","overlay-opacity":"","overlay-gradient":""}},"ast-content-background-meta":{"desktop":{"background-color":"var(--ast-global-color-5)","background-image":"","background-repeat":"repeat","background-position":"center center","background-size":"auto","background-attachment":"scroll","background-type":"","background-media":"","overlay-type":"","overlay-color":"","overlay-opacity":"","overlay-gradient":""},"tablet":{"background-color":"var(--ast-global-color-5)","background-image":"","background-repeat":"repeat","background-position":"center center","background-size":"auto","background-attachment":"scroll","background-type":"","background-media":"","overlay-type":"","overlay-color":"","overlay-opacity":"","overlay-gradient":""},"mobile":{"background-color":"var(--ast-global-color-5)","background-image":"","background-repeat":"repeat","background-position":"center center","background-size":"auto","background-attachment":"scroll","background-type":"","background-media":"","overlay-type":"","overlay-color":"","overlay-opacity":"","overlay-gradient":""}},"footnotes":""},"class_list":["post-2433","page","type-page","status-publish","hentry"],"post_mailing_queue_ids":[],"_links":{"self":[{"href":"https:\/\/agora.xtec.cat\/insmarianao\/wp-json\/wp\/v2\/pages\/2433","targetHints":{"allow":["GET"]}}],"collection":[{"href":"https:\/\/agora.xtec.cat\/insmarianao\/wp-json\/wp\/v2\/pages"}],"about":[{"href":"https:\/\/agora.xtec.cat\/insmarianao\/wp-json\/wp\/v2\/types\/page"}],"author":[{"embeddable":true,"href":"https:\/\/agora.xtec.cat\/insmarianao\/wp-json\/wp\/v2\/users\/1"}],"replies":[{"embeddable":true,"href":"https:\/\/agora.xtec.cat\/insmarianao\/wp-json\/wp\/v2\/comments?post=2433"}],"version-history":[{"count":6,"href":"https:\/\/agora.xtec.cat\/insmarianao\/wp-json\/wp\/v2\/pages\/2433\/revisions"}],"predecessor-version":[{"id":6006,"href":"https:\/\/agora.xtec.cat\/insmarianao\/wp-json\/wp\/v2\/pages\/2433\/revisions\/6006"}],"up":[{"embeddable":true,"href":"https:\/\/agora.xtec.cat\/insmarianao\/wp-json\/wp\/v2\/pages\/979"}],"wp:attachment":[{"href":"https:\/\/agora.xtec.cat\/insmarianao\/wp-json\/wp\/v2\/media?parent=2433"}],"curies":[{"name":"wp","href":"https:\/\/api.w.org\/{rel}","templated":true}]}}