{"id":2406,"date":"2023-09-22T11:14:51","date_gmt":"2023-09-22T09:14:51","guid":{"rendered":"https:\/\/agora.xtec.cat\/insmarianao\/?page_id=2406"},"modified":"2026-04-13T12:39:49","modified_gmt":"2026-04-13T10:39:49","slug":"cfgm","status":"publish","type":"page","link":"https:\/\/agora.xtec.cat\/insmarianao\/secretaria-i-gestions\/preinscripcio-i-matricula\/cfgm\/","title":{"rendered":"CFGM &#8211; Preinscripci\u00f3 i Matr\u00edcula"},"content":{"rendered":"<div class=\"header-common-style header-matricula\"><\/div>\n<h4>Curs 2026-2027<\/h4>\n<h3 style=\"text-align: center;\"><span style=\"color: #ff0000;\">Fes la preinscripci\u00f3 online:<\/span><\/h3>\n<p style=\"text-align: center;\"><span style=\"color: #3366ff;\"><a style=\"color: #3366ff;\" href=\"https:\/\/preinscripcio.gencat.cat\/ca\/estudis\/fp-grau-mitja\/preinscriute\/sollicitud\/\" target=\"_blank\" rel=\"noopener\"><span style=\"color: #ff0000;\">Fes la sol\u00b7licitud de preinscripci\u00f3<\/span><\/a><\/span><\/p>\n<h4>Calendari de Preinscripci\u00f3 i Matr\u00edcula CFGM Curs 2026\/2027<\/h4>\n<div class=\"custom-table\">\n<table>\n<colgroup>\n<col style=\"width: 95px;\" \/>\n<col style=\"width: auto;\" \/>\n<col style=\"width: auto;\" \/> <\/colgroup>\n<thead>\n<tr>\n<th style=\"text-align: center;\" colspan=\"3\">Calendari de Preinscripci\u00f3 i Matr\u00edcula CFGM Curs 2026\/2027<\/th>\n<\/tr>\n<\/thead>\n<tbody>\n<tr>\n<td style=\"background-color: grey;\" rowspan=\"6\"><\/td>\n<td>Presentaci\u00f3 de sol\u00b7licituds<\/td>\n<td>26 de maig a 1 de juny<\/td>\n<\/tr>\n<tr>\n<td>Presentaci\u00f3 de documentaci\u00f3<\/td>\n<td>2 de juny<\/td>\n<\/tr>\n<tr>\n<td>Llistes amb puntuaci\u00f3 <strong>provisional<\/strong><\/td>\n<td>29 de juny<\/td>\n<\/tr>\n<tr>\n<td>Termini de <strong>reclamacions de la puntuaci\u00f3<\/strong><\/td>\n<td>29 de juny a 2 de juliol<\/td>\n<\/tr>\n<tr>\n<td>Sorteig<\/td>\n<td>6 de juliol<\/td>\n<\/tr>\n<tr>\n<td>Llista amb <strong>puntuaci\u00f3 definitiva<\/strong><\/td>\n<td>7 de juliol<\/td>\n<\/tr>\n<tr>\n<td rowspan=\"4\">TANDA 1<\/td>\n<td>Publicaci\u00f3 de la <strong>primera tanda d\u2019assignacions<\/strong><\/td>\n<td>10 de juliol<\/td>\n<\/tr>\n<tr>\n<td><strong>Confirmaci\u00f3 o ren\u00fancia<\/strong> a la pla\u00e7a assignada (online)<\/td>\n<td>10 al 14 de juliol<\/td>\n<\/tr>\n<tr>\n<td><strong>Matr\u00edcula d\u2019assignats<\/strong> a la <strong>primera<\/strong> tanda (al centre)<\/td>\n<td>10 al 16 de juliol<\/td>\n<\/tr>\n<tr>\n<td><strong>Reclamaci\u00f3<\/strong> a les llistes d&#8217;assignats <strong>a primera tanda<\/strong><\/td>\n<td>13 al 15 de juliol<\/td>\n<\/tr>\n<tr>\n<td rowspan=\"4\">TANDA 2<\/td>\n<td>Publicaci\u00f3 de la <strong>segona tanda d\u2019assignacions<\/strong><\/td>\n<td>24 de juliol<\/td>\n<\/tr>\n<tr>\n<td><strong>Confirmaci\u00f3 o ren\u00fancia<\/strong> a la pla\u00e7a assignada (online)<\/td>\n<td>24 al 28 de juliol<\/td>\n<\/tr>\n<tr>\n<td><strong>Matr\u00edcula d\u2019assignats<\/strong> a la <strong>segona<\/strong> tanda (al centre)<\/td>\n<td>27 al 29 de juliol * i<br \/>\n1 a 3 de setembre<\/td>\n<\/tr>\n<tr>\n<td><strong>Reclamaci\u00f3<\/strong> a les llistes d&#8217;assignats <strong>a segona tanda<\/strong><\/td>\n<td>27 al 29 de juliol<\/td>\n<\/tr>\n<\/tbody>\n<\/table>\n<\/div>\n<p style=\"text-align: right;\"><small>* A l\u2019agost el centre est\u00e0 tancat.<\/small><\/p>\n<h5 style=\"text-align: center;\"><span style=\"color: #3366ff;\">M\u00e9s informaci\u00f3 a:<\/span><br \/>\n<span style=\"color: #3366ff;\"><a style=\"color: #3366ff;\" href=\"https:\/\/preinscripcio.gencat.cat\/ca\/estudis\/fp-grau-mitja\/inici\/\" target=\"_blank\" rel=\"noopener\">La preinscripci\u00f3 escolar al grau mitj\u00e0 de formaci\u00f3 professional<\/a><\/span><\/h5>\n<h3>CRITERIS D&#8217;ASSIGNACI\u00d3 DE LA PLA\u00c7A PER ALS CF GRAU MITJ\u00c0<\/h3>\n<p style=\"text-align: justify;\">Els centres educatius de Catalunya ofereixen una quantitat limitada de places. Si el nombre de sol\u00b7licituds que s&#8217;han fet en un centre determinat \u00e9s superior al nombre de places que ofereix aquest mateix centre, pot passar que algun dels alumnes que l&#8217;h\u00e0giu triat com a primera opci\u00f3 no hi obtingueu pla\u00e7a.<\/p>\n<p style=\"text-align: justify;\">Per tant, com que alguns centres tenen una demanda d\u2018inscripcions superior al nombre de matr\u00edcules que poden oferir, \u00e9s important que feu constar, en la sol\u00b7licitud, el m\u00e0xim nombre de centres que s&#8217;ajusten a les vostres prioritats, fins a un total de 10, ordenats segons les vostres prefer\u00e8ncies.<\/p>\n<p style=\"text-align: justify;\">Les sol\u00b7licituds de preinscripci\u00f3 a la formaci\u00f3 professional de grau mitj\u00e0 s&#8217;ordenen segons les diferents <strong>vies d&#8217;acc\u00e9s<\/strong> als cicles i dins de cada via s&#8217;ordenen segons les <strong>prioritats espec\u00edfiques<\/strong>, si n&#8217;hi ha. A continuaci\u00f3, a partir de la qualificaci\u00f3 mitjana que cada alumne\/a ha obtingut en estudis, proves o cursos, de manera decreixent i, finalment, <strong>l&#8217;ordre en qu\u00e8 l&#8217;alumne\/a ha definit els cicles en la sol\u00b7licitud<\/strong>.<\/p>\n<p style=\"text-align: justify;\">Pots consultar com es fa el c\u00e0lcul de la mitjana d&#8217;ESO per a l&#8217;acc\u00e9s als cicles de formaci\u00f3 professional de grau mitj\u00e0.<\/p>\n<p style=\"text-align: justify;\">A banda, a cada sol\u00b7licitud s&#8217;atorga un n\u00famero de forma aleat\u00f2ria. Aquest n\u00famero s&#8217;utilitzar\u00e0 en cas d&#8217;empat: s&#8217;obt\u00e9 un n\u00famero obtingut per sorteig, i a partir d&#8217;aquest s&#8217;ordenen les sol\u00b7licituds empatades.<\/p>\n<p><strong>Hi ha 3 vies per accedir a les places de cicles formatius:<\/strong><\/p>\n<ol>\n<li style=\"text-align: justify;\">Per als alumnes que hi accedeixen per la via de l&#8217;<strong>ESO<\/strong> o de t\u00e8cnic de grau b\u00e0sic, es fa una <strong>reserva del 80 %<\/strong> de les places. S\u00f3n priorit\u00e0ries les sol\u00b7licituds de les persones que han acabat (o acabaran) els estudis els cursos 2023-2024, 2024-2025 i 2025-2026, respecte de les persones que els han acabat en cursos anteriors.<\/li>\n<li>Per als alumnes que hi accedeixen per la via de la <strong>prova d&#8217;acc\u00e9s<\/strong> o que tenen l&#8217;exempci\u00f3 total d&#8217;aquesta prova, del curs espec\u00edfic d&#8217;acc\u00e9s o que tenen altres titulacions que permeten l&#8217;acc\u00e9s, es fa una <strong>reserva de places del 15 %<\/strong>.\n<p style=\"text-align: justify;\">Per aquesta via tamb\u00e9 hi accedeixen:<\/p>\n<ul>\n<li style=\"text-align: justify;\">les persones que han aprovat les <strong>proves d&#8217;acc\u00e9s a la universitat<\/strong>;<\/li>\n<li style=\"text-align: justify;\">els <strong>graduats universitaris<\/strong> i la <strong>resta<\/strong> que han obtingut <strong>titulacions<\/strong> i certificacions declarades <strong>equivalents<\/strong> als efectes d&#8217;accedir als cicles de formaci\u00f3 professional de grau mitj\u00e0;<\/li>\n<li style=\"text-align: justify;\">els alumnes dels programes de formaci\u00f3 i inserci\u00f3 (<strong>PFI<\/strong>) que han participat en les proves d&#8217;acc\u00e9s i les han superades o que han obtingut l&#8217;exempci\u00f3 d&#8217;aquestes, que participen en el proc\u00e9s amb la qualificaci\u00f3 obtinguda a la prova. Aquesta qualificaci\u00f3 es calcula d&#8217;acord amb el que determina la convocat\u00f2ria anual de proves d&#8217;acc\u00e9s.<\/li>\n<\/ul>\n<\/li>\n<li style=\"text-align: justify;\">Per als alumnes que hi accedeixen per la via de la <span style=\"text-decoration: underline;\"><strong>titulaci\u00f3 de t\u00e8cnic\/a o t\u00e8cnic\/a superior<\/strong><\/span>, es fa una <strong>reserva de places del 5 %<\/strong>. Per aquesta via hi accedeixen les persones que ja han obtingut un t\u00edtol de t\u00e8cnic\/a o de t\u00e8cnic\/a superior de formaci\u00f3 professional.<\/li>\n<\/ol>\n<p style=\"text-align: justify;\">En tots els casos, per desfer situacions d&#8217;empat, s&#8217;aplica el resultat del <strong>sorteig<\/strong>.<\/p>\n<p style=\"text-align: justify;\">Si per alguna de les vies d&#8217;acc\u00e9s no s&#8217;ocupen totes les places reservades corresponents, les vacants es reparteixen a la resta de les vies de manera proporcional.<\/p>\n<p style=\"text-align: justify;\">A m\u00e9s, es fa una reserva de 2 places per grup per a les persones que han obtingut un o diversos <strong>certificats de professionalitat<\/strong> integrats en el cicle formatiu a qu\u00e8 es demana accedir per cursar els m\u00f2duls que els permetin finalitzar el cicle. Les sol\u00b7licituds s&#8217;ordenen per la mitjana de la qualificaci\u00f3 obtinguda, de manera decreixent i, en cas d&#8217;empat s&#8217;aplica el resultat del sorteig.<\/p>\n<h3>DOCUMENTACI\u00d3 DE PREINSCRIPCI\u00d3<\/h3>\n<p><strong>Documentaci\u00f3 acreditativa de la identitat de l\u2019alumne en la preinscripci\u00f3<\/strong><\/p>\n<p style=\"text-align: justify;\">Per fer la sol\u00b7licitud de preinscripci\u00f3 cal presentar tota la documentaci\u00f3 necess\u00e0ria per acreditar la identitat de l&#8217;alumne sol\u00b7licitant, la documentaci\u00f3 per a l&#8217;admissi\u00f3 en el proc\u00e9s de continu\u00eftat d&#8217;escolaritzaci\u00f3 i l&#8217;acompliment dels criteris de prioritat d&#8217;assignaci\u00f3 de places. <strong>Cal escanejar o fotografiar tots els documents demanats per ambdues cares<\/strong> i tenir-los disponibles en el dispositiu que utilitzareu per emplenar el formulari de preinscripci\u00f3, ja sigui un ordinador, una tauleta o un tel\u00e8fon intel\u00b7ligent, per tal de poder-los adjuntar.<\/p>\n<ol>\n<li><strong>Si la sol\u00b7licitud es presenta mitjan\u00e7ant el formulari electr\u00f2nic cal indicar el n\u00famero identificador del RALC, el codi identificador de l&#8217;alumne o l&#8217;alumna.<\/strong>\n<p style=\"text-align: justify;\">Tots els infants i joves que han estat matriculats a Catalunya a partir del curs 2015-2016 tenen assignat un codi identificador del Registre d&#8217;alumnes de Catalunya, el RALC.<\/p>\n<p style=\"text-align: justify;\">Aquest codi es pot consultar en aquest web, a l&#8217;apartat <strong>Consulta de l&#8217;identificador de l&#8217;alumne<\/strong>. Per fer la consulta i obtenir el n\u00famero d&#8217;identificador, la persona que faci el tr\u00e0mit s&#8217;ha d&#8217;autenticar electr\u00f2nicament. El portal sol\u00b7licita la <strong>data de naixement de l&#8217;alumne<\/strong> i, un cop validada, mostra la informaci\u00f3 en pantalla.<\/p>\n<p style=\"text-align: justify;\"><strong>\u00c9s important<\/strong> verificar tamb\u00e9 que tota la informaci\u00f3 que hi apareix \u00e9s correcta. En cas contrari, cal sol\u00b7licitar una rectificaci\u00f3 de les dades.<\/p>\n<\/li>\n<li><strong>Si la sol\u00b7licitud es presenta mitjan\u00e7ant el formulari en suport inform\u00e0tic cal adjuntar els seg\u00fcents documents identificatius:<\/strong>\n<p style=\"text-align: justify;\"><strong>Si \u00e9s menor d&#8217;edat:<\/strong><\/p>\n<ul>\n<li style=\"text-align: justify;\"><strong>Certificaci\u00f3 electr\u00f2nica de la inscripci\u00f3 de naixement o llibre de fam\u00edlia o altres documents relatius a la filiaci\u00f3.<\/strong>Quan l&#8217;alumne estigui en situaci\u00f3 d&#8217;acolliment, el document que cal aportar \u00e9s la <strong>resoluci\u00f3 d&#8217;acolliment del Departament de Drets Socials<\/strong>.<\/li>\n<li><strong>DNI del pare, la mare o el tutor o la tutora de l&#8217;alumne.<\/strong>\n<p style=\"text-align: justify;\">Si el sol\u00b7licitant \u00e9s estranger, necessitar\u00e0 <strong>la targeta de resid\u00e8ncia<\/strong> on consta el NIE o el <strong>passaport<\/strong>, i si \u00e9s estranger d&#8217;un pa\u00eds membre de la Uni\u00f3 Europea li caldr\u00e0 adjuntar el <strong>document d&#8217;identitat del pa\u00eds d&#8217;origen<\/strong>.<\/p>\n<p style=\"text-align: justify;\">De manera excepcional, es poden acreditar les dades d&#8217;identificaci\u00f3 o de filiaci\u00f3 de l&#8217;alumnat estranger amb el document d&#8217;identitat, el llibre de fam\u00edlia del pa\u00eds d&#8217;origen o la documentaci\u00f3 alternativa que la persona pugui aportar. El director o la directora del centre educatiu corresponent valorar\u00e0 i examinar\u00e0 la documentaci\u00f3 presentada.<\/p>\n<\/li>\n<\/ul>\n<p><strong>Si \u00e9s major d&#8217;edat:<\/strong><\/p>\n<ul>\n<li style=\"text-align: justify;\"><strong>DNI, el NIE, el passaport o el document d&#8217;identitat d&#8217;un pa\u00eds membre de l&#8217;alumne o l&#8217;alumna.<\/strong><\/li>\n<\/ul>\n<\/li>\n<\/ol>\n<h3>Documentaci\u00f3 acreditativa de la qualificaci\u00f3 mitjana d&#8217;estudis<\/h3>\n<ol>\n<li>Els alumnes que han finalitzat l&#8217;<strong>ESO<\/strong> a Catalunya <strong>a partir del curs 2017-2018<\/strong> o que estan cursant 4t d&#8217;ESO actualment a Catalunya:\n<ul>\n<li style=\"text-align: justify;\">En general, no cal presentar cap certificat de la qualificaci\u00f3 mitjana de l&#8217;expedient. Aquesta s&#8217;obt\u00e9 de les bases de dades del Departament d&#8217;Educaci\u00f3 i es mostra en la <strong>llista de sol\u00b7licituds<\/strong> de preinscripci\u00f3 al centre amb la <strong>puntuaci\u00f3 provisional<\/strong>.<\/li>\n<li style=\"text-align: justify;\">Si s\u2019ha obtingut l\u2019ESO en un centre de formaci\u00f3 d&#8217;adults o a l\u2019IOC, s\u00ed que s&#8217;ha de presentar el certificat de la qualificaci\u00f3 mitjana de l\u2019expedient, ja que no es poden obtenir.<\/li>\n<\/ul>\n<\/li>\n<li>Els alumnes que han finalitzat l&#8217;<strong>ESO<\/strong> a Catalunya <strong>abans del curs 2017-2018<\/strong> han d&#8217;adjuntar:\n<ul>\n<li style=\"text-align: justify;\">O b\u00e9 la certificaci\u00f3 acad\u00e8mica de la qualificaci\u00f3 mitjana num\u00e8rica de l&#8217;etapa.<\/li>\n<li style=\"text-align: justify;\">O b\u00e9, en el cas d&#8217;estudis antics, la p\u00e0gina 27 del llibre d&#8217;escolaritat d&#8217;ensenyament b\u00e0sica, si hi apareix la qualificaci\u00f3 mitjana de l&#8217;etapa.<\/li>\n<\/ul>\n<\/li>\n<li>Els alumnes que al\u00b7leguen un <strong>estudi estranger<\/strong>:\n<ul>\n<li style=\"text-align: justify;\"><strong>Si aquest estudi est\u00e0 homologat<\/strong> a Catalunya des l&#8217;any 2016, no cal presentar res. La qualificaci\u00f3 s&#8217;obt\u00e9 de l&#8217;aplicaci\u00f3 de gesti\u00f3 d&#8217;homologacions.<\/li>\n<li><strong>Si aquest estudi no est\u00e0 homologat<\/strong> a Catalunya des l&#8217;any 2016, cal adjuntar la credencial digitalitzada (escanejada o fotografiada per les dues cares) on consti l&#8217;homologaci\u00f3.\n<p style=\"text-align: justify;\">Si en la credencial no hi consta o b\u00e9 no s&#8217;ha resolt encara l&#8217;homologaci\u00f3, es pot demanar el c\u00e0lcul de la qualificaci\u00f3 mitjana al Departament d&#8217;Educaci\u00f3. (<strong>Important<\/strong>: si no es demana aquest c\u00e0lcul al Departament o no es pot calcular dins el termini, es considera que \u00e9s un 5.)<\/p>\n<\/li>\n<li style=\"text-align: justify;\"><strong>Si l&#8217;alumne\/a encara no ha finalitzat aquests estudis en el moment de la preinscripci\u00f3<\/strong> i per aix\u00f2 no s&#8217;ha pogut iniciar el tr\u00e0mit d&#8217;homologaci\u00f3, es pot presentar una <a href=\"https:\/\/documents.espai.educacio.gencat.cat\/FormularisModels\/CentresGestioAdministrativa\/A815.pdf\" target=\"_blank\" rel=\"noopener\">declaraci\u00f3 responsable<\/a> que t\u00e9 els mateixos efectes per al proc\u00e9s de preinscripci\u00f3 que la presentaci\u00f3 del volant de matr\u00edcula condicional, que acredita que s&#8217;ha iniciat l&#8217;expedient d&#8217;homologaci\u00f3. En aquest cas, la qualificaci\u00f3 es considera que \u00e9s un 5.<\/li>\n<\/ul>\n<\/li>\n<li>Alumnes que han realitzat <strong>proves d&#8217;acc\u00e9s<\/strong>:\n<ul>\n<li style=\"text-align: justify;\">Els alumnes que han superat la prova d&#8217;acc\u00e9s en convocat\u00f2ries de la Generalitat de Catalunya <strong>a partir de l&#8217;any 2011<\/strong>, no cal presentar-ne el certificat. El Departament obt\u00e9 la qualificaci\u00f3 de l&#8217;aplicaci\u00f3 de gesti\u00f3 de proves i es mostrar\u00e0 en la llista de sol\u00b7licituds de preinscripci\u00f3 al centre amb el barem provisional.<\/li>\n<li style=\"text-align: justify;\">Els alumnes que han superat la prova d&#8217;acc\u00e9s en convocat\u00f2ries de la Generalitat de Catalunya <strong>anteriors al 2011 o en altres comunitats aut\u00f2nomes<\/strong>, cal adjuntar la certificaci\u00f3 d&#8217;haver-la superat digitalitzada (escanejada o fotografiada).<\/li>\n<li style=\"text-align: justify;\">Les persones que han superat la prova d&#8217;acc\u00e9s a la <strong>universitat per a majors de 25 anys l&#8217;any actual<\/strong>, cal adjuntar una c\u00f2pia de la consulta dels resultats de la prova, escanejada o fotografiada per les dues cares (en el moment de la matr\u00edcula cal presentar al centre el certificat de superaci\u00f3 de la prova).<\/li>\n<\/ul>\n<\/li>\n<li style=\"text-align: justify;\">En el cas d&#8217;alumnes que al\u00b7leguen altres estudis que tamb\u00e9 donin dret a l&#8217;acc\u00e9s, com per exemple el Curs espec\u00edfic d\u2019acc\u00e9s als cicles de grau mitj\u00e0 (CAM), s\u2019ha de presentar el certificat de la qualificaci\u00f3 mitjana de l&#8217;expedient.<\/li>\n<\/ol>\n<p style=\"text-align: justify;\"><strong>Important<\/strong>: En tots els casos en qu\u00e8 es preveu obtenir la qualificaci\u00f3 mitjana de les bases de dades del Departament d&#8217;Educaci\u00f3, si al final no es pot obtenir i no es mostra en la <strong>llista de sol\u00b7licituds de preinscripci\u00f3 al centre amb la puntuaci\u00f3 provisional<\/strong>, cal fer una reclamaci\u00f3. Per fer-ho, s&#8217;ha d&#8217;utilitzar l&#8217;eina electr\u00f2nica per enviar l&#8217;escrit de reclamaci\u00f3 i el document de certificaci\u00f3 de la qualificaci\u00f3 mitjana durant el per\u00edode establert al calendari per fer-ho.<\/p>\n","protected":false},"excerpt":{"rendered":"<p>Curs 2026-2027 Fes la preinscripci\u00f3 online: Fes la sol\u00b7licitud de preinscripci\u00f3 Calendari de Preinscripci\u00f3 i Matr\u00edcula CFGM Curs 2026\/2027 Calendari de Preinscripci\u00f3 i Matr\u00edcula CFGM Curs 2026\/2027 Presentaci\u00f3 de sol\u00b7licituds 26 de maig a 1 de juny Presentaci\u00f3 de documentaci\u00f3 2 de juny Llistes amb puntuaci\u00f3 provisional 29 de juny Termini de reclamacions de la [&hellip;]<\/p>\n","protected":false},"author":1,"featured_media":0,"parent":979,"menu_order":2,"comment_status":"closed","ping_status":"closed","template":"","meta":{"_bbp_topic_count":0,"_bbp_reply_count":0,"_bbp_total_topic_count":0,"_bbp_total_reply_count":0,"_bbp_voice_count":0,"_bbp_anonymous_reply_count":0,"_bbp_topic_count_hidden":0,"_bbp_reply_count_hidden":0,"_bbp_forum_subforum_count":0,"site-sidebar-layout":"default","site-content-layout":"","ast-site-content-layout":"default","site-content-style":"default","site-sidebar-style":"default","ast-global-header-display":"","ast-banner-title-visibility":"","ast-main-header-display":"","ast-hfb-above-header-display":"","ast-hfb-below-header-display":"","ast-hfb-mobile-header-display":"","site-post-title":"","ast-breadcrumbs-content":"","ast-featured-img":"","footer-sml-layout":"","theme-transparent-header-meta":"default","adv-header-id-meta":"","stick-header-meta":"","header-above-stick-meta":"","header-main-stick-meta":"","header-below-stick-meta":"","astra-migrate-meta-layouts":"set","ast-page-background-enabled":"default","ast-page-background-meta":{"desktop":{"background-color":"var(--ast-global-color-4)","background-image":"","background-repeat":"repeat","background-position":"center center","background-size":"auto","background-attachment":"scroll","background-type":"","background-media":"","overlay-type":"","overlay-color":"","overlay-opacity":"","overlay-gradient":""},"tablet":{"background-color":"","background-image":"","background-repeat":"repeat","background-position":"center center","background-size":"auto","background-attachment":"scroll","background-type":"","background-media":"","overlay-type":"","overlay-color":"","overlay-opacity":"","overlay-gradient":""},"mobile":{"background-color":"","background-image":"","background-repeat":"repeat","background-position":"center center","background-size":"auto","background-attachment":"scroll","background-type":"","background-media":"","overlay-type":"","overlay-color":"","overlay-opacity":"","overlay-gradient":""}},"ast-content-background-meta":{"desktop":{"background-color":"var(--ast-global-color-5)","background-image":"","background-repeat":"repeat","background-position":"center center","background-size":"auto","background-attachment":"scroll","background-type":"","background-media":"","overlay-type":"","overlay-color":"","overlay-opacity":"","overlay-gradient":""},"tablet":{"background-color":"var(--ast-global-color-5)","background-image":"","background-repeat":"repeat","background-position":"center center","background-size":"auto","background-attachment":"scroll","background-type":"","background-media":"","overlay-type":"","overlay-color":"","overlay-opacity":"","overlay-gradient":""},"mobile":{"background-color":"var(--ast-global-color-5)","background-image":"","background-repeat":"repeat","background-position":"center center","background-size":"auto","background-attachment":"scroll","background-type":"","background-media":"","overlay-type":"","overlay-color":"","overlay-opacity":"","overlay-gradient":""}},"footnotes":""},"class_list":["post-2406","page","type-page","status-publish","hentry"],"post_mailing_queue_ids":[],"_links":{"self":[{"href":"https:\/\/agora.xtec.cat\/insmarianao\/wp-json\/wp\/v2\/pages\/2406","targetHints":{"allow":["GET"]}}],"collection":[{"href":"https:\/\/agora.xtec.cat\/insmarianao\/wp-json\/wp\/v2\/pages"}],"about":[{"href":"https:\/\/agora.xtec.cat\/insmarianao\/wp-json\/wp\/v2\/types\/page"}],"author":[{"embeddable":true,"href":"https:\/\/agora.xtec.cat\/insmarianao\/wp-json\/wp\/v2\/users\/1"}],"replies":[{"embeddable":true,"href":"https:\/\/agora.xtec.cat\/insmarianao\/wp-json\/wp\/v2\/comments?post=2406"}],"version-history":[{"count":6,"href":"https:\/\/agora.xtec.cat\/insmarianao\/wp-json\/wp\/v2\/pages\/2406\/revisions"}],"predecessor-version":[{"id":6001,"href":"https:\/\/agora.xtec.cat\/insmarianao\/wp-json\/wp\/v2\/pages\/2406\/revisions\/6001"}],"up":[{"embeddable":true,"href":"https:\/\/agora.xtec.cat\/insmarianao\/wp-json\/wp\/v2\/pages\/979"}],"wp:attachment":[{"href":"https:\/\/agora.xtec.cat\/insmarianao\/wp-json\/wp\/v2\/media?parent=2406"}],"curies":[{"name":"wp","href":"https:\/\/api.w.org\/{rel}","templated":true}]}}