{"id":2393,"date":"2023-09-22T10:17:16","date_gmt":"2023-09-22T08:17:16","guid":{"rendered":"https:\/\/agora.xtec.cat\/insmarianao\/?page_id=2393"},"modified":"2026-04-08T16:42:52","modified_gmt":"2026-04-08T14:42:52","slug":"batxillerat","status":"publish","type":"page","link":"https:\/\/agora.xtec.cat\/insmarianao\/secretaria-i-gestions\/preinscripcio-i-matricula\/batxillerat\/","title":{"rendered":"Batxillerat &#8211; Preinscripci\u00f3 i Matr\u00edcula"},"content":{"rendered":"<div class=\"header-common-style header-matricula\"><\/div>\n<h4>Curs 2026-2027<\/h4>\n<h3 style=\"text-align: center;\"><span style=\"color: #ff0000;\">Fes la preinscripci\u00f3 online:<\/span><\/h3>\n<p style=\"text-align: center;\"><span style=\"color: #3366ff;\"><a style=\"color: #3366ff;\" href=\"https:\/\/preinscripcio.gencat.cat\/ca\/estudis\/batxillerat\/preinscriute\/sollicitud\/\" target=\"_blank\" rel=\"noopener\"><span style=\"color: #ff0000;\">Fes la sol\u00b7licitud de preinscripci\u00f3<\/span><\/a><\/span><\/p>\n<ul>\n<li><a href=\"https:\/\/agora.xtec.cat\/insmarianao\/wp-content\/uploads\/usu2666\/2026\/04\/Batxillerat.-Oferta-incial-de-places.pdf\" target=\"_blank\" rel=\"noopener\">Batxillerat. Publicaci\u00f3 de l&#8217;oferta inicial de places<span class=\"dashicons dashicons-pdf custom-icons\">\u00a0<\/span><\/a><\/li>\n<\/ul>\n<h4>Calendari de Preinscripci\u00f3 i Matr\u00edcula Batxillerat Curs 2026\/2027<\/h4>\n<div class=\"custom-table\" style=\"margin-bottom: 30px;\">\n<table>\n<thead>\n<tr>\n<th style=\"text-align: center;\" colspan=\"2\">Calendari de Preinscripci\u00f3 i Matr\u00edcula Batxillerat Curs 2026\/2027<\/th>\n<\/tr>\n<\/thead>\n<tbody>\n<tr>\n<td>Presentaci\u00f3 de sol\u00b7licituds<\/td>\n<td>9 al 16 d\u2019abril<\/td>\n<\/tr>\n<tr>\n<td>Presentaci\u00f3 de documentaci\u00f3<\/td>\n<td>Fins al 17 d\u2019abril<\/td>\n<\/tr>\n<tr>\n<td>Llistes amb puntuaci\u00f3 <strong>provisional<\/strong><\/td>\n<td>14 de maig<\/td>\n<\/tr>\n<tr>\n<td>Termini de presentaci\u00f3 de reclamacions<\/td>\n<td>14 al 20 de maig<\/td>\n<\/tr>\n<tr>\n<td>Llistes amb puntuaci\u00f3 un cop resoltes les reclamacions<\/td>\n<td>26 de maig<\/td>\n<\/tr>\n<tr>\n<td>Sorteig<\/td>\n<td>26 de maig<\/td>\n<\/tr>\n<tr>\n<td>Llista ordenada<\/td>\n<td>29 de maig<\/td>\n<\/tr>\n<tr>\n<td>Llistat d\u2019<strong>admesos i llista d\u2019espera<\/strong><\/td>\n<td>17 de juny<\/td>\n<\/tr>\n<tr>\n<td>Per\u00edode de matr\u00edcula<\/td>\n<td>18 al 30 de juny<\/td>\n<\/tr>\n<\/tbody>\n<\/table>\n<\/div>\n<h5 style=\"text-align: center;\"><span style=\"color: #3366ff;\">M\u00e9s informaci\u00f3 a:<\/span><br \/>\n<span style=\"color: #3366ff;\"><a style=\"color: #3366ff;\" href=\"https:\/\/preinscripcio.gencat.cat\/ca\/estudis\/batxillerat\/inici\/\" target=\"_blank\" rel=\"noopener\">La preinscripci\u00f3 escolar al batxillerat<\/a><\/span><\/h5>\n<h3>Criteris de prioritat i barem per al BATXILLERAT<\/h3>\n<p style=\"text-align: justify;\">Els centres educatius de Catalunya ofereixen una quantitat limitada de places. Si el nombre de sol\u00b7licituds fet en un centre determinat \u00e9s superior al nombre de places que ofereix aquest mateix centre, pot passar que algun alumne o alumna que l&#8217;h\u00e0giu triat com a primera opci\u00f3 no hi obtingui pla\u00e7a.<\/p>\n<p style=\"text-align: justify;\">Per tant, com que alguns centres tenen una demanda d&#8217;inscripcions superior al nombre de matr\u00edcules que poden oferir, \u00e9s important que facis constar, en la sol\u00b7licitud, el m\u00e0xim nombre de centres que s&#8217;ajusten a les teves prioritats, fins a un total de 10, ordenats segons les teves prefer\u00e8ncies.<\/p>\n<p style=\"text-align: justify;\">Per decidir qui obt\u00e9 una pla\u00e7a en un centre determinat i qui no, s&#8217;utilitza un <strong>sistema de puntuacions<\/strong> objectiu que ordena la llista de sol\u00b7licituds de manera transparent i allunyada de qualsevol arbitrarietat.<\/p>\n<p style=\"text-align: justify;\">Aix\u00ed, les sol\u00b7licituds s&#8217;ordenen atenent a diversos aspectes: d&#8217;una banda, tenen prefer\u00e8ncia les sol\u00b7licituds en qu\u00e8 hi ha una relaci\u00f3 d&#8217;adscripci\u00f3 entre el centre de proced\u00e8ncia i el centre triat, i de l&#8217;altra, la suma de puntuaci\u00f3 dels <strong>criteris prioritaris<\/strong> i, si hi ha empat, dels <strong>criteris complementaris<\/strong>. Tots aquests criteris estan establerts per llei, i cada cas t\u00e9 assignada una puntuaci\u00f3 o barem.<\/p>\n<p style=\"text-align: justify;\">Les places s&#8217;assignen comen\u00e7ant per les sol\u00b7licituds que s\u00f3n de centres adscrits, que tenen la puntuaci\u00f3 m\u00e9s alta.<\/p>\n<p><span style=\"text-decoration: underline;\"><strong>Criteri d\u2019adscripci\u00f3<\/strong><\/span><\/p>\n<ul>\n<li style=\"text-align: justify;\">Tenen <strong>prefer\u00e8ncia<\/strong> els alumnes que procedeixin dels centres i ensenyaments que hi s\u00f3n adscrits (<strong>Ins. Marianao<\/strong>).<\/li>\n<\/ul>\n<p><span style=\"text-decoration: underline;\"><strong>Criteris prioritaris<\/strong><\/span><\/p>\n<ol>\n<li>Exist\u00e8ncia de germanes o germans escolaritzats al centre en el moment en qu\u00e8 es presenta la preinscripci\u00f3: <strong>50 punts<\/strong>.<br \/>\nLa puntuaci\u00f3 tamb\u00e9 s\u2019aplica per accedir a un centre p\u00fablic quan la germana o el germ\u00e0 est\u00e0 escolaritzat en un altre centre p\u00fablic amb el qual hi ha una relaci\u00f3 d\u2019adscripci\u00f3.<\/p>\n<p style=\"text-align: justify;\">Els <strong>fills no comuns de parelles estables<\/strong> que formen una fam\u00edlia reconstitu\u00efda i viuen en el nucli familiar es consideren germans per aplicar aquest criteri. S\u2019ha d\u2019acreditar degudament amb el llibre de fam\u00edlia, el certificat d\u2019inscripci\u00f3 al registre de parelles de fet o el certificat de conviv\u00e8ncia hist\u00f2ric que acrediti conviv\u00e8ncia de 2 anys.<\/p>\n<\/li>\n<li style=\"text-align: justify;\">Proximitat geogr\u00e0fica del domicili habitual o del lloc de treball del pare o la mare a l&#8217;escola.\n<ul>\n<li>Proximitat del domicili de l\u2019alumne o alumna al centre o proximitat del lloc de treball del pare, la mare, el tutor o la tutora, guardador o guardadora de fet\n<ul>\n<li>Quan el domicili habitual \u00e9s a l\u2019\u00e0rea d&#8217;influ\u00e8ncia del centre, que \u00e9s tot Sant Boi: <strong>30 punts<\/strong>.<\/li>\n<li>Quan a inst\u00e0ncia del pare o la mare, el tutor o la tutora, guardador o guardadora de fet, es pren en consideraci\u00f3, en lloc del domicili habitual, l\u2019adre\u00e7a del lloc de treball, i aquesta \u00e9s dins l\u2019\u00e0rea d&#8217;influ\u00e8ncia del centre: <strong>20 punts<\/strong>.<\/li>\n<li>Quan el domicili habitual \u00e9s al mateix municipi del centre sol\u00b7licitat en primer lloc, per\u00f2 no en la seva \u00e0rea d&#8217;influ\u00e8ncia: 1<strong>0 punts<\/strong>.<\/li>\n<\/ul>\n<\/li>\n<\/ul>\n<\/li>\n<li style=\"text-align: justify;\">Si la fam\u00edlia percep la renda garantida de ciutadania, se sumen <strong>15 punts<\/strong>.<\/li>\n<li style=\"text-align: justify;\"><strong>Expedient acad\u00e8mic<\/strong><br \/>\nSe suma la qualificaci\u00f3 mitjana dels estudis que permeten l&#8217;acc\u00e9s a batxillerat: qualificaci\u00f3 mitjana, calculada amb dos decimals. Si l&#8217;alumne encara est\u00e0 cursant els estudis previs en el moment de la sol\u00b7licitud, s&#8217;utilitza la qualificaci\u00f3 mitjana dels cursos d&#8217;aquests estudis ja avaluats definitivament, calculada tamb\u00e9 amb dos decimals.<\/li>\n<\/ol>\n<p><span style=\"text-decoration: underline;\"><strong>Criteris complementaris<\/strong><\/span><\/p>\n<ol>\n<li style=\"text-align: justify;\"><strong>Criteri del pare, mare o el tutor o la tutora legal treballant al centre educatiu<\/strong>. Quan el pare, la mare o el tutor o tutora legal treballen al centre en el moment en qu\u00e8 es presenta la sol\u00b7licitud de preinscripci\u00f3, se sumen <strong>10 punts<\/strong>.<\/li>\n<li style=\"text-align: justify;\"><strong>Fam\u00edlia nombrosa<\/strong>.\u202f Quan l&#8217;infant forma part d&#8217;una fam\u00edlia nombrosa, se sumen <strong>10 punts<\/strong>.<\/li>\n<li style=\"text-align: justify;\"><strong>Fam\u00edlia monoparental<\/strong>. Quan l&#8217;infant forma part d&#8217;una fam\u00edlia monoparental, se sumen <strong>10 punts<\/strong>.<\/li>\n<li style=\"text-align: justify;\"><strong>Ser bess\u00f3 o trigemin<\/strong>. Quan l&#8217;alumne o alumna hagi nascut en un part m\u00faltiple, se sumen <strong>10 punts<\/strong>.<\/li>\n<li style=\"text-align: justify;\">Quan l&#8217;alumne o alumna es troba en <strong>situaci\u00f3 d&#8217;acolliment familiar<\/strong>, se sumen <strong>10 punts<\/strong>.<\/li>\n<li style=\"text-align: justify;\"><strong>Si algun membre de la fam\u00edlia t\u00e9 una discapacitat<\/strong>, se sumen <strong>15 punts<\/strong>. Quan el jove mateix, el pare o la mare, o b\u00e9 algun germ\u00e0 o germana t\u00e9 una discapacitat igual o superior al 33 %.<\/li>\n<li style=\"text-align: justify;\">Se sumen <strong>10 punts<\/strong> si s&#8217;acredita la <strong>condici\u00f3 de v\u00edctima de viol\u00e8ncia de g\u00e8nere o de terrorisme<\/strong>.<\/li>\n<\/ol>\n<h3>DOCUMENTACI\u00d3 DE PREINSCRIPCI\u00d3<\/h3>\n<p style=\"text-align: justify;\">Per fer la sol\u00b7licitud de preinscripci\u00f3 cal presentar tota la documentaci\u00f3 necess\u00e0ria per acreditar la identitat de l&#8217;alumne sol\u00b7licitant i l&#8217;acompliment dels criteris de prioritat d&#8217;assignaci\u00f3 de places. Com que <strong>els tr\u00e0mits es fan de manera telem\u00e0tica, cal escanejar o fotografiar tots els documents demanats per ambdues cares<\/strong> i tenir-los disponibles en el dispositiu que utilitzareu per emplenar el formulari de preinscripci\u00f3, ja sigui un ordinador, una tauleta o un tel\u00e8fon intel\u00b7ligent, per tal de poder-los adjuntar.<\/p>\n<ol>\n<li style=\"text-align: justify;\"><strong>Si la sol\u00b7licitud es presenta mitjan\u00e7ant el formulari electr\u00f2nic<\/strong>:\n<ul>\n<li><strong>Eina d&#8217;identificaci\u00f3 digital<\/strong>: La persona que faci el tr\u00e0mit en format electr\u00f2nic cal que tingui una eina d&#8217;identificaci\u00f3 digital com el DNI electr\u00f2nic, la T-CAT, el sistema Cl@ve o l&#8217;idCAT M\u00f2bil. Si no es t\u00e9 aquesta eina es pot presentar la sol\u00b7licitud en format inform\u00e0tic.<\/li>\n<li><strong>Codi identificador de l&#8217;alumne o l&#8217;alumna el RALC<\/strong>. Aquest codi es pot consultar en aquest web, a l&#8217;apartat <strong>Consulta de l&#8217;identificador de l&#8217;alumne<\/strong>. Per fer la consulta i obtenir el n\u00famero d&#8217;identificador, la persona que faci el tr\u00e0mit s&#8217;ha d&#8217;autenticar electr\u00f2nicament. El portal sol\u00b7licita la <strong>data de naixement de l&#8217;alumne<\/strong> i, un cop validada, mostra la informaci\u00f3 en pantalla.<\/li>\n<li>Si l&#8217;alumne a l&#8217;alumna no disposa del RALC, caldr\u00e0 adjuntar:<br \/>\n<strong>Si \u00e9s menor d&#8217;edat<\/strong>:<\/p>\n<ul>\n<li><strong>Llibre de fam\u00edlia o altres documents relatius a la filiaci\u00f3<\/strong>.<\/li>\n<li><strong>DNI del pare, la mare o el tutor o la tutora de l&#8217;alumne<\/strong>. Si el sol\u00b7licitant \u00e9s estranger, necessitar\u00e0 la <strong>targeta de resid\u00e8ncia<\/strong> on consta el <strong>NIE<\/strong> o el <strong>passaport<\/strong>, i si \u00e9s estranger d&#8217;un pa\u00eds membre de la Uni\u00f3 Europea li caldr\u00e0 adjuntar el <strong>document d&#8217;identitat del pa\u00eds d&#8217;origen<\/strong>.<\/li>\n<\/ul>\n<p><strong>Si \u00e9s major d&#8217;edat<\/strong>:<\/p>\n<ul>\n<li><strong>DNI, NIE, passaport o document d&#8217;identitat d&#8217;un pa\u00eds membre de l&#8217;alumne o l&#8217;alumna<\/strong>.<\/li>\n<\/ul>\n<\/li>\n<\/ul>\n<\/li>\n<li><strong>Si la sol\u00b7licitud es presenta mitjan\u00e7ant el formulari en suport inform\u00e0tic<\/strong> cal adjuntar els seg\u00fcents documents identificatius:<br \/>\n<strong>Si \u00e9s menor d&#8217;edat:<\/strong><\/p>\n<ul style=\"text-align: justify;\">\n<li><strong>Llibre de fam\u00edlia o altres documents relatius a la filiaci\u00f3.<\/strong><\/li>\n<li><strong>DNI del pare, la mare o el tutor o la tutora de l&#8217;alumne<\/strong>. Si el sol\u00b7licitant \u00e9s estranger, necessitar\u00e0 la <strong>targeta de resid\u00e8ncia<\/strong> on consta el <strong>NIE<\/strong> o el <strong>passaport<\/strong>.<\/li>\n<\/ul>\n<p style=\"text-align: justify;\"><strong>Si \u00e9s major d&#8217;edat:<\/strong><\/p>\n<ul>\n<li style=\"text-align: justify;\"><strong>DNI, NIE, passaport o document d&#8217;identitat d&#8217;un pa\u00eds membre de l&#8217;alumne o l&#8217;alumna.<\/strong><\/li>\n<\/ul>\n<\/li>\n<\/ol>\n<h4>DOCUMENTACI\u00d3 ACREDITATIVA DELS CRITERIS PRIORITARIS<\/h4>\n<ul>\n<li style=\"text-align: justify;\"><strong>Per justificar la proximitat del domicili habitual a l&#8217;escola<\/strong>. En rebre la sol\u00b7licitud de preinscripci\u00f3 <strong>el centre consulta les dades del padr\u00f3<\/strong> per confirmar l&#8217;adre\u00e7a del domicili familiar. Si no es poden obtenir les dades del padr\u00f3 cal acreditar la resid\u00e8ncia adjuntant <strong>un certificat o volant de conviv\u00e8ncia de l&#8217;alumne<\/strong>, on ha de constar l&#8217;adre\u00e7a del domicili i acreditar que viu com a m\u00ednim amb el pare o la mare que presenta la sol\u00b7licitud.<\/li>\n<li style=\"text-align: justify;\"><strong>Per acreditar la proximitat del lloc de treball del pare, la mare o el tutor o la tutora legal a l&#8217;escola<\/strong>. En el cas de les persones assalariades, \u00e9s suficient si s&#8217;aporta el <strong>contracte laboral o un certificat em\u00e8s per l&#8217;empresa<\/strong>. En el cas de ser treballadora o treballador aut\u00f2nom, s&#8217;haur\u00e0 de presentar <strong>el model de l&#8217;Ag\u00e8ncia tribut\u00e0ria 036 o 037<\/strong>, on es deixa const\u00e0ncia del domicili en qu\u00e8 es porta a terme l&#8217;activitat.<\/li>\n<li style=\"text-align: justify;\"><strong>Per justificar la renda m\u00ednima garantida de ciutadania<\/strong>. Aportaci\u00f3 de documents com la certificaci\u00f3 o la resoluci\u00f3 emesa pel Departament de Drets Socials i Inclusi\u00f3.<\/li>\n<li><strong>Per acreditar l&#8217;expedient acad\u00e8mic<\/strong>. Si es tracta d&#8217;alumnes que han finalitzat l&#8217;ESO a partir del curs 2017-2018 o estan cursant quart d&#8217;ESO actualment, no cal presentar cap acreditaci\u00f3 perqu\u00e8 s&#8217;obt\u00e9 autom\u00e0ticament del Departament d&#8217;Educaci\u00f3.<br \/>\nSi es tracta d&#8217;estudis antics, cal anar a la p\u00e0gina 27 del llibre d&#8217;escolaritat d&#8217;ensenyament b\u00e0sic on apareix la qualificaci\u00f3 mitjana de l&#8217;etapa en forma num\u00e8rica.<\/p>\n<p style=\"text-align: justify;\">Si es tracta d&#8217;estudis estrangers homologats, s&#8217;utilitza la qualificaci\u00f3 mitjana que apareix en la credencial d&#8217;homologaci\u00f3. Si no hi apareix, es pot demanar el c\u00e0lcul a la Direcci\u00f3 General d&#8217;Atenci\u00f3 a la Fam\u00edlia i a la Comunitat Educativa. Si no s&#8217;obt\u00e9 per qualsevol motiu, es considera que la puntuaci\u00f3 \u00e9s un 5.<br \/>\nSi es tracta d&#8217;estudis estrangers que encara s&#8217;estan cursant en el moment de preinscripci\u00f3, es pot presentar una declaraci\u00f3 responsable seguint el model que trobareu en aquest web. En aquest cas, es considera que la puntuaci\u00f3 \u00e9s un 5.<\/p>\n<\/li>\n<\/ul>\n<h4>DOCUMENTACI\u00d3 ACREDITATIVA DELS CRITERIS COMPLEMENTARIS<\/h4>\n<ul>\n<li style=\"text-align: justify;\"><strong>Per acreditar que l&#8217;alumne forma part d&#8217;una fam\u00edlia nombrosa o monoparental<\/strong>. Aquesta informaci\u00f3 es validar\u00e0 mitjan\u00e7ant consultes interadministratives quan es faci la sol\u00b7licitud de preinscripci\u00f3. Nom\u00e9s quan no sigui possible validar-ho\u202fo\u202f\u202fes tracti de t\u00edtols emesos per altres comunitats aut\u00f2nomes, caldr\u00e0 presentar el\u202ft\u00edtol\u202fde fam\u00edlia nombrosa.<\/li>\n<li style=\"text-align: justify;\"><strong>Per acreditar que l&#8217;alumne forma part d&#8217;una fam\u00edlia monoparental<\/strong>,\u202faquesta informaci\u00f3 es validar\u00e0 mitjan\u00e7ant consultes interadministratives quan es faci la sol\u00b7licitud de preinscripci\u00f3. Nom\u00e9s quan no sigui possible validar-ho o quan es tracti de t\u00edtols emesos per altres comunitats aut\u00f2nomes, caldr\u00e0 adjuntar el t\u00edtol de fam\u00edlia\u202f monoparental.<\/li>\n<li style=\"text-align: justify;\"><strong>El fet d&#8217;haver nascut en un part m\u00faltiple<\/strong>\u202fs&#8217;acredita amb el llibre de fam\u00edlia.<\/li>\n<li style=\"text-align: justify;\"><strong>La situaci\u00f3 d&#8217;acolliment familiar<\/strong>\u202fs&#8217;acredita\u202famb\u202fla\u202fresoluci\u00f3 d&#8217;acolliment del Departament de Drets Socials.<\/li>\n<li style=\"text-align: justify;\"><strong>Per acreditar que un membre de la unitat familiar t\u00e9 una discapacitat<\/strong>. Aquest sup\u00f2sit inclou la discapacitat igual o superior al 33 % de l&#8217;alumne, del pare o la mare o d&#8217;algun germ\u00e0 o germana, i es valida mitjan\u00e7ant consultes interadministratives. Si no es pot validar o si es tracta d&#8217;una discapacitat reconeguda per altres comunitats aut\u00f2nomes, cal presentar el certificat o la targeta acreditativa de discapacitat que emet el Departament de Treball, Afers Socials i Fam\u00edlies o els organismes competents en altres comunitats aut\u00f2nomes. Tamb\u00e9 es pot adjuntar el document que acrediti ser beneficiari o benefici\u00e0ria d&#8217;una pensi\u00f3 d&#8217;incapacitat permanent de grau total o de gran invalidesa, o b\u00e9, quan sigui oport\u00fa, el corresponent certificat de les classes passives que tenen reconeguda una pensi\u00f3 de jubilaci\u00f3 o retir per incapacitat permanent per al servei o inutilitat.<\/li>\n<li style=\"text-align: justify;\">La condici\u00f3 de <strong>v\u00edctima de viol\u00e8ncia de g\u00e8nere o de terrorisme<\/strong> s&#8217;acredita amb la sent\u00e8ncia judicial de qualsevol ordre jurisdiccional, l&#8217;ordre de protecci\u00f3 vigent, o l&#8217;informe dels serveis socials o el certificat que acredita la condici\u00f3 de v\u00edctima de terrorisme que emet la Subdirecci\u00f3n General de Apoyo a V\u00edctimas del Terrorismo del Ministeri de l&#8217;Interior.<\/li>\n<\/ul>\n","protected":false},"excerpt":{"rendered":"<p>Curs 2026-2027 Fes la preinscripci\u00f3 online: Fes la sol\u00b7licitud de preinscripci\u00f3 Batxillerat. Publicaci\u00f3 de l&#8217;oferta inicial de places\u00a0 Calendari de Preinscripci\u00f3 i Matr\u00edcula Batxillerat Curs 2026\/2027 Calendari de Preinscripci\u00f3 i Matr\u00edcula Batxillerat Curs 2026\/2027 Presentaci\u00f3 de sol\u00b7licituds 9 al 16 d\u2019abril Presentaci\u00f3 de documentaci\u00f3 Fins al 17 d\u2019abril Llistes amb puntuaci\u00f3 provisional 14 de maig [&hellip;]<\/p>\n","protected":false},"author":1,"featured_media":0,"parent":979,"menu_order":1,"comment_status":"closed","ping_status":"closed","template":"","meta":{"_bbp_topic_count":0,"_bbp_reply_count":0,"_bbp_total_topic_count":0,"_bbp_total_reply_count":0,"_bbp_voice_count":0,"_bbp_anonymous_reply_count":0,"_bbp_topic_count_hidden":0,"_bbp_reply_count_hidden":0,"_bbp_forum_subforum_count":0,"site-sidebar-layout":"default","site-content-layout":"","ast-site-content-layout":"default","site-content-style":"default","site-sidebar-style":"default","ast-global-header-display":"","ast-banner-title-visibility":"","ast-main-header-display":"","ast-hfb-above-header-display":"","ast-hfb-below-header-display":"","ast-hfb-mobile-header-display":"","site-post-title":"","ast-breadcrumbs-content":"","ast-featured-img":"","footer-sml-layout":"","theme-transparent-header-meta":"default","adv-header-id-meta":"","stick-header-meta":"","header-above-stick-meta":"","header-main-stick-meta":"","header-below-stick-meta":"","astra-migrate-meta-layouts":"set","ast-page-background-enabled":"default","ast-page-background-meta":{"desktop":{"background-color":"var(--ast-global-color-4)","background-image":"","background-repeat":"repeat","background-position":"center center","background-size":"auto","background-attachment":"scroll","background-type":"","background-media":"","overlay-type":"","overlay-color":"","overlay-opacity":"","overlay-gradient":""},"tablet":{"background-color":"","background-image":"","background-repeat":"repeat","background-position":"center center","background-size":"auto","background-attachment":"scroll","background-type":"","background-media":"","overlay-type":"","overlay-color":"","overlay-opacity":"","overlay-gradient":""},"mobile":{"background-color":"","background-image":"","background-repeat":"repeat","background-position":"center center","background-size":"auto","background-attachment":"scroll","background-type":"","background-media":"","overlay-type":"","overlay-color":"","overlay-opacity":"","overlay-gradient":""}},"ast-content-background-meta":{"desktop":{"background-color":"var(--ast-global-color-5)","background-image":"","background-repeat":"repeat","background-position":"center center","background-size":"auto","background-attachment":"scroll","background-type":"","background-media":"","overlay-type":"","overlay-color":"","overlay-opacity":"","overlay-gradient":""},"tablet":{"background-color":"var(--ast-global-color-5)","background-image":"","background-repeat":"repeat","background-position":"center center","background-size":"auto","background-attachment":"scroll","background-type":"","background-media":"","overlay-type":"","overlay-color":"","overlay-opacity":"","overlay-gradient":""},"mobile":{"background-color":"var(--ast-global-color-5)","background-image":"","background-repeat":"repeat","background-position":"center center","background-size":"auto","background-attachment":"scroll","background-type":"","background-media":"","overlay-type":"","overlay-color":"","overlay-opacity":"","overlay-gradient":""}},"footnotes":""},"class_list":["post-2393","page","type-page","status-publish","hentry"],"post_mailing_queue_ids":[],"_links":{"self":[{"href":"https:\/\/agora.xtec.cat\/insmarianao\/wp-json\/wp\/v2\/pages\/2393","targetHints":{"allow":["GET"]}}],"collection":[{"href":"https:\/\/agora.xtec.cat\/insmarianao\/wp-json\/wp\/v2\/pages"}],"about":[{"href":"https:\/\/agora.xtec.cat\/insmarianao\/wp-json\/wp\/v2\/types\/page"}],"author":[{"embeddable":true,"href":"https:\/\/agora.xtec.cat\/insmarianao\/wp-json\/wp\/v2\/users\/1"}],"replies":[{"embeddable":true,"href":"https:\/\/agora.xtec.cat\/insmarianao\/wp-json\/wp\/v2\/comments?post=2393"}],"version-history":[{"count":6,"href":"https:\/\/agora.xtec.cat\/insmarianao\/wp-json\/wp\/v2\/pages\/2393\/revisions"}],"predecessor-version":[{"id":5985,"href":"https:\/\/agora.xtec.cat\/insmarianao\/wp-json\/wp\/v2\/pages\/2393\/revisions\/5985"}],"up":[{"embeddable":true,"href":"https:\/\/agora.xtec.cat\/insmarianao\/wp-json\/wp\/v2\/pages\/979"}],"wp:attachment":[{"href":"https:\/\/agora.xtec.cat\/insmarianao\/wp-json\/wp\/v2\/media?parent=2393"}],"curies":[{"name":"wp","href":"https:\/\/api.w.org\/{rel}","templated":true}]}}