{"id":2371,"date":"2023-09-22T09:36:45","date_gmt":"2023-09-22T07:36:45","guid":{"rendered":"https:\/\/agora.xtec.cat\/insmarianao\/?page_id=2371"},"modified":"2026-04-30T09:22:35","modified_gmt":"2026-04-30T07:22:35","slug":"eso","status":"publish","type":"page","link":"https:\/\/agora.xtec.cat\/insmarianao\/secretaria-i-gestions\/preinscripcio-i-matricula\/eso\/","title":{"rendered":"ESO &#8211; Preinscripci\u00f3 i Matr\u00edcula"},"content":{"rendered":"<div class=\"header-common-style header-matricula\"><\/div>\n<h4>Curs 2026-2027<\/h4>\n<h3 style=\"text-align: center;\"><span style=\"color: #ff0000;\">Fes la preinscripci\u00f3 online:<\/span><\/h3>\n<p style=\"text-align: center;\"><span style=\"color: #3366ff;\"><a style=\"color: #3366ff;\" href=\"https:\/\/preinscripcio.gencat.cat\/ca\/estudis\/eso\/preinscriute\/sollicitud\/\" target=\"_blank\" rel=\"noopener\"><span style=\"color: #ff0000;\">Fes la sol\u00b7licitud de preinscripci\u00f3<\/span><\/a><\/span><\/p>\n<ul>\n<li><a href=\"https:\/\/agora.xtec.cat\/insmarianao\/wp-content\/uploads\/usu2666\/2026\/04\/ESO.-Llistat-amb-la-puntuacio-definitiva.pdf\" target=\"_blank\" rel=\"noopener\">ESO. Llista amb la puntuaci\u00f3 ordenada definitiva<span class=\"dashicons dashicons-pdf custom-icons\">\u00a0<\/span><\/a><\/li>\n<li>N\u00famero de sorteig en cas de desempat: <strong>42129<\/strong><\/li>\n<li><a href=\"https:\/\/agora.xtec.cat\/insmarianao\/wp-content\/uploads\/usu2666\/2026\/04\/ESO.-Llista-amb-la-puntuacio-definitiva.pdf\" target=\"_blank\" rel=\"noopener\">ESO. Llista amb la puntuaci\u00f3 definitiva<span class=\"dashicons dashicons-pdf custom-icons\">\u00a0<\/span><\/a><\/li>\n<li><a href=\"https:\/\/agora.xtec.cat\/insmarianao\/wp-content\/uploads\/usu2666\/2026\/04\/ESO.-Llista-amb-la-puntuacio-provisional-reclamacions-del-15-al-20-dabril.pdf\" target=\"_blank\" rel=\"noopener\">ESO. Llista amb la puntuaci\u00f3 provisional (reclamacions del 15 al 20 d&#8217;abril)<span class=\"dashicons dashicons-pdf custom-icons\">\u00a0<\/span><\/a><\/li>\n<li><a href=\"https:\/\/agora.xtec.cat\/insmarianao\/wp-content\/uploads\/usu2666\/2026\/03\/ESO.-Oferta-inicial.pdf\" target=\"_blank\" rel=\"noopener\">ESO. Publicaci\u00f3 de l&#8217;oferta inicial de places<span class=\"dashicons dashicons-pdf custom-icons\">\u00a0<\/span><\/a><\/li>\n<\/ul>\n<h4>Calendari de Preinscripci\u00f3 i Matr\u00edcula ESO Curs 2026\/2027<\/h4>\n<div class=\"custom-table\" style=\"margin-bottom: 30px;\">\n<table>\n<thead>\n<tr>\n<th style=\"text-align: center;\" colspan=\"2\">Calendari de Preinscripci\u00f3 i Matr\u00edcula ESO Curs 2026\/2027<\/th>\n<\/tr>\n<\/thead>\n<tbody>\n<tr>\n<td>Presentaci\u00f3 i\/o modificaci\u00f3 de sol\u00b7licituds<\/td>\n<td><span style=\"color: #ff0000;\">6 al 18 de mar\u00e7<\/span><\/td>\n<\/tr>\n<tr>\n<td>Presentaci\u00f3 de documentaci\u00f3<\/td>\n<td><span style=\"color: #ff0000;\">Fins al 19 de mar\u00e7<\/span><\/td>\n<\/tr>\n<tr>\n<td>Llistes amb puntuaci\u00f3 provisional<\/td>\n<td>15 d\u2019abril<\/td>\n<\/tr>\n<tr>\n<td>Termini de reclamacions<\/td>\n<td>15 al 20 d\u2018abril<\/td>\n<\/tr>\n<tr>\n<td>Llistes amb puntuaci\u00f3 un cop resoltes les reclamacions<\/td>\n<td>23 d&#8217;abril<\/td>\n<\/tr>\n<tr>\n<td>Sorteig<\/td>\n<td>28 d&#8217;abril<\/td>\n<\/tr>\n<tr>\n<td>Llista de puntuaci\u00f3 ordenada<\/td>\n<td>29 d&#8217;abril<\/td>\n<\/tr>\n<tr>\n<td>Ampliaci\u00f3 de petici\u00f3 de centres per a sol\u00b7licituds NEE B sense assignaci\u00f3 a cap centre<\/td>\n<td>13 al 14 de maig<\/td>\n<\/tr>\n<tr>\n<td>Ampliaci\u00f3 de petici\u00f3 de centres per a sol\u00b7licituds ordin\u00e0ries sense assignaci\u00f3 a cap centre<\/td>\n<td>1 al 3 de juny<\/td>\n<\/tr>\n<tr>\n<td>Publicaci\u00f3 oferta final<\/td>\n<td>10 de juny<\/td>\n<\/tr>\n<tr>\n<td>Llistat d\u2019admesos definitiva i llistes d\u2019espera<\/td>\n<td>10 de juny<\/td>\n<\/tr>\n<tr>\n<td>Per\u00edode de matr\u00edcula<\/td>\n<td><span style=\"color: #ff0000;\">22 al 30 de juny<\/span><\/td>\n<\/tr>\n<\/tbody>\n<\/table>\n<\/div>\n<h5 style=\"text-align: center;\"><span style=\"color: #3366ff;\">M\u00e9s informaci\u00f3 a:<\/span><br \/>\n<span style=\"color: #3366ff;\"><a style=\"color: #3366ff;\" href=\"https:\/\/preinscripcio.gencat.cat\/ca\/estudis\/eso\/inici\/\" target=\"_blank\" rel=\"noopener\">La preinscripci\u00f3 escolar a l&#8217;educaci\u00f3 secund\u00e0ria obligat\u00f2ria (ESO)<\/a><\/span><\/h5>\n<h3>Criteris de prioritat i barem per a l&#8217;educaci\u00f3 secund\u00e0ria (ESO)<\/h3>\n<p style=\"text-align: justify;\">Juntament amb la sol\u00b7licitud telem\u00e0tica de preinscripci\u00f3 cal presentar la\u00a0<strong>documentaci\u00f3 acreditativa<\/strong>\u00a0dels criteris de prioritat en el termini establert.<\/p>\n<p style=\"text-align: justify;\">A cada sol\u00b7licitud se li assigna de manera aleat\u00f2ria un n\u00famero que ha de servir per ordenar-les en cas d&#8217;empat.\u00a0Quan el nombre de sol\u00b7licituds d&#8217;admissi\u00f3 \u00e9s superior a l&#8217;oferta de places s&#8217;apliquen, per ordre: els\u00a0<strong>criteris de prioritat<\/strong>\u00a0espec\u00edfics, els criteris generals i els criteris complementaris.<\/p>\n<p style=\"text-align: justify;\">Aquests criteris, i el\u00a0<strong>barem<\/strong>\u00a0de punts que tenen associat, permeten ordenar totes les sol\u00b7licituds. El barem s&#8217;aplica en relaci\u00f3 amb el centre demanat en primer lloc i es mant\u00e9 per a la resta de peticions. En les situacions d&#8217;empat que es produeixin despr\u00e9s d&#8217;aplicar aquests criteris, l&#8217;ordenaci\u00f3 de les sol\u00b7licituds afectades es fa per <strong>sorteig<\/strong> p\u00fablic.<\/p>\n<ol start=\"0\">\n<li><strong>Reserva de places NEE<\/strong> (Ho fa directament l&#8217;Administraci\u00f3)<\/li>\n<li><strong>Criteris de prioritat previs \/ preferents<\/strong>\n<ul>\n<li style=\"text-align: justify;\">L&#8217;alumnat que vol cursar ensenyaments professionals de <strong>m\u00fasica<\/strong> o de <strong>dansa<\/strong> i l&#8217;alumnat que segueix <strong>programes esportius<\/strong> d&#8217;alt rendiment ho pot fer constar a la sol\u00b7licitud de preinscripci\u00f3 i, en aquest cas, t\u00e9 prioritat (encara que no provingui d&#8217;un centre adscrit) per accedir a les places d&#8217;educaci\u00f3 secund\u00e0ria obligat\u00f2ria dels centres que tenen horaris adaptats als ensenyaments art\u00edstics o als programes esportius d&#8217;alt rendiment.<\/li>\n<li style=\"text-align: justify;\">Per cursar ensenyaments en un curs d&#8217;educaci\u00f3 prim\u00e0ria o d&#8217;educaci\u00f3 secund\u00e0ria en un centre determinat <strong><span style=\"text-decoration: underline;\">t\u00e9 prefer\u00e8ncia l&#8217;alumnat que procedeix de centres adscrits<\/span> (Esc. Vicente Ferrer, Esc. Benviure i Esc. Marianao)<\/strong> a aquest centre.<\/li>\n<\/ul>\n<\/li>\n<li><strong>Criteris de prioritat<\/strong>\n<ul>\n<li style=\"text-align: justify;\">Si un alumne t\u00e9 un germ\u00e0 o germana matriculat i que assisteix al centre en el moment de la preinscripci\u00f3, en qualsevol dels ensenyaments autoritzats que el centre imparteix, se li han de comptar els punts per germans al centre.\n<p style=\"text-align: justify;\">La puntuaci\u00f3 tamb\u00e9 s&#8217;aplica per accedir a un centre p\u00fablic quan el germ\u00e0 o la germana est\u00e0 escolaritzat en un altre centre p\u00fablic que t\u00e9 la consideraci\u00f3 de <strong>centre \u00fanic<\/strong> (dos centres p\u00fablics adscrits\u00a0en qu\u00e8 l&#8217;escola de prim\u00e0ria nom\u00e9s est\u00e0 adscrita a un sol centre de secund\u00e0ria): <strong>50 punts<\/strong>.<\/p>\n<\/li>\n<li>\n<ul>\n<li style=\"text-align: justify;\">Proximitat del domicili de l&#8217;alumne o alumna al centre o proximitat del lloc de treball del pare, la mare, el tutor o la tutora, guardador o guardadora de fet Quan el domicili habitual \u00e9s a l&#8217;\u00e0rea d&#8217;influ\u00e8ncia del centre: <strong>30 punts<\/strong>.<\/li>\n<li style=\"text-align: justify;\">Quan a inst\u00e0ncia del pare o la mare, el tutor o la tutora, guardador o guardadora de fet, es pren en consideraci\u00f3, en lloc del domicili habitual, l&#8217;adre\u00e7a del lloc de treball, i aquesta \u00e9s dins l&#8217;\u00e0rea d&#8217;influ\u00e8ncia del centre: <strong>20 punts<\/strong>.<\/li>\n<li style=\"text-align: justify;\">Quan el domicili habitual \u00e9s al mateix municipi del centre sol\u00b7licitat en primer lloc, per\u00f2 no en la seva \u00e0rea d&#8217;influ\u00e8ncia: <strong>10 punts<\/strong>.<\/li>\n<\/ul>\n<\/li>\n<li style=\"text-align: justify;\">Si la fam\u00edlia percep la <strong>renda garantida de ciutadania<\/strong>, se sumen: <strong>15 punts<\/strong>.<\/li>\n<\/ul>\n<\/li>\n<li><strong>Criteris complementaris<\/strong>\n<ul>\n<li style=\"text-align: justify;\"><strong>Criteri del pare, mare o el tutor o tutora legal que treballa al centre educatiu<\/strong>. Quan el pare, la mare o el tutor o tutora legal treballen al centre en el moment en qu\u00e8 es presenta la sol\u00b7licitud de preinscripci\u00f3, se sumen <strong>10 punts<\/strong>.<\/li>\n<li style=\"text-align: justify;\"><strong>Fam\u00edlia nombrosa o monoparental<\/strong>: Pel fet de formar part d&#8217;una fam\u00edlia nombrosa o monoparental: <strong>10 punts<\/strong>.<\/li>\n<li style=\"text-align: justify;\"><strong>Ser bess\u00f3 o trigemin<\/strong>. Quan l&#8217;alumne o alumna hagi nascut en un part m\u00faltiple, se sumen <strong>10 punts<\/strong>.<\/li>\n<li style=\"text-align: justify;\">Quan l&#8217;alumne o alumna es troba en <strong>situaci\u00f3 d&#8217;acolliment familiar<\/strong>, se sumen <strong>10 punts<\/strong>.<\/li>\n<li><strong>Discapacitat<\/strong> de l&#8217;alumne o l&#8217;alumna, el pare, la mare, germanes o germans.\n<p style=\"text-align: justify;\">Quan l&#8217;alumne o l&#8217;alumna, el pare, la mare, el tutor o la tutora, un germ\u00e0 o una germana de l&#8217;alumne o l&#8217;alumna acredita una discapacitat igual o superior al 33%: <strong>15 punts<\/strong>.<\/p>\n<\/li>\n<li style=\"text-align: justify;\">Se sumen <strong>10 punts<\/strong> si s&#8217;acredita la <strong>condici\u00f3 de v\u00edctima de viol\u00e8ncia de g\u00e8nere o de terrorisme<\/strong>.<\/li>\n<\/ul>\n<\/li>\n<\/ol>\n<h3>DOCUMENTACI\u00d3 DE PREINSCRIPCI\u00d3<\/h3>\n<ol>\n<li><span style=\"text-decoration: underline;\"><strong>Documentaci\u00f3 obligat\u00f2ria<\/strong><\/span>.\n<p style=\"text-align: justify;\">Per fer la sol\u00b7licitud de preinscripci\u00f3 cal presentar tota la documentaci\u00f3 necess\u00e0ria per acreditar la identitat de les fam\u00edlies sol\u00b7licitants i l&#8217;acompliment dels criteris d&#8217;assignaci\u00f3 de places. Com que els tr\u00e0mits es fan de manera telem\u00e0tica, <strong>cal escanejar o fotografiar tots els documents demanats per ambdues cares<\/strong> i tenir-los disponibles en el dispositiu que utilitzareu per emplenar el formulari de preinscripci\u00f3, ja sigui un ordinador, una tauleta o un tel\u00e8fon intel\u00b7ligent, per tal de poder-los adjuntar.<\/p>\n<p style=\"text-align: justify;\">Els documents necessaris per acreditar la identitat de les fam\u00edlies en la sol\u00b7licitud de preinscripci\u00f3 s\u00f3n:<\/p>\n<ul>\n<li style=\"text-align: justify;\"><strong>Certificaci\u00f3 electr\u00f2nica de la inscripci\u00f3 de naixement, llibre de fam\u00edlia o altres documents relatius a la filiaci\u00f3<\/strong>.Quan l&#8217;alumne estigui en situaci\u00f3 d&#8217;acolliment, el document que cal aportar \u00e9s la <strong>resoluci\u00f3 d&#8217;acolliment del Departament de Drets Socials<\/strong>.<\/li>\n<li style=\"text-align: justify;\"><strong>DNI o NIE del pare, la mare o el tutor o la tutora de l&#8217;alumne si s&#8217;utilitza la sol\u00b7licitud en suport inform\u00e0tic<\/strong>. Sempre s&#8217;haur\u00e0 d&#8217;adjuntar\u00a0el <strong>passaport<\/strong>\u00a0o si \u00e9s estranger d&#8217;un pa\u00eds membre de la Uni\u00f3 Europea el <strong>document d&#8217;identitat del pa\u00eds d&#8217;origen<\/strong>.<\/li>\n<\/ul>\n<\/li>\n<li style=\"text-align: justify;\"><span style=\"text-decoration: underline;\"><strong>Documentaci\u00f3 acreditativa dels diferents criteris de baremaci\u00f3, que nom\u00e9s s&#8217;ha de presentar si s&#8217;al\u00b7leguen<\/strong><\/span>.<\/li>\n<\/ol>\n<h4>CRITERIS GENERALS<\/h4>\n<ul>\n<li><strong>Germans<\/strong>: Quan un germ\u00e0\/ana est\u00e0 escolaritzat al centre no s&#8217;ha d&#8217;adjuntar cap document acreditatiu perqu\u00e8 el centre en fa la comprovaci\u00f3. Si s&#8217;al\u00b7lega que el germ\u00e0\/ana est\u00e0 escolaritzat en un centre p\u00fablic que t\u00e9 la consideraci\u00f3 de centre \u00fanic amb el centre per al qual es demana la pla\u00e7a, cal adjuntar un certificat del centre on est\u00e0 escolaritzat.\n<p style=\"text-align: justify;\">Els <strong>fills no comuns de parelles estables<\/strong> que formen una fam\u00edlia reconstitu\u00efda i viuen en el nucli familiar es consideren germans per aplicar aquest criteri. S&#8217;ha d&#8217;acreditar degudament amb el llibre de fam\u00edlia, el certificat d&#8217;inscripci\u00f3 al registre de parelles de fet o el certificat de conviv\u00e8ncia hist\u00f2ric que acrediti conviv\u00e8ncia de 2 anys.<\/p>\n<\/li>\n<li style=\"text-align: justify;\"><strong>Per justificar la proximitat del domicili habitual a l&#8217;escola<\/strong>. En enviar la sol\u00b7licitud es programa la consulta automatitzada del padr\u00f3. Aquesta consulta serveix\u00a0per confirmar l&#8217;adre\u00e7a del domicili familiar. Si no es poden obtenir les dades del padr\u00f3 cal acreditar la resid\u00e8ncia adjuntant <strong>un certificat o volant de conviv\u00e8ncia de l&#8217;alumne<\/strong>, on ha de constar l&#8217;adre\u00e7a del domicili i acreditar que viu com a m\u00ednim amb el pare o la mare que presenta la sol\u00b7licitud.<\/li>\n<li style=\"text-align: justify;\"><strong>Per acreditar la proximitat del lloc de treball del pare, la mare o el tutor o la tutora legal a l&#8217;escola<\/strong>. En el cas de les persones assalariades, \u00e9s suficient si s&#8217;aporta el <strong>contracte laboral o un certificat em\u00e8s per l&#8217;empresa<\/strong>. En el cas de ser treballadora o treballador aut\u00f2nom, s&#8217;haur\u00e0 de presentar <strong>el model de l&#8217;Ag\u00e8ncia tribut\u00e0ria 036 o 037<\/strong>, on es deixa const\u00e0ncia del domicili en qu\u00e8 es porta a terme l&#8217;activitat.<\/li>\n<li style=\"text-align: justify;\"><strong>Per justificar la renda garantida de ciutadania<\/strong>. Aportaci\u00f3 de documents com la certificaci\u00f3 o la resoluci\u00f3 emesa pel Departament de Drets Socials.<\/li>\n<\/ul>\n<h4>CRITERIS COMPLEMENTARIS<\/h4>\n<p style=\"text-align: justify;\">Per acreditar els criteris complementaris s&#8217;ha de tenir en compte el seg\u00fcent:<\/p>\n<ul style=\"text-align: justify;\">\n<li><strong>Per acreditar que l&#8217;alumne forma part d&#8217;una fam\u00edlia nombrosa<\/strong>, aquesta informaci\u00f3 es validar\u00e0 mitjan\u00e7ant consultes interadministratives quan es faci la sol\u00b7licitud de preinscripci\u00f3. Nom\u00e9s quan no sigui possible validar-ho o es tracti de t\u00edtols emesos per altres comunitats aut\u00f2nomes, caldr\u00e0 presentar el t\u00edtol de fam\u00edlia nombrosa.<\/li>\n<li><strong>Per acreditar que l&#8217;alumne forma part d&#8217;una fam\u00edlia monoparental<\/strong>, aquesta informaci\u00f3 es validar\u00e0 mitjan\u00e7ant consultes interadministratives quan es faci la sol\u00b7licitud de preinscripci\u00f3. Nom\u00e9s quan no sigui possible validar-ho o quan es tracti de t\u00edtols emesos per altres comunitats aut\u00f2nomes, caldr\u00e0 adjuntar el t\u00edtol de fam\u00edlia monoparental.<\/li>\n<li><strong>El fet d&#8217;haver nascut en un part m\u00faltiple<\/strong> s&#8217;acredita amb el llibre de fam\u00edlia o la certificaci\u00f3 electr\u00f2nica de la inscripci\u00f3 de naixement.<\/li>\n<li><strong>La situaci\u00f3 d&#8217;acolliment familiar<\/strong> s&#8217;acredita amb la\u202fresoluci\u00f3 d&#8217;acolliment del Departament de Drets Socials i inclusi\u00f3.<\/li>\n<li><strong>Per acreditar que un membre de la unitat familiar t\u00e9 una discapacitat<\/strong>.\u202fAquest sup\u00f2sit inclou la discapacitat igual o superior al 33 % de l&#8217;alumne, del pare o la mare o d&#8217;algun germ\u00e0 o germana, i es valida mitjan\u00e7ant consultes interadministratives. Si no es pot validar o si es tracta d&#8217;una discapacitat reconeguda per altres comunitats aut\u00f2nomes, cal presentar el certificat o la targeta acreditativa de discapacitat que emet el Departament de Drets Socials o els organismes competents en altres comunitats aut\u00f2nomes. Tamb\u00e9 es pot adjuntar el document que acrediti ser beneficiari o benefici\u00e0ria d&#8217;una pensi\u00f3 d&#8217;incapacitat permanent de grau total o de gran invalidesa, o b\u00e9, quan sigui oport\u00fa, el corresponent certificat de les classes passives que tenen reconeguda una pensi\u00f3 de jubilaci\u00f3 o retir per incapacitat permanent per al servei o inutilitat.<\/li>\n<li>La condici\u00f3 de <strong>v\u00edctima de viol\u00e8ncia de g\u00e8nere o de terrorisme<\/strong> s&#8217;acredita amb la sent\u00e8ncia judicial de qualsevol ordre jurisdiccional, l&#8217;ordre de protecci\u00f3 vigent, o l&#8217;informe dels serveis socials o el certificat que acredita la condici\u00f3 de v\u00edctima de terrorisme que emet la Subdirecci\u00f3n General de Apoyo a V\u00edctimas del Terrorismo del Ministeri de l&#8217;Interior.<\/li>\n<\/ul>\n<p style=\"text-align: justify;\">En general, nom\u00e9s cal presentar la documentaci\u00f3 acreditativa si el Departament d&#8217;Educaci\u00f3 no pot accedir a la informaci\u00f3 corresponent mitjan\u00e7ant l&#8217;intercanvi electr\u00f2nic de dades entre administracions.<\/p>\n<p style=\"text-align: justify;\"><strong>En el resguard, en l&#8217;apartat documentaci\u00f3 que s&#8217;ha de presentar es detallar\u00e0 la informaci\u00f3 que no s&#8217;ha pogut comprovar.<\/strong><\/p>\n","protected":false},"excerpt":{"rendered":"<p>Curs 2026-2027 Fes la preinscripci\u00f3 online: Fes la sol\u00b7licitud de preinscripci\u00f3 ESO. Llista amb la puntuaci\u00f3 ordenada definitiva\u00a0 N\u00famero de sorteig en cas de desempat: 42129 ESO. Llista amb la puntuaci\u00f3 definitiva\u00a0 ESO. Llista amb la puntuaci\u00f3 provisional (reclamacions del 15 al 20 d&#8217;abril)\u00a0 ESO. Publicaci\u00f3 de l&#8217;oferta inicial de places\u00a0 Calendari de Preinscripci\u00f3 i [&hellip;]<\/p>\n","protected":false},"author":1,"featured_media":0,"parent":979,"menu_order":0,"comment_status":"closed","ping_status":"closed","template":"","meta":{"_bbp_topic_count":0,"_bbp_reply_count":0,"_bbp_total_topic_count":0,"_bbp_total_reply_count":0,"_bbp_voice_count":0,"_bbp_anonymous_reply_count":0,"_bbp_topic_count_hidden":0,"_bbp_reply_count_hidden":0,"_bbp_forum_subforum_count":0,"site-sidebar-layout":"default","site-content-layout":"","ast-site-content-layout":"default","site-content-style":"default","site-sidebar-style":"default","ast-global-header-display":"","ast-banner-title-visibility":"","ast-main-header-display":"","ast-hfb-above-header-display":"","ast-hfb-below-header-display":"","ast-hfb-mobile-header-display":"","site-post-title":"","ast-breadcrumbs-content":"","ast-featured-img":"","footer-sml-layout":"","theme-transparent-header-meta":"default","adv-header-id-meta":"","stick-header-meta":"","header-above-stick-meta":"","header-main-stick-meta":"","header-below-stick-meta":"","astra-migrate-meta-layouts":"set","ast-page-background-enabled":"default","ast-page-background-meta":{"desktop":{"background-color":"var(--ast-global-color-4)","background-image":"","background-repeat":"repeat","background-position":"center center","background-size":"auto","background-attachment":"scroll","background-type":"","background-media":"","overlay-type":"","overlay-color":"","overlay-opacity":"","overlay-gradient":""},"tablet":{"background-color":"","background-image":"","background-repeat":"repeat","background-position":"center center","background-size":"auto","background-attachment":"scroll","background-type":"","background-media":"","overlay-type":"","overlay-color":"","overlay-opacity":"","overlay-gradient":""},"mobile":{"background-color":"","background-image":"","background-repeat":"repeat","background-position":"center center","background-size":"auto","background-attachment":"scroll","background-type":"","background-media":"","overlay-type":"","overlay-color":"","overlay-opacity":"","overlay-gradient":""}},"ast-content-background-meta":{"desktop":{"background-color":"var(--ast-global-color-5)","background-image":"","background-repeat":"repeat","background-position":"center center","background-size":"auto","background-attachment":"scroll","background-type":"","background-media":"","overlay-type":"","overlay-color":"","overlay-opacity":"","overlay-gradient":""},"tablet":{"background-color":"var(--ast-global-color-5)","background-image":"","background-repeat":"repeat","background-position":"center center","background-size":"auto","background-attachment":"scroll","background-type":"","background-media":"","overlay-type":"","overlay-color":"","overlay-opacity":"","overlay-gradient":""},"mobile":{"background-color":"var(--ast-global-color-5)","background-image":"","background-repeat":"repeat","background-position":"center center","background-size":"auto","background-attachment":"scroll","background-type":"","background-media":"","overlay-type":"","overlay-color":"","overlay-opacity":"","overlay-gradient":""}},"footnotes":""},"class_list":["post-2371","page","type-page","status-publish","hentry"],"post_mailing_queue_ids":[],"_links":{"self":[{"href":"https:\/\/agora.xtec.cat\/insmarianao\/wp-json\/wp\/v2\/pages\/2371","targetHints":{"allow":["GET"]}}],"collection":[{"href":"https:\/\/agora.xtec.cat\/insmarianao\/wp-json\/wp\/v2\/pages"}],"about":[{"href":"https:\/\/agora.xtec.cat\/insmarianao\/wp-json\/wp\/v2\/types\/page"}],"author":[{"embeddable":true,"href":"https:\/\/agora.xtec.cat\/insmarianao\/wp-json\/wp\/v2\/users\/1"}],"replies":[{"embeddable":true,"href":"https:\/\/agora.xtec.cat\/insmarianao\/wp-json\/wp\/v2\/comments?post=2371"}],"version-history":[{"count":6,"href":"https:\/\/agora.xtec.cat\/insmarianao\/wp-json\/wp\/v2\/pages\/2371\/revisions"}],"predecessor-version":[{"id":6037,"href":"https:\/\/agora.xtec.cat\/insmarianao\/wp-json\/wp\/v2\/pages\/2371\/revisions\/6037"}],"up":[{"embeddable":true,"href":"https:\/\/agora.xtec.cat\/insmarianao\/wp-json\/wp\/v2\/pages\/979"}],"wp:attachment":[{"href":"https:\/\/agora.xtec.cat\/insmarianao\/wp-json\/wp\/v2\/media?parent=2371"}],"curies":[{"name":"wp","href":"https:\/\/api.w.org\/{rel}","templated":true}]}}