{"id":1983,"date":"2023-07-04T13:28:55","date_gmt":"2023-07-04T11:28:55","guid":{"rendered":"https:\/\/agora.xtec.cat\/insmarianao\/?page_id=1983"},"modified":"2026-02-06T16:52:42","modified_gmt":"2026-02-06T15:52:42","slug":"projectes-de-mobilitat","status":"publish","type":"page","link":"https:\/\/agora.xtec.cat\/insmarianao\/projectes\/projectes-de-mobilitat\/","title":{"rendered":"Projectes de mobilitat"},"content":{"rendered":"<div class=\"header-common-style header-mobilitat\"><\/div>\n<h2>\u00cdndex<\/h2>\n<ul>\n<li><a href=\"#prj1\">Informaci\u00f3 general<\/a><\/li>\n<li><a href=\"#prj2\">Pr\u00e0ctiques internacionals<\/a><\/li>\n<li><a href=\"#prj3\">Selecci\u00f3 d&#8217;alumnat<\/a><\/li>\n<li><a href=\"#prj4\">Diversitat i inclusi\u00f3<\/a><\/li>\n<\/ul>\n<hr class=\"linea\" \/>\n<h2 id=\"prj1\">Informaci\u00f3 general<\/h2>\n<p style=\"text-align: justify;\">L&#8217;<strong>Institut Marianao<\/strong> est\u00e0 situat a <a href=\"https:\/\/ca.wikipedia.org\/wiki\/Sant_Boi_de_Llobregat\" target=\"_blank\" rel=\"noopener\">Sant Boi de Llobregat<\/a>, ciutat d&#8217;uns 80.000 habitants, a 11 km de Barcelona.<\/p>\n<p style=\"text-align: justify;\">Compta amb uns 700 alumnes i 70 professors i ofereix cursos d&#8217;educaci\u00f3 obligat\u00f2ria ESO, postobligat\u00f2ria, Batxillerats i cicles formatius de diferents branques.<\/p>\n<p style=\"text-align: justify;\">\u00c9s un centre comprom\u00e8s amb diferents projectes, un d&#8217;ells \u00e9s el <strong>Projecte de mobilitat<\/strong> que d\u00f3na l&#8217;oportunitat a <strong>alumnes de cicles formatius superiors<\/strong> a realitzar les seves <strong>pr\u00e0ctiques d&#8217;empresa en pa\u00efsos de la comunitat europea<\/strong>, com ara Alemanya, Pa\u00efsos Baixos, i It\u00e0lia.<\/p>\n<p style=\"text-align: justify;\">Des del 2009 el centre compta amb l&#8217;<a href=\"https:\/\/agora.xtec.cat\/insmarianao\/wp-content\/uploads\/usu2666\/2022\/02\/Erasmus_Charter_for_Higher_Education.pdf\" target=\"_blank\" rel=\"noopener\">Erasmus Charter<span class=\"dashicons dashicons-pdf custom-icons\">\u00a0<\/span><\/a> <a href=\"https:\/\/agora.xtec.cat\/insmarianao\/wp-content\/uploads\/usu2666\/2023\/07\/COURSE_CATALOGUE.pdf\" target=\"_blank\" rel=\"noopener\">(Course Catalogue<span class=\"dashicons dashicons-pdf custom-icons\">\u00a0<\/span><\/a>) (<a href=\"https:\/\/agora.xtec.cat\/insmarianao\/wp-content\/uploads\/usu2666\/2023\/07\/InternationalPolicy.pdf\" target=\"_blank\" rel=\"noopener noreferrer\">International Policy<span class=\"dashicons dashicons-pdf custom-icons\">\u00a0<\/span><\/a>) i per tant t\u00e9 una llarga experi\u00e8ncia pel que fa als intercanvis de mobilitat, a m\u00e9s a m\u00e9s, tamb\u00e9 rep alumnes d&#8217;altres pa\u00efsos europeus en les seves aules i en les empreses que el centre els hi proporciona.<\/p>\n<p style=\"text-align: justify;\">Creiem que l&#8217;habilitat d&#8217;experimentar unes pr\u00e0ctiques de manera reeixida en un pa\u00eds estranger \u00e9s important pels nostres alumnes o futurs treballadors. Per aquesta ra\u00f3, cada curs escolar el centre dirigeix un nou programa de mobilitat que \u00e9s un repte, per una part per a<span class=\"hiddenGrammarError\">l propi centre<\/span> per\u00f2 tamb\u00e9 pels alumnes, que han de desenvolupar en una empresa estrangera el que han apr\u00e8s. En total, coneixements te\u00f2rics, pr\u00e0ctics i ling\u00fc\u00edstics de les lleng\u00fces apreses (<span class=\"hiddenSpellError\">B1<\/span> Angl\u00e8s, <span class=\"hiddenSpellError\">A1<\/span> Alemany).<\/p>\n<hr class=\"linea\" \/>\n<h2 id=\"prj2\">Pr\u00e0ctiques internacionals<\/h2>\n<p style=\"text-align: justify;\">L&#8217;Institut Marianao realitza projectes de mobilitat, des del 2009, participant en projectes <strong>Erasmus+<\/strong> per a cicles formatius de totes les branques: <strong>Inform\u00e0tica<\/strong>, <strong>Comer\u00e7<\/strong> i <strong>Fabricaci\u00f3 Mec\u00e0nica<\/strong>.<\/p>\n<p style=\"text-align: justify;\">Aquestes mobilitats consisteixen en la col\u00b7laboraci\u00f3 amb altres centres de cicles formatius o empreses europees amb l&#8217;objectiu que els alumnes hi realitzin les seves pr\u00e0ctiques obligat\u00f2ries d&#8217;empresa de cicles formatius, durant com a m\u00ednim dos mesos.<\/p>\n<p style=\"text-align: justify;\">L&#8217;Institut Marianao tamb\u00e9 est\u00e0 adherit a la <a href=\"https:\/\/www.fundaciobcnfp.cat\/\" target=\"_blank\" rel=\"noopener\">Fundaci\u00f3 Xarxa FP de Barcelona<\/a> amb la qual tamb\u00e9 col\u00b7labora per portar a terme mobilitats en empreses europees per\u00f2 en aquest cas amb la possibilitat de realitzar estades m\u00e9s llargues, fins a dos anys.<\/p>\n<p style=\"text-align: justify;\">Aquestes mobilitats es desenvolupen en pa\u00efsos europeus com ara, Pa\u00efsos Baixos, Rep\u00fablica Txeca, Pol\u00f2nia, It\u00e0lia, Alemanya, Fran\u00e7a, etc.<\/p>\n<hr class=\"linea\" \/>\n<h2 id=\"prj3\">Selecci\u00f3 d&#8217;alumnat<\/h2>\n<h4>Presentaci\u00f3 de documentaci\u00f3<\/h4>\n<p style=\"text-align: justify;\">L\u2019alumnat interessat haur\u00e0 de presentar la seg\u00fcent documentaci\u00f3 a la Coordinadora de Mobilitat (ho podeu deixar a la b\u00fastia de la professora <strong>Meritxell Isus<\/strong>):<\/p>\n<ul>\n<li><a href=\"https:\/\/agora.xtec.cat\/insmarianao\/wp-content\/uploads\/usu2666\/2023\/07\/solicitudrasmus_2020-23.pdf\" target=\"_blank\" rel=\"noopener\">Sol\u00b7licitud per fer les pr\u00e0ctiques a l\u2019estranger<span class=\"dashicons dashicons-pdf custom-icons\">\u00a0<\/span><\/a><\/li>\n<li><a href=\"https:\/\/europass.cedefop.europa.eu\/documents\/curriculum-vitae\" target=\"_blank\" rel=\"noopener\">Curr\u00edculum Vitae format Europass en llengua anglesa<span class=\"dashicons dashicons-admin-links custom-icons\">\u00a0<\/span><\/a><\/li>\n<li>Carta de motivaci\u00f3, en angl\u00e8s, explicant perqu\u00e8 voleu participar en el programa Erasmus.<\/li>\n<\/ul>\n<p>Data final de lliurament de la documentaci\u00f3: <strong>Dilluns 11 de desembre del 2023.<\/strong><\/p>\n<h4>Entrevista personal<\/h4>\n<p>Es realitzar\u00e0 una entrevista personal amb l\u2019alumnat que hagi lliurat la documentaci\u00f3 <strong>el dimarts 12 de desembre del 2023<\/strong>. <span style=\"text-decoration: underline;\">En angl\u00e8s<\/span>.<\/p>\n<h4>Selecci\u00f3 final<\/h4>\n<p style=\"text-align: justify;\">Els equips docents conjuntament amb la coordinaci\u00f3 de mobilitat es reuniran i seleccionaran les persones benefici\u00e0ries de les beques tenint en compte el seg\u00fcent barem:<\/p>\n<div class=\"custom-table\" style=\"margin-bottom: 30px;\">\n<table>\n<thead>\n<tr>\n<th style=\"text-align: center;\" colspan=\"3\">Taula de selecci\u00f3<\/th>\n<\/tr>\n<\/thead>\n<tbody>\n<tr>\n<td>Curr\u00edculum Vitae<\/td>\n<td><a href=\"https:\/\/europass.cedefop.europa.eu\/documents\/curriculum-vitae\" target=\"_blank\" rel=\"noopener noreferrer\">Format Europass CV<\/a><\/td>\n<td>2 punts (-0.25 per cada error ortogr\u00e0fic)<\/td>\n<\/tr>\n<tr>\n<td>Idiomes<\/td>\n<td>Certificats Oficials de qualsevol idioma de la UE<\/td>\n<td>Intermediari (B1) &#8211; 1 punt<\/p>\n<p>Advance (B2) &#8211; 2 punts<\/td>\n<\/tr>\n<tr>\n<td>Carta de motivaci\u00f3<\/td>\n<td>En angl\u00e8s<\/td>\n<td>2 punts (-0.25 per cada error ortogr\u00e0fic)<\/td>\n<\/tr>\n<tr>\n<td>Qualificacions<\/td>\n<td>Nota de les UF aprovades (mitja ponderada de les notes obtingudes fins al moment de la selecci\u00f3)<\/td>\n<td>Nota obtinguda<\/td>\n<\/tr>\n<tr>\n<td>Valoraci\u00f3 de l&#8217;equip docent<\/td>\n<td>Vinculat amb les Compet\u00e8ncies Professionals<\/td>\n<td>Assist\u00e8ncia regular: 1 punt<\/p>\n<p>Puntualitat: 1 punt<\/p>\n<p>Bona actitut a classe: 3 punts<\/p>\n<p>Col\u00b7laboraci\u00f3 amb els companys: 3 punts<\/td>\n<\/tr>\n<tr>\n<td>Entrevista<\/td>\n<td>En angl\u00e8s<\/td>\n<td>3 punts<\/td>\n<\/tr>\n<\/tbody>\n<\/table>\n<\/div>\n<h4>Convalidacions despr\u00e9s de la mobilitat<\/h4>\n<p style=\"text-align: justify;\">Els alumnes que hagin realitzat mobilitats a l\u2019estranger finan\u00e7ats sota el projecte Erasmus podran convalidar les seves pr\u00e0ctiques obligat\u00f2ries de FCT i alguns dels seus m\u00f2duls en el cas de mobilitats d\u2019estudi.<\/p>\n<p>Podeu consultar la <a href=\"https:\/\/ec.europa.eu\/education\/ects\/users-guide\/index_en.htm\" target=\"_blank\" rel=\"noopener\">web de la Comissi\u00f3 Europea<span class=\"dashicons dashicons-admin-links custom-icons\">\u00a0<\/span><\/a>.<\/p>\n<p style=\"text-align: justify;\">Per poder demanar aquesta convalidaci\u00f3 l\u2019alumne haur\u00e0 de presentar la seg\u00fcent documentaci\u00f3:<\/p>\n<ul>\n<li>Learning Agreement signat i segellat per l\u2019instituci\u00f3 d\u2019acollida:\n<ul>\n<li><a href=\"https:\/\/agora.xtec.cat\/insmarianao\/wp-content\/uploads\/usu2666\/2023\/07\/HE-Learning-agreement_traineeships_form_final_2020_EN.docx\" target=\"_blank\" rel=\"noopener\">Learning agreement traineeships form<span class=\"dashicons dashicons-media-document custom-icons\">\u00a0<\/span><\/a><\/li>\n<li><a href=\"https:\/\/agora.xtec.cat\/insmarianao\/wp-content\/uploads\/usu2666\/2023\/07\/erasmus-student-charter-july2018_en.pdf\" target=\"_blank\" rel=\"noopener\">Erasmus student charter<span class=\"dashicons dashicons-pdf custom-icons\">\u00a0<\/span><\/a><\/li>\n<\/ul>\n<\/li>\n<li>Conveni de pr\u00e0ctiques signat i segellat per l\u2019instituci\u00f3 d\u2019acollida.<\/li>\n<li style=\"text-align: justify;\">Realitzar la valoraci\u00f3 de l\u2019estada en l\u2019enlla\u00e7 que la Comissi\u00f3 Europea enviar\u00e0 als correus electr\u00f2nics de cada participant.<\/li>\n<li>Presentar factures i targetes d\u2019embarcament del viatge d\u2019anada i de tornada.<\/li>\n<li style=\"text-align: justify;\">Realitzar el curs on line obligatori i subvencionat per la Comissi\u00f3 Europea de l\u2019idioma estranger escollit per el participant.<\/li>\n<li style=\"text-align: justify;\">L\u2019alumne haur\u00e0 de signar un document de responsabilitat on es compromet a realitzar les pr\u00e0ctiques convingudes.<\/li>\n<\/ul>\n<h2 id=\"prj4\">Diversitat i inclusi\u00f3<\/h2>\n<p><img loading=\"lazy\" decoding=\"async\" class=\"wp-image-3828 alignnone\" src=\"https:\/\/agora.xtec.cat\/insmarianao\/wp-content\/uploads\/usu2666\/2024\/07\/inclusio_erasmus.png\" alt=\"\" width=\"283\" height=\"178\" \/><\/p>\n<p><strong>ESTRAT\u00c8GIA D\u2019INCLUSI\u00d3 en els programes Erasmus +<\/strong><\/p>\n<p>Article 21 de la Carta dels Drets Fonamentals de la Uni\u00f3 Europea.<\/p>\n<h4>Pla d\u2019actuaci\u00f3 espec\u00edfic per assolir els objectius:<\/h4>\n<ol>\n<li><strong>Objectiu a assolir<\/strong>: facilitar la participaci\u00f3 dels estudiants amb menys oportunitats al programa Erasmus+<br \/>\n<strong>Obstacle a superar<\/strong>: Discapacitats (f\u00edsiques, cognitives i sensorials)<strong><br \/>\nAccions<\/strong>:<\/p>\n<ul>\n<li>Assegurar el bon funcionament del servei de suport i orientaci\u00f3 individualtizada per cada estudiants destinat a informar, ajudar i gestionar el suport a la inclusi\u00f3.<\/li>\n<li>Realitzaci\u00f3 i manteniment del contacte i col\u00b7laboraci\u00f3 amb les institucions i professionals que acompanyen als alumnes amb discapacitats en les aules.<\/li>\n<li>Organitzaci\u00f3 d\u2019activitats per afavorir la interacci\u00f3 entre els estudiants de l\u2019Institut Marianao i els estudiants\/professors entrants (presentacionsde de benvinguda, participaci\u00f3 conjunta a sessions amb professors internacionals), per tal de fomentar el proc\u00e9s d\u2019internacionalitzaci\u00f3 dins del mateix centre, el qual permet als estudiants amb discapacitats desenvolupar habilitats internacionals i compet\u00e8ncies interculturals sense haver de marxar a l&#8217;estranger.<\/li>\n<li>Formaci\u00f3 de personal en grups de millora per tal de millorar les compet\u00e8ncies en inclusi\u00f3 i diversitat<\/li>\n<li>Realitzaci\u00f3 de sessions informatives sobre el programa Erasmus+ amb especial \u00e8mfasi sobre el finan\u00e7ament i les ajudes als estudiants amb menys oportunitats.<\/li>\n<li>Realitzaci\u00f3 de campanyes en l\u00ednia per atraure la poblaci\u00f3 objectiu al programa Erasmus+, emprant diversos formats i canals per maximitzar l&#8217;abast: xarxes socials (reels d&#8217;Instagram, v\u00eddeos curts) i la p\u00e0gina web de l\u2019Institut sempre intentant que els estudiants siguin els que protagonitzin els continguts.<\/li>\n<\/ul>\n<\/li>\n<li><strong>Objectiu a assolir<\/strong>: facilitar la participaci\u00f3 de l\u2019estudiant amb obstacles socioecon\u00f2mics (els costos econ\u00f2mics que impliquen una mobilitat \u00e9s un factor que pot dissuadir per a la participaci\u00f3 del programa Erasmus)<br \/>\n<strong>Accions:<\/strong><\/p>\n<ul>\n<li>Monitoritzaci\u00f3 de la participaci\u00f3 dels estudiants al programa Erasmus+, amb especial \u00e8mfasi cap als estudiants amb menys oportunitats (activitats de seguiment peri\u00f2dic: reunions i grups de discussi\u00f3 per obtenir informaci\u00f3 sobre l&#8217;evoluci\u00f3 de l\u2019aprenentatge, valors adquirits i obstacles enfrontats)<\/li>\n<\/ul>\n<\/li>\n<li><strong>Objectiu superar les difer\u00e8ncies culturals<\/strong>.<br \/>\n<strong>Accions<\/strong>:<\/p>\n<ul>\n<li>Inclusi\u00f3 de la informaci\u00f3 sobre els serveis disponibles per millorar les compet\u00e8ncies ling\u00fc\u00edstiques en la sessions informatives pels alumines nous Erasmus (acc\u00e9s a LA acc\u00e9s a la EU Academy\/OLS Online Language Support)<\/li>\n<li>Organitzaci\u00f3 d\u2019activitats per afavorir la interacci\u00f3 entre els estudiants de l\u2019Institut Marianao i els estudiants d\u2019 instituts estrangers que realitzen estades Erasmus al centre perqu\u00e8 els alumnes disposin d\u2019una situaci\u00f3 real on utlilitzar i per tant millorar les seves compet\u00e8ncies ling\u00fc\u00edstiques en llengua estrangera (presentacions de benvinguda, activitats culturals conjuntes, sessions amb professors internacionals i nacionals)<\/li>\n<\/ul>\n<\/li>\n<\/ol>\n<h4>Perfil dels alumnes:<\/h4>\n<ol>\n<li><strong>Discapacitat.<\/strong><br \/>\n<strong>Justificaci\u00f3 del perfil:<\/strong><\/p>\n<ul>\n<li>CFGM:Certificat em\u00e8s per l\u2019autoritat corresponent(CCAA) que presentin una discapacitat reconeguda.<\/li>\n<li>GFGS:Certificat em\u00e8s per l\u2019autoritat corresponent(CCAA) que presentin una discapacitat reconeguda, la discapacitat ser\u00e0 del 33% o m\u00e9s.<\/li>\n<\/ul>\n<\/li>\n<li><strong>Participants que per la seva situaci\u00f3 de salut f\u00edsica o mental, necessitin un suport addicional.<\/strong><br \/>\n<strong>Justificaci\u00f3 del perfil:<\/strong><\/p>\n<ul>\n<li>Certificaci\u00f3 de situaci\u00f3 de salut f\u00edsica que genera la necessitat de suportarla adicional: Informe de Salut Mental. Informe m\u00e8dic expedit per centre de salut\/especialista o autoritat sanit\u00e0ria competen adicional.<\/li>\n<\/ul>\n<\/li>\n<li><strong>Dificultats educatives formatives.<\/strong><br \/>\n<strong>Justificaci\u00f3 del perfil:<\/strong><\/p>\n<ul>\n<li>CFGM\/CFGS: Beques d\u2019estudis.<\/li>\n<li>Beneficiari de rendes d\u2019inserci\u00f3.<\/li>\n<li>Risc d&#8217;exclusi\u00f3 social o emerg\u00e8ncia social.<\/li>\n<li>Fam\u00edlia nombrosa o monoparental.<\/li>\n<li>V\u00edctima de terrorisme o de viol\u00e8ncia de g\u00e8nere.<\/li>\n<li>Orfandat<\/li>\n<li>Depend\u00e8ncia<\/li>\n<\/ul>\n<\/li>\n<\/ol>\n<p><strong>Enllacos:<\/strong><\/p>\n<ul>\n<li><a href=\"http:\/\/www.sepie.es\/inclusion.html\" target=\"_blank\" rel=\"noopener\">Inclusi\u00f3n y Diversidad en Erasmus+ 2021-2027<span class=\"dashicons dashicons-admin-links custom-icons\">\u00a0<\/span><\/a><\/li>\n<\/ul>\n","protected":false},"excerpt":{"rendered":"<p>\u00cdndex Informaci\u00f3 general Pr\u00e0ctiques internacionals Selecci\u00f3 d&#8217;alumnat Diversitat i inclusi\u00f3 Informaci\u00f3 general L&#8217;Institut Marianao est\u00e0 situat a Sant Boi de Llobregat, ciutat d&#8217;uns 80.000 habitants, a 11 km de Barcelona. Compta amb uns 700 alumnes i 70 professors i ofereix cursos d&#8217;educaci\u00f3 obligat\u00f2ria ESO, postobligat\u00f2ria, Batxillerats i cicles formatius de diferents branques. \u00c9s un centre [&hellip;]<\/p>\n","protected":false},"author":1,"featured_media":0,"parent":1967,"menu_order":5,"comment_status":"closed","ping_status":"closed","template":"","meta":{"_bbp_topic_count":0,"_bbp_reply_count":0,"_bbp_total_topic_count":0,"_bbp_total_reply_count":0,"_bbp_voice_count":0,"_bbp_anonymous_reply_count":0,"_bbp_topic_count_hidden":0,"_bbp_reply_count_hidden":0,"_bbp_forum_subforum_count":0,"site-sidebar-layout":"default","site-content-layout":"","ast-site-content-layout":"default","site-content-style":"default","site-sidebar-style":"default","ast-global-header-display":"","ast-banner-title-visibility":"","ast-main-header-display":"","ast-hfb-above-header-display":"","ast-hfb-below-header-display":"","ast-hfb-mobile-header-display":"","site-post-title":"","ast-breadcrumbs-content":"","ast-featured-img":"","footer-sml-layout":"","theme-transparent-header-meta":"default","adv-header-id-meta":"","stick-header-meta":"","header-above-stick-meta":"","header-main-stick-meta":"","header-below-stick-meta":"","astra-migrate-meta-layouts":"set","ast-page-background-enabled":"default","ast-page-background-meta":{"desktop":{"background-color":"var(--ast-global-color-4)","background-image":"","background-repeat":"repeat","background-position":"center center","background-size":"auto","background-attachment":"scroll","background-type":"","background-media":"","overlay-type":"","overlay-color":"","overlay-opacity":"","overlay-gradient":""},"tablet":{"background-color":"","background-image":"","background-repeat":"repeat","background-position":"center center","background-size":"auto","background-attachment":"scroll","background-type":"","background-media":"","overlay-type":"","overlay-color":"","overlay-opacity":"","overlay-gradient":""},"mobile":{"background-color":"","background-image":"","background-repeat":"repeat","background-position":"center center","background-size":"auto","background-attachment":"scroll","background-type":"","background-media":"","overlay-type":"","overlay-color":"","overlay-opacity":"","overlay-gradient":""}},"ast-content-background-meta":{"desktop":{"background-color":"var(--ast-global-color-5)","background-image":"","background-repeat":"repeat","background-position":"center center","background-size":"auto","background-attachment":"scroll","background-type":"","background-media":"","overlay-type":"","overlay-color":"","overlay-opacity":"","overlay-gradient":""},"tablet":{"background-color":"var(--ast-global-color-5)","background-image":"","background-repeat":"repeat","background-position":"center center","background-size":"auto","background-attachment":"scroll","background-type":"","background-media":"","overlay-type":"","overlay-color":"","overlay-opacity":"","overlay-gradient":""},"mobile":{"background-color":"var(--ast-global-color-5)","background-image":"","background-repeat":"repeat","background-position":"center center","background-size":"auto","background-attachment":"scroll","background-type":"","background-media":"","overlay-type":"","overlay-color":"","overlay-opacity":"","overlay-gradient":""}},"footnotes":""},"class_list":["post-1983","page","type-page","status-publish","hentry"],"post_mailing_queue_ids":[],"_links":{"self":[{"href":"https:\/\/agora.xtec.cat\/insmarianao\/wp-json\/wp\/v2\/pages\/1983","targetHints":{"allow":["GET"]}}],"collection":[{"href":"https:\/\/agora.xtec.cat\/insmarianao\/wp-json\/wp\/v2\/pages"}],"about":[{"href":"https:\/\/agora.xtec.cat\/insmarianao\/wp-json\/wp\/v2\/types\/page"}],"author":[{"embeddable":true,"href":"https:\/\/agora.xtec.cat\/insmarianao\/wp-json\/wp\/v2\/users\/1"}],"replies":[{"embeddable":true,"href":"https:\/\/agora.xtec.cat\/insmarianao\/wp-json\/wp\/v2\/comments?post=1983"}],"version-history":[{"count":6,"href":"https:\/\/agora.xtec.cat\/insmarianao\/wp-json\/wp\/v2\/pages\/1983\/revisions"}],"predecessor-version":[{"id":5708,"href":"https:\/\/agora.xtec.cat\/insmarianao\/wp-json\/wp\/v2\/pages\/1983\/revisions\/5708"}],"up":[{"embeddable":true,"href":"https:\/\/agora.xtec.cat\/insmarianao\/wp-json\/wp\/v2\/pages\/1967"}],"wp:attachment":[{"href":"https:\/\/agora.xtec.cat\/insmarianao\/wp-json\/wp\/v2\/media?parent=1983"}],"curies":[{"name":"wp","href":"https:\/\/api.w.org\/{rel}","templated":true}]}}