{"id":1976,"date":"2023-07-04T12:52:51","date_gmt":"2023-07-04T10:52:51","guid":{"rendered":"https:\/\/agora.xtec.cat\/insmarianao\/?page_id=1976"},"modified":"2026-02-05T16:33:38","modified_gmt":"2026-02-05T15:33:38","slug":"xarxa-de-competencies-basiques","status":"publish","type":"page","link":"https:\/\/agora.xtec.cat\/insmarianao\/projectes\/xarxa-de-competencies-basiques\/","title":{"rendered":"Xarxa de Compet\u00e8ncies B\u00e0siques"},"content":{"rendered":"<div class=\"header-common-style header-xcb\"><\/div>\n<p><a href=\"https:\/\/projectes.xtec.cat\/xarxacb\/\" target=\"_blank\" rel=\"noopener\">Enlla\u00e7 a la p\u00e0gina web de <strong>Xarxa de Compet\u00e8ncies B\u00e0siques<\/strong><span class=\"dashicons dashicons-admin-links custom-icons\">\u00a0<\/span><\/a><\/p>\n","protected":false},"excerpt":{"rendered":"<p>Enlla\u00e7 a la p\u00e0gina web de Xarxa de Compet\u00e8ncies B\u00e0siques\u00a0<\/p>\n","protected":false},"author":1,"featured_media":0,"parent":1967,"menu_order":1,"comment_status":"closed","ping_status":"closed","template":"","meta":{"_bbp_topic_count":0,"_bbp_reply_count":0,"_bbp_total_topic_count":0,"_bbp_total_reply_count":0,"_bbp_voice_count":0,"_bbp_anonymous_reply_count":0,"_bbp_topic_count_hidden":0,"_bbp_reply_count_hidden":0,"_bbp_forum_subforum_count":0,"site-sidebar-layout":"default","site-content-layout":"","ast-site-content-layout":"default","site-content-style":"default","site-sidebar-style":"default","ast-global-header-display":"","ast-banner-title-visibility":"","ast-main-header-display":"","ast-hfb-above-header-display":"","ast-hfb-below-header-display":"","ast-hfb-mobile-header-display":"","site-post-title":"","ast-breadcrumbs-content":"","ast-featured-img":"","footer-sml-layout":"","theme-transparent-header-meta":"default","adv-header-id-meta":"","stick-header-meta":"","header-above-stick-meta":"","header-main-stick-meta":"","header-below-stick-meta":"","astra-migrate-meta-layouts":"set","ast-page-background-enabled":"default","ast-page-background-meta":{"desktop":{"background-color":"var(--ast-global-color-4)","background-image":"","background-repeat":"repeat","background-position":"center center","background-size":"auto","background-attachment":"scroll","background-type":"","background-media":"","overlay-type":"","overlay-color":"","overlay-opacity":"","overlay-gradient":""},"tablet":{"background-color":"","background-image":"","background-repeat":"repeat","background-position":"center center","background-size":"auto","background-attachment":"scroll","background-type":"","background-media":"","overlay-type":"","overlay-color":"","overlay-opacity":"","overlay-gradient":""},"mobile":{"background-color":"","background-image":"","background-repeat":"repeat","background-position":"center center","background-size":"auto","background-attachment":"scroll","background-type":"","background-media":"","overlay-type":"","overlay-color":"","overlay-opacity":"","overlay-gradient":""}},"ast-content-background-meta":{"desktop":{"background-color":"var(--ast-global-color-5)","background-image":"","background-repeat":"repeat","background-position":"center center","background-size":"auto","background-attachment":"scroll","background-type":"","background-media":"","overlay-type":"","overlay-color":"","overlay-opacity":"","overlay-gradient":""},"tablet":{"background-color":"var(--ast-global-color-5)","background-image":"","background-repeat":"repeat","background-position":"center center","background-size":"auto","background-attachment":"scroll","background-type":"","background-media":"","overlay-type":"","overlay-color":"","overlay-opacity":"","overlay-gradient":""},"mobile":{"background-color":"var(--ast-global-color-5)","background-image":"","background-repeat":"repeat","background-position":"center center","background-size":"auto","background-attachment":"scroll","background-type":"","background-media":"","overlay-type":"","overlay-color":"","overlay-opacity":"","overlay-gradient":""}},"footnotes":""},"class_list":["post-1976","page","type-page","status-publish","hentry"],"post_mailing_queue_ids":[],"_links":{"self":[{"href":"https:\/\/agora.xtec.cat\/insmarianao\/wp-json\/wp\/v2\/pages\/1976","targetHints":{"allow":["GET"]}}],"collection":[{"href":"https:\/\/agora.xtec.cat\/insmarianao\/wp-json\/wp\/v2\/pages"}],"about":[{"href":"https:\/\/agora.xtec.cat\/insmarianao\/wp-json\/wp\/v2\/types\/page"}],"author":[{"embeddable":true,"href":"https:\/\/agora.xtec.cat\/insmarianao\/wp-json\/wp\/v2\/users\/1"}],"replies":[{"embeddable":true,"href":"https:\/\/agora.xtec.cat\/insmarianao\/wp-json\/wp\/v2\/comments?post=1976"}],"version-history":[{"count":2,"href":"https:\/\/agora.xtec.cat\/insmarianao\/wp-json\/wp\/v2\/pages\/1976\/revisions"}],"predecessor-version":[{"id":5669,"href":"https:\/\/agora.xtec.cat\/insmarianao\/wp-json\/wp\/v2\/pages\/1976\/revisions\/5669"}],"up":[{"embeddable":true,"href":"https:\/\/agora.xtec.cat\/insmarianao\/wp-json\/wp\/v2\/pages\/1967"}],"wp:attachment":[{"href":"https:\/\/agora.xtec.cat\/insmarianao\/wp-json\/wp\/v2\/media?parent=1976"}],"curies":[{"name":"wp","href":"https:\/\/api.w.org\/{rel}","templated":true}]}}