{"id":1944,"date":"2023-07-04T01:11:04","date_gmt":"2023-07-03T23:11:04","guid":{"rendered":"https:\/\/agora.xtec.cat\/insmarianao\/?page_id=1944"},"modified":"2026-02-05T19:14:24","modified_gmt":"2026-02-05T18:14:24","slug":"la-revista","status":"publish","type":"page","link":"https:\/\/agora.xtec.cat\/insmarianao\/projectes\/la-revista\/","title":{"rendered":"La Revista"},"content":{"rendered":"<div class=\"header-common-style header-revista\"><\/div>\n<div class=\"revistes-container\">\n<div class=\"revistes-row\">\n<p><a href=\"https:\/\/agora.xtec.cat\/insmarianao\/wp-content\/uploads\/usu2666\/2023\/11\/REVISTA-60-LLETRAFERITS_compressed.pdf\" target=\"_blank\" rel=\"noopener\"><img decoding=\"async\" src=\"https:\/\/agora.xtec.cat\/insmarianao\/wp-content\/uploads\/usu2666\/2023\/11\/portada60_lletraferits.jpg\" alt=\"alt\" \/><\/a><\/p>\n<p class=\"revistes-text\">n\u00fam. 60 (Juny 2023)<\/p>\n<\/div>\n<div class=\"revistes-row\">\n<p><a href=\"https:\/\/agora.xtec.cat\/insmarianao\/wp-content\/uploads\/usu2666\/2023\/11\/REVISTA-60_compressed.pdf\" target=\"_blank\" rel=\"noopener\"><img decoding=\"async\" src=\"https:\/\/agora.xtec.cat\/insmarianao\/wp-content\/uploads\/usu2666\/2023\/11\/portada60.jpg\" alt=\"alt\" \/><\/a><\/p>\n<p class=\"revistes-text\">n\u00fam. 60 (Juny 2023)<\/p>\n<\/div>\n<div class=\"revistes-row\">\n<p><a href=\"https:\/\/agora.xtec.cat\/insmarianao\/wp-content\/uploads\/usu2666\/2023\/11\/REVISTA-59_compressed.pdf\" target=\"_blank\" rel=\"noopener\"><img decoding=\"async\" src=\"https:\/\/agora.xtec.cat\/insmarianao\/wp-content\/uploads\/usu2666\/2023\/11\/portada59.jpg\" alt=\"alt\" \/><\/a><\/p>\n<p class=\"revistes-text\">n\u00fam. 59 (Juny 2022)<\/p>\n<\/div>\n<div class=\"revistes-row\">\n<p><a href=\"https:\/\/agora.xtec.cat\/insmarianao\/wp-content\/uploads\/usu2666\/2023\/11\/REVISTA58_compressed.pdf\" target=\"_blank\" rel=\"noopener\"><img decoding=\"async\" src=\"https:\/\/agora.xtec.cat\/insmarianao\/wp-content\/uploads\/usu2666\/2023\/11\/portada58.jpg\" alt=\"alt\" \/><\/a><\/p>\n<p class=\"revistes-text\">n\u00fam. 58 (Febrer 2022)<\/p>\n<\/div>\n<div class=\"revistes-row\">\n<p><a href=\"https:\/\/agora.xtec.cat\/insmarianao\/wp-content\/uploads\/usu2666\/2023\/07\/revista57_lletraferits.pdf\" target=\"_blank\" rel=\"noopener\"><img decoding=\"async\" src=\"https:\/\/agora.xtec.cat\/insmarianao\/wp-content\/uploads\/usu2666\/2023\/07\/Revista57_lletraferits-min.jpg\" alt=\"alt\" \/><\/a><\/p>\n<p class=\"revistes-text\">n\u00fam. 57 (Juny 2021)<\/p>\n<\/div>\n<div class=\"revistes-row\">\n<p><a href=\"https:\/\/agora.xtec.cat\/insmarianao\/wp-content\/uploads\/usu2666\/2023\/07\/revista57.pdf\" target=\"_blank\" rel=\"noopener\"><img decoding=\"async\" src=\"https:\/\/agora.xtec.cat\/insmarianao\/wp-content\/uploads\/usu2666\/2023\/07\/Revista57-min.jpg\" alt=\"alt\" \/><\/a><\/p>\n<p class=\"revistes-text\">n\u00fam. 57 (Juny 2021)<\/p>\n<\/div>\n<div class=\"revistes-row\">\n<p><a href=\"https:\/\/agora.xtec.cat\/insmarianao\/wp-content\/uploads\/usu2666\/2023\/07\/revista56.pdf\" target=\"_blank\" rel=\"noopener\"><img decoding=\"async\" src=\"https:\/\/agora.xtec.cat\/insmarianao\/wp-content\/uploads\/usu2666\/2023\/07\/Revista56-min.jpg\" alt=\"alt\" \/><\/a><\/p>\n<p class=\"revistes-text\">n\u00fam. 56 (Febrer 2021)<\/p>\n<\/div>\n<div class=\"revistes-row\">\n<p><a href=\"https:\/\/agora.xtec.cat\/insmarianao\/wp-content\/uploads\/usu2666\/2023\/07\/revista55.pdf\" target=\"_blank\" rel=\"noopener\"><img decoding=\"async\" src=\"https:\/\/agora.xtec.cat\/insmarianao\/wp-content\/uploads\/usu2666\/2023\/07\/Revista55-min.jpg\" alt=\"alt\" \/><\/a><\/p>\n<p class=\"revistes-text\">n\u00fam. 55 (Febrer 2020)<\/p>\n<\/div>\n<div class=\"revistes-row\">\n<p><a href=\"https:\/\/agora.xtec.cat\/insmarianao\/wp-content\/uploads\/usu2666\/2023\/07\/revista54_lletraferits.pdf\" target=\"_blank\" rel=\"noopener\"><img decoding=\"async\" src=\"https:\/\/agora.xtec.cat\/insmarianao\/wp-content\/uploads\/usu2666\/2023\/07\/Revista54_lletraferits-min.jpg\" alt=\"alt\" \/><\/a><\/p>\n<p class=\"revistes-text\">n\u00fam. 54 (Juny 2019)<\/p>\n<\/div>\n<div class=\"revistes-row\">\n<p><a href=\"https:\/\/agora.xtec.cat\/insmarianao\/wp-content\/uploads\/usu2666\/2023\/07\/revista54.pdf\" target=\"_blank\" rel=\"noopener\"><img decoding=\"async\" src=\"https:\/\/agora.xtec.cat\/insmarianao\/wp-content\/uploads\/usu2666\/2023\/07\/Revista54-min.jpg\" alt=\"alt\" \/><\/a><\/p>\n<p class=\"revistes-text\">n\u00fam. 54 (Juny 2019)<\/p>\n<\/div>\n<div class=\"revistes-row\">\n<p><a href=\"https:\/\/agora.xtec.cat\/insmarianao\/wp-content\/uploads\/usu2666\/2023\/07\/revista53.pdf\" target=\"_blank\" rel=\"noopener\"><img decoding=\"async\" src=\"https:\/\/agora.xtec.cat\/insmarianao\/wp-content\/uploads\/usu2666\/2023\/07\/Revista53-min.jpg\" alt=\"alt\" \/><\/a><\/p>\n<p class=\"revistes-text\">n\u00fam. 53 (Gener 2019)<\/p>\n<\/div>\n<div class=\"revistes-row\">\n<p><a href=\"https:\/\/agora.xtec.cat\/insmarianao\/wp-content\/uploads\/usu2666\/2023\/07\/revista52_lletraferits.pdf\" target=\"_blank\" rel=\"noopener\"><img decoding=\"async\" src=\"https:\/\/agora.xtec.cat\/insmarianao\/wp-content\/uploads\/usu2666\/2023\/07\/Revista52_lletraferits-min.jpg\" alt=\"alt\" \/><\/a><\/p>\n<p class=\"revistes-text\">n\u00fam. 52 (Juny 2018)<\/p>\n<\/div>\n<div class=\"revistes-row\">\n<p><a href=\"https:\/\/agora.xtec.cat\/insmarianao\/wp-content\/uploads\/usu2666\/2023\/07\/revista52.pdf\" target=\"_blank\" rel=\"noopener\"><img decoding=\"async\" src=\"https:\/\/agora.xtec.cat\/insmarianao\/wp-content\/uploads\/usu2666\/2023\/07\/Revista52-min.jpg\" alt=\"alt\" \/><\/a><\/p>\n<p class=\"revistes-text\">n\u00fam. 52 (Juny 2018)<\/p>\n<\/div>\n<div class=\"revistes-row\">\n<p><a href=\"https:\/\/agora.xtec.cat\/insmarianao\/wp-content\/uploads\/usu2666\/2023\/07\/revista51.pdf\" target=\"_blank\" rel=\"noopener\"><img decoding=\"async\" src=\"https:\/\/agora.xtec.cat\/insmarianao\/wp-content\/uploads\/usu2666\/2023\/07\/Revista51.png\" alt=\"alt\" \/><\/a><\/p>\n<p class=\"revistes-text\">n\u00fam. 51 (Gener 2018)<\/p>\n<\/div>\n<div class=\"revistes-row\">\n<p><a href=\"https:\/\/agora.xtec.cat\/insmarianao\/wp-content\/uploads\/usu2666\/2023\/07\/revista50_lletraferits.pdf\" target=\"_blank\" rel=\"noopener\"><img decoding=\"async\" src=\"https:\/\/agora.xtec.cat\/insmarianao\/wp-content\/uploads\/usu2666\/2023\/07\/Revista50_lletraferits.png\" alt=\"alt\" \/><\/a><\/p>\n<p class=\"revistes-text\">n\u00fam. 50 (Juny 2017)<\/p>\n<\/div>\n<div class=\"revistes-row\">\n<p><a href=\"https:\/\/agora.xtec.cat\/insmarianao\/wp-content\/uploads\/usu2666\/2023\/07\/revista50.pdf\" target=\"_blank\" rel=\"noopener\"><img decoding=\"async\" src=\"https:\/\/agora.xtec.cat\/insmarianao\/wp-content\/uploads\/usu2666\/2023\/07\/Revista50.png\" alt=\"alt\" \/><\/a><\/p>\n<p class=\"revistes-text\">n\u00fam. 50 (Juny 2017)<\/p>\n<\/div>\n<div class=\"revistes-row\">\n<p><a href=\"https:\/\/agora.xtec.cat\/insmarianao\/wp-content\/uploads\/usu2666\/2023\/07\/revista49.pdf\" target=\"_blank\" rel=\"noopener\"><img decoding=\"async\" src=\"https:\/\/agora.xtec.cat\/insmarianao\/wp-content\/uploads\/usu2666\/2023\/07\/Revista49-min.png\" alt=\"alt\" \/><\/a><\/p>\n<p class=\"revistes-text\">n\u00fam. 49 (Gener 2017)<\/p>\n<\/div>\n<div class=\"revistes-row\">\n<p><a href=\"https:\/\/agora.xtec.cat\/insmarianao\/wp-content\/uploads\/usu2666\/2023\/07\/revista48_lletraferits.pdf\" target=\"_blank\" rel=\"noopener\"><img decoding=\"async\" src=\"https:\/\/agora.xtec.cat\/insmarianao\/wp-content\/uploads\/usu2666\/2023\/07\/Revista48_lletraferits-min.png\" alt=\"alt\" \/><\/a><\/p>\n<p class=\"revistes-text\">n\u00fam. 48 (Juny 2016)<\/p>\n<\/div>\n<div class=\"revistes-row\">\n<p><a href=\"https:\/\/agora.xtec.cat\/insmarianao\/wp-content\/uploads\/usu2666\/2023\/07\/revista48.pdf\" target=\"_blank\" rel=\"noopener\"><img decoding=\"async\" src=\"https:\/\/agora.xtec.cat\/insmarianao\/wp-content\/uploads\/usu2666\/2023\/07\/Revista48-min.png\" alt=\"alt\" \/><\/a><\/p>\n<p class=\"revistes-text\">n\u00fam. 48 (Juny 2016)<\/p>\n<\/div>\n<div class=\"revistes-row\">\n<p><a href=\"https:\/\/agora.xtec.cat\/insmarianao\/wp-content\/uploads\/usu2666\/2023\/07\/revista47_lletraferits.pdf\" target=\"_blank\" rel=\"noopener\"><img decoding=\"async\" src=\"https:\/\/agora.xtec.cat\/insmarianao\/wp-content\/uploads\/usu2666\/2023\/07\/Revista47_lletraferits-min.png\" alt=\"alt\" \/><\/a><\/p>\n<p class=\"revistes-text\">n\u00fam. 47 (Gener 2016)<\/p>\n<\/div>\n<div class=\"revistes-row\">\n<p><a href=\"https:\/\/agora.xtec.cat\/insmarianao\/wp-content\/uploads\/usu2666\/2023\/07\/revista47.pdf\" target=\"_blank\" rel=\"noopener\"><img decoding=\"async\" src=\"https:\/\/agora.xtec.cat\/insmarianao\/wp-content\/uploads\/usu2666\/2023\/07\/Revista47-min.png\" alt=\"alt\" \/><\/a><\/p>\n<p class=\"revistes-text\">n\u00fam. 47 (Gener 2016)<\/p>\n<\/div>\n<div class=\"revistes-row\">\n<p><a href=\"https:\/\/agora.xtec.cat\/insmarianao\/wp-content\/uploads\/usu2666\/2023\/07\/revista46_lletraferits.pdf\" target=\"_blank\" rel=\"noopener\"><img decoding=\"async\" src=\"https:\/\/agora.xtec.cat\/insmarianao\/wp-content\/uploads\/usu2666\/2023\/07\/Revista46_lletraferits-min.png\" alt=\"alt\" \/><\/a><\/p>\n<p class=\"revistes-text\">n\u00fam. 46 (Juny 2015)<\/p>\n<\/div>\n<div class=\"revistes-row\">\n<p><a href=\"https:\/\/agora.xtec.cat\/insmarianao\/wp-content\/uploads\/usu2666\/2023\/07\/revista46.pdf\" target=\"_blank\" rel=\"noopener\"><img decoding=\"async\" src=\"https:\/\/agora.xtec.cat\/insmarianao\/wp-content\/uploads\/usu2666\/2023\/07\/Revista46-min.png\" alt=\"alt\" \/><\/a><\/p>\n<p class=\"revistes-text\">n\u00fam. 46 (Juny 2015)<\/p>\n<\/div>\n<div class=\"revistes-row\">\n<p><a href=\"https:\/\/agora.xtec.cat\/insmarianao\/wp-content\/uploads\/usu2666\/2023\/07\/revista45.pdf\" target=\"_blank\" rel=\"noopener\"><img decoding=\"async\" src=\"https:\/\/agora.xtec.cat\/insmarianao\/wp-content\/uploads\/usu2666\/2023\/07\/Revista45-min.png\" alt=\"alt\" \/><\/a><\/p>\n<p class=\"revistes-text\">n\u00fam. 45 (Abril 2015)<\/p>\n<\/div>\n<div class=\"revistes-row\">\n<p><a href=\"https:\/\/agora.xtec.cat\/insmarianao\/wp-content\/uploads\/usu2666\/2023\/07\/revista44.pdf\" target=\"_blank\" rel=\"noopener\"><img decoding=\"async\" src=\"https:\/\/agora.xtec.cat\/insmarianao\/wp-content\/uploads\/usu2666\/2023\/07\/Revista44-min.png\" alt=\"alt\" \/><\/a><\/p>\n<p class=\"revistes-text\">n\u00fam. 44 (Gener 2015)<\/p>\n<\/div>\n<div class=\"revistes-row\">\n<p><a href=\"https:\/\/agora.xtec.cat\/insmarianao\/wp-content\/uploads\/usu2666\/2023\/07\/revista43.pdf\" target=\"_blank\" rel=\"noopener\"><img decoding=\"async\" src=\"https:\/\/agora.xtec.cat\/insmarianao\/wp-content\/uploads\/usu2666\/2023\/07\/Revista43-min.png\" alt=\"alt\" \/><\/a><\/p>\n<p class=\"revistes-text\">n\u00fam. 43 (Juny 2014)<\/p>\n<\/div>\n<div class=\"revistes-row\">\n<p><a href=\"https:\/\/agora.xtec.cat\/insmarianao\/wp-content\/uploads\/usu2666\/2023\/07\/revista42.pdf\" target=\"_blank\" rel=\"noopener\"><img decoding=\"async\" src=\"https:\/\/agora.xtec.cat\/insmarianao\/wp-content\/uploads\/usu2666\/2023\/07\/Revista42-min.png\" alt=\"alt\" \/><\/a><\/p>\n<p class=\"revistes-text\">n\u00fam. 42 (Abril 2014)<\/p>\n<\/div>\n<div class=\"revistes-row\">\n<p><a href=\"https:\/\/agora.xtec.cat\/insmarianao\/wp-content\/uploads\/usu2666\/2023\/07\/revista41.pdf\" target=\"_blank\" rel=\"noopener\"><img decoding=\"async\" src=\"https:\/\/agora.xtec.cat\/insmarianao\/wp-content\/uploads\/usu2666\/2023\/07\/Revista41-min.png\" alt=\"alt\" \/><\/a><\/p>\n<p class=\"revistes-text\">n\u00fam. 41 (Desembre 2013)<\/p>\n<\/div>\n<div class=\"revistes-row\">\n<p><a href=\"https:\/\/agora.xtec.cat\/insmarianao\/wp-content\/uploads\/usu2666\/2023\/07\/revista40.pdf\" target=\"_blank\" rel=\"noopener\"><img decoding=\"async\" src=\"https:\/\/agora.xtec.cat\/insmarianao\/wp-content\/uploads\/usu2666\/2023\/07\/Revista40-min.png\" alt=\"alt\" \/><\/a><\/p>\n<p class=\"revistes-text\">n\u00fam. 40 (Juny 2013)<\/p>\n<\/div>\n<div class=\"revistes-row\">\n<p><a href=\"https:\/\/agora.xtec.cat\/insmarianao\/wp-content\/uploads\/usu2666\/2023\/07\/revista39.pdf\" target=\"_blank\" rel=\"noopener\"><img decoding=\"async\" src=\"https:\/\/agora.xtec.cat\/insmarianao\/wp-content\/uploads\/usu2666\/2023\/07\/Revista39-min.png\" alt=\"alt\" \/><\/a><\/p>\n<p class=\"revistes-text\">n\u00fam. 39 (Juny 2012)<\/p>\n<\/div>\n<div class=\"revistes-row\">\n<p><a href=\"https:\/\/agora.xtec.cat\/insmarianao\/wp-content\/uploads\/usu2666\/2023\/07\/revista38.pdf\" target=\"_blank\" rel=\"noopener\"><img decoding=\"async\" src=\"https:\/\/agora.xtec.cat\/insmarianao\/wp-content\/uploads\/usu2666\/2023\/07\/Revista38-min.png\" alt=\"alt\" \/><\/a><\/p>\n<p class=\"revistes-text\">n\u00fam. 38 (Mar\u00e7 2012)<\/p>\n<\/div>\n<div class=\"revistes-row\">\n<p><a href=\"https:\/\/agora.xtec.cat\/insmarianao\/wp-content\/uploads\/usu2666\/2023\/07\/revista37.pdf\" target=\"_blank\" rel=\"noopener\"><img decoding=\"async\" src=\"https:\/\/agora.xtec.cat\/insmarianao\/wp-content\/uploads\/usu2666\/2023\/07\/Revista37-min.png\" alt=\"alt\" \/><\/a><\/p>\n<p class=\"revistes-text\">n\u00fam. 37 (Desembre 2011)<\/p>\n<\/div>\n<div class=\"revistes-row\">\n<p><a href=\"https:\/\/agora.xtec.cat\/insmarianao\/wp-content\/uploads\/usu2666\/2023\/07\/revista36.pdf\" target=\"_blank\" rel=\"noopener\"><img decoding=\"async\" src=\"https:\/\/agora.xtec.cat\/insmarianao\/wp-content\/uploads\/usu2666\/2023\/07\/Revista36-min.png\" alt=\"alt\" \/><\/a><\/p>\n<p class=\"revistes-text\">n\u00fam. 36 (Juny 2011)<\/p>\n<\/div>\n<div class=\"revistes-row\">\n<p><a href=\"https:\/\/agora.xtec.cat\/insmarianao\/wp-content\/uploads\/usu2666\/2023\/07\/revista35.pdf\" target=\"_blank\" rel=\"noopener\"><img decoding=\"async\" src=\"https:\/\/agora.xtec.cat\/insmarianao\/wp-content\/uploads\/usu2666\/2023\/07\/Revista35-min.png\" alt=\"alt\" \/><\/a><\/p>\n<p class=\"revistes-text\">n\u00fam. 35 (Abril 2011)<\/p>\n<\/div>\n<div class=\"revistes-row\">\n<p><a href=\"https:\/\/agora.xtec.cat\/insmarianao\/wp-content\/uploads\/usu2666\/2023\/07\/revista34.pdf\" target=\"_blank\" rel=\"noopener\"><img decoding=\"async\" src=\"https:\/\/agora.xtec.cat\/insmarianao\/wp-content\/uploads\/usu2666\/2023\/07\/Revista34-min.png\" alt=\"alt\" \/><\/a><\/p>\n<p class=\"revistes-text\">n\u00fam. 34 (Desembre 2010)<\/p>\n<\/div>\n<div class=\"revistes-row\">\n<p><a href=\"https:\/\/agora.xtec.cat\/insmarianao\/wp-content\/uploads\/usu2666\/2023\/07\/revista33.pdf\" target=\"_blank\" rel=\"noopener\"><img decoding=\"async\" src=\"https:\/\/agora.xtec.cat\/insmarianao\/wp-content\/uploads\/usu2666\/2023\/07\/Revista33-min.png\" alt=\"alt\" \/><\/a><\/p>\n<p class=\"revistes-text\">n\u00fam. 33 (Juny 2010)<\/p>\n<\/div>\n<div class=\"revistes-row\">\n<p><a href=\"https:\/\/agora.xtec.cat\/insmarianao\/wp-content\/uploads\/usu2666\/2023\/07\/revista32.pdf\" target=\"_blank\" rel=\"noopener\"><img decoding=\"async\" src=\"https:\/\/agora.xtec.cat\/insmarianao\/wp-content\/uploads\/usu2666\/2023\/07\/Revista32-min.png\" alt=\"alt\" \/><\/a><\/p>\n<p class=\"revistes-text\">n\u00fam. 32 (Mar\u00e7 2009)<\/p>\n<\/div>\n<div class=\"revistes-row\">\n<p><a href=\"https:\/\/agora.xtec.cat\/insmarianao\/wp-content\/uploads\/usu2666\/2023\/07\/revista31.pdf\" target=\"_blank\" rel=\"noopener\"><img decoding=\"async\" src=\"https:\/\/agora.xtec.cat\/insmarianao\/wp-content\/uploads\/usu2666\/2023\/07\/Revista31-min.png\" alt=\"alt\" \/><\/a><\/p>\n<p class=\"revistes-text\">n\u00fam. 31 (Desembre 2009)<\/p>\n<\/div>\n<div class=\"revistes-row\">\n<p><a href=\"https:\/\/agora.xtec.cat\/insmarianao\/wp-content\/uploads\/usu2666\/2023\/07\/revista30.pdf\" target=\"_blank\" rel=\"noopener\"><img decoding=\"async\" src=\"https:\/\/agora.xtec.cat\/insmarianao\/wp-content\/uploads\/usu2666\/2023\/07\/Revista30-min.png\" alt=\"alt\" \/><\/a><\/p>\n<p class=\"revistes-text\">n\u00fam. 30 (Juny 2009)<\/p>\n<\/div>\n<div class=\"revistes-row\">\n<p><a href=\"https:\/\/agora.xtec.cat\/insmarianao\/wp-content\/uploads\/usu2666\/2023\/07\/revista29.pdf\" target=\"_blank\" rel=\"noopener\"><img decoding=\"async\" src=\"https:\/\/agora.xtec.cat\/insmarianao\/wp-content\/uploads\/usu2666\/2023\/07\/Revista29-min.png\" alt=\"alt\" \/><\/a><\/p>\n<p class=\"revistes-text\">n\u00fam. 29 (Mar\u00e7 2009)<\/p>\n<\/div>\n<div class=\"revistes-row\">\n<p><a href=\"https:\/\/agora.xtec.cat\/insmarianao\/wp-content\/uploads\/usu2666\/2023\/07\/revista28.pdf\" target=\"_blank\" rel=\"noopener\"><img decoding=\"async\" src=\"https:\/\/agora.xtec.cat\/insmarianao\/wp-content\/uploads\/usu2666\/2023\/07\/Revista28-min.png\" alt=\"alt\" \/><\/a><\/p>\n<p class=\"revistes-text\">n\u00fam. 28 (Juny 2008)<\/p>\n<\/div>\n<div class=\"revistes-row\">\n<p><a href=\"https:\/\/agora.xtec.cat\/insmarianao\/wp-content\/uploads\/usu2666\/2023\/07\/revista27.pdf\" target=\"_blank\" rel=\"noopener\"><img decoding=\"async\" src=\"https:\/\/agora.xtec.cat\/insmarianao\/wp-content\/uploads\/usu2666\/2023\/07\/Revista27-min.png\" alt=\"alt\" \/><\/a><\/p>\n<p class=\"revistes-text\">n\u00fam. 27 (Mar\u00e7 2008)<\/p>\n<\/div>\n<div class=\"revistes-row\">\n<p><a href=\"https:\/\/agora.xtec.cat\/insmarianao\/wp-content\/uploads\/usu2666\/2023\/07\/revista26.pdf\" target=\"_blank\" rel=\"noopener\"><img decoding=\"async\" src=\"https:\/\/agora.xtec.cat\/insmarianao\/wp-content\/uploads\/usu2666\/2023\/07\/Revista26-min.png\" alt=\"alt\" \/><\/a><\/p>\n<p class=\"revistes-text\">n\u00fam. 26 (Juny 2007)<\/p>\n<\/div>\n<div class=\"revistes-row\">\n<p><a href=\"https:\/\/agora.xtec.cat\/insmarianao\/wp-content\/uploads\/usu2666\/2023\/07\/revista25.pdf\" target=\"_blank\" rel=\"noopener\"><img decoding=\"async\" src=\"https:\/\/agora.xtec.cat\/insmarianao\/wp-content\/uploads\/usu2666\/2023\/07\/Revista25-min.png\" alt=\"alt\" \/><\/a><\/p>\n<p class=\"revistes-text\">n\u00fam. 25 (Mar\u00e7 2006)<\/p>\n<\/div>\n<div class=\"revistes-row\">\n<p><a href=\"https:\/\/agora.xtec.cat\/insmarianao\/wp-content\/uploads\/usu2666\/2023\/07\/revista24.pdf\" target=\"_blank\" rel=\"noopener\"><img decoding=\"async\" src=\"https:\/\/agora.xtec.cat\/insmarianao\/wp-content\/uploads\/usu2666\/2023\/07\/Revista24-min.png\" alt=\"alt\" \/><\/a><\/p>\n<p class=\"revistes-text\">n\u00fam. 24 (Desembre 2006)<\/p>\n<\/div>\n<div class=\"revistes-row\">\n<p><a href=\"https:\/\/agora.xtec.cat\/insmarianao\/wp-content\/uploads\/usu2666\/2023\/07\/revista23.pdf\" target=\"_blank\" rel=\"noopener\"><img decoding=\"async\" src=\"https:\/\/agora.xtec.cat\/insmarianao\/wp-content\/uploads\/usu2666\/2023\/07\/Revista23-min.png\" alt=\"alt\" \/><\/a><\/p>\n<p class=\"revistes-text\">n\u00fam. 23 (Juny 2006)<\/p>\n<\/div>\n<div class=\"revistes-row\">\n<p><a href=\"https:\/\/agora.xtec.cat\/insmarianao\/wp-content\/uploads\/usu2666\/2023\/07\/revista22.pdf\" target=\"_blank\" rel=\"noopener\"><img decoding=\"async\" src=\"https:\/\/agora.xtec.cat\/insmarianao\/wp-content\/uploads\/usu2666\/2023\/07\/Revista22-min.png\" alt=\"alt\" \/><\/a><\/p>\n<p class=\"revistes-text\">n\u00fam. 22 (Mar\u00e7 2006)<\/p>\n<\/div>\n<div class=\"revistes-row\">\n<p><a href=\"https:\/\/agora.xtec.cat\/insmarianao\/wp-content\/uploads\/usu2666\/2023\/07\/revista21.pdf\" target=\"_blank\" rel=\"noopener\"><img decoding=\"async\" src=\"https:\/\/agora.xtec.cat\/insmarianao\/wp-content\/uploads\/usu2666\/2023\/07\/Revista21-min.png\" alt=\"alt\" \/><\/a><\/p>\n<p class=\"revistes-text\">n\u00fam. 21 (Desembre 2005)<\/p>\n<\/div>\n<div class=\"revistes-row\">\n<p><a href=\"https:\/\/agora.xtec.cat\/insmarianao\/wp-content\/uploads\/usu2666\/2023\/07\/revista20.pdf\" target=\"_blank\" rel=\"noopener\"><img decoding=\"async\" src=\"https:\/\/agora.xtec.cat\/insmarianao\/wp-content\/uploads\/usu2666\/2023\/07\/Revista20-min.png\" alt=\"alt\" \/><\/a><\/p>\n<p class=\"revistes-text\">n\u00fam. 20 (Juny 2005)<\/p>\n<\/div>\n<div class=\"revistes-row\">\n<p><a href=\"https:\/\/agora.xtec.cat\/insmarianao\/wp-content\/uploads\/usu2666\/2023\/07\/revista19.pdf\" target=\"_blank\" rel=\"noopener\"><img decoding=\"async\" src=\"https:\/\/agora.xtec.cat\/insmarianao\/wp-content\/uploads\/usu2666\/2023\/07\/Revista19-min.png\" alt=\"alt\" \/><\/a><\/p>\n<p class=\"revistes-text\">n\u00fam. 19 (Mar\u00e7 2005)<\/p>\n<\/div>\n<div class=\"revistes-row\">\n<p><a href=\"https:\/\/agora.xtec.cat\/insmarianao\/wp-content\/uploads\/usu2666\/2023\/07\/revista18.pdf\" target=\"_blank\" rel=\"noopener\"><img decoding=\"async\" src=\"https:\/\/agora.xtec.cat\/insmarianao\/wp-content\/uploads\/usu2666\/2023\/07\/Revista18-min.png\" alt=\"alt\" \/><\/a><\/p>\n<p class=\"revistes-text\">n\u00fam. 18 (Desembre 2004)<\/p>\n<\/div>\n<div class=\"revistes-row\">\n<p><a href=\"https:\/\/agora.xtec.cat\/insmarianao\/wp-content\/uploads\/usu2666\/2023\/07\/revista17.pdf\" target=\"_blank\" rel=\"noopener\"><img decoding=\"async\" src=\"https:\/\/agora.xtec.cat\/insmarianao\/wp-content\/uploads\/usu2666\/2023\/07\/Revista17-min.png\" alt=\"alt\" \/><\/a><\/p>\n<p class=\"revistes-text\">n\u00fam. 17 (Juny 2004)<\/p>\n<\/div>\n<div class=\"revistes-row\">\n<p><a href=\"https:\/\/agora.xtec.cat\/insmarianao\/wp-content\/uploads\/usu2666\/2023\/07\/revista16.pdf\" target=\"_blank\" rel=\"noopener\"><img decoding=\"async\" src=\"https:\/\/agora.xtec.cat\/insmarianao\/wp-content\/uploads\/usu2666\/2023\/07\/Revista16-min.png\" alt=\"alt\" \/><\/a><\/p>\n<p class=\"revistes-text\">n\u00fam. 16 (Abril 2004)<\/p>\n<\/div>\n<div class=\"revistes-row\">\n<p><a href=\"https:\/\/agora.xtec.cat\/insmarianao\/wp-content\/uploads\/usu2666\/2023\/07\/revista15.pdf\" target=\"_blank\" rel=\"noopener\"><img decoding=\"async\" src=\"https:\/\/agora.xtec.cat\/insmarianao\/wp-content\/uploads\/usu2666\/2023\/07\/Revista15-min.png\" alt=\"alt\" \/><\/a><\/p>\n<p class=\"revistes-text\">n\u00fam. 15 (Gener 2004)<\/p>\n<\/div>\n<div class=\"revistes-row\">\n<p><a href=\"https:\/\/agora.xtec.cat\/insmarianao\/wp-content\/uploads\/usu2666\/2023\/07\/revista14.pdf\" target=\"_blank\" rel=\"noopener\"><img decoding=\"async\" src=\"https:\/\/agora.xtec.cat\/insmarianao\/wp-content\/uploads\/usu2666\/2023\/07\/Revista14-min.png\" alt=\"alt\" \/><\/a><\/p>\n<p class=\"revistes-text\">n\u00fam. 14 (Juny 2003)<\/p>\n<\/div>\n<\/div>\n","protected":false},"excerpt":{"rendered":"<p>n\u00fam. 60 (Juny 2023) n\u00fam. 60 (Juny 2023) n\u00fam. 59 (Juny 2022) n\u00fam. 58 (Febrer 2022) n\u00fam. 57 (Juny 2021) n\u00fam. 57 (Juny 2021) n\u00fam. 56 (Febrer 2021) n\u00fam. 55 (Febrer 2020) n\u00fam. 54 (Juny 2019) n\u00fam. 54 (Juny 2019) n\u00fam. 53 (Gener 2019) n\u00fam. 52 (Juny 2018) n\u00fam. 52 (Juny 2018) n\u00fam. 51 (Gener [&hellip;]<\/p>\n","protected":false},"author":1,"featured_media":0,"parent":1967,"menu_order":4,"comment_status":"closed","ping_status":"closed","template":"","meta":{"_bbp_topic_count":0,"_bbp_reply_count":0,"_bbp_total_topic_count":0,"_bbp_total_reply_count":0,"_bbp_voice_count":0,"_bbp_anonymous_reply_count":0,"_bbp_topic_count_hidden":0,"_bbp_reply_count_hidden":0,"_bbp_forum_subforum_count":0,"site-sidebar-layout":"default","site-content-layout":"","ast-site-content-layout":"default","site-content-style":"default","site-sidebar-style":"default","ast-global-header-display":"","ast-banner-title-visibility":"","ast-main-header-display":"","ast-hfb-above-header-display":"","ast-hfb-below-header-display":"","ast-hfb-mobile-header-display":"","site-post-title":"","ast-breadcrumbs-content":"","ast-featured-img":"","footer-sml-layout":"","theme-transparent-header-meta":"default","adv-header-id-meta":"","stick-header-meta":"","header-above-stick-meta":"","header-main-stick-meta":"","header-below-stick-meta":"","astra-migrate-meta-layouts":"set","ast-page-background-enabled":"default","ast-page-background-meta":{"desktop":{"background-color":"var(--ast-global-color-4)","background-image":"","background-repeat":"repeat","background-position":"center center","background-size":"auto","background-attachment":"scroll","background-type":"","background-media":"","overlay-type":"","overlay-color":"","overlay-opacity":"","overlay-gradient":""},"tablet":{"background-color":"","background-image":"","background-repeat":"repeat","background-position":"center center","background-size":"auto","background-attachment":"scroll","background-type":"","background-media":"","overlay-type":"","overlay-color":"","overlay-opacity":"","overlay-gradient":""},"mobile":{"background-color":"","background-image":"","background-repeat":"repeat","background-position":"center center","background-size":"auto","background-attachment":"scroll","background-type":"","background-media":"","overlay-type":"","overlay-color":"","overlay-opacity":"","overlay-gradient":""}},"ast-content-background-meta":{"desktop":{"background-color":"var(--ast-global-color-5)","background-image":"","background-repeat":"repeat","background-position":"center center","background-size":"auto","background-attachment":"scroll","background-type":"","background-media":"","overlay-type":"","overlay-color":"","overlay-opacity":"","overlay-gradient":""},"tablet":{"background-color":"var(--ast-global-color-5)","background-image":"","background-repeat":"repeat","background-position":"center center","background-size":"auto","background-attachment":"scroll","background-type":"","background-media":"","overlay-type":"","overlay-color":"","overlay-opacity":"","overlay-gradient":""},"mobile":{"background-color":"var(--ast-global-color-5)","background-image":"","background-repeat":"repeat","background-position":"center center","background-size":"auto","background-attachment":"scroll","background-type":"","background-media":"","overlay-type":"","overlay-color":"","overlay-opacity":"","overlay-gradient":""}},"footnotes":""},"class_list":["post-1944","page","type-page","status-publish","hentry"],"post_mailing_queue_ids":[],"_links":{"self":[{"href":"https:\/\/agora.xtec.cat\/insmarianao\/wp-json\/wp\/v2\/pages\/1944","targetHints":{"allow":["GET"]}}],"collection":[{"href":"https:\/\/agora.xtec.cat\/insmarianao\/wp-json\/wp\/v2\/pages"}],"about":[{"href":"https:\/\/agora.xtec.cat\/insmarianao\/wp-json\/wp\/v2\/types\/page"}],"author":[{"embeddable":true,"href":"https:\/\/agora.xtec.cat\/insmarianao\/wp-json\/wp\/v2\/users\/1"}],"replies":[{"embeddable":true,"href":"https:\/\/agora.xtec.cat\/insmarianao\/wp-json\/wp\/v2\/comments?post=1944"}],"version-history":[{"count":5,"href":"https:\/\/agora.xtec.cat\/insmarianao\/wp-json\/wp\/v2\/pages\/1944\/revisions"}],"predecessor-version":[{"id":5686,"href":"https:\/\/agora.xtec.cat\/insmarianao\/wp-json\/wp\/v2\/pages\/1944\/revisions\/5686"}],"up":[{"embeddable":true,"href":"https:\/\/agora.xtec.cat\/insmarianao\/wp-json\/wp\/v2\/pages\/1967"}],"wp:attachment":[{"href":"https:\/\/agora.xtec.cat\/insmarianao\/wp-json\/wp\/v2\/media?parent=1944"}],"curies":[{"name":"wp","href":"https:\/\/api.w.org\/{rel}","templated":true}]}}