{"id":1786,"date":"2023-06-28T12:25:19","date_gmt":"2023-06-28T10:25:19","guid":{"rendered":"https:\/\/agora.xtec.cat\/insmarianao\/?page_id=1786"},"modified":"2026-04-22T11:05:01","modified_gmt":"2026-04-22T09:05:01","slug":"informacio-general-fp","status":"publish","type":"page","link":"https:\/\/agora.xtec.cat\/insmarianao\/formacio-professional\/informacio-general-fp\/","title":{"rendered":"Informaci\u00f3 general FP"},"content":{"rendered":"<div class=\"header-common-style header-info-general\"><\/div>\n<h2>Descripci\u00f3<\/h2>\n<p style=\"text-align: justify;\">La\u00a0<strong>Formaci\u00f3 Professional (FP)<\/strong>\u00a0capacita per exercir de manera qualificada diverses professions i proporciona la formaci\u00f3 necess\u00e0ria per adquirir la compet\u00e8ncia professional i el coneixement propis de cada sector.<\/p>\n<p style=\"text-align: justify;\">Tots els cicles formatius tenen una durada de 2.000 hores, que s&#8217;organitzen en dos cursos acad\u00e8mics; una part d&#8217;aquestes hores es destina a la formaci\u00f3 en un centre educatiu i una altra part a la formaci\u00f3 pr\u00e0ctica en centres de treball.<\/p>\n<p>A l&#8217;institut Marianao s&#8217;imparteixen dos nivells:<\/p>\n<ul>\n<li style=\"text-align: justify;\"><strong>Cicles Formatius de Grau Mitj\u00e0<\/strong>: Amb la superaci\u00f3 d&#8217;aquests cicles s&#8217;obt\u00e9 el t\u00edtol de\u00a0<strong>t\u00e8cnic\u00a0o de\u00a0t\u00e8cnica<\/strong>.<\/li>\n<li style=\"text-align: justify;\"><strong>Cicle Formatius de Grau Superior<\/strong>: Amb la superaci\u00f3 d&#8217;aquests cicles s&#8217;obt\u00e9 el t\u00edtol de\u00a0<strong>t\u00e8cnic\u00a0o\u00a0t\u00e8cnica superior<\/strong>.<\/li>\n<\/ul>\n<p>Com a Formaci\u00f3 Professional tamb\u00e9 oferim:<\/p>\n<p style=\"text-align: justify;\"><strong>Programes de Formaci\u00f3 i Inserci\u00f3 (PFI)<\/strong>, que estan pensats per a joves d&#8217;entre 16 i 21 anys que han deixat l&#8217;educaci\u00f3 secund\u00e0ria obligat\u00f2ria amb l\u2019objectiu de proporcionar-los, d&#8217;una banda, la continu\u00eftat formativa dins de la formaci\u00f3 professional i, de l&#8217;altra, l&#8217;aprenentatge imprescindible per accedir al mercat de treball.<\/p>\n<h2 id=\"estudiaFP\">FP a l&#8217;Institut Marianao<\/h2>\n<p style=\"text-align: justify;\">La Formaci\u00f3 Professional s&#8217;organitza per fam\u00edlies professionals. L&#8217;<strong>Institut Marianao<\/strong> ofereix els seg\u00fcents estudis de Formaci\u00f3 Professional:<\/p>\n<ul>\n<li>Fam\u00edlia de <a href=\"https:\/\/agora.xtec.cat\/insmarianao\/formacio-professional\/comerc-i-marqueting\/\"><strong>Comer\u00e7 i M\u00e0rqueting<\/strong><\/a>:\n<ul>\n<li>Cicle Formatiu de <strong>Grau Mitj\u00e0 d\u2019Activitats Comercials<\/strong> DUAL<\/li>\n<li>Cicle Formatiu de <strong>Grau Superior en Comer\u00e7 Internacional<\/strong><\/li>\n<li>Cicle Formatiu de <strong>Grau Superior en Gesti\u00f3 de Vendes i Espais Comercials<\/strong> amb l\u2019especialitat de Comercial de l\u2019Automoci\u00f3<\/li>\n<\/ul>\n<\/li>\n<li>Fam\u00edlia de <a href=\"https:\/\/agora.xtec.cat\/insmarianao\/formacio-professional\/fabricacio-mecanica\/\"><strong>Fabricaci\u00f3 Mec\u00e0nica<\/strong><\/a>:\n<ul>\n<li>Programa de Formaci\u00f3 i Inserci\u00f3 d\u2019<a href=\"https:\/\/agora.xtec.cat\/insmarianao\/formacio-professional\/programes-de-formacio-i-insercio-pfi\/#pfi2\"><strong>Auxiliar de Serralleria i Construccions Met\u00e0l\u00b7liques<\/strong><\/a>.<\/li>\n<li>Cicle Formatiu de <strong>Grau Mitj\u00e0 en Mecanitzaci\u00f3<\/strong><\/li>\n<li>Cicle Formatiu de <strong>Grau Superior de Disseny en Fabricaci\u00f3 Mec\u00e0nica<\/strong><\/li>\n<li>Cicle Formatiu de <strong>Grau Superior de Programaci\u00f3 de la Producci\u00f3 en Fabricaci\u00f3 Mec\u00e0nica<\/strong><\/li>\n<\/ul>\n<\/li>\n<li>Fam\u00edlia d&#8217;<a href=\"https:\/\/agora.xtec.cat\/insmarianao\/formacio-professional\/informatica\/\"><strong>Inform\u00e0tica<\/strong><\/a>:\n<ul>\n<li>Cicle Formatiu de <strong>Grau Mitj\u00e0 en Sistemes Microinform\u00e0tics i Xarxes<\/strong> (SMX)<\/li>\n<li>Cicle Formatiu de <strong>Grau Superior en Administraci\u00f3 de Sistemes Inform\u00e0tics en Xarxa<\/strong> (ASIX)<\/li>\n<li>Cicle Formatiu de <strong>Grau Superior en Desenvolupament d\u2019Aplicacions Multiplataforma<\/strong> (DAM)<\/li>\n<li>Cicle Formatiu de <strong>Grau Superior en Desenvolupament d\u2019Aplicacions Web<\/strong> (DAW)<\/li>\n<\/ul>\n<\/li>\n<\/ul>\n<p style=\"text-align: justify;\">V\u00eddeos de presentaci\u00f3 de la Formaci\u00f3 Professional a l\u2019<strong>Institut Marianao<\/strong>:<\/p>\n<div class=\"n-videos-container\" style=\"margin-bottom: 20px;\">\n<div class=\"one-video-container\" style=\"max-width: 420px;\">\n<div class=\"video-responsive\"><iframe src=\"https:\/\/www.youtube.com\/embed\/Jmomhz98pgY\" frameborder=\"0\" allowfullscreen=\"allowfullscreen\"><\/iframe><\/div>\n<\/div>\n<div class=\"one-video-container\" style=\"max-width: 420px;\">\n<div class=\"video-responsive\"><iframe src=\"https:\/\/www.youtube.com\/embed\/297wunBuhYM\" frameborder=\"0\" allowfullscreen=\"allowfullscreen\"><\/iframe><\/div>\n<\/div>\n<\/div>\n<h2>Enlla\u00e7os d&#8217;inter\u00e9s<\/h2>\n<ul>\n<li><a href=\"https:\/\/triaeducativa.gencat.cat\/ca\/fp\/\" target=\"_blank\" rel=\"noopener\">Informaci\u00f3 general sobre FP<span class=\"dashicons dashicons-admin-links custom-icons\">\u00a0<\/span><\/a><\/li>\n<\/ul>\n","protected":false},"excerpt":{"rendered":"<p>Descripci\u00f3 La\u00a0Formaci\u00f3 Professional (FP)\u00a0capacita per exercir de manera qualificada diverses professions i proporciona la formaci\u00f3 necess\u00e0ria per adquirir la compet\u00e8ncia professional i el coneixement propis de cada sector. Tots els cicles formatius tenen una durada de 2.000 hores, que s&#8217;organitzen en dos cursos acad\u00e8mics; una part d&#8217;aquestes hores es destina a la formaci\u00f3 en un [&hellip;]<\/p>\n","protected":false},"author":1,"featured_media":0,"parent":1432,"menu_order":0,"comment_status":"closed","ping_status":"closed","template":"","meta":{"_bbp_topic_count":0,"_bbp_reply_count":0,"_bbp_total_topic_count":0,"_bbp_total_reply_count":0,"_bbp_voice_count":0,"_bbp_anonymous_reply_count":0,"_bbp_topic_count_hidden":0,"_bbp_reply_count_hidden":0,"_bbp_forum_subforum_count":0,"site-sidebar-layout":"default","site-content-layout":"","ast-site-content-layout":"default","site-content-style":"default","site-sidebar-style":"default","ast-global-header-display":"","ast-banner-title-visibility":"","ast-main-header-display":"","ast-hfb-above-header-display":"","ast-hfb-below-header-display":"","ast-hfb-mobile-header-display":"","site-post-title":"","ast-breadcrumbs-content":"","ast-featured-img":"","footer-sml-layout":"","theme-transparent-header-meta":"default","adv-header-id-meta":"","stick-header-meta":"","header-above-stick-meta":"","header-main-stick-meta":"","header-below-stick-meta":"","astra-migrate-meta-layouts":"set","ast-page-background-enabled":"default","ast-page-background-meta":{"desktop":{"background-color":"var(--ast-global-color-4)","background-image":"","background-repeat":"repeat","background-position":"center center","background-size":"auto","background-attachment":"scroll","background-type":"","background-media":"","overlay-type":"","overlay-color":"","overlay-opacity":"","overlay-gradient":""},"tablet":{"background-color":"","background-image":"","background-repeat":"repeat","background-position":"center center","background-size":"auto","background-attachment":"scroll","background-type":"","background-media":"","overlay-type":"","overlay-color":"","overlay-opacity":"","overlay-gradient":""},"mobile":{"background-color":"","background-image":"","background-repeat":"repeat","background-position":"center center","background-size":"auto","background-attachment":"scroll","background-type":"","background-media":"","overlay-type":"","overlay-color":"","overlay-opacity":"","overlay-gradient":""}},"ast-content-background-meta":{"desktop":{"background-color":"var(--ast-global-color-5)","background-image":"","background-repeat":"repeat","background-position":"center center","background-size":"auto","background-attachment":"scroll","background-type":"","background-media":"","overlay-type":"","overlay-color":"","overlay-opacity":"","overlay-gradient":""},"tablet":{"background-color":"var(--ast-global-color-5)","background-image":"","background-repeat":"repeat","background-position":"center center","background-size":"auto","background-attachment":"scroll","background-type":"","background-media":"","overlay-type":"","overlay-color":"","overlay-opacity":"","overlay-gradient":""},"mobile":{"background-color":"var(--ast-global-color-5)","background-image":"","background-repeat":"repeat","background-position":"center center","background-size":"auto","background-attachment":"scroll","background-type":"","background-media":"","overlay-type":"","overlay-color":"","overlay-opacity":"","overlay-gradient":""}},"footnotes":""},"class_list":["post-1786","page","type-page","status-publish","hentry"],"post_mailing_queue_ids":[],"_links":{"self":[{"href":"https:\/\/agora.xtec.cat\/insmarianao\/wp-json\/wp\/v2\/pages\/1786","targetHints":{"allow":["GET"]}}],"collection":[{"href":"https:\/\/agora.xtec.cat\/insmarianao\/wp-json\/wp\/v2\/pages"}],"about":[{"href":"https:\/\/agora.xtec.cat\/insmarianao\/wp-json\/wp\/v2\/types\/page"}],"author":[{"embeddable":true,"href":"https:\/\/agora.xtec.cat\/insmarianao\/wp-json\/wp\/v2\/users\/1"}],"replies":[{"embeddable":true,"href":"https:\/\/agora.xtec.cat\/insmarianao\/wp-json\/wp\/v2\/comments?post=1786"}],"version-history":[{"count":6,"href":"https:\/\/agora.xtec.cat\/insmarianao\/wp-json\/wp\/v2\/pages\/1786\/revisions"}],"predecessor-version":[{"id":6023,"href":"https:\/\/agora.xtec.cat\/insmarianao\/wp-json\/wp\/v2\/pages\/1786\/revisions\/6023"}],"up":[{"embeddable":true,"href":"https:\/\/agora.xtec.cat\/insmarianao\/wp-json\/wp\/v2\/pages\/1432"}],"wp:attachment":[{"href":"https:\/\/agora.xtec.cat\/insmarianao\/wp-json\/wp\/v2\/media?parent=1786"}],"curies":[{"name":"wp","href":"https:\/\/api.w.org\/{rel}","templated":true}]}}