{"id":1441,"date":"2023-06-22T19:56:30","date_gmt":"2023-06-22T17:56:30","guid":{"rendered":"https:\/\/agora.xtec.cat\/insmarianao\/?page_id=1441"},"modified":"2026-02-03T16:27:41","modified_gmt":"2026-02-03T15:27:41","slug":"empreses-collaboradores","status":"publish","type":"page","link":"https:\/\/agora.xtec.cat\/insmarianao\/formacio-professional\/empreses-collaboradores\/","title":{"rendered":"Empreses col\u00b7laboradores"},"content":{"rendered":"<div class=\"header-common-style header-empreses\"><\/div>\n<div class=\"empreses\" style=\"text-align: center !important;\">\n<h4 class=\"gris\">Col\u00b7laboraci\u00f3 amb la fam\u00edlia de cicles de Fabricaci\u00f3 Mec\u00e0nica<\/h4>\n<div class=\"g-block size-100 center\">\n<div class=\"g-grid\">\n<div class=\"g-block size-25\">\n<div class=\"logo-empresa-4\">\n<div><a href=\"https:\/\/www.hidrocil.com\/\" target=\"_blank\" rel=\"noopener\"><img decoding=\"async\" src=\"https:\/\/agora.xtec.cat\/insmarianao\/wp-content\/uploads\/usu2666\/2023\/06\/hidrocil.png\" alt=\"\" \/><\/a><\/div>\n<\/div>\n<\/div>\n<div class=\"g-block size-25\">\n<div class=\"logo-empresa-4\">\n<div><a href=\"https:\/\/www.regulator-cetrisa.com\/\" target=\"_blank\" rel=\"noopener\"><img decoding=\"async\" src=\"https:\/\/agora.xtec.cat\/insmarianao\/wp-content\/uploads\/usu2666\/2023\/06\/regulator_cetrisa.png\" alt=\"\" \/><\/a><\/div>\n<\/div>\n<\/div>\n<div class=\"g-block size-25\">\n<div class=\"logo-empresa-4\">\n<div><a href=\"https:\/\/www.temsa.cat\/\" target=\"_blank\" rel=\"noopener\"><img decoding=\"async\" src=\"https:\/\/agora.xtec.cat\/insmarianao\/wp-content\/uploads\/usu2666\/2023\/06\/temsa.png\" alt=\"\" \/><\/a><\/div>\n<\/div>\n<\/div>\n<div class=\"g-block size-25\">\n<div class=\"logo-empresa-4\">\n<div><a href=\"https:\/\/www.cumsa.com\/\" target=\"_blank\" rel=\"noopener\"><img decoding=\"async\" src=\"https:\/\/agora.xtec.cat\/insmarianao\/wp-content\/uploads\/usu2666\/2023\/06\/cumsa.png\" alt=\"\" \/><\/a><\/div>\n<\/div>\n<\/div>\n<\/div>\n<div class=\"g-grid\">\n<div class=\"g-block size-25\">\n<div class=\"logo-empresa-4\">\n<div><a href=\"http:\/\/www.sanjogroup.com\/\" target=\"_blank\" rel=\"noopener\"><img decoding=\"async\" src=\"https:\/\/agora.xtec.cat\/insmarianao\/wp-content\/uploads\/usu2666\/2023\/06\/sanjo.png\" alt=\"\" \/><\/a><\/div>\n<\/div>\n<\/div>\n<div class=\"g-block size-25\">\n<div class=\"logo-empresa-4\">\n<div><a href=\"http:\/\/www.draguer.es\/\" target=\"_blank\" rel=\"noopener\"><img decoding=\"async\" src=\"https:\/\/agora.xtec.cat\/insmarianao\/wp-content\/uploads\/usu2666\/2023\/06\/draguer.png\" alt=\"\" \/><\/a><\/div>\n<\/div>\n<\/div>\n<div class=\"g-block size-25\">\n<div class=\"logo-empresa-4\">\n<div><a href=\"https:\/\/www.supertronic.com\/\" target=\"_blank\" rel=\"noopener\"><img decoding=\"async\" src=\"https:\/\/agora.xtec.cat\/insmarianao\/wp-content\/uploads\/usu2666\/2023\/06\/supertronic.png\" alt=\"\" \/><\/a><\/div>\n<\/div>\n<\/div>\n<div class=\"g-block size-25\">\n<div class=\"logo-empresa-4\">\n<div><a href=\"https:\/\/rimsa.com\/es\/\" target=\"_blank\" rel=\"noopener\"><img decoding=\"async\" src=\"https:\/\/agora.xtec.cat\/insmarianao\/wp-content\/uploads\/usu2666\/2023\/06\/rimsa.jpg\" alt=\"\" \/><\/a><\/div>\n<\/div>\n<\/div>\n<\/div>\n<div class=\"g-grid\">\n<div class=\"g-block size-25\">\n<div class=\"logo-empresa-4\">\n<div><a href=\"https:\/\/www.koenig-bauer.com\/es\/index\/\" target=\"_blank\" rel=\"noopener\"><img decoding=\"async\" src=\"https:\/\/agora.xtec.cat\/insmarianao\/wp-content\/uploads\/usu2666\/2023\/06\/koenigbauer.png\" alt=\"\" \/><\/a><\/div>\n<\/div>\n<\/div>\n<div class=\"g-block size-25\">\n<div class=\"logo-empresa-4\">\n<div><a href=\"https:\/\/cronomol.com\/\" target=\"_blank\" rel=\"noopener\"><img decoding=\"async\" src=\"https:\/\/agora.xtec.cat\/insmarianao\/wp-content\/uploads\/usu2666\/2023\/06\/cronomol.png\" alt=\"\" \/><\/a><\/div>\n<\/div>\n<\/div>\n<div class=\"g-block size-25\">\n<div class=\"logo-empresa-4\">\n<div><a href=\"https:\/\/coscollolaengineering.com\/\" target=\"_blank\" rel=\"noopener\"><img decoding=\"async\" src=\"https:\/\/agora.xtec.cat\/insmarianao\/wp-content\/uploads\/usu2666\/2023\/06\/coscollola.jpg\" alt=\"\" \/><\/a><\/div>\n<\/div>\n<\/div>\n<div class=\"g-block size-25\">\n<div class=\"logo-empresa-4\">\n<div><a href=\"https:\/\/www.ngny.tech\/es\/\" target=\"_blank\" rel=\"noopener\"><img decoding=\"async\" src=\"https:\/\/agora.xtec.cat\/insmarianao\/wp-content\/uploads\/usu2666\/2023\/06\/ngny.png\" alt=\"\" \/><\/a><\/div>\n<\/div>\n<\/div>\n<\/div>\n<div class=\"g-grid\">\n<div class=\"g-block size-25\">\n<div class=\"logo-empresa-4\">\n<div><a href=\"https:\/\/www.vld-eng.com\/\" target=\"_blank\" rel=\"noopener\"><img decoding=\"async\" src=\"https:\/\/agora.xtec.cat\/insmarianao\/wp-content\/uploads\/usu2666\/2023\/06\/vld.png\" alt=\"\" \/><\/a><\/div>\n<\/div>\n<\/div>\n<div class=\"g-block size-25\">\n<div class=\"logo-empresa-4\">\n<div><img decoding=\"async\" src=\"https:\/\/agora.xtec.cat\/insmarianao\/wp-content\/uploads\/usu2666\/2023\/06\/rpro1.png\" alt=\"\" \/><\/div>\n<\/div>\n<\/div>\n<div class=\"g-block size-25\">\n<div class=\"logo-empresa-4\">\n<div><a href=\"http:\/\/www.bagelsys.com\/es\" target=\"_blank\" rel=\"noopener\"><img decoding=\"async\" src=\"https:\/\/agora.xtec.cat\/insmarianao\/wp-content\/uploads\/usu2666\/2023\/06\/bagel.jpg\" alt=\"\" \/><\/a><\/div>\n<\/div>\n<\/div>\n<div class=\"g-block size-25\">\n<div class=\"logo-empresa-4\">\n<div><a href=\"https:\/\/www.pujolgroup.net\/es-es\/\" target=\"_blank\" rel=\"noopener\"><img decoding=\"async\" src=\"https:\/\/agora.xtec.cat\/insmarianao\/wp-content\/uploads\/usu2666\/2023\/06\/pujol.png\" alt=\"\" \/><\/a><\/div>\n<\/div>\n<\/div>\n<\/div>\n<div class=\"g-grid\">\n<div class=\"g-block size-25\">\n<div class=\"logo-empresa-4\">\n<div><a href=\"https:\/\/www.bertrandt.com\/en\/\" target=\"_blank\" rel=\"noopener\"><img decoding=\"async\" src=\"https:\/\/agora.xtec.cat\/insmarianao\/wp-content\/uploads\/usu2666\/2023\/06\/bertrandt.jpg\" alt=\"\" \/><\/a><\/div>\n<\/div>\n<\/div>\n<div class=\"g-block size-25\">\n<div class=\"logo-empresa-4\">\n<div><a href=\"https:\/\/www.vibia.com\/\" target=\"_blank\" rel=\"noopener\"><img decoding=\"async\" src=\"https:\/\/agora.xtec.cat\/insmarianao\/wp-content\/uploads\/usu2666\/2023\/06\/vibia.png\" alt=\"\" \/><\/a><\/div>\n<\/div>\n<\/div>\n<div class=\"g-block size-25\">\n<div class=\"logo-empresa-4\">\n<div><a href=\"https:\/\/ames-sintering.com\/es\/\" target=\"_blank\" rel=\"noopener\"><img decoding=\"async\" src=\"https:\/\/agora.xtec.cat\/insmarianao\/wp-content\/uploads\/usu2666\/2023\/06\/ames.png\" alt=\"\" \/><\/a><\/div>\n<\/div>\n<\/div>\n<div class=\"g-block size-25\">\n<div class=\"logo-empresa-4\">\n<div><a href=\"https:\/\/puertasnunez.com\/inicio\/\" target=\"_blank\" rel=\"noopener\"><img decoding=\"async\" style=\"max-width: 125px;\" src=\"https:\/\/agora.xtec.cat\/insmarianao\/wp-content\/uploads\/usu2666\/2023\/06\/puertas_nunez.png\" alt=\"\" \/><\/a><\/div>\n<\/div>\n<\/div>\n<\/div>\n<\/div>\n<hr class=\"linea\" \/>\n<h4 class=\"gris\" style=\"margin-top: 30px;\">Col\u00b7laboraci\u00f3 amb la fam\u00edlia de cicles de Comer\u00e7 i M\u00e0rqueting<\/h4>\n<div class=\"g-block size-100 center\">\n<div class=\"g-grid\">\n<div class=\"g-block size-25\">\n<div class=\"logo-empresa-4\">\n<div><a href=\"https:\/\/www.feuvert.es\/\" target=\"_blank\" rel=\"noopener\"><img decoding=\"async\" src=\"https:\/\/agora.xtec.cat\/insmarianao\/wp-content\/uploads\/usu2666\/2023\/06\/logo_feuvert.png\" alt=\"\" \/><\/a><\/div>\n<\/div>\n<\/div>\n<div class=\"g-block size-25\">\n<div class=\"logo-empresa-4\">\n<div><a href=\"https:\/\/www.norauto.es\/\" target=\"_blank\" rel=\"noopener\"><img decoding=\"async\" src=\"https:\/\/agora.xtec.cat\/insmarianao\/wp-content\/uploads\/usu2666\/2023\/06\/norauto.png\" alt=\"\" \/><\/a><\/div>\n<\/div>\n<\/div>\n<div class=\"g-block size-25\">\n<div class=\"logo-empresa-4\">\n<div><a href=\"https:\/\/www.saint-gobain.es\/\" target=\"_blank\" rel=\"noopener\"><img decoding=\"async\" src=\"https:\/\/agora.xtec.cat\/insmarianao\/wp-content\/uploads\/usu2666\/2023\/06\/saint_gobain.png\" alt=\"\" \/><\/a><\/div>\n<\/div>\n<\/div>\n<div class=\"g-block size-25\">\n<div class=\"logo-empresa-4\">\n<div><a href=\"https:\/\/www.garro.es\/\" target=\"_blank\" rel=\"noopener\"><img decoding=\"async\" src=\"https:\/\/agora.xtec.cat\/insmarianao\/wp-content\/uploads\/usu2666\/2023\/06\/bigmat_garro.png\" alt=\"\" \/><\/a><\/div>\n<\/div>\n<\/div>\n<\/div>\n<\/div>\n<div class=\"g-block size-100 center\">\n<div class=\"g-grid\">\n<div class=\"g-block size-25\">\n<div class=\"logo-empresa-4\">\n<div><a href=\"https:\/\/www.aldi.es\/\" target=\"_blank\" rel=\"noopener\"><img decoding=\"async\" style=\"max-width: 140px;\" src=\"https:\/\/agora.xtec.cat\/insmarianao\/wp-content\/uploads\/usu2666\/2023\/06\/aldi.jpg\" alt=\"\" \/><\/a><\/div>\n<\/div>\n<\/div>\n<div class=\"g-block size-25\">\n<div class=\"logo-empresa-4\">\n<div><a href=\"https:\/\/www.leroymerlin.es\/\" target=\"_blank\" rel=\"noopener\"><img decoding=\"async\" src=\"https:\/\/agora.xtec.cat\/insmarianao\/wp-content\/uploads\/usu2666\/2023\/06\/leroy_merlin.jpg\" alt=\"\" \/><\/a><\/div>\n<\/div>\n<\/div>\n<div class=\"g-block size-25\">\n<div class=\"logo-empresa-4\">\n<div><a href=\"https:\/\/www.tvsscs.com\/\" target=\"_blank\" rel=\"noopener\"><img decoding=\"async\" style=\"max-width: 170px;\" src=\"https:\/\/agora.xtec.cat\/insmarianao\/wp-content\/uploads\/usu2666\/2023\/06\/tvs.png\" alt=\"\" \/><\/a><\/div>\n<\/div>\n<\/div>\n<div class=\"g-block size-25\">\n<div class=\"logo-empresa-4\">\n<div><a href=\"https:\/\/www2.ggori.com\/\" target=\"_blank\" rel=\"noopener\"><img decoding=\"async\" src=\"https:\/\/agora.xtec.cat\/insmarianao\/wp-content\/uploads\/usu2666\/2023\/06\/gori.png\" alt=\"\" \/><\/a><\/div>\n<\/div>\n<\/div>\n<\/div>\n<\/div>\n<div class=\"g-grid\">\n<div class=\"g-block size-20\"><\/div>\n<div class=\"g-block size-20\">\n<div class=\"logo-empresa-5\">\n<div><a href=\"http:\/\/www.ifs.es\/\" target=\"_blank\" rel=\"noopener\"><img decoding=\"async\" style=\"max-width: 130px;\" src=\"https:\/\/agora.xtec.cat\/insmarianao\/wp-content\/uploads\/usu2666\/2023\/06\/ifs.jpg\" alt=\"\" \/><\/a><\/div>\n<\/div>\n<\/div>\n<div class=\"g-block size-20\">\n<div class=\"logo-empresa-5\">\n<div><a href=\"http:\/\/www.iashandling.aero\/es\/\" target=\"_blank\" rel=\"noopener\"><img decoding=\"async\" src=\"https:\/\/agora.xtec.cat\/insmarianao\/wp-content\/uploads\/usu2666\/2023\/06\/ias_handling.jpg\" alt=\"\" \/><\/a><\/div>\n<\/div>\n<\/div>\n<div class=\"g-block size-20\">\n<div class=\"logo-empresa-5\">\n<div><img decoding=\"async\" src=\"https:\/\/agora.xtec.cat\/insmarianao\/wp-content\/uploads\/usu2666\/2023\/06\/stock_cargo.png\" alt=\"\" \/><\/div>\n<\/div>\n<\/div>\n<div class=\"g-block size-20\"><\/div>\n<\/div>\n<hr class=\"linea\" \/>\n<h4 class=\"gris\" style=\"margin-top: 30px;\">Col\u00b7laboraci\u00f3 amb la fam\u00edlia de cicles d&#8217;Inform\u00e0tica<\/h4>\n<div class=\"g-block size-100 center\">\n<div class=\"g-grid\">\n<div class=\"g-block size-20\"><\/div>\n<div class=\"g-block size-20\">\n<div class=\"logo-empresa-5\">\n<div><a href=\"https:\/\/www.clustersalutmental.com\/\" target=\"_blank\" rel=\"noopener\"><img decoding=\"async\" src=\"https:\/\/agora.xtec.cat\/insmarianao\/wp-content\/uploads\/usu2666\/2023\/06\/csmc.png\" alt=\"\" \/><\/a><\/div>\n<\/div>\n<\/div>\n<div class=\"g-block size-20\">\n<div class=\"logo-empresa-5\">\n<div><a href=\"http:\/\/www.makesolutions.es\/\" target=\"_blank\" rel=\"noopener\"><img decoding=\"async\" src=\"https:\/\/agora.xtec.cat\/insmarianao\/wp-content\/uploads\/usu2666\/2023\/06\/makesolutions.png\" alt=\"\" \/><\/a><\/div>\n<\/div>\n<\/div>\n<div class=\"g-block size-20\">\n<div class=\"logo-empresa-5\">\n<div><a href=\"https:\/\/www.labelgrup.com\/\" target=\"_blank\" rel=\"noopener\"><img decoding=\"async\" src=\"https:\/\/agora.xtec.cat\/insmarianao\/wp-content\/uploads\/usu2666\/2023\/06\/labelgrup.jpg\" alt=\"\" \/><\/a><\/div>\n<\/div>\n<\/div>\n<div class=\"g-block size-20\"><\/div>\n<\/div>\n<div class=\"g-grid\">\n<div class=\"g-block size-20\"><\/div>\n<div class=\"g-block size-20\">\n<div class=\"logo-empresa-5\">\n<div><a href=\"https:\/\/effenmark.es\/\" target=\"_blank\" rel=\"noopener\"><img decoding=\"async\" src=\"https:\/\/agora.xtec.cat\/insmarianao\/wp-content\/uploads\/usu2666\/2023\/06\/effenmark.png\" alt=\"\" \/><\/a><\/div>\n<\/div>\n<\/div>\n<div class=\"g-block size-20\">\n<div class=\"logo-empresa-5\">\n<div><a href=\"https:\/\/www.industrylabs.biz\/\" target=\"_blank\" rel=\"noopener\"><img decoding=\"async\" src=\"https:\/\/agora.xtec.cat\/insmarianao\/wp-content\/uploads\/usu2666\/2023\/06\/industrylabs.jpg\" alt=\"\" \/><\/a><\/div>\n<\/div>\n<\/div>\n<div class=\"g-block size-20\">\n<div class=\"logo-empresa-5\">\n<div><a href=\"https:\/\/jelliby.com\/\" target=\"_blank\" rel=\"noopener\"><img decoding=\"async\" src=\"https:\/\/agora.xtec.cat\/insmarianao\/wp-content\/uploads\/usu2666\/2023\/06\/jelliby.png\" alt=\"\" \/><\/a><\/div>\n<\/div>\n<\/div>\n<div class=\"g-block size-20\"><\/div>\n<\/div>\n<\/div>\n<\/div>\n","protected":false},"excerpt":{"rendered":"<p>Col\u00b7laboraci\u00f3 amb la fam\u00edlia de cicles de Fabricaci\u00f3 Mec\u00e0nica Col\u00b7laboraci\u00f3 amb la fam\u00edlia de cicles de Comer\u00e7 i M\u00e0rqueting Col\u00b7laboraci\u00f3 amb la fam\u00edlia de cicles d&#8217;Inform\u00e0tica<\/p>\n","protected":false},"author":1,"featured_media":0,"parent":1432,"menu_order":9,"comment_status":"closed","ping_status":"closed","template":"","meta":{"_bbp_topic_count":0,"_bbp_reply_count":0,"_bbp_total_topic_count":0,"_bbp_total_reply_count":0,"_bbp_voice_count":0,"_bbp_anonymous_reply_count":0,"_bbp_topic_count_hidden":0,"_bbp_reply_count_hidden":0,"_bbp_forum_subforum_count":0,"site-sidebar-layout":"default","site-content-layout":"","ast-site-content-layout":"default","site-content-style":"default","site-sidebar-style":"default","ast-global-header-display":"","ast-banner-title-visibility":"","ast-main-header-display":"","ast-hfb-above-header-display":"","ast-hfb-below-header-display":"","ast-hfb-mobile-header-display":"","site-post-title":"","ast-breadcrumbs-content":"","ast-featured-img":"","footer-sml-layout":"","theme-transparent-header-meta":"default","adv-header-id-meta":"","stick-header-meta":"","header-above-stick-meta":"","header-main-stick-meta":"","header-below-stick-meta":"","astra-migrate-meta-layouts":"set","ast-page-background-enabled":"default","ast-page-background-meta":{"desktop":{"background-color":"var(--ast-global-color-4)","background-image":"","background-repeat":"repeat","background-position":"center center","background-size":"auto","background-attachment":"scroll","background-type":"","background-media":"","overlay-type":"","overlay-color":"","overlay-opacity":"","overlay-gradient":""},"tablet":{"background-color":"","background-image":"","background-repeat":"repeat","background-position":"center center","background-size":"auto","background-attachment":"scroll","background-type":"","background-media":"","overlay-type":"","overlay-color":"","overlay-opacity":"","overlay-gradient":""},"mobile":{"background-color":"","background-image":"","background-repeat":"repeat","background-position":"center center","background-size":"auto","background-attachment":"scroll","background-type":"","background-media":"","overlay-type":"","overlay-color":"","overlay-opacity":"","overlay-gradient":""}},"ast-content-background-meta":{"desktop":{"background-color":"var(--ast-global-color-5)","background-image":"","background-repeat":"repeat","background-position":"center center","background-size":"auto","background-attachment":"scroll","background-type":"","background-media":"","overlay-type":"","overlay-color":"","overlay-opacity":"","overlay-gradient":""},"tablet":{"background-color":"var(--ast-global-color-5)","background-image":"","background-repeat":"repeat","background-position":"center center","background-size":"auto","background-attachment":"scroll","background-type":"","background-media":"","overlay-type":"","overlay-color":"","overlay-opacity":"","overlay-gradient":""},"mobile":{"background-color":"var(--ast-global-color-5)","background-image":"","background-repeat":"repeat","background-position":"center center","background-size":"auto","background-attachment":"scroll","background-type":"","background-media":"","overlay-type":"","overlay-color":"","overlay-opacity":"","overlay-gradient":""}},"footnotes":""},"class_list":["post-1441","page","type-page","status-publish","hentry"],"post_mailing_queue_ids":[],"_links":{"self":[{"href":"https:\/\/agora.xtec.cat\/insmarianao\/wp-json\/wp\/v2\/pages\/1441","targetHints":{"allow":["GET"]}}],"collection":[{"href":"https:\/\/agora.xtec.cat\/insmarianao\/wp-json\/wp\/v2\/pages"}],"about":[{"href":"https:\/\/agora.xtec.cat\/insmarianao\/wp-json\/wp\/v2\/types\/page"}],"author":[{"embeddable":true,"href":"https:\/\/agora.xtec.cat\/insmarianao\/wp-json\/wp\/v2\/users\/1"}],"replies":[{"embeddable":true,"href":"https:\/\/agora.xtec.cat\/insmarianao\/wp-json\/wp\/v2\/comments?post=1441"}],"version-history":[{"count":5,"href":"https:\/\/agora.xtec.cat\/insmarianao\/wp-json\/wp\/v2\/pages\/1441\/revisions"}],"predecessor-version":[{"id":5635,"href":"https:\/\/agora.xtec.cat\/insmarianao\/wp-json\/wp\/v2\/pages\/1441\/revisions\/5635"}],"up":[{"embeddable":true,"href":"https:\/\/agora.xtec.cat\/insmarianao\/wp-json\/wp\/v2\/pages\/1432"}],"wp:attachment":[{"href":"https:\/\/agora.xtec.cat\/insmarianao\/wp-json\/wp\/v2\/media?parent=1441"}],"curies":[{"name":"wp","href":"https:\/\/api.w.org\/{rel}","templated":true}]}}