{"id":1435,"date":"2023-06-22T19:52:47","date_gmt":"2023-06-22T17:52:47","guid":{"rendered":"https:\/\/agora.xtec.cat\/insmarianao\/?page_id=1435"},"modified":"2026-04-22T10:59:36","modified_gmt":"2026-04-22T08:59:36","slug":"programes-de-formacio-i-insercio-pfi","status":"publish","type":"page","link":"https:\/\/agora.xtec.cat\/insmarianao\/formacio-professional\/programes-de-formacio-i-insercio-pfi\/","title":{"rendered":"Programes de Formaci\u00f3 i Inserci\u00f3 (PFI)"},"content":{"rendered":"<div class=\"header-common-style header-pfi\"><\/div>\n<h2>\u00cdndex<\/h2>\n<ul>\n<li><a href=\"#pfi1\">Qu\u00e8 s\u00f3n els PFI?<\/a><\/li>\n<li><a href=\"#pfi2\">PFI a l&#8217;Institut Marianao<\/a><\/li>\n<\/ul>\n<hr class=\"linea\" \/>\n<h2 id=\"pfi1\">Qu\u00e8 s\u00f3n els PFI?<\/h2>\n<p style=\"text-align: justify;\">Els <strong>Programes de Formaci\u00f3 i Inserci\u00f3<\/strong> (PFI) s\u00f3n el primer nivell de qualificaci\u00f3 dins dels estudis de formaci\u00f3 professional i s&#8217;adscriuen a diferents fam\u00edlies professionals.<\/p>\n<p style=\"text-align: justify;\">Els PFI s&#8217;adrecen a joves d&#8217;entre 16 i 21 anys que no han finalitzat l&#8217;Educaci\u00f3 Secund\u00e0ria Obligat\u00f2ria. S\u00f3n estudis voluntaris i la seva durada \u00e9s d&#8217;un curs acad\u00e8mic (1.000 hores).<\/p>\n<p style=\"text-align: justify;\">Els i les alumnes de PFI reben un acompanyament i una tutoritzaci\u00f3 essencial per a l&#8217;assoliment dels objectius del programa. Els aprenentatges s\u00f3n vivencials i vinculats amb l&#8217;entorn proper, i inclouen pr\u00e0ctiques en empresa; s&#8217;apr\u00e8n fent, utilitzant metodologies actives i globals.<\/p>\n<p style=\"text-align: justify;\">Amb els PFI, d&#8217;una banda, es facilita la continu\u00eftat formativa dins de la formaci\u00f3 professional i, de l&#8217;altra, l&#8217;aprenentatge de les compet\u00e8ncies transversals i professionals necess\u00e0ries per al m\u00f3n del treball.<\/p>\n<p>Podeu trobar m\u00e9s informaci\u00f3 sobre els PFI en <a href=\"https:\/\/triaeducativa.gencat.cat\/ca\/fp\/pfi\/index.html\" target=\"_blank\" rel=\"noopener\">aquest enlla\u00e7<span class=\"dashicons dashicons-admin-links custom-icons\">\u00a0<\/span><\/a><\/p>\n<hr class=\"linea\" \/>\n<h2 id=\"pfi2\">PFI a l&#8217;Institut Marianao<\/h2>\n<p>L&#8217;<strong>Institut Marianao<\/strong> ofereix el PFI d&#8217;<strong>Auxiliar de Serralleria i Construccions Met\u00e0l\u00b7liques<\/strong>.<\/p>\n<p style=\"text-align: justify;\">Aquests estudis capaciten per dur a terme operacions auxiliars en els processos de mecanitzaci\u00f3 i muntatge per a la fabricaci\u00f3 mec\u00e0nica, aix\u00ed com per construir, muntar i reparar elements de serralleria i d&#8217;estructures met\u00e0l\u00b7liques.<\/p>\n<p>PFI a l&#8217;<strong>Institut Marianao<\/strong>: V\u00eddeo de presentaci\u00f3:<\/p>\n<div style=\"max-width: 500px; margin-top: 20px; margin-bottom: 30px;\">\n<div class=\"video-responsive\"><iframe src=\"https:\/\/www.youtube.com\/embed\/iUIMBGM6d5E\" frameborder=\"0\" allowfullscreen=\"allowfullscreen\"><\/iframe><\/div>\n<\/div>\n<p>Al 2021 l&#8217;Institut Mariano va inaugurar unes noves instal\u00b7lacions amb els nous tallers per impartir aquest curs:<\/p>\n<div class=\"contenidor-imatges\" style=\"margin-bottom: 30px;\"><img loading=\"lazy\" decoding=\"async\" class=\"gallery-image alignnone\" style=\"padding: 5px;\" src=\"https:\/\/agora.xtec.cat\/insmarianao\/wp-content\/uploads\/usu2666\/2023\/06\/pfi1-1-scaled.jpg\" alt=\"instal\u00b7lacions PFI\" width=\"266\" height=\"200\" \/><img loading=\"lazy\" decoding=\"async\" class=\"gallery-image alignnone\" style=\"padding: 5px;\" src=\"https:\/\/agora.xtec.cat\/insmarianao\/wp-content\/uploads\/usu2666\/2023\/06\/pfi2-scaled.jpg\" alt=\"instal\u00b7lacions PFI\" width=\"266\" height=\"200\" \/><img loading=\"lazy\" decoding=\"async\" class=\"gallery-image\" style=\"padding: 5px;\" src=\"https:\/\/agora.xtec.cat\/insmarianao\/wp-content\/uploads\/usu2666\/2023\/06\/pfi3-scaled.jpg\" alt=\"instal\u00b7lacions PFI\" width=\"266\" height=\"200\" \/><\/div>\n<p>Podeu consultar la <a href=\"https:\/\/www.gencat.cat\/ensenyament\/eac\/pdf\/PFI_____FM01_CA.pdf\" target=\"_blank\" rel=\"noopener\">Fitxa informativa del PFI d&#8217;Auxiliar de Serralleria i Construccions Met\u00e0l\u00b7liques<span class=\"dashicons dashicons-pdf custom-icons\">\u00a0<\/span><\/a><\/p>\n<p>Tota la informaci\u00f3 sobre el <strong>PFI d&#8217;Auxiliar de Serralleria i Construccions Met\u00e0l\u00b7liques<\/strong> en <a href=\"https:\/\/triaeducativa.gencat.cat\/ca\/estudis\/?auxiliar-serralleria-construccions-metalliques&amp;p_id=2794\" target=\"_blank\" rel=\"noopener\">aquest enlla\u00e7<span class=\"dashicons dashicons-admin-links custom-icons\">\u00a0<\/span><\/a>.<\/p>\n","protected":false},"excerpt":{"rendered":"<p>\u00cdndex Qu\u00e8 s\u00f3n els PFI? PFI a l&#8217;Institut Marianao Qu\u00e8 s\u00f3n els PFI? Els Programes de Formaci\u00f3 i Inserci\u00f3 (PFI) s\u00f3n el primer nivell de qualificaci\u00f3 dins dels estudis de formaci\u00f3 professional i s&#8217;adscriuen a diferents fam\u00edlies professionals. Els PFI s&#8217;adrecen a joves d&#8217;entre 16 i 21 anys que no han finalitzat l&#8217;Educaci\u00f3 Secund\u00e0ria Obligat\u00f2ria. [&hellip;]<\/p>\n","protected":false},"author":1,"featured_media":0,"parent":1432,"menu_order":4,"comment_status":"closed","ping_status":"closed","template":"","meta":{"_bbp_topic_count":0,"_bbp_reply_count":0,"_bbp_total_topic_count":0,"_bbp_total_reply_count":0,"_bbp_voice_count":0,"_bbp_anonymous_reply_count":0,"_bbp_topic_count_hidden":0,"_bbp_reply_count_hidden":0,"_bbp_forum_subforum_count":0,"site-sidebar-layout":"default","site-content-layout":"","ast-site-content-layout":"default","site-content-style":"default","site-sidebar-style":"default","ast-global-header-display":"","ast-banner-title-visibility":"","ast-main-header-display":"","ast-hfb-above-header-display":"","ast-hfb-below-header-display":"","ast-hfb-mobile-header-display":"","site-post-title":"","ast-breadcrumbs-content":"","ast-featured-img":"","footer-sml-layout":"","theme-transparent-header-meta":"default","adv-header-id-meta":"","stick-header-meta":"","header-above-stick-meta":"","header-main-stick-meta":"","header-below-stick-meta":"","astra-migrate-meta-layouts":"set","ast-page-background-enabled":"default","ast-page-background-meta":{"desktop":{"background-color":"var(--ast-global-color-4)","background-image":"","background-repeat":"repeat","background-position":"center center","background-size":"auto","background-attachment":"scroll","background-type":"","background-media":"","overlay-type":"","overlay-color":"","overlay-opacity":"","overlay-gradient":""},"tablet":{"background-color":"","background-image":"","background-repeat":"repeat","background-position":"center center","background-size":"auto","background-attachment":"scroll","background-type":"","background-media":"","overlay-type":"","overlay-color":"","overlay-opacity":"","overlay-gradient":""},"mobile":{"background-color":"","background-image":"","background-repeat":"repeat","background-position":"center center","background-size":"auto","background-attachment":"scroll","background-type":"","background-media":"","overlay-type":"","overlay-color":"","overlay-opacity":"","overlay-gradient":""}},"ast-content-background-meta":{"desktop":{"background-color":"var(--ast-global-color-5)","background-image":"","background-repeat":"repeat","background-position":"center center","background-size":"auto","background-attachment":"scroll","background-type":"","background-media":"","overlay-type":"","overlay-color":"","overlay-opacity":"","overlay-gradient":""},"tablet":{"background-color":"var(--ast-global-color-5)","background-image":"","background-repeat":"repeat","background-position":"center center","background-size":"auto","background-attachment":"scroll","background-type":"","background-media":"","overlay-type":"","overlay-color":"","overlay-opacity":"","overlay-gradient":""},"mobile":{"background-color":"var(--ast-global-color-5)","background-image":"","background-repeat":"repeat","background-position":"center center","background-size":"auto","background-attachment":"scroll","background-type":"","background-media":"","overlay-type":"","overlay-color":"","overlay-opacity":"","overlay-gradient":""}},"footnotes":""},"class_list":["post-1435","page","type-page","status-publish","hentry"],"post_mailing_queue_ids":[],"_links":{"self":[{"href":"https:\/\/agora.xtec.cat\/insmarianao\/wp-json\/wp\/v2\/pages\/1435","targetHints":{"allow":["GET"]}}],"collection":[{"href":"https:\/\/agora.xtec.cat\/insmarianao\/wp-json\/wp\/v2\/pages"}],"about":[{"href":"https:\/\/agora.xtec.cat\/insmarianao\/wp-json\/wp\/v2\/types\/page"}],"author":[{"embeddable":true,"href":"https:\/\/agora.xtec.cat\/insmarianao\/wp-json\/wp\/v2\/users\/1"}],"replies":[{"embeddable":true,"href":"https:\/\/agora.xtec.cat\/insmarianao\/wp-json\/wp\/v2\/comments?post=1435"}],"version-history":[{"count":6,"href":"https:\/\/agora.xtec.cat\/insmarianao\/wp-json\/wp\/v2\/pages\/1435\/revisions"}],"predecessor-version":[{"id":6022,"href":"https:\/\/agora.xtec.cat\/insmarianao\/wp-json\/wp\/v2\/pages\/1435\/revisions\/6022"}],"up":[{"embeddable":true,"href":"https:\/\/agora.xtec.cat\/insmarianao\/wp-json\/wp\/v2\/pages\/1432"}],"wp:attachment":[{"href":"https:\/\/agora.xtec.cat\/insmarianao\/wp-json\/wp\/v2\/media?parent=1435"}],"curies":[{"name":"wp","href":"https:\/\/api.w.org\/{rel}","templated":true}]}}