{"id":1411,"date":"2023-06-22T17:54:49","date_gmt":"2023-06-22T15:54:49","guid":{"rendered":"https:\/\/agora.xtec.cat\/insmarianao\/?page_id=1411"},"modified":"2026-02-17T10:49:39","modified_gmt":"2026-02-17T09:49:39","slug":"fulls-informatius-batxillerat","status":"publish","type":"page","link":"https:\/\/agora.xtec.cat\/insmarianao\/batxillerat-2\/fulls-informatius-batxillerat\/","title":{"rendered":"Fulls informatius Batxillerat"},"content":{"rendered":"<div class=\"header-common-style header-fulls-informatius\"><\/div>\n<h2>Curs 2025-2026<\/h2>\n<ol>\n<li><a href=\"#castella\">Llengua Castellana i Literatura<\/a><\/li>\n<li><a href=\"#catala\">Llengua Catalana i Literatura<\/a><\/li>\n<li><a href=\"#ciencies\">Ci\u00e8ncies<\/a><\/li>\n<li><a href=\"#classiques\">Cl\u00e0ssiques<\/a><\/li>\n<li><a href=\"#educacio_fisica\">Educaci\u00f3 F\u00edsica<\/a><\/li>\n<li><a href=\"#idiomes\">Idiomes<\/a><\/li>\n<li><a href=\"#matematiques\">Matem\u00e0tiques<\/a><\/li>\n<li><a href=\"#ciencies_socials\">Ci\u00e8ncies Socials<\/a><\/li>\n<li><a href=\"#tecnologia\">Tecnologia<\/a><\/li>\n<li><a href=\"#plastica\">Visual i Pl\u00e0stica<\/a><\/li>\n<\/ol>\n<hr class=\"linea\" \/>\n<h1><a id=\"castella\"><\/a>Llengua Castellana i Literatura<\/h1>\n<ul>\n<li><a href=\"https:\/\/agora.xtec.cat\/insmarianao\/wp-content\/uploads\/usu2666\/2025\/07\/FULL-INFORMATIU-1r-BATX-CASTELLA-25-26.doc.pdf\" target=\"_blank\" rel=\"noreferrer noopener\">Castell\u00e0 1r Batxillerat<span class=\"dashicons dashicons-pdf custom-icons\">\u00a0<\/span><\/a><\/li>\n<li><a href=\"https:\/\/agora.xtec.cat\/insmarianao\/wp-content\/uploads\/usu2666\/2025\/07\/FULL-INFORMATIU-1r-BATX-CREACIO-LITERARIA-25-26.docx.pdf\" target=\"_blank\" rel=\"noreferrer noopener\">Creaci\u00f3 liter\u00e0ria 1r Batxillerat<span class=\"dashicons dashicons-pdf custom-icons\">\u00a0<\/span><\/a><\/li>\n<li><a href=\"https:\/\/agora.xtec.cat\/insmarianao\/wp-content\/uploads\/usu2666\/2025\/07\/FULL-INFORMATIU-2n-BATXILLERAT-CURS-2025-2026.pdf\" target=\"_blank\" rel=\"noreferrer noopener\"> Castell\u00e0 2n Batxillerat<span class=\"dashicons dashicons-pdf custom-icons\">\u00a0<\/span><\/a><\/li>\n<li><a href=\"https:\/\/agora.xtec.cat\/insmarianao\/wp-content\/uploads\/usu2666\/2025\/07\/FULL-INFORMATIU-2n-BATXILLERAT_LIT.-CAST_-25-26.docx.pdf\" target=\"_blank\" rel=\"noopener\">Literatura Castellana 2n Batxillerat<span class=\"dashicons dashicons-pdf custom-icons\">\u00a0<\/span><\/a><\/li>\n<\/ul>\n<hr class=\"linea\" \/>\n<h1><a id=\"catala\"><\/a>Llengua Catalana i Literatura<\/h1>\n<ul>\n<li><a href=\"https:\/\/agora.xtec.cat\/insmarianao\/wp-content\/uploads\/usu2666\/2025\/10\/Full-informatiu-CATALA-1rBAT-25-26.pdf\" target=\"_blank\" rel=\"noreferrer noopener\">Catal\u00e0 1r Batxillerat<span class=\"dashicons dashicons-pdf custom-icons\">\u00a0<\/span><\/a><\/li>\n<li><a href=\"https:\/\/agora.xtec.cat\/insmarianao\/wp-content\/uploads\/usu2666\/2025\/10\/Full-informatiu-LIT-UNIVERSAL-1r-BAT-25-26.pdf\" target=\"_blank\" rel=\"noreferrer noopener\">Literatura Universal 1r Batxillerat<span class=\"dashicons dashicons-pdf custom-icons\">\u00a0<\/span><\/a><\/li>\n<li><a href=\"https:\/\/agora.xtec.cat\/insmarianao\/wp-content\/uploads\/usu2666\/2025\/10\/Full-informatiu-CATALA-2n-BAT-25-26-1.pdf\" target=\"_blank\" rel=\"noreferrer noopener\">Catal\u00e0 2n Batxillerat<span class=\"dashicons dashicons-pdf custom-icons\">\u00a0<\/span><\/a><\/li>\n<\/ul>\n<hr class=\"linea\" \/>\n<h1><a id=\"ciencies\"><\/a>Ci\u00e8ncies<\/h1>\n<div>\n<ul>\n<li><a href=\"https:\/\/agora.xtec.cat\/insmarianao\/wp-content\/uploads\/usu2666\/2025\/07\/Full-informatiu-BAT-1r-Biologia-25-26.docx.pdf\" target=\"_blank\" rel=\"noreferrer noopener\">Biologia 1r Batxillerat<span class=\"dashicons dashicons-pdf custom-icons\">\u00a0<\/span><\/a><\/li>\n<li><a href=\"https:\/\/agora.xtec.cat\/insmarianao\/wp-content\/uploads\/usu2666\/2025\/07\/Full-informatiu-BAT1_25-26_Fisica.docx.pdf\" target=\"_blank\" rel=\"noreferrer noopener\">F\u00edsica 1r Batxillerat<span class=\"dashicons dashicons-pdf custom-icons\">\u00a0<\/span><\/a><\/li>\n<li><a href=\"https:\/\/agora.xtec.cat\/insmarianao\/wp-content\/uploads\/usu2666\/2025\/07\/Full-informatiu-BAT-1r-REPTES-FiQ-25-26.docx-1.pdf\" target=\"_blank\" rel=\"noreferrer noopener\">Reptes en F\u00edsica i Qu\u00edmica 1r Batxillerat<span class=\"dashicons dashicons-pdf custom-icons\">\u00a0<\/span><\/a><\/li>\n<li><a href=\"https:\/\/agora.xtec.cat\/insmarianao\/wp-content\/uploads\/usu2666\/2025\/07\/Full-informatiu-BAT1_25-26_Quimica.docx.pdf\" target=\"_blank\" rel=\"noreferrer noopener\">Qu\u00edmica 1r Batxillerat<span class=\"dashicons dashicons-pdf custom-icons\">\u00a0<\/span><\/a><\/li>\n<li><a href=\"https:\/\/agora.xtec.cat\/insmarianao\/wp-content\/uploads\/usu2666\/2025\/07\/Full-informatiu-BATX-GiCA-1r-25-26.docx.pdf\" target=\"_blank\" rel=\"noreferrer noopener\">Geologia i Ci\u00e8ncies Ambientals 1r Batxillerat<span class=\"dashicons dashicons-pdf custom-icons\">\u00a0<\/span><\/a><\/li>\n<li><a href=\"https:\/\/agora.xtec.cat\/insmarianao\/wp-content\/uploads\/usu2666\/2025\/07\/Full-informatiu-BAT-1r-REPTES-BG-25-26.docx.pdf\" target=\"_blank\" rel=\"noreferrer noopener\">Reptes en Biologia i Geologia 1r Batxillerat<span class=\"dashicons dashicons-pdf custom-icons\">\u00a0<\/span><\/a><\/li>\n<li><a href=\"https:\/\/agora.xtec.cat\/insmarianao\/wp-content\/uploads\/usu2666\/2025\/07\/Full-informatiu-BAT-2n-Biologia-25-26.docx.pdf\" target=\"_blank\" rel=\"noreferrer noopener\">Biologia 2n Batxillerat<span class=\"dashicons dashicons-pdf custom-icons\">\u00a0<\/span><\/a><\/li>\n<li><a href=\"https:\/\/agora.xtec.cat\/insmarianao\/wp-content\/uploads\/usu2666\/2025\/07\/Full-informatiu-BAT2_25-26_Fisica.docx.pdf\" target=\"_blank\" rel=\"noreferrer noopener\">F\u00edsica 2n Batxillerat<span class=\"dashicons dashicons-pdf custom-icons\">\u00a0<\/span><\/a><\/li>\n<li><a href=\"https:\/\/agora.xtec.cat\/insmarianao\/wp-content\/uploads\/usu2666\/2025\/07\/Full-informatiu-BAT2_25-26_Quimica-.docx.pdf\" target=\"_blank\" rel=\"noreferrer noopener\">Qu\u00edmica 2n Batxillerat<span class=\"dashicons dashicons-pdf custom-icons\">\u00a0<\/span><\/a><\/li>\n<li><a href=\"https:\/\/agora.xtec.cat\/insmarianao\/wp-content\/uploads\/usu2666\/2025\/07\/Full-informatiu-BAT-GICA-2n-25-26.docx.pdf\" target=\"_blank\" rel=\"noopener\">Geologia i Ci\u00e8ncies Ambientals 2n Batxillerat<span class=\"dashicons dashicons-pdf custom-icons\">\u00a0<\/span><\/a><\/li>\n<\/ul>\n<\/div>\n<p>Normes de seguretat del laboratori:<\/p>\n<p><i class=\"fa fa-warning\" aria-hidden=\"true\">\u00a0<\/i>Cal seguir les seg\u00fcents normes atentament sempre que estigueu al laboratori:<\/p>\n<ul>\n<li><a href=\"https:\/\/agora.xtec.cat\/insmarianao\/wp-content\/uploads\/usu2666\/2023\/10\/T802_Normes_de_Seguretat_Laboratori.pdf\" target=\"_blank\" rel=\"noreferrer noopener\">Document T802. Normes de seguretat de laboratori.<span class=\"dashicons dashicons-pdf custom-icons\">\u00a0<\/span><\/a><\/li>\n<\/ul>\n<div>\n<hr class=\"linea\" \/>\n<h1><a id=\"classiques\"><\/a>Cl\u00e0ssiques<\/h1>\n<div>\n<ul>\n<li><a href=\"https:\/\/agora.xtec.cat\/insmarianao\/wp-content\/uploads\/usu2666\/2025\/07\/LLATI-1-BATX-FULL-INFORMATIU-CURS-2025-26.pdf\" target=\"_blank\" rel=\"noreferrer noopener\">Llat\u00ed 1r Batxillerat<span class=\"dashicons dashicons-pdf custom-icons\">\u00a0<\/span><\/a><\/li>\n<li><a href=\"https:\/\/agora.xtec.cat\/insmarianao\/wp-content\/uploads\/usu2666\/2025\/10\/Full-informatiu-1r-BATX-Llengua-i-cultura-gregues-I.docx-2.pdf\" target=\"_blank\" rel=\"noreferrer noopener\">Llengua i cultura gregues I 1r Batxillerat<span class=\"dashicons dashicons-pdf custom-icons\">\u00a0<\/span><\/a><\/li>\n<li><a href=\"https:\/\/agora.xtec.cat\/insmarianao\/wp-content\/uploads\/usu2666\/2025\/07\/LLATI-2-BATX-FULL-INFORMATIU-CURS-2025-26.pdf\" target=\"_blank\" rel=\"noreferrer noopener\">Llat\u00ed 2n Batxillerat<span class=\"dashicons dashicons-pdf custom-icons\">\u00a0<\/span><\/a><\/li>\n<li><a href=\"https:\/\/agora.xtec.cat\/insmarianao\/wp-content\/uploads\/usu2666\/2025\/10\/Full-informatiu-2n-BATX-Llengua-i-cultura-gregues-II.docx-1.pdf\" target=\"_blank\" rel=\"noreferrer noopener\">Llengua i cultura gregues II 2n Batxillerat<span class=\"dashicons dashicons-pdf custom-icons\">\u00a0<\/span><\/a><\/li>\n<li><a href=\"https:\/\/agora.xtec.cat\/insmarianao\/wp-content\/uploads\/usu2666\/2025\/10\/Full-informatiu-1r-BATX-Mon-classic.docx-1.pdf\" target=\"_blank\" rel=\"noreferrer noopener\">M\u00f3n Cl\u00e0ssic 1r Batxillerat<span class=\"dashicons dashicons-pdf custom-icons\">\u00a0<\/span><\/a><\/li>\n<\/ul>\n<\/div>\n<\/div>\n<hr class=\"linea\" \/>\n<h1><a id=\"educacio_fisica\"><\/a>Educaci\u00f3 F\u00edsica<\/h1>\n<ul>\n<li><a href=\"https:\/\/agora.xtec.cat\/insmarianao\/wp-content\/uploads\/usu2666\/2026\/02\/Full-Informatiu-EF-BAT-25-26.docx.pdf\" target=\"_blank\" rel=\"noreferrer noopener\">Educaci\u00f3 F\u00edsica 1<sup>er<\/sup> Batxillerat<span class=\"dashicons dashicons-pdf custom-icons\">\u00a0<\/span><\/a><\/li>\n<\/ul>\n<hr class=\"linea\" \/>\n<h1><a id=\"idiomes\"><\/a>Idiomes<\/h1>\n<ul>\n<li><a href=\"https:\/\/agora.xtec.cat\/insmarianao\/wp-content\/uploads\/usu2666\/2025\/07\/Full-informatiu-angles-1BAT-25-26.pdf\" target=\"_blank\" rel=\"noreferrer noopener\">Angl\u00e8s 1r Batxillerat<span class=\"dashicons dashicons-pdf custom-icons\">\u00a0<\/span><\/a><\/li>\n<li><a href=\"https:\/\/agora.xtec.cat\/insmarianao\/wp-content\/uploads\/usu2666\/2025\/07\/Full-informatiu-1BAT-Alemany-25-26.pdf\" target=\"_blank\" rel=\"noreferrer noopener\">Alemany 1r Batxillerat<span class=\"dashicons dashicons-pdf custom-icons\">\u00a0<\/span><\/a><\/li>\n<li><a href=\"https:\/\/agora.xtec.cat\/insmarianao\/wp-content\/uploads\/usu2666\/2025\/07\/Full-informatiu-angles-2BAT-25-26.pdf\" target=\"_blank\" rel=\"noreferrer noopener\">Angl\u00e8s 2n Batxillerat<span class=\"dashicons dashicons-pdf custom-icons\">\u00a0<\/span><\/a><\/li>\n<li><a href=\"https:\/\/agora.xtec.cat\/insmarianao\/wp-content\/uploads\/usu2666\/2025\/07\/Full-informatiu-2BAT-Alemany-25-26.pdf\" target=\"_blank\" rel=\"noreferrer noopener\">Alemany 2r Batxillerat<span class=\"dashicons dashicons-pdf custom-icons\">\u00a0<\/span><\/a><\/li>\n<\/ul>\n<hr class=\"linea\" \/>\n<h1><a id=\"matematiques\"><\/a>Matem\u00e0tiques<\/h1>\n<ul>\n<li><a href=\"https:\/\/agora.xtec.cat\/insmarianao\/wp-content\/uploads\/usu2666\/2025\/07\/FULL-INFORMATIU-MATEMATIQUES-1BATX_-2025_2026.pdf\" target=\"_blank\" rel=\"noreferrer noopener\">Matem\u00e0tiques 1r Batxillerat<span class=\"dashicons dashicons-pdf custom-icons\">\u00a0<\/span><\/a><\/li>\n<li><a href=\"https:\/\/agora.xtec.cat\/insmarianao\/wp-content\/uploads\/usu2666\/2025\/07\/FULL-INFORMATIU-MATEMATIQUES-CCSS-1BATX-2025_2026.pdf\" target=\"_blank\" rel=\"noreferrer noopener\">Matem\u00e0tiques 1r Batxillerat Social<span class=\"dashicons dashicons-pdf custom-icons\">\u00a0<\/span><\/a><\/li>\n<li><a href=\"https:\/\/agora.xtec.cat\/insmarianao\/wp-content\/uploads\/usu2666\/2025\/07\/FULL-INFORMATIU-MATEMATIQUES-2BATX_2025_2026.pdf\" target=\"_blank\" rel=\"noreferrer noopener\">Matem\u00e0tiques 2n Batxillerat<span class=\"dashicons dashicons-pdf custom-icons\">\u00a0<\/span><\/a><\/li>\n<li><a href=\"https:\/\/agora.xtec.cat\/insmarianao\/wp-content\/uploads\/usu2666\/2025\/07\/FULL-INFORMATIU-MATEMATIQUES-CCSS-2BATX-2025_2026.pdf\" target=\"_blank\" rel=\"noreferrer noopener\">Matem\u00e0tiques 2n Batxillerat Social<span class=\"dashicons dashicons-pdf custom-icons\">\u00a0<\/span><\/a><\/li>\n<\/ul>\n<hr class=\"linea\" \/>\n<h1><a id=\"ciencies_socials\"><\/a>Ci\u00e8ncies Socials<\/h1>\n<ul>\n<li>1<sup>er<\/sup>\n<ul>\n<li><a href=\"https:\/\/agora.xtec.cat\/insmarianao\/wp-content\/uploads\/usu2666\/2025\/07\/1r-Batx.-Economia.2025-26.pdf\" target=\"_blank\" rel=\"noreferrer noopener\">Economia<span class=\"dashicons dashicons-pdf custom-icons\">\u00a0<\/span><\/a><\/li>\n<li><a href=\"https:\/\/agora.xtec.cat\/insmarianao\/wp-content\/uploads\/usu2666\/2025\/07\/1r-Batx.-Funcionament-Empresa.2025-26.pdf\" target=\"_blank\" rel=\"noreferrer noopener\">Funcionament de l&#8217;empresa<span class=\"dashicons dashicons-pdf custom-icons\">\u00a0<\/span><\/a><\/li>\n<li><a href=\"https:\/\/agora.xtec.cat\/insmarianao\/wp-content\/uploads\/usu2666\/2025\/07\/1r-Batx.-Filosofia.2025-26.pdf\" target=\"_blank\" rel=\"noreferrer noopener\">Filosofia i Ciutadania<span class=\"dashicons dashicons-pdf custom-icons\">\u00a0<\/span><\/a><\/li>\n<li><a href=\"https:\/\/agora.xtec.cat\/insmarianao\/wp-content\/uploads\/usu2666\/2025\/07\/1r-Batx.-HMC-2025-26.pdf\" target=\"_blank\" rel=\"noreferrer noopener\">Hist\u00f2ria del m\u00f3n contemporani<span class=\"dashicons dashicons-pdf custom-icons\">\u00a0<\/span><\/a><\/li>\n<li><a href=\"https:\/\/agora.xtec.cat\/insmarianao\/wp-content\/uploads\/usu2666\/2025\/07\/1r-Batx.-Problematiques-socials.-2025-26.pdf\" target=\"_blank\" rel=\"noreferrer noopener\">Problem\u00e0tiques Socials<span class=\"dashicons dashicons-pdf custom-icons\">\u00a0<\/span><\/a><\/li>\n<li><a href=\"https:\/\/agora.xtec.cat\/insmarianao\/wp-content\/uploads\/usu2666\/2025\/07\/1r-Batx.-Psicologia.2025-26.pdf\" target=\"_blank\" rel=\"noreferrer noopener\">Psicologia<span class=\"dashicons dashicons-pdf custom-icons\">\u00a0<\/span><\/a><\/li>\n<\/ul>\n<\/li>\n<li>2<sup>on<\/sup>\n<ul>\n<li><a href=\"https:\/\/agora.xtec.cat\/insmarianao\/wp-content\/uploads\/usu2666\/2025\/07\/2n-Batx.-ECO_F-Empresa-i-disseny-models-negoci-II.2025-26.pdf\" target=\"_blank\" rel=\"noreferrer noopener\">Economia de l&#8217;empresa<span class=\"dashicons dashicons-pdf custom-icons\">\u00a0<\/span><\/a><\/li>\n<li><a href=\"https:\/\/agora.xtec.cat\/insmarianao\/wp-content\/uploads\/usu2666\/2025\/07\/2n-Batx.-Geografia-2025-26.pdf\" target=\"_blank\" rel=\"noreferrer noopener\">Geografia<span class=\"dashicons dashicons-pdf custom-icons\">\u00a0<\/span><\/a><\/li>\n<li><a href=\"https:\/\/agora.xtec.cat\/insmarianao\/wp-content\/uploads\/usu2666\/2025\/07\/2n-Batx.-Historia.2025-26.pdf\" target=\"_blank\" rel=\"noreferrer noopener\">Hist\u00f2ria<span class=\"dashicons dashicons-pdf custom-icons\">\u00a0<\/span><\/a><\/li>\n<li><a href=\"https:\/\/agora.xtec.cat\/insmarianao\/wp-content\/uploads\/usu2666\/2025\/07\/2n-Batx.-Ha-art.2025-26.pdf\" target=\"_blank\" rel=\"noreferrer noopener\">Hist\u00f2ria de l&#8217;art<span class=\"dashicons dashicons-pdf custom-icons\">\u00a0<\/span><\/a><\/li>\n<li><a href=\"https:\/\/agora.xtec.cat\/insmarianao\/wp-content\/uploads\/usu2666\/2025\/07\/2n-Batx.-Filosofia.2025-26.pdf\" target=\"_blank\" rel=\"noreferrer noopener\">Hist\u00f2ria de la filosofia<span class=\"dashicons dashicons-pdf custom-icons\">\u00a0<\/span><\/a><\/li>\n<\/ul>\n<\/li>\n<\/ul>\n<hr class=\"linea\" \/>\n<h1><a id=\"tecnologia\"><\/a>Tecnologia<\/h1>\n<div>\n<ul>\n<li><a href=\"https:\/\/agora.xtec.cat\/insmarianao\/wp-content\/uploads\/usu2666\/2025\/09\/2025-26-Full-informatiu-Tecnologia-Industrial-1r-BTX.pdf\" target=\"_blank\" rel=\"noreferrer noopener\"> Tecnologia Industrial 1r Batxillerat<span class=\"dashicons dashicons-pdf custom-icons\">\u00a0<\/span><\/a><\/li>\n<li><a href=\"https:\/\/agora.xtec.cat\/insmarianao\/wp-content\/uploads\/usu2666\/2025\/09\/2025-26-Full-informatiu-Robotica_1rBatx.pdf\" target=\"_blank\" rel=\"noreferrer noopener\"> Rob\u00f2tica 1r Batxillerat<span class=\"dashicons dashicons-pdf custom-icons\">\u00a0<\/span><\/a><\/li>\n<li><a href=\"https:\/\/agora.xtec.cat\/insmarianao\/wp-content\/uploads\/usu2666\/2025\/09\/2025-26-Full-informatiu-Tecnologia-Industrial-2n-BTX.pdf\" target=\"_blank\" rel=\"noreferrer noopener\"> Tecnologia Industrial 2n Batxillerat<span class=\"dashicons dashicons-pdf custom-icons\">\u00a0<\/span><\/a><\/li>\n<\/ul>\n<\/div>\n<p>Normes de seguretat del taller<\/p>\n<p><i class=\"fa fa-warning\" aria-hidden=\"true\">\u00a0<\/i>Cal seguir les seg\u00fcents normes atentament sempre que estigueu al taller:<\/p>\n<ul>\n<li><a href=\"https:\/\/agora.xtec.cat\/insmarianao\/wp-content\/uploads\/usu2666\/2023\/10\/T803_Normes_seguretat_tallers_V4_2021.pdf\" target=\"_blank\" rel=\"noreferrer noopener\">Normes de comportament a l\u2019aula de Tecnologia<span class=\"dashicons dashicons-pdf custom-icons\">\u00a0<\/span><\/a><\/li>\n<\/ul>\n<hr class=\"linea\" \/>\n<h1><a id=\"plastica\"><\/a>Visual i Pl\u00e0stica<\/h1>\n<ul>\n<li><a href=\"https:\/\/agora.xtec.cat\/insmarianao\/wp-content\/uploads\/usu2666\/2026\/02\/M204-FULL-INFORMATIU-1-BATXILLERAT-2025-2026-1.pdf\" target=\"_blank\" rel=\"noreferrer noopener\">Dibuix T\u00e8cnic 1r Batxillerat<span class=\"dashicons dashicons-pdf custom-icons\">\u00a0<\/span><\/a><\/li>\n<li><a href=\"https:\/\/agora.xtec.cat\/insmarianao\/wp-content\/uploads\/usu2666\/2026\/02\/M204-FULL-INFORMATIU-2-BATXILLERAT-2025-2026-1.pdf\" target=\"_blank\" rel=\"noreferrer noopener\">Dibuix T\u00e8cnic 2n Batxillerat<span class=\"dashicons dashicons-pdf custom-icons\">\u00a0<\/span><\/a><\/li>\n<\/ul>\n","protected":false},"excerpt":{"rendered":"<p>Curs 2025-2026 Llengua Castellana i Literatura Llengua Catalana i Literatura Ci\u00e8ncies Cl\u00e0ssiques Educaci\u00f3 F\u00edsica Idiomes Matem\u00e0tiques Ci\u00e8ncies Socials Tecnologia Visual i Pl\u00e0stica Llengua Castellana i Literatura Castell\u00e0 1r Batxillerat\u00a0 Creaci\u00f3 liter\u00e0ria 1r Batxillerat\u00a0 Castell\u00e0 2n Batxillerat\u00a0 Literatura Castellana 2n Batxillerat\u00a0 Llengua Catalana i Literatura Catal\u00e0 1r Batxillerat\u00a0 Literatura Universal 1r Batxillerat\u00a0 Catal\u00e0 2n Batxillerat\u00a0 Ci\u00e8ncies [&hellip;]<\/p>\n","protected":false},"author":1,"featured_media":0,"parent":806,"menu_order":1,"comment_status":"closed","ping_status":"closed","template":"","meta":{"_bbp_topic_count":0,"_bbp_reply_count":0,"_bbp_total_topic_count":0,"_bbp_total_reply_count":0,"_bbp_voice_count":0,"_bbp_anonymous_reply_count":0,"_bbp_topic_count_hidden":0,"_bbp_reply_count_hidden":0,"_bbp_forum_subforum_count":0,"site-sidebar-layout":"default","site-content-layout":"","ast-site-content-layout":"default","site-content-style":"default","site-sidebar-style":"default","ast-global-header-display":"","ast-banner-title-visibility":"","ast-main-header-display":"","ast-hfb-above-header-display":"","ast-hfb-below-header-display":"","ast-hfb-mobile-header-display":"","site-post-title":"","ast-breadcrumbs-content":"","ast-featured-img":"","footer-sml-layout":"","theme-transparent-header-meta":"default","adv-header-id-meta":"","stick-header-meta":"","header-above-stick-meta":"","header-main-stick-meta":"","header-below-stick-meta":"","astra-migrate-meta-layouts":"set","ast-page-background-enabled":"default","ast-page-background-meta":{"desktop":{"background-color":"var(--ast-global-color-4)","background-image":"","background-repeat":"repeat","background-position":"center center","background-size":"auto","background-attachment":"scroll","background-type":"","background-media":"","overlay-type":"","overlay-color":"","overlay-opacity":"","overlay-gradient":""},"tablet":{"background-color":"","background-image":"","background-repeat":"repeat","background-position":"center center","background-size":"auto","background-attachment":"scroll","background-type":"","background-media":"","overlay-type":"","overlay-color":"","overlay-opacity":"","overlay-gradient":""},"mobile":{"background-color":"","background-image":"","background-repeat":"repeat","background-position":"center center","background-size":"auto","background-attachment":"scroll","background-type":"","background-media":"","overlay-type":"","overlay-color":"","overlay-opacity":"","overlay-gradient":""}},"ast-content-background-meta":{"desktop":{"background-color":"var(--ast-global-color-5)","background-image":"","background-repeat":"repeat","background-position":"center center","background-size":"auto","background-attachment":"scroll","background-type":"","background-media":"","overlay-type":"","overlay-color":"","overlay-opacity":"","overlay-gradient":""},"tablet":{"background-color":"var(--ast-global-color-5)","background-image":"","background-repeat":"repeat","background-position":"center center","background-size":"auto","background-attachment":"scroll","background-type":"","background-media":"","overlay-type":"","overlay-color":"","overlay-opacity":"","overlay-gradient":""},"mobile":{"background-color":"var(--ast-global-color-5)","background-image":"","background-repeat":"repeat","background-position":"center center","background-size":"auto","background-attachment":"scroll","background-type":"","background-media":"","overlay-type":"","overlay-color":"","overlay-opacity":"","overlay-gradient":""}},"footnotes":""},"class_list":["post-1411","page","type-page","status-publish","hentry"],"post_mailing_queue_ids":[],"_links":{"self":[{"href":"https:\/\/agora.xtec.cat\/insmarianao\/wp-json\/wp\/v2\/pages\/1411","targetHints":{"allow":["GET"]}}],"collection":[{"href":"https:\/\/agora.xtec.cat\/insmarianao\/wp-json\/wp\/v2\/pages"}],"about":[{"href":"https:\/\/agora.xtec.cat\/insmarianao\/wp-json\/wp\/v2\/types\/page"}],"author":[{"embeddable":true,"href":"https:\/\/agora.xtec.cat\/insmarianao\/wp-json\/wp\/v2\/users\/1"}],"replies":[{"embeddable":true,"href":"https:\/\/agora.xtec.cat\/insmarianao\/wp-json\/wp\/v2\/comments?post=1411"}],"version-history":[{"count":7,"href":"https:\/\/agora.xtec.cat\/insmarianao\/wp-json\/wp\/v2\/pages\/1411\/revisions"}],"predecessor-version":[{"id":5761,"href":"https:\/\/agora.xtec.cat\/insmarianao\/wp-json\/wp\/v2\/pages\/1411\/revisions\/5761"}],"up":[{"embeddable":true,"href":"https:\/\/agora.xtec.cat\/insmarianao\/wp-json\/wp\/v2\/pages\/806"}],"wp:attachment":[{"href":"https:\/\/agora.xtec.cat\/insmarianao\/wp-json\/wp\/v2\/media?parent=1411"}],"curies":[{"name":"wp","href":"https:\/\/api.w.org\/{rel}","templated":true}]}}