{"id":1406,"date":"2023-06-22T17:49:18","date_gmt":"2023-06-22T15:49:18","guid":{"rendered":"https:\/\/agora.xtec.cat\/insmarianao\/?page_id=1406"},"modified":"2026-04-08T16:40:45","modified_gmt":"2026-04-08T14:40:45","slug":"informacio-general-batxillerat","status":"publish","type":"page","link":"https:\/\/agora.xtec.cat\/insmarianao\/batxillerat-2\/informacio-general-batxillerat\/","title":{"rendered":"Informaci\u00f3 general Batxillerat"},"content":{"rendered":"<div class=\"header-common-style header-info-general\"><\/div>\n<h2>Descripci\u00f3<\/h2>\n<p style=\"text-align: justify;\">El <strong>Batxillerat<\/strong> \u00e9s un tipus d\u2019<strong>estudis postobligatoris<\/strong> que alhora \u00e9s preparatori pels estudis superiors, t\u00e8cnics o universitaris, i orientador per tal de determinar les prefer\u00e8ncies dels alumnes. Es distribueix en <strong>dos cursos acad\u00e8mics<\/strong> i es desenvolupa en <a href=\"#modalitats-marianao\">diverses modalitats<\/a>. S\u2019organitza de manera oberta i flexible i, si cal, en vies diferents dins de cada modalitat, per tal d\u2019oferir un itinerari personalitzat a l\u2019alumnat d\u2019acord amb les seves perspectives i interessos de formaci\u00f3.<\/p>\n<p style=\"text-align: justify;\">Des del curs 2022-2023 ha entrat en vigor el nou Decret 171\/2022, de 20 de setembre, d&#8217;ordenaci\u00f3 dels ensenyaments de batxillerat. Consulta la distribuci\u00f3 de les mat\u00e8ries a la <a href=\"https:\/\/educacio.gencat.cat\/web\/.content\/home\/departament\/publicacions\/infografies\/batxillerat.pdf\" target=\"_blank\" rel=\"noopener\">infografia del nou batxillerat<span class=\"dashicons dashicons-admin-links custom-icons\">\u00a0<\/span><\/a>.<\/p>\n<h2 id=\"estudiaBTX\">Batxillerat a l&#8217;Institut Marianao<\/h2>\n<p id=\"modalitats-marianao\">A l&#8217;<strong>Institut Marianao<\/strong> s&#8217;imparteixen <strong>dues modalitats<\/strong>:<\/p>\n<ul>\n<li><a href=\"https:\/\/triaeducativa.gencat.cat\/ca\/estudis\/?batxillerat-humanitats-ciencies-socials&amp;p_id=6\" target=\"_blank\" rel=\"noopener\">Batxillerat d&#8217;Humanitats i Ci\u00e8ncies Socials<span class=\"dashicons dashicons-admin-links custom-icons\">\u00a0<\/span><\/a><\/li>\n<li><a href=\"https:\/\/triaeducativa.gencat.cat\/ca\/estudis\/?ciencies-tecnologia&amp;p_id=7\" target=\"_blank\" rel=\"noopener\">Batxillerat de Ci\u00e8ncies i Tecnologia<span class=\"dashicons dashicons-admin-links custom-icons\">\u00a0<\/span><\/a><\/li>\n<\/ul>\n<p class=\"isSelectedEnd\" style=\"text-align: justify;\">Dins de cada modalitat, el centre organitza diferents itineraris que orienten l\u2019alumnat segons els seus interessos acad\u00e8mics i professionals.<\/p>\n<p class=\"isSelectedEnd\" style=\"text-align: justify;\">Tots els alumnes cursen un conjunt de <strong>mat\u00e8ries comunes<\/strong>, i completen la seva formaci\u00f3 amb <strong>mat\u00e8ries de modalitat<\/strong> i <strong>mat\u00e8ries optatives<\/strong>.<\/p>\n<p class=\"isSelectedEnd\" style=\"text-align: justify;\">Les mat\u00e8ries de modalitat defineixen l\u2019itinerari escollit, mentre que les optatives permeten complementar-lo dins de l\u2019organitzaci\u00f3 del centre.<\/p>\n<p class=\"isSelectedEnd\" style=\"text-align: justify;\">Aquesta estructura permet a l\u2019alumnat configurar un itinerari coherent, amb un cert grau de personalitzaci\u00f3 dins de cada modalitat.<\/p>\n<p style=\"text-align: justify;\">Al mateix temps, el curr\u00edculum est\u00e0 dissenyat per garantir que tot l\u2019alumnat cursa les mat\u00e8ries necess\u00e0ries per presentar-se a les Proves d\u2019Acc\u00e9s a la Universitat (PAU).<\/p>\n<h2>Tria de mat\u00e8ries de 1r de Batxillerat<\/h2>\n<div>\n<table class=\"tria-batx\" style=\"margin-top: 30px;\">\n<tbody>\n<tr>\n<th class=\"blanc\">1r BATX<\/th>\n<th class=\"gris\">GRUP<\/th>\n<th colspan=\"3\">B11<\/th>\n<th colspan=\"2\">B12<\/th>\n<\/tr>\n<tr>\n<th class=\"gris\">MODALITAT<\/th>\n<th class=\"gris\">Hores<\/th>\n<th class=\"cientific\">MODALITAT CIENT\u00cdFIC<\/th>\n<th class=\"tec1\">MODALITAT<br \/>\nTECNOL\u00d2GIC 1<\/th>\n<th class=\"tec2\">MODALITAT<br \/>\nTECNOL\u00d2GIC 2<\/th>\n<th class=\"social\">MODALITAT CI\u00c8NCIES SOCIALS<\/th>\n<th class=\"humanistic\">MODALITAT HUMAN\u00cdSTIC<\/th>\n<\/tr>\n<tr>\n<td class=\"left\">Mat\u00e8ries comunes<\/td>\n<td>12<\/td>\n<td colspan=\"5\">Llengua catalana i literatura \/ Llengua castellana i literatura \/<br \/>\nLlengua estrangera (angl\u00e8s) \/ Educaci\u00f3 f\u00edsica \/ Filosofia \/ Tutoria<\/td>\n<\/tr>\n<tr>\n<td class=\"left\">Mat\u00e8ria de modalitat 1<\/td>\n<td>4<\/td>\n<td colspan=\"3\">Matem\u00e0tiques I<\/td>\n<td class=\"social\">Economia<br \/>\nLlat\u00ed I<\/td>\n<td class=\"humanistic\">Llat\u00ed I<\/td>\n<\/tr>\n<tr>\n<td class=\"left\">Mat\u00e8ria de modalitat 2<\/td>\n<td>4<\/td>\n<td colspan=\"3\">F\u00edsica i Qu\u00edmica<\/td>\n<td class=\"social\">Matem\u00e0tiques Socials<\/td>\n<td class=\"humanistic\">Grec I<br \/>\nMatem\u00e0tiques Socials<\/td>\n<\/tr>\n<tr>\n<td class=\"left\">Mat\u00e8ria de modalitat 3<\/td>\n<td>4<\/td>\n<td class=\"cientific\">Biologia i geologia i CCAA<\/td>\n<td class=\"tec1\">Tecnologia i Enginyeria I<\/td>\n<td class=\"tec2\">Tecnologia i Enginyeria I<\/td>\n<td class=\"social\">HMC<br \/>\nLiteratura Universal<\/td>\n<td class=\"humanistic\">HMC<br \/>\nLiteratura Universal<\/td>\n<\/tr>\n<tr>\n<td class=\"left\">Franja optatives 1<\/td>\n<td>2<\/td>\n<td class=\"cientific\">Reptes Cient\u00edfics (BQ)<br \/>\nPsicologia<br \/>\nAlemany<\/td>\n<td class=\"tec1\">Rob\u00f2tica<br \/>\nAlemany<\/td>\n<td class=\"tec2\" rowspan=\"2\">Dibuix t\u00e8cnic<\/td>\n<td class=\"social\">Psicologia<br \/>\nProblem\u00e0tiques Socials<br \/>\nAlemany<\/td>\n<td class=\"humanistic\">Psicologia<br \/>\nProblem\u00e0tiques Socials<br \/>\nAlemany<\/td>\n<\/tr>\n<tr>\n<td class=\"left\">Franja optatives 2<\/td>\n<td>2<\/td>\n<td class=\"cientific\">Ampliaci\u00f3 BG<\/td>\n<td class=\"tec1\">Reptes Cient\u00edfics (FG)<\/td>\n<td class=\"social\">M\u00f3n Cl\u00e0ssic<br \/>\nFonaments d\u2019Empresa<\/td>\n<td class=\"humanistic\">M\u00f3n Cl\u00e0ssic<br \/>\nFonaments d\u2019Empresa<\/td>\n<\/tr>\n<tr>\n<td class=\"left\">Franja optatives 3<\/td>\n<td>2<\/td>\n<td colspan=\"3\">Ampliaci\u00f3 FQ<\/td>\n<td colspan=\"2\">Ampliaci\u00f3 Lleng\u00fces<\/td>\n<\/tr>\n<\/tbody>\n<\/table>\n<div class=\"batx2-container\">\n<h2>Tria de mat\u00e8ries de 2n de Batxillerat<\/h2>\n<p><!-- MAT\u00c8RIES COMUNES --><\/p>\n<div class=\"batx2-comunes\">\n<div class=\"header\">MAT\u00c8RIES COMUNES<\/div>\n<div>Catal\u00e0<\/div>\n<div>Castell\u00e0<\/div>\n<div>Angl\u00e8s<\/div>\n<div>Hist\u00f2ria<\/div>\n<div>Hist\u00f2ria de la filosofia<\/div>\n<div>Treball de recerca<\/div>\n<\/div>\n<p><!-- MODALITATS --><\/p>\n<div class=\"modalitat-titol\" style=\"text-align: center;\">MAT\u00c8RIES DE MODALITAT<\/div>\n<p><strong>* Cada alumne triar\u00e0 4 mat\u00e8ries de modalitat, una de cada bloc.<\/strong><br \/>\nPer a l\u2019assignaci\u00f3 de les mat\u00e8ries en negreta, tenen prioritat els alumnes de la modalitat.<\/p>\n<div class=\"batx2-grid\">\n<p><!-- CI\u00c8NCIES --><\/p>\n<div class=\"modalitat\">\n<div class=\"modalitat-titol\">CI\u00c8NCIES<\/div>\n<div class=\"batx2-bloc\">\n<div class=\"batx2-opcio\">Matem\u00e0tiques<\/div>\n<\/div>\n<div class=\"batx2-bloc\">\n<div class=\"batx2-opcio\">Biologia<\/div>\n<\/div>\n<div class=\"batx2-bloc\">\n<div class=\"batx2-opcio\">F\u00edsica<\/div>\n<div class=\"batx2-opcio\">Geologia i CC ambient<\/div>\n<\/div>\n<div class=\"batx2-bloc\">\n<div class=\"batx2-opcio\">Qu\u00edmica<\/div>\n<div class=\"batx2-opcio\">Dibuix t\u00e8cnic<\/div>\n<div class=\"batx2-opcio\">Alemany II<\/div>\n<\/div>\n<\/div>\n<p><!-- TECNOLOGIA --><\/p>\n<div class=\"modalitat\">\n<div class=\"modalitat-titol\">TECNOLOGIA<\/div>\n<div class=\"batx2-bloc\">\n<div class=\"batx2-opcio\">Matem\u00e0tiques<\/div>\n<\/div>\n<div class=\"batx2-bloc\">\n<div class=\"batx2-opcio\">Tecnologia i enginyeria<\/div>\n<\/div>\n<div class=\"batx2-bloc\">\n<div class=\"batx2-opcio\">F\u00edsica<\/div>\n<div class=\"batx2-opcio\">Geologia i CC ambient<\/div>\n<\/div>\n<div class=\"batx2-bloc\">\n<div class=\"batx2-opcio\">Qu\u00edmica<\/div>\n<div class=\"batx2-opcio\">Dibuix t\u00e8cnic<\/div>\n<div class=\"batx2-opcio\">Alemany II<\/div>\n<\/div>\n<\/div>\n<p><!-- HUMANITATS --><\/p>\n<div class=\"modalitat\">\n<div class=\"modalitat-titol\">HUMANITATS<\/div>\n<div class=\"batx2-bloc\">\n<div class=\"batx2-opcio\">Llengua i cultura llatines<\/div>\n<\/div>\n<div class=\"batx2-bloc\">\n<div class=\"batx2-opcio\">Llengua i cultura gregues<\/div>\n<div class=\"batx2-opcio\">Matem\u00e0tiques CCSS<\/div>\n<\/div>\n<div class=\"batx2-bloc\">\n<div class=\"batx2-opcio\">Literatura castellana<\/div>\n<div class=\"batx2-opcio\">Geografia<\/div>\n<\/div>\n<div class=\"batx2-bloc\">\n<div class=\"batx2-opcio\">Hist\u00f2ria de l\u2019art<\/div>\n<div class=\"batx2-opcio\">Alemany II<\/div>\n<\/div>\n<\/div>\n<p><!-- CI\u00c8NCIES SOCIALS --><\/p>\n<div class=\"modalitat\">\n<div class=\"modalitat-titol\">CI\u00c8NCIES SOCIALS<\/div>\n<div class=\"batx2-bloc\">\n<div class=\"batx2-opcio\">Func. empresa i disseny de models de negoci<\/div>\n<div class=\"batx2-opcio\">Llengua i cultura llatines<\/div>\n<\/div>\n<div class=\"batx2-bloc\">\n<div class=\"batx2-opcio\">Matem\u00e0tiques CCSS<\/div>\n<\/div>\n<div class=\"batx2-bloc\">\n<div class=\"batx2-opcio\">Literatura castellana<\/div>\n<div class=\"batx2-opcio\">Geografia<\/div>\n<\/div>\n<div class=\"batx2-bloc\">\n<div class=\"batx2-opcio\">Hist\u00f2ria de l\u2019art<\/div>\n<div class=\"batx2-opcio\">Alemany II<\/div>\n<\/div>\n<\/div>\n<\/div>\n<\/div>\n<h2 style=\"margin-top: 20px;\">Enlla\u00e7os d&#8217;inter\u00e9s<\/h2>\n<ul>\n<li><a href=\"https:\/\/triaeducativa.gencat.cat\/ca\/batxillerat\/index.html\" target=\"_blank\" rel=\"noopener\">Informaci\u00f3 general sobre Batxillerat<span class=\"dashicons dashicons-admin-links custom-icons\">\u00a0<\/span><\/a><\/li>\n<li><a href=\"https:\/\/xtec.gencat.cat\/ca\/curriculum\/batxillerat\/curriculum-171-2022\/\" target=\"_blank\" rel=\"noopener\">Curr\u00edculum de Batxillerat<span class=\"dashicons dashicons-admin-links custom-icons\">\u00a0<\/span><\/a><\/li>\n<\/ul>\n<\/div>\n","protected":false},"excerpt":{"rendered":"<p>Descripci\u00f3 El Batxillerat \u00e9s un tipus d\u2019estudis postobligatoris que alhora \u00e9s preparatori pels estudis superiors, t\u00e8cnics o universitaris, i orientador per tal de determinar les prefer\u00e8ncies dels alumnes. Es distribueix en dos cursos acad\u00e8mics i es desenvolupa en diverses modalitats. S\u2019organitza de manera oberta i flexible i, si cal, en vies diferents dins de cada [&hellip;]<\/p>\n","protected":false},"author":1,"featured_media":0,"parent":806,"menu_order":0,"comment_status":"closed","ping_status":"closed","template":"","meta":{"_bbp_topic_count":0,"_bbp_reply_count":0,"_bbp_total_topic_count":0,"_bbp_total_reply_count":0,"_bbp_voice_count":0,"_bbp_anonymous_reply_count":0,"_bbp_topic_count_hidden":0,"_bbp_reply_count_hidden":0,"_bbp_forum_subforum_count":0,"site-sidebar-layout":"default","site-content-layout":"","ast-site-content-layout":"default","site-content-style":"default","site-sidebar-style":"default","ast-global-header-display":"","ast-banner-title-visibility":"","ast-main-header-display":"","ast-hfb-above-header-display":"","ast-hfb-below-header-display":"","ast-hfb-mobile-header-display":"","site-post-title":"","ast-breadcrumbs-content":"","ast-featured-img":"","footer-sml-layout":"","theme-transparent-header-meta":"default","adv-header-id-meta":"","stick-header-meta":"","header-above-stick-meta":"","header-main-stick-meta":"","header-below-stick-meta":"","astra-migrate-meta-layouts":"set","ast-page-background-enabled":"default","ast-page-background-meta":{"desktop":{"background-color":"var(--ast-global-color-4)","background-image":"","background-repeat":"repeat","background-position":"center center","background-size":"auto","background-attachment":"scroll","background-type":"","background-media":"","overlay-type":"","overlay-color":"","overlay-opacity":"","overlay-gradient":""},"tablet":{"background-color":"","background-image":"","background-repeat":"repeat","background-position":"center center","background-size":"auto","background-attachment":"scroll","background-type":"","background-media":"","overlay-type":"","overlay-color":"","overlay-opacity":"","overlay-gradient":""},"mobile":{"background-color":"","background-image":"","background-repeat":"repeat","background-position":"center center","background-size":"auto","background-attachment":"scroll","background-type":"","background-media":"","overlay-type":"","overlay-color":"","overlay-opacity":"","overlay-gradient":""}},"ast-content-background-meta":{"desktop":{"background-color":"var(--ast-global-color-5)","background-image":"","background-repeat":"repeat","background-position":"center center","background-size":"auto","background-attachment":"scroll","background-type":"","background-media":"","overlay-type":"","overlay-color":"","overlay-opacity":"","overlay-gradient":""},"tablet":{"background-color":"var(--ast-global-color-5)","background-image":"","background-repeat":"repeat","background-position":"center center","background-size":"auto","background-attachment":"scroll","background-type":"","background-media":"","overlay-type":"","overlay-color":"","overlay-opacity":"","overlay-gradient":""},"mobile":{"background-color":"var(--ast-global-color-5)","background-image":"","background-repeat":"repeat","background-position":"center center","background-size":"auto","background-attachment":"scroll","background-type":"","background-media":"","overlay-type":"","overlay-color":"","overlay-opacity":"","overlay-gradient":""}},"footnotes":""},"class_list":["post-1406","page","type-page","status-publish","hentry"],"post_mailing_queue_ids":[],"_links":{"self":[{"href":"https:\/\/agora.xtec.cat\/insmarianao\/wp-json\/wp\/v2\/pages\/1406","targetHints":{"allow":["GET"]}}],"collection":[{"href":"https:\/\/agora.xtec.cat\/insmarianao\/wp-json\/wp\/v2\/pages"}],"about":[{"href":"https:\/\/agora.xtec.cat\/insmarianao\/wp-json\/wp\/v2\/types\/page"}],"author":[{"embeddable":true,"href":"https:\/\/agora.xtec.cat\/insmarianao\/wp-json\/wp\/v2\/users\/1"}],"replies":[{"embeddable":true,"href":"https:\/\/agora.xtec.cat\/insmarianao\/wp-json\/wp\/v2\/comments?post=1406"}],"version-history":[{"count":7,"href":"https:\/\/agora.xtec.cat\/insmarianao\/wp-json\/wp\/v2\/pages\/1406\/revisions"}],"predecessor-version":[{"id":5983,"href":"https:\/\/agora.xtec.cat\/insmarianao\/wp-json\/wp\/v2\/pages\/1406\/revisions\/5983"}],"up":[{"embeddable":true,"href":"https:\/\/agora.xtec.cat\/insmarianao\/wp-json\/wp\/v2\/pages\/806"}],"wp:attachment":[{"href":"https:\/\/agora.xtec.cat\/insmarianao\/wp-json\/wp\/v2\/media?parent=1406"}],"curies":[{"name":"wp","href":"https:\/\/api.w.org\/{rel}","templated":true}]}}