{"id":670,"date":"2019-02-07T20:43:20","date_gmt":"2019-02-07T19:43:20","guid":{"rendered":"https:\/\/agora.xtec.cat\/insmariadebell-lloc\/?page_id=670"},"modified":"2019-02-08T20:23:17","modified_gmt":"2019-02-08T19:23:17","slug":"sollicitud-titol-nivell-c-catala","status":"publish","type":"page","link":"https:\/\/agora.xtec.cat\/insmariadebell-lloc\/sollicitud-titol-nivell-c-catala\/","title":{"rendered":"Acreditaci\u00f3 nivell catal\u00e0"},"content":{"rendered":"<div><strong>Nivell B (Certificat de nivell intermedi de catal\u00e0):<\/strong><\/div>\n<div class=\"entry article_93\">\n<p>Pot demanar el certificat aquell alumnat que:<\/p>\n<ul>\n<li>Tingui el T\u00edtol de graduaci\u00f3 escolar (EGB), sempre que s&#8217;hagi cursat tota l&#8217;EGB a Catalunya i s&#8217;hagi cursat la mat\u00e8ria de llengua catalana en la totalitat dels estudis esmentats a partir del curs 1978-1979.<\/li>\n<li>Tingui el T\u00edtol de t\u00e8cnic\/a auxiliar (FP1), sempre que s&#8217;hagi cursat tota l&#8217;EGB i l&#8217;FP1 a Catalunya i s&#8217;hagi cursat la mat\u00e8ria de llengua catalana en la totalitat dels estudis esmentats a partir del curs 1978-1979.<\/li>\n<\/ul>\n<\/div>\n<p><strong>Nivell\u00a0C (Certificat de nivell de sufici\u00e8ncia de catal\u00e0):<\/strong><\/p>\n<p>Pot demanar el certificat aquell alumnat que:<\/p>\n<ul>\n<li>Tingui el T\u00edtol de graduaci\u00f3 en educaci\u00f3 secund\u00e0ria (ESO), sempre que s&#8217;hagi cursat a Catalunya almenys tres cursos qualssevol de prim\u00e0ria i tota l&#8217;ESO i s&#8217;hagi cursat i aprovat la mat\u00e8ria de llengua catalana en la totalitat dels estudis m\u00ednims esmentats. Aquesta equival\u00e8ncia \u00e9s d&#8217;aplicaci\u00f3 a partir del curs 2007-2008, sense car\u00e0cter retroactiu.<\/li>\n<li>Tingui el T\u00edtol de graduaci\u00f3 en educaci\u00f3 secund\u00e0ria obtingut a centres i aules de formaci\u00f3 de persones adultes, sempre que s&#8217;hagin cursat a Catalunya almenys vuit cursos qualsevol entre la prim\u00e0ria i l&#8217;ESO, i que s&#8217;hagi cursat i aprovat l&#8217;\u00e0rea de Llengua catalana als centres i aules de formaci\u00f3 de persones adultes.<\/li>\n<li>Tingui el T\u00edtol de batxillerat (LOGSE), sempre que s&#8217;hagin cursat a Catalunya tres cursos qualssevol de prim\u00e0ria i cinc cursos qualssevol entre l&#8217;ESO i el batxillerat i s&#8217;hagi cursat la mat\u00e8ria de llengua catalana en la totalitat dels estudis m\u00ednims esmentats.<\/li>\n<li>Tingui el T\u00edtol de batxillerat (BUP), sempre que s&#8217;hagi cursat tota l&#8217;EGB i el BUP a Catalunya i s&#8217;hagi cursat de manera oficial la mat\u00e8ria de llengua catalana en la totalitat dels estudis esmentats a partir del curs 1978-1979.<\/li>\n<li>Tingui el T\u00edtol de t\u00e8cnic\/a especialista (FP2) sempre que s&#8217;hagi cursat tota l&#8217;EGB, l&#8217;FP1 i l&#8217;FP2 a Catalunya i s&#8217;hagi cursat de manera oficial la mat\u00e8ria de llengua catalana en la totalitat dels estudis esmentats a partir del curs 1978-1979.<\/li>\n<\/ul>\n<p><strong>Per sol\u00b7licitar el certificat<\/strong> haureu de presentar la\u00a0<a href=\"https:\/\/agora.xtec.cat\/insmariadebell-lloc\/wp-content\/uploads\/usu1991\/2019\/02\/acreditaci\u00f3-nivell-catal\u00e0.docx\">SOL\u00b7LICITUD<\/a> omplerta juntament amb el DNI del sol\u00b7licitant, el t\u00edtol d&#8217;ESO, Batxillerat, BUP i l&#8217;historial acad\u00e8mic.<\/p>\n<ul>\n<li><a href=\"http:\/\/llengua.gencat.cat\/ca\/serveis\/acreditacio_coneixements\/certificats_de_catala\/equivalencies_i_acreditacio_de_coneixements_de_catala\" target=\"_blank\" rel=\"noopener\">Equival\u00e8ncies i acreditaci\u00f3 de coneixements de catal\u00e0<\/a><\/li>\n<\/ul>\n","protected":false},"excerpt":{"rendered":"<p>Nivell B (Certificat de nivell intermedi de catal\u00e0): Pot demanar el certificat aquell alumnat que: Tingui el T\u00edtol de graduaci\u00f3 escolar (EGB), sempre que s&#8217;hagi cursat tota l&#8217;EGB a Catalunya i s&#8217;hagi cursat la mat\u00e8ria de llengua catalana en la totalitat dels estudis esmentats a partir del curs 1978-1979. Tingui el T\u00edtol de t\u00e8cnic\/a auxiliar [&hellip;]<\/p>\n","protected":false},"author":1,"featured_media":0,"parent":0,"menu_order":0,"comment_status":"closed","ping_status":"closed","template":"","meta":{"_bbp_topic_count":0,"_bbp_reply_count":0,"_bbp_total_topic_count":0,"_bbp_total_reply_count":0,"_bbp_voice_count":0,"_bbp_anonymous_reply_count":0,"_bbp_topic_count_hidden":0,"_bbp_reply_count_hidden":0,"_bbp_forum_subforum_count":0,"site-sidebar-layout":"default","site-content-layout":"","ast-site-content-layout":"","site-content-style":"default","site-sidebar-style":"default","ast-global-header-display":"","ast-banner-title-visibility":"","ast-main-header-display":"","ast-hfb-above-header-display":"","ast-hfb-below-header-display":"","ast-hfb-mobile-header-display":"","site-post-title":"","ast-breadcrumbs-content":"","ast-featured-img":"","footer-sml-layout":"","theme-transparent-header-meta":"","adv-header-id-meta":"","stick-header-meta":"","header-above-stick-meta":"","header-main-stick-meta":"","header-below-stick-meta":"","astra-migrate-meta-layouts":"default","ast-page-background-enabled":"default","ast-page-background-meta":{"desktop":{"background-color":"var(--ast-global-color-4)","background-image":"","background-repeat":"repeat","background-position":"center center","background-size":"auto","background-attachment":"scroll","background-type":"","background-media":"","overlay-type":"","overlay-color":"","overlay-opacity":"","overlay-gradient":""},"tablet":{"background-color":"","background-image":"","background-repeat":"repeat","background-position":"center center","background-size":"auto","background-attachment":"scroll","background-type":"","background-media":"","overlay-type":"","overlay-color":"","overlay-opacity":"","overlay-gradient":""},"mobile":{"background-color":"","background-image":"","background-repeat":"repeat","background-position":"center center","background-size":"auto","background-attachment":"scroll","background-type":"","background-media":"","overlay-type":"","overlay-color":"","overlay-opacity":"","overlay-gradient":""}},"ast-content-background-meta":{"desktop":{"background-color":"var(--ast-global-color-5)","background-image":"","background-repeat":"repeat","background-position":"center center","background-size":"auto","background-attachment":"scroll","background-type":"","background-media":"","overlay-type":"","overlay-color":"","overlay-opacity":"","overlay-gradient":""},"tablet":{"background-color":"var(--ast-global-color-5)","background-image":"","background-repeat":"repeat","background-position":"center center","background-size":"auto","background-attachment":"scroll","background-type":"","background-media":"","overlay-type":"","overlay-color":"","overlay-opacity":"","overlay-gradient":""},"mobile":{"background-color":"var(--ast-global-color-5)","background-image":"","background-repeat":"repeat","background-position":"center center","background-size":"auto","background-attachment":"scroll","background-type":"","background-media":"","overlay-type":"","overlay-color":"","overlay-opacity":"","overlay-gradient":""}},"footnotes":""},"class_list":["post-670","page","type-page","status-publish","hentry"],"post_mailing_queue_ids":[],"_links":{"self":[{"href":"https:\/\/agora.xtec.cat\/insmariadebell-lloc\/wp-json\/wp\/v2\/pages\/670","targetHints":{"allow":["GET"]}}],"collection":[{"href":"https:\/\/agora.xtec.cat\/insmariadebell-lloc\/wp-json\/wp\/v2\/pages"}],"about":[{"href":"https:\/\/agora.xtec.cat\/insmariadebell-lloc\/wp-json\/wp\/v2\/types\/page"}],"author":[{"embeddable":true,"href":"https:\/\/agora.xtec.cat\/insmariadebell-lloc\/wp-json\/wp\/v2\/users\/1"}],"replies":[{"embeddable":true,"href":"https:\/\/agora.xtec.cat\/insmariadebell-lloc\/wp-json\/wp\/v2\/comments?post=670"}],"version-history":[{"count":3,"href":"https:\/\/agora.xtec.cat\/insmariadebell-lloc\/wp-json\/wp\/v2\/pages\/670\/revisions"}],"predecessor-version":[{"id":686,"href":"https:\/\/agora.xtec.cat\/insmariadebell-lloc\/wp-json\/wp\/v2\/pages\/670\/revisions\/686"}],"wp:attachment":[{"href":"https:\/\/agora.xtec.cat\/insmariadebell-lloc\/wp-json\/wp\/v2\/media?parent=670"}],"curies":[{"name":"wp","href":"https:\/\/api.w.org\/{rel}","templated":true}]}}