{"id":55,"date":"2014-09-17T16:59:49","date_gmt":"2014-09-17T16:59:49","guid":{"rendered":"http:\/\/agora.xtec.cat\/insmariadebell-lloc\/?page_id=55"},"modified":"2024-08-29T14:43:42","modified_gmt":"2024-08-29T12:43:42","slug":"horaris","status":"publish","type":"page","link":"https:\/\/agora.xtec.cat\/insmariadebell-lloc\/linstitut\/horaris\/","title":{"rendered":"Horaris"},"content":{"rendered":"<ul>\n<li>L&#8217;horari general d&#8217;activitats lectives \u00e9s de 8 a 14.30h<\/li>\n<li>L&#8217;horari de pati \u00e9s el seg\u00fcent:\n<ul>\n<li>1r i 2n ESO: 10:45 a 11:15<\/li>\n<li>3r, 4t ESO i batxillerat: 11.15 a 11.45<\/li>\n<\/ul>\n<\/li>\n<li>L&#8217;horari marc del professorat \u00e9s de 8 a 14.30h i el dimarts a la tarda de 15.30 a 17.30h.<\/li>\n<\/ul>\n","protected":false},"excerpt":{"rendered":"<p>L&#8217;horari general d&#8217;activitats lectives \u00e9s de 8 a 14.30h L&#8217;horari de pati \u00e9s el seg\u00fcent: 1r i 2n ESO: 10:45 a 11:15 3r, 4t ESO i batxillerat: 11.15 a 11.45 L&#8217;horari marc del professorat \u00e9s de 8 a 14.30h i el dimarts a la tarda de 15.30 a 17.30h.<\/p>\n","protected":false},"author":1,"featured_media":0,"parent":19,"menu_order":80,"comment_status":"closed","ping_status":"closed","template":"page-templates\/side-menu.php","meta":{"_bbp_topic_count":0,"_bbp_reply_count":0,"_bbp_total_topic_count":0,"_bbp_total_reply_count":0,"_bbp_voice_count":0,"_bbp_anonymous_reply_count":0,"_bbp_topic_count_hidden":0,"_bbp_reply_count_hidden":0,"_bbp_forum_subforum_count":0,"site-sidebar-layout":"default","site-content-layout":"","ast-site-content-layout":"","site-content-style":"default","site-sidebar-style":"default","ast-global-header-display":"","ast-banner-title-visibility":"","ast-main-header-display":"","ast-hfb-above-header-display":"","ast-hfb-below-header-display":"","ast-hfb-mobile-header-display":"","site-post-title":"","ast-breadcrumbs-content":"","ast-featured-img":"","footer-sml-layout":"","theme-transparent-header-meta":"","adv-header-id-meta":"","stick-header-meta":"","header-above-stick-meta":"","header-main-stick-meta":"","header-below-stick-meta":"","astra-migrate-meta-layouts":"default","ast-page-background-enabled":"default","ast-page-background-meta":{"desktop":{"background-color":"var(--ast-global-color-4)","background-image":"","background-repeat":"repeat","background-position":"center center","background-size":"auto","background-attachment":"scroll","background-type":"","background-media":"","overlay-type":"","overlay-color":"","overlay-opacity":"","overlay-gradient":""},"tablet":{"background-color":"","background-image":"","background-repeat":"repeat","background-position":"center center","background-size":"auto","background-attachment":"scroll","background-type":"","background-media":"","overlay-type":"","overlay-color":"","overlay-opacity":"","overlay-gradient":""},"mobile":{"background-color":"","background-image":"","background-repeat":"repeat","background-position":"center center","background-size":"auto","background-attachment":"scroll","background-type":"","background-media":"","overlay-type":"","overlay-color":"","overlay-opacity":"","overlay-gradient":""}},"ast-content-background-meta":{"desktop":{"background-color":"var(--ast-global-color-5)","background-image":"","background-repeat":"repeat","background-position":"center center","background-size":"auto","background-attachment":"scroll","background-type":"","background-media":"","overlay-type":"","overlay-color":"","overlay-opacity":"","overlay-gradient":""},"tablet":{"background-color":"var(--ast-global-color-5)","background-image":"","background-repeat":"repeat","background-position":"center center","background-size":"auto","background-attachment":"scroll","background-type":"","background-media":"","overlay-type":"","overlay-color":"","overlay-opacity":"","overlay-gradient":""},"mobile":{"background-color":"var(--ast-global-color-5)","background-image":"","background-repeat":"repeat","background-position":"center center","background-size":"auto","background-attachment":"scroll","background-type":"","background-media":"","overlay-type":"","overlay-color":"","overlay-opacity":"","overlay-gradient":""}},"footnotes":""},"class_list":["post-55","page","type-page","status-publish","hentry"],"post_mailing_queue_ids":[],"_links":{"self":[{"href":"https:\/\/agora.xtec.cat\/insmariadebell-lloc\/wp-json\/wp\/v2\/pages\/55","targetHints":{"allow":["GET"]}}],"collection":[{"href":"https:\/\/agora.xtec.cat\/insmariadebell-lloc\/wp-json\/wp\/v2\/pages"}],"about":[{"href":"https:\/\/agora.xtec.cat\/insmariadebell-lloc\/wp-json\/wp\/v2\/types\/page"}],"author":[{"embeddable":true,"href":"https:\/\/agora.xtec.cat\/insmariadebell-lloc\/wp-json\/wp\/v2\/users\/1"}],"replies":[{"embeddable":true,"href":"https:\/\/agora.xtec.cat\/insmariadebell-lloc\/wp-json\/wp\/v2\/comments?post=55"}],"version-history":[{"count":4,"href":"https:\/\/agora.xtec.cat\/insmariadebell-lloc\/wp-json\/wp\/v2\/pages\/55\/revisions"}],"predecessor-version":[{"id":3889,"href":"https:\/\/agora.xtec.cat\/insmariadebell-lloc\/wp-json\/wp\/v2\/pages\/55\/revisions\/3889"}],"up":[{"embeddable":true,"href":"https:\/\/agora.xtec.cat\/insmariadebell-lloc\/wp-json\/wp\/v2\/pages\/19"}],"wp:attachment":[{"href":"https:\/\/agora.xtec.cat\/insmariadebell-lloc\/wp-json\/wp\/v2\/media?parent=55"}],"curies":[{"name":"wp","href":"https:\/\/api.w.org\/{rel}","templated":true}]}}