{"id":4435,"date":"2025-12-11T18:17:51","date_gmt":"2025-12-11T17:17:51","guid":{"rendered":"https:\/\/agora.xtec.cat\/insmariadebell-lloc\/?page_id=4435"},"modified":"2025-12-11T18:27:36","modified_gmt":"2025-12-11T17:27:36","slug":"equips-docents-2","status":"publish","type":"page","link":"https:\/\/agora.xtec.cat\/insmariadebell-lloc\/linstitut\/organigrama\/equips-docents-2\/","title":{"rendered":"Equips docents"},"content":{"rendered":"\n<h2 class=\"wp-block-heading\"><strong>Grups i equips docents<\/strong><\/h2>\n\n\n\n<figure class=\"wp-block-table\"><table class=\"has-fixed-layout\"><tbody><tr><td colspan=\"3\"><strong>1r ESO<\/strong><\/td><\/tr><tr><td><strong>Mat\u00e8ria<\/strong><\/td><td><strong>1r ESO A<\/strong><\/td><td><strong>1r ESO B<\/strong><\/td><\/tr><tr><td>Tutor\/a<\/td><td>X\u00e8nia Aragay<\/td><td>Eduard Mart\u00edn<\/td><\/tr><tr><td>Llengua catalana<\/td><td>Eduard Mart\u00edn i Neus Molin\u00e9<\/td><td>Eduard Mart\u00edn i Neus Molin\u00e9<\/td><\/tr><tr><td>Llengua castellana<\/td><td>X\u00e8nia Aragay i Encarna Bernab\u00e9<\/td><td>X\u00e8nia Aragay i Encarna Bernab\u00e9<\/td><\/tr><tr><td>Llengua anglesa<\/td><td>Mart\u00ed Masip<\/td><td>Mart\u00ed Masip<\/td><\/tr><tr><td>Ci\u00e8ncies socials<\/td><td>Susana Le\u00f3n<\/td><td>Susana Le\u00f3n<\/td><\/tr><tr><td>Biologia i geologia<\/td><td>XBIOAgn\u00e8s Escurriola<\/td><td>XBIOCatiana Rossell\u00f3<\/td><\/tr><tr><td>Matem\u00e0tiques<\/td><td>Anna Camprub\u00ed i Rosa Maria Segura<\/td><td>Anna Camprub\u00ed i Rosa Maria Segura<\/td><\/tr><tr><td>Tecnologia<\/td><td>Toni Badia<\/td><td>Toni Badia<\/td><\/tr><tr><td>Educaci\u00f3 F\u00edsica<\/td><td>N\u00faria Vila<\/td><td>N\u00faria Vila<\/td><\/tr><tr><td>M\u00fasica<\/td><td>Jose Cleries<\/td><td>Jose Cleries<\/td><\/tr><tr><td>E. visual-pl\u00e0stica<\/td><td>Mireia Castanyer<\/td><td>Mireia Castanyer<\/td><\/tr><tr><td>Benestar Emocional<\/td><td>Neus Molin\u00e9<\/td><td>Neus Molin\u00e9<\/td><\/tr><\/tbody><\/table><\/figure>\n\n\n\n<figure class=\"wp-block-table\"><table class=\"has-fixed-layout\"><tbody><tr><td colspan=\"4\"><strong>MAT\u00c8RIES OPTATIVES&nbsp; 1r ESO<\/strong><\/td><\/tr><tr><td>Franc\u00e8s<\/td><td>Jennifer Giralt<\/td><td>Cultura cl\u00e0ssica<\/td><td>Muntsa Palomera<\/td><\/tr><tr><td>Llenguatge radiof\u00f2nic<\/td><td>Toni Badia i David Amor\u00f3s<\/td><td><\/td><td><\/td><\/tr><\/tbody><\/table><\/figure>\n\n\n\n<figure class=\"wp-block-table\"><table class=\"has-fixed-layout\"><tbody><tr><td colspan=\"4\"><strong>2n ESO<\/strong><\/td><\/tr><tr><td><strong>Mat\u00e8ria<\/strong><\/td><td><strong>2n ESO A<\/strong><\/td><td><strong>2n ESO B<\/strong><\/td><td><strong>2n ESO C<\/strong><\/td><\/tr><tr><td>Tutor\/a<\/td><td>Mireia Castanyer<\/td><td>Rosa Maria Segura<\/td><td>Daniel Vila<\/td><\/tr><tr><td>Llengua catalana<\/td><td>Pepa OlmosMireia Castanyer<\/td><td>Pepa Olmos i Jos\u00e9 Cleries<\/td><td>Pepa Olmos i Jos\u00e9 Cleries<\/td><\/tr><tr><td>Llengua castellana<\/td><td>Encarna Bernab\u00e9 i Leandro Sagrist\u00e1<\/td><td>X\u00e8nia Aragay i Leandro Sagrist\u00e1<\/td><td>X\u00e8nia Aragay i Leandro Sagrist\u00e1<\/td><\/tr><tr><td>Llengua anglesa<\/td><td>\u00c0ngel Garcia i Paqui Sierra<\/td><td>\u00c0ngel Garcia i Paqui Sierra<\/td><td>Vicen\u00e7 Chicano i Jennifer Giralt<\/td><\/tr><tr><td>Ci\u00e8ncies socials<\/td><td>Enric Schl\u00fcter i Muntsa Palomera<\/td><td>Enric Schl\u00fcter i Muntsa Palomera<\/td><td>Enric Schl\u00fcter i Jordi Re\u00f1\u00e9<\/td><\/tr><tr><td>F\u00edsica i Qu\u00edmica<\/td><td>Elisabet Serra<\/td><td>Elisabet Serra<\/td><td>Elisabet Serra<\/td><\/tr><tr><td>Matem\u00e0tiques<\/td><td>Albert Jordi i Montse Zapater<\/td><td>Daniel Vila i Albert Jordi<\/td><td>Daniel Vila i Francesc Badell<\/td><\/tr><tr><td>Tecnologia<\/td><td>Rosa Maria Segura<\/td><td>Rosa Maria Segura<\/td><td>Rosa Maria Segura<\/td><\/tr><tr><td>Educaci\u00f3 F\u00edsica<\/td><td>N\u00faria Vila<\/td><td>N\u00faria Vila<\/td><td>N\u00faria Vila<\/td><\/tr><tr><td>E. visual-pl\u00e0stica<\/td><td>Mireia Castanyer<\/td><td>Mireia Castanyer<\/td><td>Mireia Castanyer<\/td><\/tr><tr><td>Benestar Emocional<\/td><td>Neus Molin\u00e9<\/td><td>Neus Molin\u00e9<\/td><td>Neus Molin\u00e9<\/td><\/tr><\/tbody><\/table><\/figure>\n\n\n\n<figure class=\"wp-block-table\"><table class=\"has-fixed-layout\"><tbody><tr><td colspan=\"4\"><strong>MAT\u00c8RIES OPTATIVES&nbsp; 2n ESO<\/strong><\/td><\/tr><tr><td>Franc\u00e8s<\/td><td>Jennifer Giralt<\/td><td>Els secrets de l\u2019univers<\/td><td>Sergi Reig<\/td><\/tr><tr><td>Llenguatge radiof\u00f2nic<\/td><td>Toni Badia i David Amor\u00f3s<\/td><td>Combo musical<\/td><td>Jose CleriesGabriela Venhudov\u00e1<\/td><\/tr><\/tbody><\/table><\/figure>\n\n\n\n<figure class=\"wp-block-table\"><table class=\"has-fixed-layout\"><tbody><tr><td colspan=\"4\"><strong>3r ESO<\/strong><\/td><\/tr><tr><td><strong>Mat\u00e8ria<\/strong><\/td><td><strong>3r ESO A<\/strong><\/td><td><strong>3r ESO B<\/strong><\/td><td><strong>3r ESO C<\/strong><\/td><\/tr><tr><td>Tutor\/a<\/td><td>Muntsa Palomera<\/td><td>Sergi Reig<\/td><td>Jose Cleries<\/td><\/tr><tr><td>Llengua catalana<\/td><td>Maria Foixench i Montserrat Roca<\/td><td>Maria Foixench i Montserrat Roca<\/td><td>Eduard Martin i Montserrat Roca<\/td><\/tr><tr><td>Llengua castellana<\/td><td>Leandro Sagrist\u00e0 i X\u00e8nia Aragay<\/td><td>David Amor\u00f3s i X\u00e8nia Aragay<\/td><td>David Amor\u00f3s<\/td><\/tr><tr><td>Llengua anglesa<\/td><td>\u00c0ngel Garcia i Mart\u00ed Masip<\/td><td>\u00c0ngel Garcia i Mart\u00ed Masip<\/td><td>\u00c0ngel Garcia i Mart\u00ed Masip<\/td><\/tr><tr><td>Ci\u00e8ncies socials<\/td><td>Muntsa Palomera<\/td><td>Muntsa Palomera<\/td><td>Muntsa Palomera<\/td><\/tr><tr><td>Biologia<\/td><td>Catiana Rossell\u00f3XBIO<\/td><td>Catiana Rossell\u00f3XBIO<\/td><td>Catiana Rossell\u00f3XBIO<\/td><\/tr><tr><td>F\u00edsica i Qu\u00edmica<\/td><td>Gabriela Venhudov\u00e1<\/td><td>Sergi Reig<\/td><td>Gabriela Venhudov\u00e1<\/td><\/tr><tr><td>Matem\u00e0tiques<\/td><td>Montse ZapaterAlbert Jordi<\/td><td>Toni LimonesAlbert Jordi<\/td><td>Toni Limones i Daniel Vila<\/td><\/tr><tr><td>Tecnologia<\/td><td>Francesc Badell<\/td><td>Francesc Badell<\/td><td>Francesc Badell<\/td><\/tr><tr><td>Educaci\u00f3 F\u00edsica<\/td><td>Paqui Sierra<\/td><td>Paqui Sierra<\/td><td>Paqui Sierra<\/td><\/tr><tr><td>M\u00fasica<\/td><td>Jose Cleries<\/td><td>Jose Cleries<\/td><td>Jose Cleries<\/td><\/tr><tr><td>Benestar emocional<\/td><td>Montserrat Roca<\/td><td>Montserrat Roca<\/td><td>Montserrat Roca<\/td><\/tr><\/tbody><\/table><\/figure>\n\n\n\n<figure class=\"wp-block-table\"><table class=\"has-fixed-layout\"><tbody><tr><td colspan=\"4\"><strong>MAT\u00c8RIES OPTATIVES&nbsp; 3r ESO<\/strong><\/td><\/tr><tr><td>Franc\u00e8s<\/td><td>&nbsp; Jennifer Giralt<\/td><td>Vols pintAR-Te?<\/td><td>Mireia Castanyer<\/td><\/tr><tr><td>Impulsem la rob\u00f2tica<\/td><td>Montse ZapaterAnna Camprub\u00ed<\/td><td>Joves emprenedors<\/td><td>Yolanda Jim\u00e9nez<\/td><\/tr><\/tbody><\/table><\/figure>\n\n\n\n<figure class=\"wp-block-table\"><table class=\"has-fixed-layout\"><tbody><tr><td colspan=\"5\"><strong>4t ESO<\/strong><\/td><\/tr><tr><td><strong>Mat\u00e8ria<\/strong><\/td><td><strong>4t ESO A<\/strong><\/td><td><strong>4t&nbsp;ESO B<\/strong><\/td><td><strong>4t ESO C<\/strong><\/td><td><strong>4t ESO D<\/strong><\/td><\/tr><tr><td>Tutor\/a<\/td><td>M\u00edriam Ferrer<\/td><td>Laura Cabau<\/td><td>Vicen\u00e7 Chicano<\/td><td>Leandro Sagrist\u00e1<\/td><\/tr><tr><td>Llengua catalana<\/td><td>Montserrat Roca<\/td><td>Maria Foixench<\/td><td>Maria Foixench<\/td><td>Maria Foixench<\/td><\/tr><tr><td>Llengua castellana<\/td><td>M\u00edriam Ferrer<\/td><td>Leandro Sagrist\u00e0<\/td><td>Leandro Sagrist\u00e0<\/td><td>Leandro Sagrist\u00e0<\/td><\/tr><tr><td>Llengua anglesa<\/td><td>Miriam Ferrer<\/td><td>Vicen\u00e7 Chicano i Eli Artigas<\/td><td>Vicen\u00e7 Chicano i Eli Artigas<\/td><td>Vicen\u00e7 Chicano i \u00c0ngel Garcia<\/td><\/tr><tr><td>Ci\u00e8ncies socials<\/td><td>Miriam Ferrer<\/td><td>Susana Le\u00f3n<\/td><td>Laura Cabau<\/td><td>Susana Le\u00f3n<\/td><\/tr><tr><td>Matem\u00e0tiques<\/td><td>Toni Badia i Berta Farn\u00e9s<\/td><td>Remei Calder\u00f3n i Berta Farn\u00e9s<\/td><td>Berta Farn\u00e9s i Remei Calder\u00f3n<\/td><td>Berta Farn\u00e9s i Daniel Vila<\/td><\/tr><tr><td>Educaci\u00f3 F\u00edsica<\/td><td>Paqui Sierra<\/td><td>Paqui Sierra<\/td><td>Paqui Sierra<\/td><td>Paqui Sierra<\/td><\/tr><tr><td>Educaci\u00f3 en valors c\u00edvics i \u00e8tics<\/td><td>M\u00edriam Ferrer<\/td><td>M\u00edriam Ferrer<\/td><td>M\u00edriam Ferrer<\/td><td>M\u00edriam Ferrer<\/td><\/tr><tr><td>Ci\u00e8ncies del m\u00f3n<\/td><td>&#8211;<\/td><td>Elisabet Serra<\/td><td>Elisabet Serra<\/td><td>Elisabet Serra<\/td><\/tr><\/tbody><\/table><\/figure>\n\n\n\n<figure class=\"wp-block-table\"><table class=\"has-fixed-layout\"><tbody><tr><td colspan=\"4\"><strong>MAT\u00c8RIES OPTATIVES&nbsp; 4t ESO<\/strong><\/td><\/tr><tr><td><strong>Digitalitzaci\u00f3<\/strong><\/td><td>Rosa Maria Segura i Francesc Badell<\/td><td><strong>ECO-nomitza\u2019t<\/strong><\/td><td>Yolanda Jim\u00e9nez<\/td><\/tr><tr><td><strong>Impressiona\u2019t<\/strong><\/td><td>Mireia Castanyer<\/td><td><strong>F\u00edsica i Qu\u00edmica<\/strong><\/td><td>Gabriela Venhudov\u00e1 i Sergi Reig<\/td><\/tr><tr><td><strong>Llat\u00ed<\/strong><\/td><td>N\u00faria Boixader<\/td><td><strong>Biologia i Geologia<\/strong><\/td><td>Agn\u00e8s Escurriola<\/td><\/tr><tr><td><strong>Filosofia<\/strong><\/td><td>Jordi Re\u00f1\u00e9<\/td><td><strong>Tecnologia<\/strong><\/td><td>Francesc Badell<\/td><\/tr><tr><td><strong>Vivim l\u2019esport<\/strong><\/td><td>N\u00faria Vila<\/td><td><strong>Expressi\u00f3 t\u00e8cnica<\/strong><\/td><td>Francesc Badell<\/td><\/tr><tr><td><strong>Franc\u00e8s<\/strong><\/td><td>Jennifer Giralt<\/td><td><strong>M\u00f3n Actual<\/strong><\/td><td>Muntsa Palomera<\/td><\/tr><tr><td><strong>Teatre<\/strong><\/td><td>Sara Clemente<\/td><td><strong>M\u00fasica<\/strong><\/td><td>Jos\u00e9 Cleries<\/td><\/tr><tr><td><strong>M\u00fasica, cinema i arts esc\u00e8niques<\/strong><\/td><td>David Amor\u00f3s<\/td><td><\/td><td><\/td><\/tr><\/tbody><\/table><\/figure>\n\n\n\n<figure class=\"wp-block-table\"><table class=\"has-fixed-layout\"><tbody><tr><td colspan=\"3\"><strong>1r BATXILLERAT&nbsp;<\/strong><\/td><\/tr><tr><td><strong>Mat\u00e8ria<\/strong><\/td><td><strong>1r BAT A<\/strong><\/td><td><strong>1r BAT B<\/strong><\/td><\/tr><tr><td>Tutor\/a<\/td><td>Jordi Re\u00f1\u00e9<\/td><td>N\u00faria Vila<\/td><\/tr><tr><td>Llengua catalana<\/td><td>Montserrat Galobart<\/td><td>Montserrat Galobart<\/td><\/tr><tr><td>Llengua castellana<\/td><td>David Amor\u00f3s<\/td><td>David Amor\u00f3s<\/td><\/tr><tr><td>Llengua anglesa<\/td><td>Eli Artigas<\/td><td>Eli Artigas<\/td><\/tr><tr><td>Filosofia<\/td><td>Jordi Re\u00f1\u00e9<\/td><td>Jordi Re\u00f1\u00e9<\/td><\/tr><tr><td>Educaci\u00f3 f\u00edsica<\/td><td>N\u00faria Vila<\/td><td>N\u00faria Vila<\/td><\/tr><tr><td>Llat\u00ed I<\/td><td colspan=\"2\">N\u00faria Boixader<\/td><\/tr><tr><td>Matem\u00e0tiques aplicades a les CCSS I<\/td><td colspan=\"2\">Remei Calder\u00f3n<\/td><\/tr><tr><td>Matem\u00e0tiques I<\/td><td colspan=\"2\">Daniel Vila<\/td><\/tr><tr><td>Literatura universal<\/td><td colspan=\"2\">Pepa Olmos<\/td><\/tr><tr><td>Economia<\/td><td colspan=\"2\">Yolanda Jim\u00e9nez<\/td><\/tr><tr><td>F\u00edsica I<\/td><td colspan=\"2\">Sergi Reig<\/td><\/tr><tr><td>Geologia i ci\u00e8ncies ambientals I<\/td><td colspan=\"2\">Catiana Rossell\u00f3<\/td><\/tr><tr><td>Hist\u00f2ria del m\u00f3n contemporani<\/td><td colspan=\"2\">Susana Le\u00f3n<\/td><\/tr><tr><td>Biologia I<\/td><td colspan=\"2\">Catiana Rossell\u00f3<\/td><\/tr><tr><td>Grec I<\/td><td colspan=\"2\">N\u00faria Boixader<\/td><\/tr><tr><td>Tecnologia i Enginyeria&nbsp; I<\/td><td colspan=\"2\">Llu\u00efsa Plans<\/td><\/tr><tr><td>Dibuix t\u00e8cnic I<\/td><td colspan=\"2\">Llu\u00efsa Plans<\/td><\/tr><tr><td>Funcionament de l\u2019empresa<\/td><td colspan=\"2\">Yolanda Jim\u00e9nez<\/td><\/tr><tr><td>Psicologia<\/td><td colspan=\"2\">Jordi Re\u00f1\u00e9<\/td><\/tr><tr><td>Qu\u00edmica I<\/td><td colspan=\"2\">Sergi Reig<\/td><\/tr><tr><td>Matem\u00e0tica aplicada<\/td><td colspan=\"2\">Toni Limones<\/td><\/tr><tr><td>Comunicaci\u00f3 audiovisual&nbsp;<\/td><td colspan=\"2\">David Amor\u00f3s<\/td><\/tr><tr><td>Problem\u00e0tiques socials<\/td><td colspan=\"2\">Yolanda Jim\u00e9nez<\/td><\/tr><tr><td>Ciutadania, pol\u00edtica i dret<\/td><td colspan=\"2\">Laura Cabau<\/td><\/tr><tr><td>Biologia humana i malalties<\/td><td colspan=\"2\">Agn\u00e8s Escurriola<\/td><\/tr><tr><td>Reptes cient\u00edfics de f\u00edsica i qu\u00edmica<\/td><td colspan=\"2\">Sergi Reig<\/td><\/tr><tr><td>Refor\u00e7 d\u2019angl\u00e8s<\/td><td colspan=\"2\">Elisabet Artigas<\/td><\/tr><\/tbody><\/table><\/figure>\n\n\n\n<figure class=\"wp-block-table\"><table class=\"has-fixed-layout\"><tbody><tr><td><strong>Mat\u00e8ria<\/strong><\/td><td><strong>2n BAT A<\/strong><\/td><td><strong>2n BAT B<\/strong><\/td><\/tr><tr><td>Tutor\/a<\/td><td>N\u00faria Boixader<\/td><td>Agn\u00e8s Escurriola<\/td><\/tr><tr><td>Llengua catalana<\/td><td>Montserrat Galobart<\/td><td>Montserrat Galobart<\/td><\/tr><tr><td>Llengua castellana<\/td><td>Encarna Bernab\u00e9<\/td><td>Encarna Bernab\u00e9<\/td><\/tr><tr><td>Llengua anglesa<\/td><td>Elisabet Artigas<\/td><td>Elisabet Artigas<\/td><\/tr><tr><td>Hist\u00f2ria&nbsp; de la Filosofia<\/td><td>Jordi Re\u00f1\u00e9<\/td><td>Jordi Re\u00f1\u00e9<\/td><\/tr><tr><td>Hist\u00f2ria&nbsp; d\u2019Espanya<\/td><td>Laura Cabau<\/td><td>Laura Cabau<\/td><\/tr><tr><td>Llat\u00ed II<\/td><td colspan=\"2\">N\u00faria Boixader<\/td><\/tr><tr><td>Matem\u00e0tiques aplicades a les CCSS II<\/td><td colspan=\"2\">Toni Limones<\/td><\/tr><tr><td>Matem\u00e0tiques II<\/td><td colspan=\"2\">Berta Farn\u00e9s<\/td><\/tr><tr><td>Literatura catalana<\/td><td colspan=\"2\">Eduard Martin<\/td><\/tr><tr><td>Geografia&nbsp;<\/td><td colspan=\"2\">Laura Cabau<\/td><\/tr><tr><td>Grec II<\/td><td colspan=\"2\">N\u00faria Boixader<\/td><\/tr><tr><td>Empresa i models de negoci<\/td><td colspan=\"2\">Yolanda Jim\u00e9nez<\/td><\/tr><tr><td>Hist\u00f2ria de l\u2019art<\/td><td colspan=\"2\">Susana Le\u00f3n<\/td><\/tr><tr><td>Biologia II<\/td><td colspan=\"2\">Agn\u00e8s Escurriola<\/td><\/tr><tr><td>Qu\u00edmica II<\/td><td colspan=\"2\">Gabriela Venhudov\u00e1<\/td><\/tr><tr><td>F\u00edsica II<\/td><td colspan=\"2\">Gabriela Venhudov\u00e1<\/td><\/tr><tr><td>Tecnologia industrial II<\/td><td colspan=\"2\">Rosa Maria Segura<\/td><\/tr><tr><td>Dibuix t\u00e8cnic II<\/td><td colspan=\"2\">Llu\u00efsa Plans<\/td><\/tr><tr><td>Geologia i ci\u00e8ncies ambientals II<\/td><td colspan=\"2\">Agn\u00e8s Escurriola<\/td><\/tr><\/tbody><\/table><\/figure>\n","protected":false},"excerpt":{"rendered":"<p>Grups i equips docents 1r ESO Mat\u00e8ria 1r ESO A 1r ESO B Tutor\/a X\u00e8nia Aragay Eduard Mart\u00edn Llengua catalana Eduard Mart\u00edn i Neus Molin\u00e9 Eduard Mart\u00edn i Neus Molin\u00e9 Llengua castellana X\u00e8nia Aragay i Encarna Bernab\u00e9 X\u00e8nia Aragay i Encarna Bernab\u00e9 Llengua anglesa Mart\u00ed Masip Mart\u00ed Masip Ci\u00e8ncies socials Susana Le\u00f3n Susana Le\u00f3n Biologia [&hellip;]<\/p>\n","protected":false},"author":1,"featured_media":0,"parent":46,"menu_order":0,"comment_status":"closed","ping_status":"closed","template":"","meta":{"_bbp_topic_count":0,"_bbp_reply_count":0,"_bbp_total_topic_count":0,"_bbp_total_reply_count":0,"_bbp_voice_count":0,"_bbp_anonymous_reply_count":0,"_bbp_topic_count_hidden":0,"_bbp_reply_count_hidden":0,"_bbp_forum_subforum_count":0,"site-sidebar-layout":"default","site-content-layout":"","ast-site-content-layout":"default","site-content-style":"default","site-sidebar-style":"default","ast-global-header-display":"","ast-banner-title-visibility":"","ast-main-header-display":"","ast-hfb-above-header-display":"","ast-hfb-below-header-display":"","ast-hfb-mobile-header-display":"","site-post-title":"","ast-breadcrumbs-content":"","ast-featured-img":"","footer-sml-layout":"","theme-transparent-header-meta":"","adv-header-id-meta":"","stick-header-meta":"","header-above-stick-meta":"","header-main-stick-meta":"","header-below-stick-meta":"","astra-migrate-meta-layouts":"set","ast-page-background-enabled":"default","ast-page-background-meta":{"desktop":{"background-color":"var(--ast-global-color-4)","background-image":"","background-repeat":"repeat","background-position":"center center","background-size":"auto","background-attachment":"scroll","background-type":"","background-media":"","overlay-type":"","overlay-color":"","overlay-opacity":"","overlay-gradient":""},"tablet":{"background-color":"","background-image":"","background-repeat":"repeat","background-position":"center center","background-size":"auto","background-attachment":"scroll","background-type":"","background-media":"","overlay-type":"","overlay-color":"","overlay-opacity":"","overlay-gradient":""},"mobile":{"background-color":"","background-image":"","background-repeat":"repeat","background-position":"center center","background-size":"auto","background-attachment":"scroll","background-type":"","background-media":"","overlay-type":"","overlay-color":"","overlay-opacity":"","overlay-gradient":""}},"ast-content-background-meta":{"desktop":{"background-color":"var(--ast-global-color-5)","background-image":"","background-repeat":"repeat","background-position":"center center","background-size":"auto","background-attachment":"scroll","background-type":"","background-media":"","overlay-type":"","overlay-color":"","overlay-opacity":"","overlay-gradient":""},"tablet":{"background-color":"var(--ast-global-color-5)","background-image":"","background-repeat":"repeat","background-position":"center center","background-size":"auto","background-attachment":"scroll","background-type":"","background-media":"","overlay-type":"","overlay-color":"","overlay-opacity":"","overlay-gradient":""},"mobile":{"background-color":"var(--ast-global-color-5)","background-image":"","background-repeat":"repeat","background-position":"center center","background-size":"auto","background-attachment":"scroll","background-type":"","background-media":"","overlay-type":"","overlay-color":"","overlay-opacity":"","overlay-gradient":""}},"footnotes":""},"class_list":["post-4435","page","type-page","status-publish","hentry"],"post_mailing_queue_ids":[],"_links":{"self":[{"href":"https:\/\/agora.xtec.cat\/insmariadebell-lloc\/wp-json\/wp\/v2\/pages\/4435","targetHints":{"allow":["GET"]}}],"collection":[{"href":"https:\/\/agora.xtec.cat\/insmariadebell-lloc\/wp-json\/wp\/v2\/pages"}],"about":[{"href":"https:\/\/agora.xtec.cat\/insmariadebell-lloc\/wp-json\/wp\/v2\/types\/page"}],"author":[{"embeddable":true,"href":"https:\/\/agora.xtec.cat\/insmariadebell-lloc\/wp-json\/wp\/v2\/users\/1"}],"replies":[{"embeddable":true,"href":"https:\/\/agora.xtec.cat\/insmariadebell-lloc\/wp-json\/wp\/v2\/comments?post=4435"}],"version-history":[{"count":4,"href":"https:\/\/agora.xtec.cat\/insmariadebell-lloc\/wp-json\/wp\/v2\/pages\/4435\/revisions"}],"predecessor-version":[{"id":4440,"href":"https:\/\/agora.xtec.cat\/insmariadebell-lloc\/wp-json\/wp\/v2\/pages\/4435\/revisions\/4440"}],"up":[{"embeddable":true,"href":"https:\/\/agora.xtec.cat\/insmariadebell-lloc\/wp-json\/wp\/v2\/pages\/46"}],"wp:attachment":[{"href":"https:\/\/agora.xtec.cat\/insmariadebell-lloc\/wp-json\/wp\/v2\/media?parent=4435"}],"curies":[{"name":"wp","href":"https:\/\/api.w.org\/{rel}","templated":true}]}}