{"id":3780,"date":"2024-02-06T17:11:12","date_gmt":"2024-02-06T16:11:12","guid":{"rendered":"https:\/\/agora.xtec.cat\/insmariadebell-lloc\/?page_id=3780"},"modified":"2024-11-27T10:22:00","modified_gmt":"2024-11-27T09:22:00","slug":"projecte-radio-maria-de-bell-lloc","status":"publish","type":"page","link":"https:\/\/agora.xtec.cat\/insmariadebell-lloc\/projecte-radio-maria-de-bell-lloc\/","title":{"rendered":"Projecte r\u00e0dio Maria de Bell-lloc"},"content":{"rendered":"\r\n\t<div class=\"slideshow_container slideshow_container_style-light\" style=\"height: 250px; \" data-slideshow-id=\"148\" data-style-name=\"style-light\" data-style-version=\"2.3.1\" >\r\n\r\n\t\t\t\t\t<div class=\"slideshow_loading_icon\"><\/div>\r\n\t\t\r\n\t\t<div class=\"slideshow_content\" style=\"display: none;\">\r\n\r\n\t\t\t<div class=\"slideshow_view\">\r\n\t\t\t\t<div class=\"slideshow_slide slideshow_slide_image\">\r\n\t\t\t\t\t\t\t\t\t\t\t<img src=\"https:\/\/agora.xtec.cat\/insmariadebell-lloc\/wp-content\/uploads\/usu1991\/2024\/02\/1708438007954-scaled.jpg\" alt=\"1708438007954\" width=\"1161\" height=\"2560\" \/>\r\n\t\t\t\t\t\t\t\t\t\t<div class=\"slideshow_description_box slideshow_transparent\">\r\n\t\t\t\t\t\t<div class=\"slideshow_title\">1708438007954<\/div>\t\t\t\t\t\t\t\t\t\t\t<\/div>\r\n\t\t\t\t<\/div>\r\n\r\n\t\t\t\t\t\t<div style=\"clear: both;\"><\/div><\/div><div class=\"slideshow_view\">\r\n\t\t\t\t<div class=\"slideshow_slide slideshow_slide_image\">\r\n\t\t\t\t\t\t\t\t\t\t\t<img src=\"https:\/\/agora.xtec.cat\/insmariadebell-lloc\/wp-content\/uploads\/usu1991\/2024\/02\/1708438007986-scaled.jpg\" alt=\"1708438007986\" width=\"1161\" height=\"2560\" \/>\r\n\t\t\t\t\t\t\t\t\t\t<div class=\"slideshow_description_box slideshow_transparent\">\r\n\t\t\t\t\t\t<div class=\"slideshow_title\">1708438007986<\/div>\t\t\t\t\t\t\t\t\t\t\t<\/div>\r\n\t\t\t\t<\/div>\r\n\r\n\t\t\t\t\t\t<div style=\"clear: both;\"><\/div><\/div><div class=\"slideshow_view\">\r\n\t\t\t\t<div class=\"slideshow_slide slideshow_slide_image\">\r\n\t\t\t\t\t\t\t\t\t\t\t<img src=\"https:\/\/agora.xtec.cat\/insmariadebell-lloc\/wp-content\/uploads\/usu1991\/2024\/02\/1708438008019-scaled.jpg\" alt=\"1708438008019\" width=\"1161\" height=\"2560\" \/>\r\n\t\t\t\t\t\t\t\t\t\t<div class=\"slideshow_description_box slideshow_transparent\">\r\n\t\t\t\t\t\t<div class=\"slideshow_title\">1708438008019<\/div>\t\t\t\t\t\t\t\t\t\t\t<\/div>\r\n\t\t\t\t<\/div>\r\n\r\n\t\t\t\t\t\t<div style=\"clear: both;\"><\/div><\/div><div class=\"slideshow_view\">\r\n\t\t\t\t<div class=\"slideshow_slide slideshow_slide_image\">\r\n\t\t\t\t\t\t\t\t\t\t\t<img src=\"https:\/\/agora.xtec.cat\/insmariadebell-lloc\/wp-content\/uploads\/usu1991\/2024\/02\/1708438007921-scaled.jpg\" alt=\"1708438007921\" width=\"1161\" height=\"2560\" \/>\r\n\t\t\t\t\t\t\t\t\t\t<div class=\"slideshow_description_box slideshow_transparent\">\r\n\t\t\t\t\t\t<div class=\"slideshow_title\">1708438007921<\/div>\t\t\t\t\t\t\t\t\t\t\t<\/div>\r\n\t\t\t\t<\/div>\r\n\r\n\t\t\t\t\t\t<div style=\"clear: both;\"><\/div><\/div>\r\n\t\t<\/div>\r\n\r\n\t\t<div class=\"slideshow_controlPanel slideshow_transparent\" style=\"display: none;\"><ul><li class=\"slideshow_togglePlay\" data-play-text=\"Visualitza\" data-pause-text=\"Pausa\"><\/li><\/ul><\/div>\r\n\r\n\t\t<div class=\"slideshow_button slideshow_previous slideshow_transparent\" role=\"button\" data-previous-text=\"Anterior\" style=\"display: none;\"><\/div>\r\n\t\t<div class=\"slideshow_button slideshow_next slideshow_transparent\" role=\"button\" data-next-text=\"Seg\u00fcent\" style=\"display: none;\"><\/div>\r\n\r\n\t\t<div class=\"slideshow_pagination\" style=\"display: none;\" data-go-to-text=\"V\u00e9s a la diapositiva\"><div class=\"slideshow_pagination_center\"><\/div><\/div>\r\n\r\n\t\t<!-- WordPress Slideshow Version 2.3.1 -->\r\n\r\n\t\t\t<\/div>\r\n\r\n\n<h3>Manifest 25N, dia internacional per a l\u2019eliminaci\u00f3 de la viol\u00e8ncia<br \/>\nvers les dones.<\/h3>\n<p><a href=\"https:\/\/drive.google.com\/file\/d\/1UXET5gNWHPjMD1-zLzQ7stPLMmwlqVyS\/view?usp=drive_link\">Manifest 25N de 2n d&#8217;ESO &#8211; Grup 1. Escolta&#8217;l ara fent click aqu\u00ed.<\/a><\/p>\n<p><a href=\"https:\/\/drive.google.com\/file\/d\/1TJmGB7cF3Zwm-dNjY8wrbBJ_9xnc8dW5\/view?usp=drive_link\">Manifest 25N de 2n d&#8217;ESO &#8211; Grup 2. Escolta&#8217;l ara fent click aqu\u00ed.<\/a><\/p>\n<h3><strong>Primers programes musicals a 2n d&#8217;ESO:<\/strong><\/h3>\n<p><a href=\"https:\/\/drive.google.com\/file\/d\/1-b3o-kFr4sTUegQZUXbz6QugXLYCTvQX\/view?usp=sharing\">Programa musical del grup 1, &#8220;Les m\u00e9s xules music&#8221;. Escolta&#8217;l ara fent click aqu\u00ed.<\/a><\/p>\n<p><a href=\"https:\/\/drive.google.com\/file\/d\/1sb_zq2PQEKiDz_A1t-hUtRFqpzcW0sv_\/view?usp=sharing\">Programa musical del grup 2, &#8220;R\u00e0dio pati music&#8221;. Escolta&#8217;l ara fent click aqu\u00ed.<\/a><\/p>\n<p><a href=\"https:\/\/drive.google.com\/file\/d\/1JJdP1qWAyOJYrJ2zEZWNkNcB8GY2m8_h\/view?usp=sharing\">Programa musical del grup 3, &#8220;Disfrutones Mix&#8221;. Escolta&#8217;l ara fent click aqu\u00ed.<\/a><\/p>\n<p><a href=\"https:\/\/drive.google.com\/file\/d\/1BDqf2mmRCUff1MEbiwgjL-thZgUwNcEW\/view?usp=sharing\">Programa musical del grup 4, &#8220;M\u00fasica abans del nostre naixement&#8221;. Escolta&#8217;l ara fent click aqu\u00ed.<\/a><\/p>\n<p>&nbsp;<\/p>\n<h3><strong>Falca publicit\u00e0ria de la jornada de portes obertes:<\/strong><\/h3>\n<!--[if lt IE 9]><script>document.createElement('audio');<\/script><![endif]-->\n<audio class=\"wp-audio-shortcode\" id=\"audio-3780-1\" preload=\"none\" style=\"width: 100%;\" controls=\"controls\"><source type=\"audio\/mpeg\" src=\"https:\/\/agora.xtec.cat\/insmariadebell-lloc\/wp-content\/uploads\/usu1991\/2024\/02\/PORTES-OBERTES.mp3?_=1\" \/><a href=\"https:\/\/agora.xtec.cat\/insmariadebell-lloc\/wp-content\/uploads\/usu1991\/2024\/02\/PORTES-OBERTES.mp3\">https:\/\/agora.xtec.cat\/insmariadebell-lloc\/wp-content\/uploads\/usu1991\/2024\/02\/PORTES-OBERTES.mp3<\/a><\/audio>\n<h3><\/h3>\n<p>&nbsp;<\/p>\n<p>&nbsp;<\/p>\n<p>&nbsp;<\/p>\n","protected":false},"excerpt":{"rendered":"<p>Manifest 25N, dia internacional per a l\u2019eliminaci\u00f3 de la viol\u00e8ncia vers les dones. Manifest 25N de 2n d&#8217;ESO &#8211; Grup 1. Escolta&#8217;l ara fent click aqu\u00ed. Manifest 25N de 2n d&#8217;ESO &#8211; Grup 2. Escolta&#8217;l ara fent click aqu\u00ed. Primers programes musicals a 2n d&#8217;ESO: Programa musical del grup 1, &#8220;Les m\u00e9s xules music&#8221;. Escolta&#8217;l [&hellip;]<\/p>\n","protected":false},"author":1,"featured_media":0,"parent":0,"menu_order":0,"comment_status":"closed","ping_status":"closed","template":"","meta":{"_bbp_topic_count":0,"_bbp_reply_count":0,"_bbp_total_topic_count":0,"_bbp_total_reply_count":0,"_bbp_voice_count":0,"_bbp_anonymous_reply_count":0,"_bbp_topic_count_hidden":0,"_bbp_reply_count_hidden":0,"_bbp_forum_subforum_count":0,"site-sidebar-layout":"default","site-content-layout":"","ast-site-content-layout":"","site-content-style":"default","site-sidebar-style":"default","ast-global-header-display":"","ast-banner-title-visibility":"","ast-main-header-display":"","ast-hfb-above-header-display":"","ast-hfb-below-header-display":"","ast-hfb-mobile-header-display":"","site-post-title":"","ast-breadcrumbs-content":"","ast-featured-img":"","footer-sml-layout":"","theme-transparent-header-meta":"","adv-header-id-meta":"","stick-header-meta":"","header-above-stick-meta":"","header-main-stick-meta":"","header-below-stick-meta":"","astra-migrate-meta-layouts":"default","ast-page-background-enabled":"default","ast-page-background-meta":{"desktop":{"background-color":"var(--ast-global-color-4)","background-image":"","background-repeat":"repeat","background-position":"center center","background-size":"auto","background-attachment":"scroll","background-type":"","background-media":"","overlay-type":"","overlay-color":"","overlay-opacity":"","overlay-gradient":""},"tablet":{"background-color":"","background-image":"","background-repeat":"repeat","background-position":"center center","background-size":"auto","background-attachment":"scroll","background-type":"","background-media":"","overlay-type":"","overlay-color":"","overlay-opacity":"","overlay-gradient":""},"mobile":{"background-color":"","background-image":"","background-repeat":"repeat","background-position":"center center","background-size":"auto","background-attachment":"scroll","background-type":"","background-media":"","overlay-type":"","overlay-color":"","overlay-opacity":"","overlay-gradient":""}},"ast-content-background-meta":{"desktop":{"background-color":"var(--ast-global-color-5)","background-image":"","background-repeat":"repeat","background-position":"center center","background-size":"auto","background-attachment":"scroll","background-type":"","background-media":"","overlay-type":"","overlay-color":"","overlay-opacity":"","overlay-gradient":""},"tablet":{"background-color":"var(--ast-global-color-5)","background-image":"","background-repeat":"repeat","background-position":"center center","background-size":"auto","background-attachment":"scroll","background-type":"","background-media":"","overlay-type":"","overlay-color":"","overlay-opacity":"","overlay-gradient":""},"mobile":{"background-color":"var(--ast-global-color-5)","background-image":"","background-repeat":"repeat","background-position":"center center","background-size":"auto","background-attachment":"scroll","background-type":"","background-media":"","overlay-type":"","overlay-color":"","overlay-opacity":"","overlay-gradient":""}},"footnotes":""},"class_list":["post-3780","page","type-page","status-publish","hentry"],"post_mailing_queue_ids":[],"_links":{"self":[{"href":"https:\/\/agora.xtec.cat\/insmariadebell-lloc\/wp-json\/wp\/v2\/pages\/3780","targetHints":{"allow":["GET"]}}],"collection":[{"href":"https:\/\/agora.xtec.cat\/insmariadebell-lloc\/wp-json\/wp\/v2\/pages"}],"about":[{"href":"https:\/\/agora.xtec.cat\/insmariadebell-lloc\/wp-json\/wp\/v2\/types\/page"}],"author":[{"embeddable":true,"href":"https:\/\/agora.xtec.cat\/insmariadebell-lloc\/wp-json\/wp\/v2\/users\/1"}],"replies":[{"embeddable":true,"href":"https:\/\/agora.xtec.cat\/insmariadebell-lloc\/wp-json\/wp\/v2\/comments?post=3780"}],"version-history":[{"count":6,"href":"https:\/\/agora.xtec.cat\/insmariadebell-lloc\/wp-json\/wp\/v2\/pages\/3780\/revisions"}],"predecessor-version":[{"id":4010,"href":"https:\/\/agora.xtec.cat\/insmariadebell-lloc\/wp-json\/wp\/v2\/pages\/3780\/revisions\/4010"}],"wp:attachment":[{"href":"https:\/\/agora.xtec.cat\/insmariadebell-lloc\/wp-json\/wp\/v2\/media?parent=3780"}],"curies":[{"name":"wp","href":"https:\/\/api.w.org\/{rel}","templated":true}]}}