{"id":3679,"date":"2023-07-28T13:10:21","date_gmt":"2023-07-28T11:10:21","guid":{"rendered":"https:\/\/agora.xtec.cat\/insmariadebell-lloc\/?page_id=3679"},"modified":"2026-02-10T10:44:41","modified_gmt":"2026-02-10T09:44:41","slug":"projecte-impulsat","status":"publish","type":"page","link":"https:\/\/agora.xtec.cat\/insmariadebell-lloc\/projecte-impulsat\/","title":{"rendered":"Projecte Impulsa&#8217;t"},"content":{"rendered":"<p><span style=\"font-weight: 400;\">El curs 25-26 es consolida el projecte Impulsa\u2019t adre\u00e7at a tots els cicles de l\u2019ESO. Es tracta d\u2019un projecte que vetlla per les inquietuds acad\u00e8miques de l\u2019alumnat, tot fent activitats a l\u2019al\u00e7a lligades als diferents \u00e0mbits: ling\u00fc\u00edstic, social i cient\u00edfico-matem\u00e0tic. L\u2019alumnat que participa en aquest projecte pot dedicar-hi entre una i dues hores setmanals.<\/span><\/p>\n","protected":false},"excerpt":{"rendered":"<p>El curs 25-26 es consolida el projecte Impulsa\u2019t adre\u00e7at a tots els cicles de l\u2019ESO. Es tracta d\u2019un projecte que vetlla per les inquietuds acad\u00e8miques de l\u2019alumnat, tot fent activitats a l\u2019al\u00e7a lligades als diferents \u00e0mbits: ling\u00fc\u00edstic, social i cient\u00edfico-matem\u00e0tic. L\u2019alumnat que participa en aquest projecte pot dedicar-hi entre una i dues hores setmanals.<\/p>\n","protected":false},"author":1,"featured_media":0,"parent":0,"menu_order":0,"comment_status":"closed","ping_status":"closed","template":"","meta":{"_bbp_topic_count":0,"_bbp_reply_count":0,"_bbp_total_topic_count":0,"_bbp_total_reply_count":0,"_bbp_voice_count":0,"_bbp_anonymous_reply_count":0,"_bbp_topic_count_hidden":0,"_bbp_reply_count_hidden":0,"_bbp_forum_subforum_count":0,"site-sidebar-layout":"default","site-content-layout":"","ast-site-content-layout":"default","site-content-style":"default","site-sidebar-style":"default","ast-global-header-display":"","ast-banner-title-visibility":"","ast-main-header-display":"","ast-hfb-above-header-display":"","ast-hfb-below-header-display":"","ast-hfb-mobile-header-display":"","site-post-title":"","ast-breadcrumbs-content":"","ast-featured-img":"","footer-sml-layout":"","theme-transparent-header-meta":"","adv-header-id-meta":"","stick-header-meta":"","header-above-stick-meta":"","header-main-stick-meta":"","header-below-stick-meta":"","astra-migrate-meta-layouts":"set","ast-page-background-enabled":"default","ast-page-background-meta":{"desktop":{"background-color":"var(--ast-global-color-4)","background-image":"","background-repeat":"repeat","background-position":"center center","background-size":"auto","background-attachment":"scroll","background-type":"","background-media":"","overlay-type":"","overlay-color":"","overlay-opacity":"","overlay-gradient":""},"tablet":{"background-color":"","background-image":"","background-repeat":"repeat","background-position":"center center","background-size":"auto","background-attachment":"scroll","background-type":"","background-media":"","overlay-type":"","overlay-color":"","overlay-opacity":"","overlay-gradient":""},"mobile":{"background-color":"","background-image":"","background-repeat":"repeat","background-position":"center center","background-size":"auto","background-attachment":"scroll","background-type":"","background-media":"","overlay-type":"","overlay-color":"","overlay-opacity":"","overlay-gradient":""}},"ast-content-background-meta":{"desktop":{"background-color":"var(--ast-global-color-5)","background-image":"","background-repeat":"repeat","background-position":"center center","background-size":"auto","background-attachment":"scroll","background-type":"","background-media":"","overlay-type":"","overlay-color":"","overlay-opacity":"","overlay-gradient":""},"tablet":{"background-color":"var(--ast-global-color-5)","background-image":"","background-repeat":"repeat","background-position":"center center","background-size":"auto","background-attachment":"scroll","background-type":"","background-media":"","overlay-type":"","overlay-color":"","overlay-opacity":"","overlay-gradient":""},"mobile":{"background-color":"var(--ast-global-color-5)","background-image":"","background-repeat":"repeat","background-position":"center center","background-size":"auto","background-attachment":"scroll","background-type":"","background-media":"","overlay-type":"","overlay-color":"","overlay-opacity":"","overlay-gradient":""}},"footnotes":""},"class_list":["post-3679","page","type-page","status-publish","hentry"],"post_mailing_queue_ids":[],"_links":{"self":[{"href":"https:\/\/agora.xtec.cat\/insmariadebell-lloc\/wp-json\/wp\/v2\/pages\/3679","targetHints":{"allow":["GET"]}}],"collection":[{"href":"https:\/\/agora.xtec.cat\/insmariadebell-lloc\/wp-json\/wp\/v2\/pages"}],"about":[{"href":"https:\/\/agora.xtec.cat\/insmariadebell-lloc\/wp-json\/wp\/v2\/types\/page"}],"author":[{"embeddable":true,"href":"https:\/\/agora.xtec.cat\/insmariadebell-lloc\/wp-json\/wp\/v2\/users\/1"}],"replies":[{"embeddable":true,"href":"https:\/\/agora.xtec.cat\/insmariadebell-lloc\/wp-json\/wp\/v2\/comments?post=3679"}],"version-history":[{"count":2,"href":"https:\/\/agora.xtec.cat\/insmariadebell-lloc\/wp-json\/wp\/v2\/pages\/3679\/revisions"}],"predecessor-version":[{"id":4455,"href":"https:\/\/agora.xtec.cat\/insmariadebell-lloc\/wp-json\/wp\/v2\/pages\/3679\/revisions\/4455"}],"wp:attachment":[{"href":"https:\/\/agora.xtec.cat\/insmariadebell-lloc\/wp-json\/wp\/v2\/media?parent=3679"}],"curies":[{"name":"wp","href":"https:\/\/api.w.org\/{rel}","templated":true}]}}