{"id":2407,"date":"2022-01-27T11:20:16","date_gmt":"2022-01-27T10:20:16","guid":{"rendered":"https:\/\/agora.xtec.cat\/insmariadebell-lloc\/?page_id=2407"},"modified":"2024-08-29T14:44:41","modified_gmt":"2024-08-29T12:44:41","slug":"quotes-de-material-i-recursos","status":"publish","type":"page","link":"https:\/\/agora.xtec.cat\/insmariadebell-lloc\/quotes-de-material-i-recursos\/","title":{"rendered":"Quota de material i recursos"},"content":{"rendered":"<p>La quota de material i recursos \u00e9s de<strong> 75 \u20ac<\/strong> per cada curs escolar i alumne\/a.<\/p>\n<p><span style=\"font-weight: 400;\">Aquest import no es dedica \u00fanicament a material i fotoc\u00f2pies sin\u00f3 tamb\u00e9 a dotar el centre d\u2019altres recursos. A continuaci\u00f3 us en posem alguns exemples:<\/span><\/p>\n<p><span style=\"font-weight: 400;\">Manteniment de la plataforma de gesti\u00f3 d\u2019abs\u00e8ncies i incid\u00e8ncies (iEduca), inversions en mobiliari i millores de l\u2019espai (aules i pati), equipament i fungibles de laboratoris i tallers, material per activitats de dies especials (Nadal, Carnestoltes, tallers de Sant Jordi, final de curs, graduacions, etc.), premis i obsequis de concursos i graduacions, activitats i xerrades de setmanes o dies tem\u00e0tics (setmana de la ci\u00e8ncia, english day, autors a l\u2019aula), etc.\u00a0<\/span><\/p>\n","protected":false},"excerpt":{"rendered":"<p>La quota de material i recursos \u00e9s de 75 \u20ac per cada curs escolar i alumne\/a. Aquest import no es dedica \u00fanicament a material i fotoc\u00f2pies sin\u00f3 tamb\u00e9 a dotar el centre d\u2019altres recursos. A continuaci\u00f3 us en posem alguns exemples: Manteniment de la plataforma de gesti\u00f3 d\u2019abs\u00e8ncies i incid\u00e8ncies (iEduca), inversions en mobiliari i [&hellip;]<\/p>\n","protected":false},"author":1,"featured_media":0,"parent":0,"menu_order":0,"comment_status":"closed","ping_status":"closed","template":"","meta":{"_bbp_topic_count":0,"_bbp_reply_count":0,"_bbp_total_topic_count":0,"_bbp_total_reply_count":0,"_bbp_voice_count":0,"_bbp_anonymous_reply_count":0,"_bbp_topic_count_hidden":0,"_bbp_reply_count_hidden":0,"_bbp_forum_subforum_count":0,"site-sidebar-layout":"default","site-content-layout":"","ast-site-content-layout":"","site-content-style":"default","site-sidebar-style":"default","ast-global-header-display":"","ast-banner-title-visibility":"","ast-main-header-display":"","ast-hfb-above-header-display":"","ast-hfb-below-header-display":"","ast-hfb-mobile-header-display":"","site-post-title":"","ast-breadcrumbs-content":"","ast-featured-img":"","footer-sml-layout":"","theme-transparent-header-meta":"","adv-header-id-meta":"","stick-header-meta":"","header-above-stick-meta":"","header-main-stick-meta":"","header-below-stick-meta":"","astra-migrate-meta-layouts":"default","ast-page-background-enabled":"default","ast-page-background-meta":{"desktop":{"background-color":"var(--ast-global-color-4)","background-image":"","background-repeat":"repeat","background-position":"center center","background-size":"auto","background-attachment":"scroll","background-type":"","background-media":"","overlay-type":"","overlay-color":"","overlay-opacity":"","overlay-gradient":""},"tablet":{"background-color":"","background-image":"","background-repeat":"repeat","background-position":"center center","background-size":"auto","background-attachment":"scroll","background-type":"","background-media":"","overlay-type":"","overlay-color":"","overlay-opacity":"","overlay-gradient":""},"mobile":{"background-color":"","background-image":"","background-repeat":"repeat","background-position":"center center","background-size":"auto","background-attachment":"scroll","background-type":"","background-media":"","overlay-type":"","overlay-color":"","overlay-opacity":"","overlay-gradient":""}},"ast-content-background-meta":{"desktop":{"background-color":"var(--ast-global-color-5)","background-image":"","background-repeat":"repeat","background-position":"center center","background-size":"auto","background-attachment":"scroll","background-type":"","background-media":"","overlay-type":"","overlay-color":"","overlay-opacity":"","overlay-gradient":""},"tablet":{"background-color":"var(--ast-global-color-5)","background-image":"","background-repeat":"repeat","background-position":"center center","background-size":"auto","background-attachment":"scroll","background-type":"","background-media":"","overlay-type":"","overlay-color":"","overlay-opacity":"","overlay-gradient":""},"mobile":{"background-color":"var(--ast-global-color-5)","background-image":"","background-repeat":"repeat","background-position":"center center","background-size":"auto","background-attachment":"scroll","background-type":"","background-media":"","overlay-type":"","overlay-color":"","overlay-opacity":"","overlay-gradient":""}},"footnotes":""},"class_list":["post-2407","page","type-page","status-publish","hentry"],"post_mailing_queue_ids":[],"_links":{"self":[{"href":"https:\/\/agora.xtec.cat\/insmariadebell-lloc\/wp-json\/wp\/v2\/pages\/2407","targetHints":{"allow":["GET"]}}],"collection":[{"href":"https:\/\/agora.xtec.cat\/insmariadebell-lloc\/wp-json\/wp\/v2\/pages"}],"about":[{"href":"https:\/\/agora.xtec.cat\/insmariadebell-lloc\/wp-json\/wp\/v2\/types\/page"}],"author":[{"embeddable":true,"href":"https:\/\/agora.xtec.cat\/insmariadebell-lloc\/wp-json\/wp\/v2\/users\/1"}],"replies":[{"embeddable":true,"href":"https:\/\/agora.xtec.cat\/insmariadebell-lloc\/wp-json\/wp\/v2\/comments?post=2407"}],"version-history":[{"count":4,"href":"https:\/\/agora.xtec.cat\/insmariadebell-lloc\/wp-json\/wp\/v2\/pages\/2407\/revisions"}],"predecessor-version":[{"id":3890,"href":"https:\/\/agora.xtec.cat\/insmariadebell-lloc\/wp-json\/wp\/v2\/pages\/2407\/revisions\/3890"}],"wp:attachment":[{"href":"https:\/\/agora.xtec.cat\/insmariadebell-lloc\/wp-json\/wp\/v2\/media?parent=2407"}],"curies":[{"name":"wp","href":"https:\/\/api.w.org\/{rel}","templated":true}]}}