{"id":195,"date":"2019-02-08T10:39:39","date_gmt":"2019-02-08T09:39:39","guid":{"rendered":"http:\/\/agora.xtec.cat\/insmariadebell-lloc\/?page_id=195"},"modified":"2019-02-08T20:27:42","modified_gmt":"2019-02-08T19:27:42","slug":"estudis","status":"publish","type":"page","link":"https:\/\/agora.xtec.cat\/insmariadebell-lloc\/estudis\/","title":{"rendered":"Estudis"},"content":{"rendered":"<p><strong>L&#8217;institut Maria de Bell-lloc<\/strong> ofereix els estudis:<a href=\"https:\/\/agora.xtec.cat\/insmariadebell-lloc\/wp-content\/uploads\/usu1991\/2019\/02\/ins.png\"><img loading=\"lazy\" decoding=\"async\" class=\" wp-image-634 alignright\" src=\"https:\/\/agora.xtec.cat\/insmariadebell-lloc\/wp-content\/uploads\/usu1991\/2019\/02\/ins.png\" alt=\"\" width=\"229\" height=\"142\" \/><\/a><\/p>\n<ul>\n<li><strong>ESO<\/strong>\n<ul>\n<li>1r d&#8217;ESO<\/li>\n<li>2n d&#8217;ESO<\/li>\n<li>3r d&#8217;ESO<\/li>\n<li>4t d&#8217;ESO<\/li>\n<\/ul>\n<\/li>\n<\/ul>\n<ul>\n<li><strong>Batxillerat<\/strong>\n<ul>\n<li>Tecnol\u00f2gic<\/li>\n<li>Cient\u00edfic<\/li>\n<li>Social<\/li>\n<li>Human\u00edstic<\/li>\n<\/ul>\n<\/li>\n<\/ul>\n","protected":false},"excerpt":{"rendered":"<p>L&#8217;institut Maria de Bell-lloc ofereix els estudis: ESO 1r d&#8217;ESO 2n d&#8217;ESO 3r d&#8217;ESO 4t d&#8217;ESO Batxillerat Tecnol\u00f2gic Cient\u00edfic Social Human\u00edstic<\/p>\n","protected":false},"author":1,"featured_media":0,"parent":0,"menu_order":0,"comment_status":"closed","ping_status":"closed","template":"","meta":{"_bbp_topic_count":0,"_bbp_reply_count":0,"_bbp_total_topic_count":0,"_bbp_total_reply_count":0,"_bbp_voice_count":0,"_bbp_anonymous_reply_count":0,"_bbp_topic_count_hidden":0,"_bbp_reply_count_hidden":0,"_bbp_forum_subforum_count":0,"site-sidebar-layout":"default","site-content-layout":"","ast-site-content-layout":"","site-content-style":"default","site-sidebar-style":"default","ast-global-header-display":"","ast-banner-title-visibility":"","ast-main-header-display":"","ast-hfb-above-header-display":"","ast-hfb-below-header-display":"","ast-hfb-mobile-header-display":"","site-post-title":"","ast-breadcrumbs-content":"","ast-featured-img":"","footer-sml-layout":"","theme-transparent-header-meta":"","adv-header-id-meta":"","stick-header-meta":"","header-above-stick-meta":"","header-main-stick-meta":"","header-below-stick-meta":"","astra-migrate-meta-layouts":"default","ast-page-background-enabled":"default","ast-page-background-meta":{"desktop":{"background-color":"var(--ast-global-color-4)","background-image":"","background-repeat":"repeat","background-position":"center center","background-size":"auto","background-attachment":"scroll","background-type":"","background-media":"","overlay-type":"","overlay-color":"","overlay-opacity":"","overlay-gradient":""},"tablet":{"background-color":"","background-image":"","background-repeat":"repeat","background-position":"center center","background-size":"auto","background-attachment":"scroll","background-type":"","background-media":"","overlay-type":"","overlay-color":"","overlay-opacity":"","overlay-gradient":""},"mobile":{"background-color":"","background-image":"","background-repeat":"repeat","background-position":"center center","background-size":"auto","background-attachment":"scroll","background-type":"","background-media":"","overlay-type":"","overlay-color":"","overlay-opacity":"","overlay-gradient":""}},"ast-content-background-meta":{"desktop":{"background-color":"var(--ast-global-color-5)","background-image":"","background-repeat":"repeat","background-position":"center center","background-size":"auto","background-attachment":"scroll","background-type":"","background-media":"","overlay-type":"","overlay-color":"","overlay-opacity":"","overlay-gradient":""},"tablet":{"background-color":"var(--ast-global-color-5)","background-image":"","background-repeat":"repeat","background-position":"center center","background-size":"auto","background-attachment":"scroll","background-type":"","background-media":"","overlay-type":"","overlay-color":"","overlay-opacity":"","overlay-gradient":""},"mobile":{"background-color":"var(--ast-global-color-5)","background-image":"","background-repeat":"repeat","background-position":"center center","background-size":"auto","background-attachment":"scroll","background-type":"","background-media":"","overlay-type":"","overlay-color":"","overlay-opacity":"","overlay-gradient":""}},"footnotes":""},"class_list":["post-195","page","type-page","status-publish","hentry"],"post_mailing_queue_ids":[],"_links":{"self":[{"href":"https:\/\/agora.xtec.cat\/insmariadebell-lloc\/wp-json\/wp\/v2\/pages\/195","targetHints":{"allow":["GET"]}}],"collection":[{"href":"https:\/\/agora.xtec.cat\/insmariadebell-lloc\/wp-json\/wp\/v2\/pages"}],"about":[{"href":"https:\/\/agora.xtec.cat\/insmariadebell-lloc\/wp-json\/wp\/v2\/types\/page"}],"author":[{"embeddable":true,"href":"https:\/\/agora.xtec.cat\/insmariadebell-lloc\/wp-json\/wp\/v2\/users\/1"}],"replies":[{"embeddable":true,"href":"https:\/\/agora.xtec.cat\/insmariadebell-lloc\/wp-json\/wp\/v2\/comments?post=195"}],"version-history":[{"count":3,"href":"https:\/\/agora.xtec.cat\/insmariadebell-lloc\/wp-json\/wp\/v2\/pages\/195\/revisions"}],"predecessor-version":[{"id":689,"href":"https:\/\/agora.xtec.cat\/insmariadebell-lloc\/wp-json\/wp\/v2\/pages\/195\/revisions\/689"}],"wp:attachment":[{"href":"https:\/\/agora.xtec.cat\/insmariadebell-lloc\/wp-json\/wp\/v2\/media?parent=195"}],"curies":[{"name":"wp","href":"https:\/\/api.w.org\/{rel}","templated":true}]}}