{"id":1821,"date":"2021-02-17T09:46:06","date_gmt":"2021-02-17T08:46:06","guid":{"rendered":"https:\/\/agora.xtec.cat\/insmariadebell-lloc\/?page_id=1821"},"modified":"2022-07-08T10:46:25","modified_gmt":"2022-07-08T08:46:25","slug":"intercanvi","status":"publish","type":"page","link":"https:\/\/agora.xtec.cat\/insmariadebell-lloc\/intercanvi\/","title":{"rendered":"Intercanvi"},"content":{"rendered":"<p>Intercanvi amb un institut de Finl\u00e0ndia.<\/p>\n<p><strong>OBJECTIU DE L&#8217;INTERCANVI<\/strong><\/p>\n<ul>\n<li style=\"list-style-type: none;\">\n<ul>\n<li>Viure una experi\u00e8ncia \u00fanica!!!!<\/li>\n<li>Aprendre sobre la cultura Finlandesa<\/li>\n<li>Aprendre sobre el sistema educatiu Finland\u00e8s<\/li>\n<li>Viure el dia a dia amb una fam\u00edlia Finlandesa<\/li>\n<li>Fer amistats en un altre pa\u00eds molt diferent del nostre<\/li>\n<li>PRACTICAR LA LLENGUA ANGLESA!!<\/li>\n<\/ul>\n<\/li>\n<\/ul>\n<p>Ser\u00e0 una experi\u00e8ncia molt positiva i enriquidora tant des del punt de vista educatiu com personal, que ben segur recordaran sempre.<\/p>\n","protected":false},"excerpt":{"rendered":"<p>Intercanvi amb un institut de Finl\u00e0ndia. OBJECTIU DE L&#8217;INTERCANVI Viure una experi\u00e8ncia \u00fanica!!!! Aprendre sobre la cultura Finlandesa Aprendre sobre el sistema educatiu Finland\u00e8s Viure el dia a dia amb una fam\u00edlia Finlandesa Fer amistats en un altre pa\u00eds molt diferent del nostre PRACTICAR LA LLENGUA ANGLESA!! Ser\u00e0 una experi\u00e8ncia molt positiva i enriquidora tant [&hellip;]<\/p>\n","protected":false},"author":1,"featured_media":0,"parent":0,"menu_order":0,"comment_status":"closed","ping_status":"closed","template":"","meta":{"_bbp_topic_count":0,"_bbp_reply_count":0,"_bbp_total_topic_count":0,"_bbp_total_reply_count":0,"_bbp_voice_count":0,"_bbp_anonymous_reply_count":0,"_bbp_topic_count_hidden":0,"_bbp_reply_count_hidden":0,"_bbp_forum_subforum_count":0,"site-sidebar-layout":"default","site-content-layout":"","ast-site-content-layout":"","site-content-style":"default","site-sidebar-style":"default","ast-global-header-display":"","ast-banner-title-visibility":"","ast-main-header-display":"","ast-hfb-above-header-display":"","ast-hfb-below-header-display":"","ast-hfb-mobile-header-display":"","site-post-title":"","ast-breadcrumbs-content":"","ast-featured-img":"","footer-sml-layout":"","theme-transparent-header-meta":"","adv-header-id-meta":"","stick-header-meta":"","header-above-stick-meta":"","header-main-stick-meta":"","header-below-stick-meta":"","astra-migrate-meta-layouts":"default","ast-page-background-enabled":"default","ast-page-background-meta":{"desktop":{"background-color":"var(--ast-global-color-4)","background-image":"","background-repeat":"repeat","background-position":"center center","background-size":"auto","background-attachment":"scroll","background-type":"","background-media":"","overlay-type":"","overlay-color":"","overlay-opacity":"","overlay-gradient":""},"tablet":{"background-color":"","background-image":"","background-repeat":"repeat","background-position":"center center","background-size":"auto","background-attachment":"scroll","background-type":"","background-media":"","overlay-type":"","overlay-color":"","overlay-opacity":"","overlay-gradient":""},"mobile":{"background-color":"","background-image":"","background-repeat":"repeat","background-position":"center center","background-size":"auto","background-attachment":"scroll","background-type":"","background-media":"","overlay-type":"","overlay-color":"","overlay-opacity":"","overlay-gradient":""}},"ast-content-background-meta":{"desktop":{"background-color":"var(--ast-global-color-5)","background-image":"","background-repeat":"repeat","background-position":"center center","background-size":"auto","background-attachment":"scroll","background-type":"","background-media":"","overlay-type":"","overlay-color":"","overlay-opacity":"","overlay-gradient":""},"tablet":{"background-color":"var(--ast-global-color-5)","background-image":"","background-repeat":"repeat","background-position":"center center","background-size":"auto","background-attachment":"scroll","background-type":"","background-media":"","overlay-type":"","overlay-color":"","overlay-opacity":"","overlay-gradient":""},"mobile":{"background-color":"var(--ast-global-color-5)","background-image":"","background-repeat":"repeat","background-position":"center center","background-size":"auto","background-attachment":"scroll","background-type":"","background-media":"","overlay-type":"","overlay-color":"","overlay-opacity":"","overlay-gradient":""}},"footnotes":""},"class_list":["post-1821","page","type-page","status-publish","hentry"],"post_mailing_queue_ids":[],"_links":{"self":[{"href":"https:\/\/agora.xtec.cat\/insmariadebell-lloc\/wp-json\/wp\/v2\/pages\/1821","targetHints":{"allow":["GET"]}}],"collection":[{"href":"https:\/\/agora.xtec.cat\/insmariadebell-lloc\/wp-json\/wp\/v2\/pages"}],"about":[{"href":"https:\/\/agora.xtec.cat\/insmariadebell-lloc\/wp-json\/wp\/v2\/types\/page"}],"author":[{"embeddable":true,"href":"https:\/\/agora.xtec.cat\/insmariadebell-lloc\/wp-json\/wp\/v2\/users\/1"}],"replies":[{"embeddable":true,"href":"https:\/\/agora.xtec.cat\/insmariadebell-lloc\/wp-json\/wp\/v2\/comments?post=1821"}],"version-history":[{"count":3,"href":"https:\/\/agora.xtec.cat\/insmariadebell-lloc\/wp-json\/wp\/v2\/pages\/1821\/revisions"}],"predecessor-version":[{"id":2935,"href":"https:\/\/agora.xtec.cat\/insmariadebell-lloc\/wp-json\/wp\/v2\/pages\/1821\/revisions\/2935"}],"wp:attachment":[{"href":"https:\/\/agora.xtec.cat\/insmariadebell-lloc\/wp-json\/wp\/v2\/media?parent=1821"}],"curies":[{"name":"wp","href":"https:\/\/api.w.org\/{rel}","templated":true}]}}