{"id":1805,"date":"2021-02-16T15:21:29","date_gmt":"2021-02-16T14:21:29","guid":{"rendered":"https:\/\/agora.xtec.cat\/insmariadebell-lloc\/?page_id=1805"},"modified":"2025-12-11T13:09:47","modified_gmt":"2025-12-11T12:09:47","slug":"membres","status":"publish","type":"page","link":"https:\/\/agora.xtec.cat\/insmariadebell-lloc\/linstitut\/consell-escolar\/membres\/","title":{"rendered":"Membres"},"content":{"rendered":"<p dir=\"ltr\">Actualment el Consell Escolar est\u00e0 format pels seg\u00fcents representants:<\/p>\n<ul>\n<li><strong>Sector Alumnat<\/strong>: Mariona Sant\u00edn i Gil Camp.<\/li>\n<li><strong>Sector Fam\u00edlies<\/strong>: Jordi Castell\u00e0, N\u00faria Morera, \u00c1ngel Moreno i Silvia Herrera.<\/li>\n<li><strong>Sector AFA:<\/strong> Ana Maria Burniol.<\/li>\n<li><strong>Sector Professorat<\/strong>: Berta Farn\u00e9s, Pepa Olmos, Francesc Badell, Paqui Sierra i Yolanda Jim\u00e9nez.<\/li>\n<li><strong>Sector PAS<\/strong>: Laura S\u00e1nchez.<\/li>\n<li><strong>Representant ajuntament<\/strong>: Eva Mart\u00ednez.<\/li>\n<li><strong>Sector Junta directiva<\/strong>: Anna Camprub\u00ed \u2013 Directora, Encarna Bernab\u00e9 \u2013 Cap d\u2019estudis i\u00a0 Montserrat Zapater \u2013 Secret\u00e0ria.<\/li>\n<\/ul>\n","protected":false},"excerpt":{"rendered":"<p>Actualment el Consell Escolar est\u00e0 format pels seg\u00fcents representants: Sector Alumnat: Mariona Sant\u00edn i Gil Camp. Sector Fam\u00edlies: Jordi Castell\u00e0, N\u00faria Morera, \u00c1ngel Moreno i Silvia Herrera. Sector AFA: Ana Maria Burniol. Sector Professorat: Berta Farn\u00e9s, Pepa Olmos, Francesc Badell, Paqui Sierra i Yolanda Jim\u00e9nez. Sector PAS: Laura S\u00e1nchez. Representant ajuntament: Eva Mart\u00ednez. Sector Junta [&hellip;]<\/p>\n","protected":false},"author":1,"featured_media":0,"parent":43,"menu_order":0,"comment_status":"closed","ping_status":"closed","template":"","meta":{"_bbp_topic_count":0,"_bbp_reply_count":0,"_bbp_total_topic_count":0,"_bbp_total_reply_count":0,"_bbp_voice_count":0,"_bbp_anonymous_reply_count":0,"_bbp_topic_count_hidden":0,"_bbp_reply_count_hidden":0,"_bbp_forum_subforum_count":0,"site-sidebar-layout":"default","site-content-layout":"","ast-site-content-layout":"default","site-content-style":"default","site-sidebar-style":"default","ast-global-header-display":"","ast-banner-title-visibility":"","ast-main-header-display":"","ast-hfb-above-header-display":"","ast-hfb-below-header-display":"","ast-hfb-mobile-header-display":"","site-post-title":"","ast-breadcrumbs-content":"","ast-featured-img":"","footer-sml-layout":"","theme-transparent-header-meta":"","adv-header-id-meta":"","stick-header-meta":"","header-above-stick-meta":"","header-main-stick-meta":"","header-below-stick-meta":"","astra-migrate-meta-layouts":"set","ast-page-background-enabled":"default","ast-page-background-meta":{"desktop":{"background-color":"var(--ast-global-color-4)","background-image":"","background-repeat":"repeat","background-position":"center center","background-size":"auto","background-attachment":"scroll","background-type":"","background-media":"","overlay-type":"","overlay-color":"","overlay-opacity":"","overlay-gradient":""},"tablet":{"background-color":"","background-image":"","background-repeat":"repeat","background-position":"center center","background-size":"auto","background-attachment":"scroll","background-type":"","background-media":"","overlay-type":"","overlay-color":"","overlay-opacity":"","overlay-gradient":""},"mobile":{"background-color":"","background-image":"","background-repeat":"repeat","background-position":"center center","background-size":"auto","background-attachment":"scroll","background-type":"","background-media":"","overlay-type":"","overlay-color":"","overlay-opacity":"","overlay-gradient":""}},"ast-content-background-meta":{"desktop":{"background-color":"var(--ast-global-color-5)","background-image":"","background-repeat":"repeat","background-position":"center center","background-size":"auto","background-attachment":"scroll","background-type":"","background-media":"","overlay-type":"","overlay-color":"","overlay-opacity":"","overlay-gradient":""},"tablet":{"background-color":"var(--ast-global-color-5)","background-image":"","background-repeat":"repeat","background-position":"center center","background-size":"auto","background-attachment":"scroll","background-type":"","background-media":"","overlay-type":"","overlay-color":"","overlay-opacity":"","overlay-gradient":""},"mobile":{"background-color":"var(--ast-global-color-5)","background-image":"","background-repeat":"repeat","background-position":"center center","background-size":"auto","background-attachment":"scroll","background-type":"","background-media":"","overlay-type":"","overlay-color":"","overlay-opacity":"","overlay-gradient":""}},"footnotes":""},"class_list":["post-1805","page","type-page","status-publish","hentry"],"post_mailing_queue_ids":[],"_links":{"self":[{"href":"https:\/\/agora.xtec.cat\/insmariadebell-lloc\/wp-json\/wp\/v2\/pages\/1805","targetHints":{"allow":["GET"]}}],"collection":[{"href":"https:\/\/agora.xtec.cat\/insmariadebell-lloc\/wp-json\/wp\/v2\/pages"}],"about":[{"href":"https:\/\/agora.xtec.cat\/insmariadebell-lloc\/wp-json\/wp\/v2\/types\/page"}],"author":[{"embeddable":true,"href":"https:\/\/agora.xtec.cat\/insmariadebell-lloc\/wp-json\/wp\/v2\/users\/1"}],"replies":[{"embeddable":true,"href":"https:\/\/agora.xtec.cat\/insmariadebell-lloc\/wp-json\/wp\/v2\/comments?post=1805"}],"version-history":[{"count":6,"href":"https:\/\/agora.xtec.cat\/insmariadebell-lloc\/wp-json\/wp\/v2\/pages\/1805\/revisions"}],"predecessor-version":[{"id":4421,"href":"https:\/\/agora.xtec.cat\/insmariadebell-lloc\/wp-json\/wp\/v2\/pages\/1805\/revisions\/4421"}],"up":[{"embeddable":true,"href":"https:\/\/agora.xtec.cat\/insmariadebell-lloc\/wp-json\/wp\/v2\/pages\/43"}],"wp:attachment":[{"href":"https:\/\/agora.xtec.cat\/insmariadebell-lloc\/wp-json\/wp\/v2\/media?parent=1805"}],"curies":[{"name":"wp","href":"https:\/\/api.w.org\/{rel}","templated":true}]}}