{"id":698,"date":"2018-07-26T18:46:02","date_gmt":"2018-07-26T16:46:02","guid":{"rendered":"http:\/\/agora.xtec.cat\/insmariacanela\/?page_id=698"},"modified":"2019-03-26T11:24:58","modified_gmt":"2019-03-26T10:24:58","slug":"tic","status":"publish","type":"page","link":"https:\/\/agora.xtec.cat\/insmariacanela\/projectes\/experiencies-cientificotecniques\/tic\/","title":{"rendered":"TIC"},"content":{"rendered":"<p><span style=\"color: #339966;\"><strong>4t d&#8217;ESO TIC<\/strong><\/span><\/p>\n<p><a href=\"https:\/\/agora.xtec.cat\/insmariacanela\/wp-content\/uploads\/usu413\/2019\/03\/Tic-Blog.png\"><img loading=\"lazy\" decoding=\"async\" class=\"alignnone  wp-image-1258\" src=\"https:\/\/agora.xtec.cat\/insmariacanela\/wp-content\/uploads\/usu413\/2019\/03\/Tic-Blog-1024x576.png\" alt=\"\" width=\"408\" height=\"230\" srcset=\"https:\/\/agora.xtec.cat\/insmariacanela\/wp-content\/uploads\/usu413\/2019\/03\/Tic-Blog-1024x576.png 1024w, https:\/\/agora.xtec.cat\/insmariacanela\/wp-content\/uploads\/usu413\/2019\/03\/Tic-Blog-300x169.png 300w, https:\/\/agora.xtec.cat\/insmariacanela\/wp-content\/uploads\/usu413\/2019\/03\/Tic-Blog-768x432.png 768w, https:\/\/agora.xtec.cat\/insmariacanela\/wp-content\/uploads\/usu413\/2019\/03\/Tic-Blog.png 1600w\" sizes=\"auto, (max-width: 408px) 100vw, 408px\" \/><\/a>\u00a0 \u00a0<a href=\"https:\/\/agora.xtec.cat\/insmariacanela\/wp-content\/uploads\/usu413\/2019\/03\/TIC-youtube.png\"><img loading=\"lazy\" decoding=\"async\" class=\"alignnone  wp-image-1259\" src=\"https:\/\/agora.xtec.cat\/insmariacanela\/wp-content\/uploads\/usu413\/2019\/03\/TIC-youtube-1024x576.png\" alt=\"\" width=\"410\" height=\"231\" srcset=\"https:\/\/agora.xtec.cat\/insmariacanela\/wp-content\/uploads\/usu413\/2019\/03\/TIC-youtube-1024x576.png 1024w, https:\/\/agora.xtec.cat\/insmariacanela\/wp-content\/uploads\/usu413\/2019\/03\/TIC-youtube-300x169.png 300w, https:\/\/agora.xtec.cat\/insmariacanela\/wp-content\/uploads\/usu413\/2019\/03\/TIC-youtube-768x432.png 768w, https:\/\/agora.xtec.cat\/insmariacanela\/wp-content\/uploads\/usu413\/2019\/03\/TIC-youtube.png 1600w\" sizes=\"auto, (max-width: 410px) 100vw, 410px\" \/><\/a><\/p>\n<p>Unitat\u00a01:<em><strong>\u00a0<\/strong><a href=\"http:\/\/simartorelltic.blogspot.com.es\/2017\/01\/ud1-activitats-de-presentacions-fulls.html\" target=\"_blank\" rel=\"noopener noreferrer\">Realitzaci\u00f3 de presentacions interactives. Fulls de c\u00e0lcul i basses de dades.\u00a0<\/a><\/em><br \/>\nUnitat\u00a01:<em>\u00a0<a href=\"http:\/\/simartorelltic.blogspot.com.es\/2018\/01\/ud1-activitats-writer.html\" target=\"_blank\" rel=\"noopener noreferrer\">Activitats Writer<\/a><\/em><br \/>\nUnitat 2:<em>\u00a0<a href=\"http:\/\/simartorelltic.blogspot.com.es\/2017\/03\/ud3-edicio-daudio.html\" target=\"_blank\" rel=\"noopener noreferrer\">Edici\u00f3 d&#8217;\u00e0udio.<\/a><\/em><br \/>\nUnitat 3:<em>\u00a0<a href=\"http:\/\/simartorelltic.blogspot.com.es\/2017\/11\/realitza-un-foto-muntatge-i-un-meme-amb.html\" target=\"_blank\" rel=\"noopener noreferrer\">Realitza un foto muntatge i un meme.<\/a><\/em><br \/>\nUnitat 3:<em>\u00a0<a href=\"http:\/\/simartorelltic.blogspot.com.es\/2017\/11\/ud1-elimina-parts-duna-imatge-restaura.html\" target=\"_blank\" rel=\"noopener noreferrer\">\u00a0Elimina parts d\u2019una imatge, restaura fotos i treu arruges.<\/a><\/em><br \/>\nUnitat 4:<em>\u00a0<a href=\"http:\/\/simartorelltic.blogspot.com.es\/2017\/03\/efecte-avatar.html\" target=\"_blank\" rel=\"noopener noreferrer\">GIMP.- Efecte Avatar<\/a><\/em><br \/>\nUnitat 4:<em>\u00a0<a href=\"http:\/\/simartorelltic.blogspot.com.es\/2017\/11\/ud1-practica-4-gimp-efecte-terminator.html\" target=\"_blank\" rel=\"noopener noreferrer\">GIMP.- Efecte Terminator.<\/a><\/em><br \/>\nUnitat 4:<em><strong>\u00a0<\/strong><a href=\"http:\/\/simartorelltic.blogspot.com.es\/2017\/12\/ud1-practica-5-gimp-efecte-zombi.html\" target=\"_blank\" rel=\"noopener noreferrer\">GIMP.- Efecte Zombi.<\/a><\/em><br \/>\nUnitat 5:<em>\u00a0<a href=\"http:\/\/simartorelltic.blogspot.com.es\/2017\/03\/ud3-edicio-de-video.html\" target=\"_blank\" rel=\"noopener noreferrer\">Edici\u00f3 de v\u00eddeo b\u00e0sic (MovieMaker).<\/a><\/em><br \/>\nUnitat 6:<em>\u00a0<a href=\"http:\/\/simartorelltic.blogspot.com.es\/2018\/02\/ud1-edicio-de-video-fem-un-gameplay.html\" target=\"_blank\" rel=\"noopener noreferrer\">Edici\u00f3 de v\u00eddeo Fem un GamePlay<\/a><\/em><br \/>\nUnitat 6:<em>\u00a0<a href=\"http:\/\/simartorelltic.blogspot.com.es\/2018\/03\/ud3-creacio-del-teu-blog.html\" target=\"_blank\" rel=\"noopener noreferrer\">Creaci\u00f3 del teu blog personalitzat<\/a><\/em><br \/>\nUnitat 6:<em>\u00a0<a href=\"http:\/\/simartorelltic.blogspot.com.es\/p\/ud2-crea-i-personalitza-la-teva-pagina.html\" target=\"_blank\" rel=\"noopener noreferrer\">Crea i personalitza la teva p\u00e0gina WEB amb WIX<\/a><\/em><br \/>\nUnitat 7:\u00a0<em><a href=\"http:\/\/simartorelltic.blogspot.com.es\/p\/descripcio-amb-aquesta-activitat.html\" target=\"_blank\" rel=\"noopener noreferrer\">Crea aplicacions per a m\u00f2bils amb APPinventor &#8220;HolaGatito&#8221;<\/a><\/em><br \/>\nUnitat 7:<em>\u00a0<a href=\"http:\/\/simartorelltic.blogspot.com.es\/p\/blog-page.html\" target=\"_blank\" rel=\"noopener noreferrer\">Crea aplicacions per a m\u00f2bils amb APPinventor &#8220;Bola M\u00e1gica&#8221;<\/a><br \/>\n<\/em>Unitat 7:\u00a0<em><a href=\"http:\/\/simartorelltic.blogspot.com.es\/p\/descripcio-en-aquesta-nova-aprendras.html\" target=\"_blank\" rel=\"noopener noreferrer\">Crea aplicacions per a m\u00f2bils amb APPinventor &#8220;Topo golpeado&#8221;<\/a><\/em><em><br \/>\n<\/em>Unitat 7:\u00a0<a href=\"http:\/\/simartorelltic.blogspot.com.es\/p\/descripcio-en-aquesta-nova-activitat.html\" target=\"_blank\" rel=\"noopener noreferrer\"><em>Crea aplicacions per a m\u00f2bils amb APPinventor &#8220;WhatsAPPinventor&#8221;<\/em><\/a><\/p>\n","protected":false},"excerpt":{"rendered":"<p>4t d&#8217;ESO TIC \u00a0 \u00a0 Unitat\u00a01:\u00a0Realitzaci\u00f3 de presentacions interactives. Fulls de c\u00e0lcul i basses de dades.\u00a0 Unitat\u00a01:\u00a0Activitats Writer Unitat 2:\u00a0Edici\u00f3 d&#8217;\u00e0udio. Unitat 3:\u00a0Realitza un foto muntatge i un meme. Unitat 3:\u00a0\u00a0Elimina parts d\u2019una imatge, restaura fotos i treu arruges. Unitat 4:\u00a0GIMP.- Efecte Avatar Unitat 4:\u00a0GIMP.- Efecte Terminator. Unitat 4:\u00a0GIMP.- Efecte Zombi. Unitat 5:\u00a0Edici\u00f3 de v\u00eddeo [&hellip;]<\/p>\n","protected":false},"author":1,"featured_media":0,"parent":641,"menu_order":3,"comment_status":"closed","ping_status":"closed","template":"page-templates\/side-menu.php","meta":{"_bbp_topic_count":0,"_bbp_reply_count":0,"_bbp_total_topic_count":0,"_bbp_total_reply_count":0,"_bbp_voice_count":0,"_bbp_anonymous_reply_count":0,"_bbp_topic_count_hidden":0,"_bbp_reply_count_hidden":0,"_bbp_forum_subforum_count":0,"site-sidebar-layout":"default","site-content-layout":"","ast-site-content-layout":"","site-content-style":"default","site-sidebar-style":"default","ast-global-header-display":"","ast-banner-title-visibility":"","ast-main-header-display":"","ast-hfb-above-header-display":"","ast-hfb-below-header-display":"","ast-hfb-mobile-header-display":"","site-post-title":"","ast-breadcrumbs-content":"","ast-featured-img":"","footer-sml-layout":"","theme-transparent-header-meta":"","adv-header-id-meta":"","stick-header-meta":"","header-above-stick-meta":"","header-main-stick-meta":"","header-below-stick-meta":"","astra-migrate-meta-layouts":"default","ast-page-background-enabled":"default","ast-page-background-meta":{"desktop":{"background-color":"var(--ast-global-color-4)","background-image":"","background-repeat":"repeat","background-position":"center center","background-size":"auto","background-attachment":"scroll","background-type":"","background-media":"","overlay-type":"","overlay-color":"","overlay-opacity":"","overlay-gradient":""},"tablet":{"background-color":"","background-image":"","background-repeat":"repeat","background-position":"center center","background-size":"auto","background-attachment":"scroll","background-type":"","background-media":"","overlay-type":"","overlay-color":"","overlay-opacity":"","overlay-gradient":""},"mobile":{"background-color":"","background-image":"","background-repeat":"repeat","background-position":"center center","background-size":"auto","background-attachment":"scroll","background-type":"","background-media":"","overlay-type":"","overlay-color":"","overlay-opacity":"","overlay-gradient":""}},"ast-content-background-meta":{"desktop":{"background-color":"var(--ast-global-color-5)","background-image":"","background-repeat":"repeat","background-position":"center center","background-size":"auto","background-attachment":"scroll","background-type":"","background-media":"","overlay-type":"","overlay-color":"","overlay-opacity":"","overlay-gradient":""},"tablet":{"background-color":"var(--ast-global-color-5)","background-image":"","background-repeat":"repeat","background-position":"center center","background-size":"auto","background-attachment":"scroll","background-type":"","background-media":"","overlay-type":"","overlay-color":"","overlay-opacity":"","overlay-gradient":""},"mobile":{"background-color":"var(--ast-global-color-5)","background-image":"","background-repeat":"repeat","background-position":"center center","background-size":"auto","background-attachment":"scroll","background-type":"","background-media":"","overlay-type":"","overlay-color":"","overlay-opacity":"","overlay-gradient":""}},"footnotes":""},"class_list":["post-698","page","type-page","status-publish","hentry"],"post_mailing_queue_ids":[],"_links":{"self":[{"href":"https:\/\/agora.xtec.cat\/insmariacanela\/wp-json\/wp\/v2\/pages\/698","targetHints":{"allow":["GET"]}}],"collection":[{"href":"https:\/\/agora.xtec.cat\/insmariacanela\/wp-json\/wp\/v2\/pages"}],"about":[{"href":"https:\/\/agora.xtec.cat\/insmariacanela\/wp-json\/wp\/v2\/types\/page"}],"author":[{"embeddable":true,"href":"https:\/\/agora.xtec.cat\/insmariacanela\/wp-json\/wp\/v2\/users\/1"}],"replies":[{"embeddable":true,"href":"https:\/\/agora.xtec.cat\/insmariacanela\/wp-json\/wp\/v2\/comments?post=698"}],"version-history":[{"count":3,"href":"https:\/\/agora.xtec.cat\/insmariacanela\/wp-json\/wp\/v2\/pages\/698\/revisions"}],"predecessor-version":[{"id":1260,"href":"https:\/\/agora.xtec.cat\/insmariacanela\/wp-json\/wp\/v2\/pages\/698\/revisions\/1260"}],"up":[{"embeddable":true,"href":"https:\/\/agora.xtec.cat\/insmariacanela\/wp-json\/wp\/v2\/pages\/641"}],"wp:attachment":[{"href":"https:\/\/agora.xtec.cat\/insmariacanela\/wp-json\/wp\/v2\/media?parent=698"}],"curies":[{"name":"wp","href":"https:\/\/api.w.org\/{rel}","templated":true}]}}