{"id":696,"date":"2018-07-26T18:45:36","date_gmt":"2018-07-26T16:45:36","guid":{"rendered":"http:\/\/agora.xtec.cat\/insmariacanela\/?page_id=696"},"modified":"2019-03-26T11:28:51","modified_gmt":"2019-03-26T10:28:51","slug":"tecnologia","status":"publish","type":"page","link":"https:\/\/agora.xtec.cat\/insmariacanela\/projectes\/experiencies-cientificotecniques\/tecnologia\/","title":{"rendered":"Tecnologia"},"content":{"rendered":"<p><span style=\"color: #339966;\"><strong>Primer, segon i tercer d&#8217;ESO:<\/strong><\/span><\/p>\n<p><a href=\"https:\/\/agora.xtec.cat\/insmariacanela\/wp-content\/uploads\/usu413\/2019\/03\/CIMG2021.jpg\">\u00a0\u00a0<img loading=\"lazy\" decoding=\"async\" class=\"alignnone wp-image-1261\" src=\"https:\/\/agora.xtec.cat\/insmariacanela\/wp-content\/uploads\/usu413\/2019\/03\/CIMG2021-1024x768.jpg\" alt=\"\" width=\"430\" height=\"322\" srcset=\"https:\/\/agora.xtec.cat\/insmariacanela\/wp-content\/uploads\/usu413\/2019\/03\/CIMG2021-1024x768.jpg 1024w, https:\/\/agora.xtec.cat\/insmariacanela\/wp-content\/uploads\/usu413\/2019\/03\/CIMG2021-300x225.jpg 300w, https:\/\/agora.xtec.cat\/insmariacanela\/wp-content\/uploads\/usu413\/2019\/03\/CIMG2021-768x576.jpg 768w, https:\/\/agora.xtec.cat\/insmariacanela\/wp-content\/uploads\/usu413\/2019\/03\/CIMG2021-200x150.jpg 200w\" sizes=\"auto, (max-width: 430px) 100vw, 430px\" \/><\/a>\u00a0 \u00a0<a href=\"https:\/\/agora.xtec.cat\/insmariacanela\/wp-content\/uploads\/usu413\/2019\/03\/CIMG2032.jpg\"><img loading=\"lazy\" decoding=\"async\" class=\"alignnone wp-image-1262\" src=\"https:\/\/agora.xtec.cat\/insmariacanela\/wp-content\/uploads\/usu413\/2019\/03\/CIMG2032-1024x768.jpg\" alt=\"\" width=\"431\" height=\"323\" srcset=\"https:\/\/agora.xtec.cat\/insmariacanela\/wp-content\/uploads\/usu413\/2019\/03\/CIMG2032-1024x768.jpg 1024w, https:\/\/agora.xtec.cat\/insmariacanela\/wp-content\/uploads\/usu413\/2019\/03\/CIMG2032-300x225.jpg 300w, https:\/\/agora.xtec.cat\/insmariacanela\/wp-content\/uploads\/usu413\/2019\/03\/CIMG2032-768x576.jpg 768w, https:\/\/agora.xtec.cat\/insmariacanela\/wp-content\/uploads\/usu413\/2019\/03\/CIMG2032-200x150.jpg 200w\" sizes=\"auto, (max-width: 431px) 100vw, 431px\" \/><\/a><\/p>\n<p><a href=\"http:\/\/agora.xtec.cat\/insmariacanela\/wp-content\/uploads\/usu413\/2018\/07\/tec-jose.jpg\"><img loading=\"lazy\" decoding=\"async\" class=\"alignnone size-large wp-image-718\" src=\"http:\/\/agora.xtec.cat\/insmariacanela\/wp-content\/uploads\/usu413\/2018\/07\/tec-jose-1024x686.jpg\" alt=\"\" width=\"1024\" height=\"686\" srcset=\"https:\/\/agora.xtec.cat\/insmariacanela\/wp-content\/uploads\/usu413\/2018\/07\/tec-jose-1024x686.jpg 1024w, https:\/\/agora.xtec.cat\/insmariacanela\/wp-content\/uploads\/usu413\/2018\/07\/tec-jose-300x201.jpg 300w, https:\/\/agora.xtec.cat\/insmariacanela\/wp-content\/uploads\/usu413\/2018\/07\/tec-jose-768x514.jpg 768w, https:\/\/agora.xtec.cat\/insmariacanela\/wp-content\/uploads\/usu413\/2018\/07\/tec-jose.jpg 1102w\" sizes=\"auto, (max-width: 1024px) 100vw, 1024px\" \/><\/a><\/p>\n<p><span style=\"color: #339966;\"><strong>4t ESO:<\/strong><\/span><\/p>\n<p><span style=\"color: #000000;\">Unitat\u00a01:<\/span><em><span style=\"color: #000000;\"><strong>\u00a0<\/strong><a style=\"color: #000000;\" href=\"https:\/\/simartorelltecno.blogspot.com.es\/2017\/10\/ud4-practica-1-led-intermitent.html\" target=\"_blank\" rel=\"noopener noreferrer\">Led intermitent amb diferents temporizacions<\/a><\/span><\/em><br \/>\n<span style=\"color: #000000;\">Unitat 2:<\/span><em><span style=\"color: #000000;\">\u00a0<a style=\"color: #000000;\" href=\"https:\/\/simartorelltecno.blogspot.com.es\/2017\/11\/ud4-practica-2-cotxe-fantastic.html\" target=\"_blank\" rel=\"noopener noreferrer\">Efecte cotxe fant\u00e0stic amb diferents modes<\/a><\/span><\/em><br \/>\n<span style=\"color: #000000;\">Unitat 3:\u00a0<\/span><em><span style=\"color: #000000;\"><a style=\"color: #000000;\" href=\"https:\/\/simartorelltecno.blogspot.com.es\/2017\/11\/ud2-simulacio-pneumatica-amb-fluidsim.html\" target=\"_blank\" rel=\"noopener noreferrer\">Simulaci\u00f3 de diferents circuits amb FluidSIM<\/a><\/span><\/em><br \/>\n<span style=\"color: #000000;\">Unitat 4:<\/span><em><span style=\"color: #000000;\">\u00a0<a style=\"color: #000000;\" href=\"https:\/\/simartorelltecno.blogspot.com.es\/2017\/11\/ud4-practica-3-entrades-i-sortides.html\" target=\"_blank\" rel=\"noopener noreferrer\">Led m\u00e9s Polsador. Versi\u00f3 electricitat i programable<\/a><\/span><\/em><br \/>\n<span style=\"color: #000000;\">Unitat 4:<\/span><em><span style=\"color: #000000;\">\u00a0<a style=\"color: #000000;\" href=\"https:\/\/simartorelltecno.blogspot.com.es\/2017\/11\/ud4-practica-3-entrades-i-sortides.html\" target=\"_blank\" rel=\"noopener noreferrer\">Led m\u00e9s LDR: Versi\u00f3 electr\u00f2nica i programable<\/a><\/span><\/em><br \/>\n<span style=\"color: #000000;\">Unitat 4:<\/span><em><span style=\"color: #000000;\">\u00a0<a style=\"color: #000000;\" href=\"https:\/\/simartorelltecno.blogspot.com.es\/2017\/11\/ud4-practica-3-entrades-i-sortides.html\" target=\"_blank\" rel=\"noopener noreferrer\">Led m\u00e9s potenci\u00f2metre<\/a><\/span><\/em><br \/>\n<span style=\"color: #000000;\">Unitat 4:<\/span><em><span style=\"color: #000000;\">\u00a0<a style=\"color: #000000;\" href=\"https:\/\/simartorelltecno.blogspot.com.es\/2017\/11\/ud4-practica-3-entrades-i-sortides.html\">Cano Laser<\/a><\/span><\/em><br \/>\n<span style=\"color: #000000;\">Unitat 4:<\/span><span style=\"color: #000000;\"><strong>\u00a0<\/strong><\/span><em><span style=\"color: #000000;\"><a style=\"color: #000000;\" href=\"https:\/\/simartorelltecno.blogspot.com.es\/2018\/01\/ud4-practica-5-sensor-de-parquing.html\" target=\"_blank\" rel=\"noopener noreferrer\">Control Servo<\/a><\/span><\/em><br \/>\n<span style=\"color: #000000;\">Unitat 5:<\/span><em><span style=\"color: #000000;\">\u00a0<a style=\"color: #000000;\" href=\"https:\/\/simartorelltecno.blogspot.com.es\/2017\/11\/ud4-practica-3-entrades-i-sortides.html\" target=\"_blank\" rel=\"noopener noreferrer\">Sensor d&#8217;ultrasons<\/a><\/span><\/em><br \/>\n<span style=\"color: #000000;\">Unitat 6:\u00a0<\/span><em><span style=\"color: #000000;\"><a style=\"color: #000000;\" href=\"https:\/\/simartorelltecno.blogspot.com.es\/p\/ud4-practica-6-dimmer-rgb.html\" target=\"_blank\" rel=\"noopener noreferrer\">Dimmer RGB<\/a><\/span><\/em><br \/>\n<span style=\"color: #000000;\">Unitat 7:\u00a0<\/span><em><span style=\"color: #000000;\"><a style=\"color: #000000;\" href=\"https:\/\/simartorelltecno.blogspot.com.es\/p\/descripcio-en-aquesta-practica.html\" target=\"_blank\" rel=\"noopener noreferrer\">Parking 3 cotxes<\/a><\/span><\/em><br \/>\n<span style=\"color: #000000;\">Unitat 8:<\/span><em><span style=\"color: #000000;\">\u00a0<a style=\"color: #000000;\" href=\"https:\/\/simartorelltecno.blogspot.com.es\/p\/descripcio-es-questa-practica-aprendras.html\" target=\"_blank\" rel=\"noopener noreferrer\">Teclat matricial 4X4<\/a><\/span><\/em><br \/>\n<span style=\"color: #000000;\">Unitat 9:<\/span><em><span style=\"color: #000000;\">\u00a0<a style=\"color: #000000;\" href=\"https:\/\/simartorelltecno.blogspot.com.es\/p\/descripcio-en-aquesta-practica-muntaras.html\" target=\"_blank\" rel=\"noopener noreferrer\">LCD 16X2<\/a><br \/>\n<\/span><\/em><span style=\"color: #000000;\">Unitat 10:<\/span><em><span style=\"color: #000000;\">\u00a0<a style=\"color: #000000;\" href=\"https:\/\/simartorelltecno.blogspot.com.es\/p\/descripcio-en-aquesta-practica_22.html\" target=\"_blank\" rel=\"noopener noreferrer\">Estaci\u00f3 Meteorol\u00f2gica<\/a><\/span><\/em><\/p>\n<p>&nbsp;<\/p>\n","protected":false},"excerpt":{"rendered":"<p>Primer, segon i tercer d&#8217;ESO: \u00a0\u00a0\u00a0 \u00a0 4t ESO: Unitat\u00a01:\u00a0Led intermitent amb diferents temporizacions Unitat 2:\u00a0Efecte cotxe fant\u00e0stic amb diferents modes Unitat 3:\u00a0Simulaci\u00f3 de diferents circuits amb FluidSIM Unitat 4:\u00a0Led m\u00e9s Polsador. Versi\u00f3 electricitat i programable Unitat 4:\u00a0Led m\u00e9s LDR: Versi\u00f3 electr\u00f2nica i programable Unitat 4:\u00a0Led m\u00e9s potenci\u00f2metre Unitat 4:\u00a0Cano Laser Unitat 4:\u00a0Control Servo Unitat [&hellip;]<\/p>\n","protected":false},"author":1,"featured_media":0,"parent":641,"menu_order":2,"comment_status":"closed","ping_status":"closed","template":"page-templates\/side-menu.php","meta":{"_bbp_topic_count":0,"_bbp_reply_count":0,"_bbp_total_topic_count":0,"_bbp_total_reply_count":0,"_bbp_voice_count":0,"_bbp_anonymous_reply_count":0,"_bbp_topic_count_hidden":0,"_bbp_reply_count_hidden":0,"_bbp_forum_subforum_count":0,"site-sidebar-layout":"default","site-content-layout":"","ast-site-content-layout":"","site-content-style":"default","site-sidebar-style":"default","ast-global-header-display":"","ast-banner-title-visibility":"","ast-main-header-display":"","ast-hfb-above-header-display":"","ast-hfb-below-header-display":"","ast-hfb-mobile-header-display":"","site-post-title":"","ast-breadcrumbs-content":"","ast-featured-img":"","footer-sml-layout":"","theme-transparent-header-meta":"","adv-header-id-meta":"","stick-header-meta":"","header-above-stick-meta":"","header-main-stick-meta":"","header-below-stick-meta":"","astra-migrate-meta-layouts":"default","ast-page-background-enabled":"default","ast-page-background-meta":{"desktop":{"background-color":"var(--ast-global-color-4)","background-image":"","background-repeat":"repeat","background-position":"center center","background-size":"auto","background-attachment":"scroll","background-type":"","background-media":"","overlay-type":"","overlay-color":"","overlay-opacity":"","overlay-gradient":""},"tablet":{"background-color":"","background-image":"","background-repeat":"repeat","background-position":"center center","background-size":"auto","background-attachment":"scroll","background-type":"","background-media":"","overlay-type":"","overlay-color":"","overlay-opacity":"","overlay-gradient":""},"mobile":{"background-color":"","background-image":"","background-repeat":"repeat","background-position":"center center","background-size":"auto","background-attachment":"scroll","background-type":"","background-media":"","overlay-type":"","overlay-color":"","overlay-opacity":"","overlay-gradient":""}},"ast-content-background-meta":{"desktop":{"background-color":"var(--ast-global-color-5)","background-image":"","background-repeat":"repeat","background-position":"center center","background-size":"auto","background-attachment":"scroll","background-type":"","background-media":"","overlay-type":"","overlay-color":"","overlay-opacity":"","overlay-gradient":""},"tablet":{"background-color":"var(--ast-global-color-5)","background-image":"","background-repeat":"repeat","background-position":"center center","background-size":"auto","background-attachment":"scroll","background-type":"","background-media":"","overlay-type":"","overlay-color":"","overlay-opacity":"","overlay-gradient":""},"mobile":{"background-color":"var(--ast-global-color-5)","background-image":"","background-repeat":"repeat","background-position":"center center","background-size":"auto","background-attachment":"scroll","background-type":"","background-media":"","overlay-type":"","overlay-color":"","overlay-opacity":"","overlay-gradient":""}},"footnotes":""},"class_list":["post-696","page","type-page","status-publish","hentry"],"post_mailing_queue_ids":[],"_links":{"self":[{"href":"https:\/\/agora.xtec.cat\/insmariacanela\/wp-json\/wp\/v2\/pages\/696","targetHints":{"allow":["GET"]}}],"collection":[{"href":"https:\/\/agora.xtec.cat\/insmariacanela\/wp-json\/wp\/v2\/pages"}],"about":[{"href":"https:\/\/agora.xtec.cat\/insmariacanela\/wp-json\/wp\/v2\/types\/page"}],"author":[{"embeddable":true,"href":"https:\/\/agora.xtec.cat\/insmariacanela\/wp-json\/wp\/v2\/users\/1"}],"replies":[{"embeddable":true,"href":"https:\/\/agora.xtec.cat\/insmariacanela\/wp-json\/wp\/v2\/comments?post=696"}],"version-history":[{"count":4,"href":"https:\/\/agora.xtec.cat\/insmariacanela\/wp-json\/wp\/v2\/pages\/696\/revisions"}],"predecessor-version":[{"id":719,"href":"https:\/\/agora.xtec.cat\/insmariacanela\/wp-json\/wp\/v2\/pages\/696\/revisions\/719"}],"up":[{"embeddable":true,"href":"https:\/\/agora.xtec.cat\/insmariacanela\/wp-json\/wp\/v2\/pages\/641"}],"wp:attachment":[{"href":"https:\/\/agora.xtec.cat\/insmariacanela\/wp-json\/wp\/v2\/media?parent=696"}],"curies":[{"name":"wp","href":"https:\/\/api.w.org\/{rel}","templated":true}]}}