{"id":649,"date":"2018-07-26T17:50:36","date_gmt":"2018-07-26T15:50:36","guid":{"rendered":"http:\/\/agora.xtec.cat\/insmariacanela\/?page_id=649"},"modified":"2026-01-27T17:45:24","modified_gmt":"2026-01-27T16:45:24","slug":"educacio-fisica-al-pavello","status":"publish","type":"page","link":"https:\/\/agora.xtec.cat\/insmariacanela\/projectes\/educacio-fisica-al-pavello\/","title":{"rendered":"Educaci\u00f3 F\u00edsica al pavell\u00f3"},"content":{"rendered":"<p style=\"text-align: justify;\">La pr\u00e0ctica esportiva de l&#8217;alumnat de l&#8217;Institut Maria Canela es realitza a les instal\u00b7lacions del Pavell\u00f3 Municipal d&#8217;Esport.<\/p>\n<p style=\"text-align: justify;\">Aquest pavell\u00f3 disposa d&#8217;una pista poliesportiva coberta i una pista poliesportiva semi-coberta, ambdues adaptables per aconseguir 2 camps de futbol sala, 5 pistes de b\u00e0squet, 2 pistes handbol, 5 camps d&#8217;hoquei sala i xarxes per a voleibol i b\u00e0dminton.<\/p>\n<ul>\n<li style=\"text-align: justify;\"><a href=\"http:\/\/www.martorell.cat\/pl3\/martorell\/guia\/equipaments-municipals\/id2\/pavello-esportiu-municipal.htm\">Pavell\u00f3 Esportiu Municipal de Martorell<\/a><\/li>\n<\/ul>\n<p><a href=\"http:\/\/agora.xtec.cat\/insmariacanela\/wp-content\/uploads\/usu413\/2018\/07\/image1.jpeg\"><img loading=\"lazy\" decoding=\"async\" class=\"alignnone size-full wp-image-687\" src=\"http:\/\/agora.xtec.cat\/insmariacanela\/wp-content\/uploads\/usu413\/2018\/07\/image1.jpeg\" alt=\"\" width=\"397\" height=\"298\" srcset=\"https:\/\/agora.xtec.cat\/insmariacanela\/wp-content\/uploads\/usu413\/2018\/07\/image1.jpeg 397w, https:\/\/agora.xtec.cat\/insmariacanela\/wp-content\/uploads\/usu413\/2018\/07\/image1-300x225.jpeg 300w, https:\/\/agora.xtec.cat\/insmariacanela\/wp-content\/uploads\/usu413\/2018\/07\/image1-200x150.jpeg 200w\" sizes=\"auto, (max-width: 397px) 100vw, 397px\" \/><\/a> <a href=\"http:\/\/agora.xtec.cat\/insmariacanela\/wp-content\/uploads\/usu413\/2018\/07\/IMG_0902.jpg\"><img loading=\"lazy\" decoding=\"async\" class=\"alignnone size-large wp-image-688\" src=\"http:\/\/agora.xtec.cat\/insmariacanela\/wp-content\/uploads\/usu413\/2018\/07\/IMG_0902.jpg\" alt=\"\" width=\"397\" height=\"298\" srcset=\"https:\/\/agora.xtec.cat\/insmariacanela\/wp-content\/uploads\/usu413\/2018\/07\/IMG_0902.jpg 397w, https:\/\/agora.xtec.cat\/insmariacanela\/wp-content\/uploads\/usu413\/2018\/07\/IMG_0902-300x225.jpg 300w, https:\/\/agora.xtec.cat\/insmariacanela\/wp-content\/uploads\/usu413\/2018\/07\/IMG_0902-200x150.jpg 200w\" sizes=\"auto, (max-width: 397px) 100vw, 397px\" \/><\/a> <a href=\"http:\/\/agora.xtec.cat\/insmariacanela\/wp-content\/uploads\/usu413\/2018\/07\/IMG_0916.jpg\"><img loading=\"lazy\" decoding=\"async\" class=\"alignnone size-large wp-image-689\" src=\"http:\/\/agora.xtec.cat\/insmariacanela\/wp-content\/uploads\/usu413\/2018\/07\/IMG_0916.jpg\" alt=\"\" width=\"397\" height=\"298\" srcset=\"https:\/\/agora.xtec.cat\/insmariacanela\/wp-content\/uploads\/usu413\/2018\/07\/IMG_0916.jpg 397w, https:\/\/agora.xtec.cat\/insmariacanela\/wp-content\/uploads\/usu413\/2018\/07\/IMG_0916-300x225.jpg 300w, https:\/\/agora.xtec.cat\/insmariacanela\/wp-content\/uploads\/usu413\/2018\/07\/IMG_0916-200x150.jpg 200w\" sizes=\"auto, (max-width: 397px) 100vw, 397px\" \/><\/a> <a href=\"http:\/\/agora.xtec.cat\/insmariacanela\/wp-content\/uploads\/usu413\/2018\/07\/IMG_0937.jpg\"><img loading=\"lazy\" decoding=\"async\" class=\"alignnone wp-image-690\" src=\"http:\/\/agora.xtec.cat\/insmariacanela\/wp-content\/uploads\/usu413\/2018\/07\/IMG_0937.jpg\" alt=\"\" width=\"395\" height=\"297\" srcset=\"https:\/\/agora.xtec.cat\/insmariacanela\/wp-content\/uploads\/usu413\/2018\/07\/IMG_0937.jpg 640w, https:\/\/agora.xtec.cat\/insmariacanela\/wp-content\/uploads\/usu413\/2018\/07\/IMG_0937-300x225.jpg 300w, https:\/\/agora.xtec.cat\/insmariacanela\/wp-content\/uploads\/usu413\/2018\/07\/IMG_0937-200x150.jpg 200w\" sizes=\"auto, (max-width: 395px) 100vw, 395px\" \/><\/a> <a href=\"http:\/\/agora.xtec.cat\/insmariacanela\/wp-content\/uploads\/usu413\/2018\/07\/IMG_0953.jpg\"><img loading=\"lazy\" decoding=\"async\" class=\"alignnone wp-image-691\" src=\"http:\/\/agora.xtec.cat\/insmariacanela\/wp-content\/uploads\/usu413\/2018\/07\/IMG_0953.jpg\" alt=\"\" width=\"396\" height=\"297\" srcset=\"https:\/\/agora.xtec.cat\/insmariacanela\/wp-content\/uploads\/usu413\/2018\/07\/IMG_0953.jpg 640w, https:\/\/agora.xtec.cat\/insmariacanela\/wp-content\/uploads\/usu413\/2018\/07\/IMG_0953-300x225.jpg 300w, https:\/\/agora.xtec.cat\/insmariacanela\/wp-content\/uploads\/usu413\/2018\/07\/IMG_0953-200x150.jpg 200w\" sizes=\"auto, (max-width: 396px) 100vw, 396px\" \/><\/a> <a href=\"http:\/\/agora.xtec.cat\/insmariacanela\/wp-content\/uploads\/usu413\/2018\/07\/IMG_0963.jpg\"><img loading=\"lazy\" decoding=\"async\" class=\"alignnone wp-image-692\" src=\"http:\/\/agora.xtec.cat\/insmariacanela\/wp-content\/uploads\/usu413\/2018\/07\/IMG_0963.jpg\" alt=\"\" width=\"395\" height=\"296\" srcset=\"https:\/\/agora.xtec.cat\/insmariacanela\/wp-content\/uploads\/usu413\/2018\/07\/IMG_0963.jpg 640w, https:\/\/agora.xtec.cat\/insmariacanela\/wp-content\/uploads\/usu413\/2018\/07\/IMG_0963-300x225.jpg 300w, https:\/\/agora.xtec.cat\/insmariacanela\/wp-content\/uploads\/usu413\/2018\/07\/IMG_0963-200x150.jpg 200w\" sizes=\"auto, (max-width: 395px) 100vw, 395px\" \/><\/a><\/p>\n","protected":false},"excerpt":{"rendered":"<p>La pr\u00e0ctica esportiva de l&#8217;alumnat de l&#8217;Institut Maria Canela es realitza a les instal\u00b7lacions del Pavell\u00f3 Municipal d&#8217;Esport. Aquest pavell\u00f3 disposa d&#8217;una pista poliesportiva coberta i una pista poliesportiva semi-coberta, ambdues adaptables per aconseguir 2 camps de futbol sala, 5 pistes de b\u00e0squet, 2 pistes handbol, 5 camps d&#8217;hoquei sala i xarxes per a voleibol [&hellip;]<\/p>\n","protected":false},"author":1,"featured_media":0,"parent":627,"menu_order":11,"comment_status":"closed","ping_status":"closed","template":"","meta":{"_bbp_topic_count":0,"_bbp_reply_count":0,"_bbp_total_topic_count":0,"_bbp_total_reply_count":0,"_bbp_voice_count":0,"_bbp_anonymous_reply_count":0,"_bbp_topic_count_hidden":0,"_bbp_reply_count_hidden":0,"_bbp_forum_subforum_count":0,"site-sidebar-layout":"default","site-content-layout":"","ast-site-content-layout":"default","site-content-style":"default","site-sidebar-style":"default","ast-global-header-display":"","ast-banner-title-visibility":"","ast-main-header-display":"","ast-hfb-above-header-display":"","ast-hfb-below-header-display":"","ast-hfb-mobile-header-display":"","site-post-title":"","ast-breadcrumbs-content":"","ast-featured-img":"","footer-sml-layout":"","theme-transparent-header-meta":"","adv-header-id-meta":"","stick-header-meta":"","header-above-stick-meta":"","header-main-stick-meta":"","header-below-stick-meta":"","astra-migrate-meta-layouts":"set","ast-page-background-enabled":"default","ast-page-background-meta":{"desktop":{"background-color":"var(--ast-global-color-4)","background-image":"","background-repeat":"repeat","background-position":"center center","background-size":"auto","background-attachment":"scroll","background-type":"","background-media":"","overlay-type":"","overlay-color":"","overlay-opacity":"","overlay-gradient":""},"tablet":{"background-color":"","background-image":"","background-repeat":"repeat","background-position":"center center","background-size":"auto","background-attachment":"scroll","background-type":"","background-media":"","overlay-type":"","overlay-color":"","overlay-opacity":"","overlay-gradient":""},"mobile":{"background-color":"","background-image":"","background-repeat":"repeat","background-position":"center center","background-size":"auto","background-attachment":"scroll","background-type":"","background-media":"","overlay-type":"","overlay-color":"","overlay-opacity":"","overlay-gradient":""}},"ast-content-background-meta":{"desktop":{"background-color":"var(--ast-global-color-5)","background-image":"","background-repeat":"repeat","background-position":"center center","background-size":"auto","background-attachment":"scroll","background-type":"","background-media":"","overlay-type":"","overlay-color":"","overlay-opacity":"","overlay-gradient":""},"tablet":{"background-color":"var(--ast-global-color-5)","background-image":"","background-repeat":"repeat","background-position":"center center","background-size":"auto","background-attachment":"scroll","background-type":"","background-media":"","overlay-type":"","overlay-color":"","overlay-opacity":"","overlay-gradient":""},"mobile":{"background-color":"var(--ast-global-color-5)","background-image":"","background-repeat":"repeat","background-position":"center center","background-size":"auto","background-attachment":"scroll","background-type":"","background-media":"","overlay-type":"","overlay-color":"","overlay-opacity":"","overlay-gradient":""}},"footnotes":""},"class_list":["post-649","page","type-page","status-publish","hentry"],"post_mailing_queue_ids":[],"_links":{"self":[{"href":"https:\/\/agora.xtec.cat\/insmariacanela\/wp-json\/wp\/v2\/pages\/649","targetHints":{"allow":["GET"]}}],"collection":[{"href":"https:\/\/agora.xtec.cat\/insmariacanela\/wp-json\/wp\/v2\/pages"}],"about":[{"href":"https:\/\/agora.xtec.cat\/insmariacanela\/wp-json\/wp\/v2\/types\/page"}],"author":[{"embeddable":true,"href":"https:\/\/agora.xtec.cat\/insmariacanela\/wp-json\/wp\/v2\/users\/1"}],"replies":[{"embeddable":true,"href":"https:\/\/agora.xtec.cat\/insmariacanela\/wp-json\/wp\/v2\/comments?post=649"}],"version-history":[{"count":4,"href":"https:\/\/agora.xtec.cat\/insmariacanela\/wp-json\/wp\/v2\/pages\/649\/revisions"}],"predecessor-version":[{"id":5817,"href":"https:\/\/agora.xtec.cat\/insmariacanela\/wp-json\/wp\/v2\/pages\/649\/revisions\/5817"}],"up":[{"embeddable":true,"href":"https:\/\/agora.xtec.cat\/insmariacanela\/wp-json\/wp\/v2\/pages\/627"}],"wp:attachment":[{"href":"https:\/\/agora.xtec.cat\/insmariacanela\/wp-json\/wp\/v2\/media?parent=649"}],"curies":[{"name":"wp","href":"https:\/\/api.w.org\/{rel}","templated":true}]}}