{"id":632,"date":"2018-07-26T17:34:54","date_gmt":"2018-07-26T15:34:54","guid":{"rendered":"http:\/\/agora.xtec.cat\/insmariacanela\/?page_id=632"},"modified":"2026-01-28T19:59:33","modified_gmt":"2026-01-28T18:59:33","slug":"projecte-taller-amic","status":"publish","type":"page","link":"https:\/\/agora.xtec.cat\/insmariacanela\/projectes\/projecte-taller-amic\/","title":{"rendered":"Aula Oberta"},"content":{"rendered":"<h5><span style=\"color: #339966;\"><strong>Projecte Aula Oberta\u00a0 2025-26<\/strong><\/span><\/h5>\n<p><em><span style=\"color: #000000;\"><span style=\"color: #339966;\">Tutora: <\/span><\/span>Roser Font Vilalta<\/em><\/p>\n<p>L\u2019Aula Oberta \u00e9s una proposta educativa destinada a l\u2019alumnat de 3r i 4t d\u2019ESO que necessita un enfocament m\u00e9s pr\u00e0ctic i personalitzat per assolir els objectius acad\u00e8mics i professionals. Aquest recurs pedag\u00f2gic ofereix un entorn d\u2019aprenentatge adaptat, on es potencia l&#8217;autonomia, la motivaci\u00f3 i les habilitats socials dels alumnes.<\/p>\n<p>A trav\u00e9s d\u2019una metodologia m\u00e9s din\u00e0mica i contextualitzada, l\u2019Aula Oberta combina continguts curriculars amb activitats pr\u00e0ctiques, tallers i estades formatives en empreses. Aix\u00f2 permet que l\u2019alumnat pugui desenvolupar compet\u00e8ncies essencials per al seu futur acad\u00e8mic i laboral.<\/p>\n<h6><strong>Objectius de l&#8217;Aula Oberta<\/strong><\/h6>\n<p>\u2714\ufe0f Afavorir l\u2019\u00e8xit educatiu mitjan\u00e7ant una atenci\u00f3 m\u00e9s personalitzada.<br \/>\n\u2714\ufe0f Potenciar la motivaci\u00f3 i l\u2019autoestima de l\u2019alumnat.<br \/>\n\u2714\ufe0f Desenvolupar habilitats i compet\u00e8ncies professionals a trav\u00e9s d\u2019experi\u00e8ncies pr\u00e0ctiques.<br \/>\n\u2714\ufe0f Facilitar la transici\u00f3 cap a estudis postobligatoris o el m\u00f3n laboral.<\/p>\n<table>\n<tbody>\n<tr>\n<td style=\"text-align: center;\"><span style=\"background-color: #ffffff; color: #339966;\"><b>C<\/b><b><\/b><b>URS<\/b><\/span><\/td>\n<td style=\"text-align: center;\"><span style=\"background-color: #ffffff; color: #339966;\"><b>MAT\u00c8RIA<\/b><\/span><\/td>\n<td style=\"text-align: center;\"><span style=\"background-color: #ffffff; color: #339966;\"><b>PROFESSOR\/A<\/b><\/span><\/td>\n<\/tr>\n<tr>\n<td rowspan=\"3\"><b>3r i 4t<\/b><\/td>\n<td><b>\u00c0MBIT CIENT\u00cdFIC\u00a0<\/b><\/td>\n<td><b>ROSER FONT<\/b><\/td>\n<\/tr>\n<tr>\n<td><b>\u00c0MBIT SOCIOHUMAN\u00cdSTIC\u00a0<\/b><\/td>\n<td><b>RAMON MUNTADAS<\/b><\/td>\n<\/tr>\n<tr>\n<td><b>\u00c0MBIT TECNOL\u00d2GIC I PR\u00c1CTIC<\/b><\/td>\n<td><b>MONTSE ALONSO<\/b><\/td>\n<\/tr>\n<\/tbody>\n<\/table>\n","protected":false},"excerpt":{"rendered":"<p>Projecte Aula Oberta\u00a0 2025-26 Tutora: Roser Font Vilalta L\u2019Aula Oberta \u00e9s una proposta educativa destinada a l\u2019alumnat de 3r i 4t d\u2019ESO que necessita un enfocament m\u00e9s pr\u00e0ctic i personalitzat per assolir els objectius acad\u00e8mics i professionals. Aquest recurs pedag\u00f2gic ofereix un entorn d\u2019aprenentatge adaptat, on es potencia l&#8217;autonomia, la motivaci\u00f3 i les habilitats socials [&hellip;]<\/p>\n","protected":false},"author":1,"featured_media":0,"parent":627,"menu_order":2,"comment_status":"closed","ping_status":"closed","template":"","meta":{"_bbp_topic_count":0,"_bbp_reply_count":0,"_bbp_total_topic_count":0,"_bbp_total_reply_count":0,"_bbp_voice_count":0,"_bbp_anonymous_reply_count":0,"_bbp_topic_count_hidden":0,"_bbp_reply_count_hidden":0,"_bbp_forum_subforum_count":0,"site-sidebar-layout":"default","site-content-layout":"","ast-site-content-layout":"default","site-content-style":"default","site-sidebar-style":"default","ast-global-header-display":"","ast-banner-title-visibility":"","ast-main-header-display":"","ast-hfb-above-header-display":"","ast-hfb-below-header-display":"","ast-hfb-mobile-header-display":"","site-post-title":"","ast-breadcrumbs-content":"","ast-featured-img":"","footer-sml-layout":"","theme-transparent-header-meta":"","adv-header-id-meta":"","stick-header-meta":"","header-above-stick-meta":"","header-main-stick-meta":"","header-below-stick-meta":"","astra-migrate-meta-layouts":"set","ast-page-background-enabled":"default","ast-page-background-meta":{"desktop":{"background-color":"var(--ast-global-color-4)","background-image":"","background-repeat":"repeat","background-position":"center center","background-size":"auto","background-attachment":"scroll","background-type":"","background-media":"","overlay-type":"","overlay-color":"","overlay-opacity":"","overlay-gradient":""},"tablet":{"background-color":"","background-image":"","background-repeat":"repeat","background-position":"center center","background-size":"auto","background-attachment":"scroll","background-type":"","background-media":"","overlay-type":"","overlay-color":"","overlay-opacity":"","overlay-gradient":""},"mobile":{"background-color":"","background-image":"","background-repeat":"repeat","background-position":"center center","background-size":"auto","background-attachment":"scroll","background-type":"","background-media":"","overlay-type":"","overlay-color":"","overlay-opacity":"","overlay-gradient":""}},"ast-content-background-meta":{"desktop":{"background-color":"var(--ast-global-color-5)","background-image":"","background-repeat":"repeat","background-position":"center center","background-size":"auto","background-attachment":"scroll","background-type":"","background-media":"","overlay-type":"","overlay-color":"","overlay-opacity":"","overlay-gradient":""},"tablet":{"background-color":"var(--ast-global-color-5)","background-image":"","background-repeat":"repeat","background-position":"center center","background-size":"auto","background-attachment":"scroll","background-type":"","background-media":"","overlay-type":"","overlay-color":"","overlay-opacity":"","overlay-gradient":""},"mobile":{"background-color":"var(--ast-global-color-5)","background-image":"","background-repeat":"repeat","background-position":"center center","background-size":"auto","background-attachment":"scroll","background-type":"","background-media":"","overlay-type":"","overlay-color":"","overlay-opacity":"","overlay-gradient":""}},"footnotes":""},"class_list":["post-632","page","type-page","status-publish","hentry"],"post_mailing_queue_ids":[],"_links":{"self":[{"href":"https:\/\/agora.xtec.cat\/insmariacanela\/wp-json\/wp\/v2\/pages\/632","targetHints":{"allow":["GET"]}}],"collection":[{"href":"https:\/\/agora.xtec.cat\/insmariacanela\/wp-json\/wp\/v2\/pages"}],"about":[{"href":"https:\/\/agora.xtec.cat\/insmariacanela\/wp-json\/wp\/v2\/types\/page"}],"author":[{"embeddable":true,"href":"https:\/\/agora.xtec.cat\/insmariacanela\/wp-json\/wp\/v2\/users\/1"}],"replies":[{"embeddable":true,"href":"https:\/\/agora.xtec.cat\/insmariacanela\/wp-json\/wp\/v2\/comments?post=632"}],"version-history":[{"count":6,"href":"https:\/\/agora.xtec.cat\/insmariacanela\/wp-json\/wp\/v2\/pages\/632\/revisions"}],"predecessor-version":[{"id":5829,"href":"https:\/\/agora.xtec.cat\/insmariacanela\/wp-json\/wp\/v2\/pages\/632\/revisions\/5829"}],"up":[{"embeddable":true,"href":"https:\/\/agora.xtec.cat\/insmariacanela\/wp-json\/wp\/v2\/pages\/627"}],"wp:attachment":[{"href":"https:\/\/agora.xtec.cat\/insmariacanela\/wp-json\/wp\/v2\/media?parent=632"}],"curies":[{"name":"wp","href":"https:\/\/api.w.org\/{rel}","templated":true}]}}