{"id":39,"date":"2014-09-17T16:36:44","date_gmt":"2014-09-17T16:36:44","guid":{"rendered":"http:\/\/agora.xtec.cat\/insmariacanela\/?page_id=39"},"modified":"2020-02-14T08:57:33","modified_gmt":"2020-02-14T07:57:33","slug":"instal%c2%b7lacions","status":"publish","type":"page","link":"https:\/\/agora.xtec.cat\/insmariacanela\/linstitut\/instal%c2%b7lacions\/","title":{"rendered":"El trasllat al nou centre"},"content":{"rendered":"<p><span style=\"color: #339966;\"><strong><em>El trasllat al nou centre per iniciar el curs escolar 2014-15<\/em><\/strong><\/span><\/p>\n<p><em>La construcci\u00f3 s\u2019articula en dos blocs rectangulars de planta baixa i primera col\u00b7locats paral\u00b7lelament a diferents nivells. Fonollosa ha explicat que \u201chi haur\u00e0 sis aules en cada cos edificatori i es construir\u00e0 un nou edifici que uneix els dos edificis existents. Aix\u00ed \u00e9s com Sert va dissenyar l\u2019edifici que no va poder acabar\u201d.<\/em><\/p>\n<p><em>L\u2019actuaci\u00f3 preveu l\u2019adequaci\u00f3 funcional d\u2019un primer m\u00f2dul i la instal\u00b7laci\u00f3 de dos aularis que ocuparan l\u2019espai lliure existent entre l\u2019escola i l\u2019edifici d\u2019habitatges creant un gran pati central.<\/em><\/p>\n<p><em>L\u2019acc\u00e9s a l\u2019escola es preveu des de la Pla\u00e7a Maria Canela, ja que permet una millor transici\u00f3 des de l\u2019interior de l\u2019escola cap a la via p\u00fablica. Tot i aix\u00ed, existir\u00e0 un acc\u00e9s secundari des de l\u2019Avinguda Montserrat. A l\u2019exterior s\u2019acondicionar\u00e0 part de l\u2019espai del pati central i el pati davanteri es crear\u00e0 una rampa que garanteixi la supressi\u00f3 de barreres arquitect\u00f2niques entre els diferents espais lliures.<\/em><\/p>\n<p><a href=\"http:\/\/agora.xtec.cat\/insmariacanela\/wp-content\/uploads\/usu413\/2014\/09\/P1040863-bbbbbb1.jpg\"><img loading=\"lazy\" decoding=\"async\" class=\"alignnone wp-image-364\" src=\"http:\/\/agora.xtec.cat\/insmariacanela\/wp-content\/uploads\/usu413\/2014\/09\/P1040863-bbbbbb1.jpg\" alt=\"\" width=\"339\" height=\"255\" srcset=\"https:\/\/agora.xtec.cat\/insmariacanela\/wp-content\/uploads\/usu413\/2014\/09\/P1040863-bbbbbb1.jpg 283w, https:\/\/agora.xtec.cat\/insmariacanela\/wp-content\/uploads\/usu413\/2014\/09\/P1040863-bbbbbb1-200x150.jpg 200w\" sizes=\"auto, (max-width: 339px) 100vw, 339px\" \/><\/a><a href=\"http:\/\/agora.xtec.cat\/insmariacanela\/wp-content\/uploads\/usu413\/2014\/09\/P1040873-bbbb-300x225.jpg\"><img loading=\"lazy\" decoding=\"async\" class=\"alignnone wp-image-365\" src=\"http:\/\/agora.xtec.cat\/insmariacanela\/wp-content\/uploads\/usu413\/2014\/09\/P1040873-bbbb-300x225.jpg\" alt=\"\" width=\"339\" height=\"254\" srcset=\"https:\/\/agora.xtec.cat\/insmariacanela\/wp-content\/uploads\/usu413\/2014\/09\/P1040873-bbbb-300x225.jpg 300w, https:\/\/agora.xtec.cat\/insmariacanela\/wp-content\/uploads\/usu413\/2014\/09\/P1040873-bbbb-300x225-200x150.jpg 200w\" sizes=\"auto, (max-width: 339px) 100vw, 339px\" \/><\/a><\/p>\n<p><span style=\"color: #339966;\"><strong><em>Inici del curs escolar 2014-15 el dia 15 de setembre amb la primera fase de les obres enllestida.\u00a0<\/em><\/strong><\/span><\/p>\n<p><em>Aquesta part de l\u2019edifici es va mostrar a les fam\u00edlies en la Jornada de Portes Obertes del dia 14 d\u2019octubre de 2014.<\/em><\/p>\n<p><a href=\"http:\/\/agora.xtec.cat\/insmariacanela\/wp-content\/uploads\/usu413\/2014\/09\/P1040894a.jpg\"><img loading=\"lazy\" decoding=\"async\" class=\"alignnone wp-image-366\" src=\"http:\/\/agora.xtec.cat\/insmariacanela\/wp-content\/uploads\/usu413\/2014\/09\/P1040894a.jpg\" alt=\"\" width=\"335\" height=\"252\" srcset=\"https:\/\/agora.xtec.cat\/insmariacanela\/wp-content\/uploads\/usu413\/2014\/09\/P1040894a.jpg 283w, https:\/\/agora.xtec.cat\/insmariacanela\/wp-content\/uploads\/usu413\/2014\/09\/P1040894a-200x150.jpg 200w\" sizes=\"auto, (max-width: 335px) 100vw, 335px\" \/><\/a><a href=\"http:\/\/agora.xtec.cat\/insmariacanela\/wp-content\/uploads\/usu413\/2014\/09\/P1040906a.jpg\"><img loading=\"lazy\" decoding=\"async\" class=\"alignnone wp-image-367\" src=\"http:\/\/agora.xtec.cat\/insmariacanela\/wp-content\/uploads\/usu413\/2014\/09\/P1040906a.jpg\" alt=\"\" width=\"335\" height=\"252\" srcset=\"https:\/\/agora.xtec.cat\/insmariacanela\/wp-content\/uploads\/usu413\/2014\/09\/P1040906a.jpg 283w, https:\/\/agora.xtec.cat\/insmariacanela\/wp-content\/uploads\/usu413\/2014\/09\/P1040906a-200x150.jpg 200w\" sizes=\"auto, (max-width: 335px) 100vw, 335px\" \/><\/a><\/p>\n<p><span style=\"color: #339966;\"><strong><em>Inauguraci\u00f3 de\u00a0l\u2019institut el dia 27 de febrer de 2015 a les\u00a0<\/em><\/strong><strong><em>16.45 hores<\/em><\/strong><\/span><\/p>\n<p><a href=\"http:\/\/agora.xtec.cat\/insmariacanela\/wp-content\/uploads\/usu413\/2014\/09\/tarjeto2.jpg\"><img loading=\"lazy\" decoding=\"async\" class=\"alignnone wp-image-347\" src=\"http:\/\/agora.xtec.cat\/insmariacanela\/wp-content\/uploads\/usu413\/2014\/09\/tarjeto2.jpg\" alt=\"\" width=\"573\" height=\"265\" \/><\/a><\/p>\n<blockquote><p><span style=\"color: #339966;\"><strong>Divendres s&#8217;inauguren les obres de l&#8217;antiga Escola Montserrat en un centre d&#8217;educaci\u00f3 secund\u00e0ria.\u00a0<\/strong><\/span><br \/>\n<span style=\"color: #000000;\"> Fonollosa: &#8220;amb aquest institut, cobrim la demanda de secund\u00e0ria dels propers 10 anys&#8221;.<\/span><br \/>\n<span style=\"color: #000000;\"> Jordi D\u00edaz: &#8220;despr\u00e9s de les obres, ten\u00edem moltes ganes de gaudir de l&#8217;institut al complet&#8221;<\/span><\/p><\/blockquote>\n<p><img loading=\"lazy\" decoding=\"async\" class=\"wp-image-371 alignnone\" src=\"http:\/\/agora.xtec.cat\/insmariacanela\/wp-content\/uploads\/usu413\/2014\/09\/P1050775a.jpg\" alt=\"\" width=\"311\" height=\"234\" srcset=\"https:\/\/agora.xtec.cat\/insmariacanela\/wp-content\/uploads\/usu413\/2014\/09\/P1050775a.jpg 283w, https:\/\/agora.xtec.cat\/insmariacanela\/wp-content\/uploads\/usu413\/2014\/09\/P1050775a-200x150.jpg 200w\" sizes=\"auto, (max-width: 311px) 100vw, 311px\" \/><a href=\"http:\/\/agora.xtec.cat\/insmariacanela\/wp-content\/uploads\/usu413\/2014\/09\/inauguracio-de-la-seccio-institut-martorell-10a.jpg\"><img loading=\"lazy\" decoding=\"async\" class=\"wp-image-369 alignnone\" src=\"http:\/\/agora.xtec.cat\/insmariacanela\/wp-content\/uploads\/usu413\/2014\/09\/inauguracio-de-la-seccio-institut-martorell-10a.jpg\" alt=\"\" width=\"352\" height=\"234\" \/><\/a><\/p>\n<p><a href=\"http:\/\/agora.xtec.cat\/insmariacanela\/wp-content\/uploads\/usu413\/2014\/09\/P1050770a.jpg\"><img loading=\"lazy\" decoding=\"async\" class=\"alignnone wp-image-370\" src=\"http:\/\/agora.xtec.cat\/insmariacanela\/wp-content\/uploads\/usu413\/2014\/09\/P1050770a.jpg\" alt=\"\" width=\"310\" height=\"234\" srcset=\"https:\/\/agora.xtec.cat\/insmariacanela\/wp-content\/uploads\/usu413\/2014\/09\/P1050770a.jpg 283w, https:\/\/agora.xtec.cat\/insmariacanela\/wp-content\/uploads\/usu413\/2014\/09\/P1050770a-200x150.jpg 200w\" sizes=\"auto, (max-width: 310px) 100vw, 310px\" \/><\/a><img loading=\"lazy\" decoding=\"async\" class=\"alignnone wp-image-368\" src=\"http:\/\/agora.xtec.cat\/insmariacanela\/wp-content\/uploads\/usu413\/2014\/09\/inauguracio-de-la-seccio-institut-martorell-07a.jpg\" alt=\"\" width=\"350\" height=\"233\" \/><\/p>\n<p><span style=\"color: #339966;\"><strong>Comunicat dia 01\/12\/2017:<\/strong>\u00a0<\/span>Des de el dia 01\/12\/2017 el\u00a0 nostre centre Institut SI Martorell passa a anomenar-se Institut Maria Canela.<\/p>\n<p><a href=\"http:\/\/agora.xtec.cat\/insmariacanela\/wp-content\/uploads\/usu413\/2014\/09\/Canvi-nom-centre-Institut-Maria-Canela-DOGC-7509-1-desembre-2017.pdf\" target=\"_blank\" rel=\"noopener noreferrer\">DOGC 7509 1 desembre 2017 \u2013 Canvi de nom del centre a INSTITUT MARIA CANELA<\/a><\/p>\n<p><a href=\"http:\/\/agora.xtec.cat\/insmariacanela\/wp-content\/uploads\/usu413\/2014\/09\/Canvi-nom-Institut-de-Martorell-DOGC-7391-15-juny-2017.pdf\" target=\"_blank\" rel=\"noopener noreferrer\">DOGC 7391 15 juny 2017 \u2013 Canvi de secci\u00f3 a Institut de Martorell<\/a><\/p>\n","protected":false},"excerpt":{"rendered":"<p>El trasllat al nou centre per iniciar el curs escolar 2014-15 La construcci\u00f3 s\u2019articula en dos blocs rectangulars de planta baixa i primera col\u00b7locats paral\u00b7lelament a diferents nivells. Fonollosa ha explicat que \u201chi haur\u00e0 sis aules en cada cos edificatori i es construir\u00e0 un nou edifici que uneix els dos edificis existents. Aix\u00ed \u00e9s com [&hellip;]<\/p>\n","protected":false},"author":1,"featured_media":0,"parent":19,"menu_order":3,"comment_status":"closed","ping_status":"closed","template":"page-templates\/side-menu.php","meta":{"_bbp_topic_count":0,"_bbp_reply_count":0,"_bbp_total_topic_count":0,"_bbp_total_reply_count":0,"_bbp_voice_count":0,"_bbp_anonymous_reply_count":0,"_bbp_topic_count_hidden":0,"_bbp_reply_count_hidden":0,"_bbp_forum_subforum_count":0,"site-sidebar-layout":"default","site-content-layout":"","ast-site-content-layout":"","site-content-style":"default","site-sidebar-style":"default","ast-global-header-display":"","ast-banner-title-visibility":"","ast-main-header-display":"","ast-hfb-above-header-display":"","ast-hfb-below-header-display":"","ast-hfb-mobile-header-display":"","site-post-title":"","ast-breadcrumbs-content":"","ast-featured-img":"","footer-sml-layout":"","theme-transparent-header-meta":"","adv-header-id-meta":"","stick-header-meta":"","header-above-stick-meta":"","header-main-stick-meta":"","header-below-stick-meta":"","astra-migrate-meta-layouts":"default","ast-page-background-enabled":"default","ast-page-background-meta":{"desktop":{"background-color":"var(--ast-global-color-4)","background-image":"","background-repeat":"repeat","background-position":"center center","background-size":"auto","background-attachment":"scroll","background-type":"","background-media":"","overlay-type":"","overlay-color":"","overlay-opacity":"","overlay-gradient":""},"tablet":{"background-color":"","background-image":"","background-repeat":"repeat","background-position":"center center","background-size":"auto","background-attachment":"scroll","background-type":"","background-media":"","overlay-type":"","overlay-color":"","overlay-opacity":"","overlay-gradient":""},"mobile":{"background-color":"","background-image":"","background-repeat":"repeat","background-position":"center center","background-size":"auto","background-attachment":"scroll","background-type":"","background-media":"","overlay-type":"","overlay-color":"","overlay-opacity":"","overlay-gradient":""}},"ast-content-background-meta":{"desktop":{"background-color":"var(--ast-global-color-5)","background-image":"","background-repeat":"repeat","background-position":"center center","background-size":"auto","background-attachment":"scroll","background-type":"","background-media":"","overlay-type":"","overlay-color":"","overlay-opacity":"","overlay-gradient":""},"tablet":{"background-color":"var(--ast-global-color-5)","background-image":"","background-repeat":"repeat","background-position":"center center","background-size":"auto","background-attachment":"scroll","background-type":"","background-media":"","overlay-type":"","overlay-color":"","overlay-opacity":"","overlay-gradient":""},"mobile":{"background-color":"var(--ast-global-color-5)","background-image":"","background-repeat":"repeat","background-position":"center center","background-size":"auto","background-attachment":"scroll","background-type":"","background-media":"","overlay-type":"","overlay-color":"","overlay-opacity":"","overlay-gradient":""}},"footnotes":""},"class_list":["post-39","page","type-page","status-publish","hentry"],"post_mailing_queue_ids":[],"_links":{"self":[{"href":"https:\/\/agora.xtec.cat\/insmariacanela\/wp-json\/wp\/v2\/pages\/39","targetHints":{"allow":["GET"]}}],"collection":[{"href":"https:\/\/agora.xtec.cat\/insmariacanela\/wp-json\/wp\/v2\/pages"}],"about":[{"href":"https:\/\/agora.xtec.cat\/insmariacanela\/wp-json\/wp\/v2\/types\/page"}],"author":[{"embeddable":true,"href":"https:\/\/agora.xtec.cat\/insmariacanela\/wp-json\/wp\/v2\/users\/1"}],"replies":[{"embeddable":true,"href":"https:\/\/agora.xtec.cat\/insmariacanela\/wp-json\/wp\/v2\/comments?post=39"}],"version-history":[{"count":3,"href":"https:\/\/agora.xtec.cat\/insmariacanela\/wp-json\/wp\/v2\/pages\/39\/revisions"}],"predecessor-version":[{"id":1632,"href":"https:\/\/agora.xtec.cat\/insmariacanela\/wp-json\/wp\/v2\/pages\/39\/revisions\/1632"}],"up":[{"embeddable":true,"href":"https:\/\/agora.xtec.cat\/insmariacanela\/wp-json\/wp\/v2\/pages\/19"}],"wp:attachment":[{"href":"https:\/\/agora.xtec.cat\/insmariacanela\/wp-json\/wp\/v2\/media?parent=39"}],"curies":[{"name":"wp","href":"https:\/\/api.w.org\/{rel}","templated":true}]}}