{"id":383,"date":"2018-07-22T13:34:45","date_gmt":"2018-07-22T11:34:45","guid":{"rendered":"http:\/\/agora.xtec.cat\/insmariacanela\/?page_id=383"},"modified":"2026-03-10T18:19:48","modified_gmt":"2026-03-10T17:19:48","slug":"coord-i-caps-de-dept","status":"publish","type":"page","link":"https:\/\/agora.xtec.cat\/insmariacanela\/organitzacio-2\/coord-i-caps-de-dept\/","title":{"rendered":"Coordinacions i caps de departament"},"content":{"rendered":"\n<p><span style=\"color: #339966;\"><strong>Curs 2025-26<\/strong><\/span><\/p>\n\n\n\n<ul class=\"wp-block-list\">\n<li class=\"has-black-color has-text-color has-link-color has-medium-font-size wp-elements-8c472bdcec1a50f8aada8ef2c5db0d92\"><span style=\"color: #000000;\"><strong>Coordinacions:<\/strong><\/span><\/li>\n\n\n\n<li class=\"has-black-color has-text-color has-link-color has-medium-font-size wp-elements-a972731e6c78a6d1cbb1648c6af09b08\"><pre><em style=\"\"><font color=\"#339966\">Coordinaci\u00f3 Pedag\u00f2gica: <\/font><\/em>Ingrid Alemany<\/pre><\/li>\n\n\n\n<li class=\"has-black-color has-text-color has-link-color has-medium-font-size wp-elements-6c5789a3a24d92f60622c871eec10536\"><pre><span style=\"color: #333399;\"><span style=\"color: #339966;\"><em>Coordinaci\u00f3 de primer cicle (1r-2n d'ESO): <\/em><span style=\"color: #000000;\">M\u00edriam Tajahuerce<\/span><\/span><\/span><\/pre><\/li>\n\n\n\n<li class=\"has-black-color has-text-color has-link-color has-medium-font-size wp-elements-a8af8792114f8e054e5a1298515da497\"><pre><em style=\"color: #339966; font-size: 1em;\">Coordinaci\u00f3 de segon cicle (3r-4t d'ESO):<\/em>Roser Font <\/pre><\/li>\n\n\n\n<li class=\"has-black-color has-text-color has-link-color has-medium-font-size wp-elements-98860692640351200280e53f99c9ef52\"><pre><span style=\"color: #339966;\"><em>Coordinaci\u00f3 Ling\u00fc\u00edstica: <\/em><\/span>B\u00e0rbara Bail\u00e9n<\/pre><\/li>\n\n\n\n<li class=\"has-black-color has-text-color has-link-color has-medium-font-size wp-elements-3d6516a01227ca7e4521f7309ba1a711\"><pre><span style=\"color: #339966;\"><em>Coordinaci\u00f3 Pla lector: <\/em><\/span>Sara P\u00e9rez<\/pre><\/li>\n\n\n\n<li class=\"has-black-color has-text-color has-link-color has-medium-font-size wp-elements-aec14a53719ce828f14e381ed61e30e0\"><pre><span style=\"color: #339966;\"><em>Coordinaci\u00f3 d'Activitats i Sortides:<\/em>&nbsp;<\/span>Lara Guti\u00e9rrez<\/pre><\/li>\n\n\n\n<li class=\"has-black-color has-text-color has-link-color has-medium-font-size wp-elements-82033c9748af02c63b9f2be58a4d5633\"><pre><span style=\"color: #339966;\"><em>Coordinaci\u00f3 Inform\u00e0tica:<\/em> <\/span>Maria Jos\u00e9 Arcos<\/pre><\/li>\n\n\n\n<li class=\"has-black-color has-text-color has-link-color has-medium-font-size wp-elements-ce5a86a801afa83fb97a4272053b5c93\"><pre><em><span style=\"color: #339966;\">Coordinaci\u00f3 de Conviv\u00e8ncia i Benestar:<\/span><\/em> Laura Soul\u00e8re<\/pre><\/li>\n\n\n\n<li class=\"has-black-color has-text-color has-link-color has-medium-font-size wp-elements-75cd9379176a060b989a6d2b2aa21f3e\"><pre><em><span style=\"color: #339966;\">Coordinaci\u00f3 de Riscos laborals:<\/span><\/em> Roger Arqu\u00e9<\/pre><\/li>\n\n\n\n<li class=\"has-black-color has-text-color has-link-color has-medium-font-size wp-elements-54aa75e6ecb86a14adb00039dc667431\"><span style=\"color: #000000;\"><strong>Caps de departament:<\/strong><\/span><\/li>\n\n\n\n<li class=\"has-black-color has-text-color has-link-color has-medium-font-size wp-elements-769ffeedbea0f992a5ad8d924f3c1430\"><pre><span style=\"color: #339966;\"><em>Cap del departament d\u2019Orientaci\u00f3 Educativa:<\/em> <span style=\"font-family: inherit; font-size: 1em; color: #000000;\">Montserrat Rovira<\/span><\/span><\/pre><\/li>\n\n\n\n<li class=\"has-black-color has-text-color has-link-color has-medium-font-size wp-elements-c349d0d160e1064bf384313afcaee96f\"><pre><span style=\"color: #339966;\"><em>Cap del departament de ci\u00e8ncies<\/em>: <\/span>Jes\u00fas Mart\u00ednez<\/pre><\/li>\n\n\n\n<li class=\"has-black-color has-text-color has-link-color has-medium-font-size wp-elements-c86810ea9c3d6fc1e47cda580dd23ea6\"><pre><span style=\"color: #339966;\"><em>Cap del departament de matem\u00e0tiques:<\/em> <span style=\"color: #000000;\">M\u00edriam Tajahuerce<\/span><\/span><\/pre><\/li>\n\n\n\n<li class=\"has-black-color has-text-color has-link-color has-medium-font-size wp-elements-4428fd69daf262734e8290b3e11b2f81\"><pre><span style=\"color: #339966;\"><span style=\"color: #000000;\"><span style=\"color: #339966;\">Cap del departament d'expressi\u00f3: <\/span><\/span><\/span>Lara Guti\u00e9rrez<\/pre><\/li>\n\n\n\n<li class=\"has-black-color has-text-color has-link-color has-medium-font-size wp-elements-b5f9ee5dc5dbbcf7a8a14c86477b6a8b\"><pre><span style=\"color: #339966;\"><span style=\"color: #000000;\"><em><span style=\"color: #339966;\">Cap de departament de socials:<\/span><\/em><\/span><\/span> Laura Soul\u00e8re<\/pre><span style=\"color: #339966;\"><\/span><\/li>\n\n\n\n<li class=\"has-black-color has-text-color has-link-color has-medium-font-size wp-elements-2918fae02771eb031c1378f0cec6c5da\"><pre><span style=\"color: #339966;\"><span style=\"color: #000000;\"><em><span style=\"color: #339966;\">Cap de departament de lleng\u00fces:<\/span><\/em><\/span><\/span> S\u00edlvia P\u00e9rez<\/pre><\/li>\n\n\n\n<li class=\"has-black-color has-text-color has-link-color has-medium-font-size wp-elements-b906bd08427b08f103f5d353c61cfb91\"><pre><span style=\"color: #339966;\"><span style=\"color: #000000;\"><em><span style=\"color: #339966;\">Cap de departament de lleng\u00fces estrangeres:<\/span><\/em><\/span><\/span> M\u00edriam Andreu<\/pre><\/li>\n<\/ul>\n\n\n\n<figure class=\"wp-block-video\"><video controls src=\"https:\/\/agora.xtec.cat\/insmariacanela\/wp-content\/uploads\/usu413\/2026\/02\/departament-dexpressio-portes-obertes.mp4\"><\/video><\/figure>\n\n\n\n<figure class=\"wp-block-image size-large\"><a href=\"https:\/\/agora.xtec.cat\/insmariacanela\/wp-content\/uploads\/usu413\/2026\/02\/Objectius-transversals-Departament-Social.jpg\"><img loading=\"lazy\" decoding=\"async\" width=\"724\" height=\"1024\" src=\"https:\/\/agora.xtec.cat\/insmariacanela\/wp-content\/uploads\/usu413\/2026\/02\/Objectius-transversals-Departament-Social-724x1024.jpg\" alt=\"\" class=\"wp-image-6112\" srcset=\"https:\/\/agora.xtec.cat\/insmariacanela\/wp-content\/uploads\/usu413\/2026\/02\/Objectius-transversals-Departament-Social-724x1024.jpg 724w, https:\/\/agora.xtec.cat\/insmariacanela\/wp-content\/uploads\/usu413\/2026\/02\/Objectius-transversals-Departament-Social-212x300.jpg 212w, https:\/\/agora.xtec.cat\/insmariacanela\/wp-content\/uploads\/usu413\/2026\/02\/Objectius-transversals-Departament-Social-768x1086.jpg 768w, https:\/\/agora.xtec.cat\/insmariacanela\/wp-content\/uploads\/usu413\/2026\/02\/Objectius-transversals-Departament-Social-1086x1536.jpg 1086w, https:\/\/agora.xtec.cat\/insmariacanela\/wp-content\/uploads\/usu413\/2026\/02\/Objectius-transversals-Departament-Social-1448x2048.jpg 1448w, https:\/\/agora.xtec.cat\/insmariacanela\/wp-content\/uploads\/usu413\/2026\/02\/Objectius-transversals-Departament-Social.jpg 1587w\" sizes=\"auto, (max-width: 724px) 100vw, 724px\" \/><\/a><\/figure>\n\n\n\n<figure class=\"wp-block-video\"><video controls src=\"https:\/\/agora.xtec.cat\/insmariacanela\/wp-content\/uploads\/usu413\/2026\/03\/Dep.Tecnologia_VideoPresentacio_ResolucioBaixa-1.mp4\"><\/video><\/figure>\n","protected":false},"excerpt":{"rendered":"<p>Curs 2025-26<\/p>\n","protected":false},"author":1,"featured_media":0,"parent":63,"menu_order":2,"comment_status":"closed","ping_status":"closed","template":"","meta":{"_bbp_topic_count":0,"_bbp_reply_count":0,"_bbp_total_topic_count":0,"_bbp_total_reply_count":0,"_bbp_voice_count":0,"_bbp_anonymous_reply_count":0,"_bbp_topic_count_hidden":0,"_bbp_reply_count_hidden":0,"_bbp_forum_subforum_count":0,"site-sidebar-layout":"default","site-content-layout":"","ast-site-content-layout":"default","site-content-style":"default","site-sidebar-style":"default","ast-global-header-display":"","ast-banner-title-visibility":"","ast-main-header-display":"","ast-hfb-above-header-display":"","ast-hfb-below-header-display":"","ast-hfb-mobile-header-display":"","site-post-title":"","ast-breadcrumbs-content":"","ast-featured-img":"","footer-sml-layout":"","theme-transparent-header-meta":"","adv-header-id-meta":"","stick-header-meta":"","header-above-stick-meta":"","header-main-stick-meta":"","header-below-stick-meta":"","astra-migrate-meta-layouts":"set","ast-page-background-enabled":"default","ast-page-background-meta":{"desktop":{"background-color":"var(--ast-global-color-4)","background-image":"","background-repeat":"repeat","background-position":"center center","background-size":"auto","background-attachment":"scroll","background-type":"","background-media":"","overlay-type":"","overlay-color":"","overlay-opacity":"","overlay-gradient":""},"tablet":{"background-color":"","background-image":"","background-repeat":"repeat","background-position":"center center","background-size":"auto","background-attachment":"scroll","background-type":"","background-media":"","overlay-type":"","overlay-color":"","overlay-opacity":"","overlay-gradient":""},"mobile":{"background-color":"","background-image":"","background-repeat":"repeat","background-position":"center center","background-size":"auto","background-attachment":"scroll","background-type":"","background-media":"","overlay-type":"","overlay-color":"","overlay-opacity":"","overlay-gradient":""}},"ast-content-background-meta":{"desktop":{"background-color":"var(--ast-global-color-5)","background-image":"","background-repeat":"repeat","background-position":"center center","background-size":"auto","background-attachment":"scroll","background-type":"","background-media":"","overlay-type":"","overlay-color":"","overlay-opacity":"","overlay-gradient":""},"tablet":{"background-color":"var(--ast-global-color-5)","background-image":"","background-repeat":"repeat","background-position":"center center","background-size":"auto","background-attachment":"scroll","background-type":"","background-media":"","overlay-type":"","overlay-color":"","overlay-opacity":"","overlay-gradient":""},"mobile":{"background-color":"var(--ast-global-color-5)","background-image":"","background-repeat":"repeat","background-position":"center center","background-size":"auto","background-attachment":"scroll","background-type":"","background-media":"","overlay-type":"","overlay-color":"","overlay-opacity":"","overlay-gradient":""}},"footnotes":""},"class_list":["post-383","page","type-page","status-publish","hentry"],"post_mailing_queue_ids":[],"_links":{"self":[{"href":"https:\/\/agora.xtec.cat\/insmariacanela\/wp-json\/wp\/v2\/pages\/383","targetHints":{"allow":["GET"]}}],"collection":[{"href":"https:\/\/agora.xtec.cat\/insmariacanela\/wp-json\/wp\/v2\/pages"}],"about":[{"href":"https:\/\/agora.xtec.cat\/insmariacanela\/wp-json\/wp\/v2\/types\/page"}],"author":[{"embeddable":true,"href":"https:\/\/agora.xtec.cat\/insmariacanela\/wp-json\/wp\/v2\/users\/1"}],"replies":[{"embeddable":true,"href":"https:\/\/agora.xtec.cat\/insmariacanela\/wp-json\/wp\/v2\/comments?post=383"}],"version-history":[{"count":6,"href":"https:\/\/agora.xtec.cat\/insmariacanela\/wp-json\/wp\/v2\/pages\/383\/revisions"}],"predecessor-version":[{"id":6178,"href":"https:\/\/agora.xtec.cat\/insmariacanela\/wp-json\/wp\/v2\/pages\/383\/revisions\/6178"}],"up":[{"embeddable":true,"href":"https:\/\/agora.xtec.cat\/insmariacanela\/wp-json\/wp\/v2\/pages\/63"}],"wp:attachment":[{"href":"https:\/\/agora.xtec.cat\/insmariacanela\/wp-json\/wp\/v2\/media?parent=383"}],"curies":[{"name":"wp","href":"https:\/\/api.w.org\/{rel}","templated":true}]}}