{"id":381,"date":"2018-07-22T13:34:18","date_gmt":"2018-07-22T11:34:18","guid":{"rendered":"http:\/\/agora.xtec.cat\/insmariacanela\/?page_id=381"},"modified":"2025-07-06T10:06:24","modified_gmt":"2025-07-06T08:06:24","slug":"junta-directiva","status":"publish","type":"page","link":"https:\/\/agora.xtec.cat\/insmariacanela\/organitzacio-2\/junta-directiva\/","title":{"rendered":"Equip directiu"},"content":{"rendered":"<p><span style=\"color: #339966;\"><strong>Curs 2025-26<\/strong><\/span><\/p>\n<p><span style=\"color: #000000;\"><strong>Equip directiu:<\/strong><\/span><br \/>\n<em><span style=\"color: #339966;\">Directora:<\/span> <\/em>Carme Mas Sastre<br \/>\n<em><span style=\"color: #339966;\">Cap d&#8217;estudis:<\/span> <\/em>Laura Soul\u00e8re Roca<br \/>\n<span style=\"color: #339966;\"><em>Secret\u00e0ria:<\/em><\/span> Gemma Gallart i Ardite<br \/>\n<span style=\"color: #339966;\"><em>Coordinaci\u00f3 Pedag\u00f2gica:<\/em><\/span> Ingrid Alemany Falguera<\/p>\n","protected":false},"excerpt":{"rendered":"<p>Curs 2025-26 Equip directiu: Directora: Carme Mas Sastre Cap d&#8217;estudis: Laura Soul\u00e8re Roca Secret\u00e0ria: Gemma Gallart i Ardite Coordinaci\u00f3 Pedag\u00f2gica: Ingrid Alemany Falguera<\/p>\n","protected":false},"author":1,"featured_media":0,"parent":63,"menu_order":1,"comment_status":"closed","ping_status":"closed","template":"","meta":{"_bbp_topic_count":0,"_bbp_reply_count":0,"_bbp_total_topic_count":0,"_bbp_total_reply_count":0,"_bbp_voice_count":0,"_bbp_anonymous_reply_count":0,"_bbp_topic_count_hidden":0,"_bbp_reply_count_hidden":0,"_bbp_forum_subforum_count":0,"site-sidebar-layout":"default","site-content-layout":"","ast-site-content-layout":"default","site-content-style":"default","site-sidebar-style":"default","ast-global-header-display":"","ast-banner-title-visibility":"","ast-main-header-display":"","ast-hfb-above-header-display":"","ast-hfb-below-header-display":"","ast-hfb-mobile-header-display":"","site-post-title":"","ast-breadcrumbs-content":"","ast-featured-img":"","footer-sml-layout":"","theme-transparent-header-meta":"","adv-header-id-meta":"","stick-header-meta":"","header-above-stick-meta":"","header-main-stick-meta":"","header-below-stick-meta":"","astra-migrate-meta-layouts":"set","ast-page-background-enabled":"default","ast-page-background-meta":{"desktop":{"background-color":"var(--ast-global-color-4)","background-image":"","background-repeat":"repeat","background-position":"center center","background-size":"auto","background-attachment":"scroll","background-type":"","background-media":"","overlay-type":"","overlay-color":"","overlay-opacity":"","overlay-gradient":""},"tablet":{"background-color":"","background-image":"","background-repeat":"repeat","background-position":"center center","background-size":"auto","background-attachment":"scroll","background-type":"","background-media":"","overlay-type":"","overlay-color":"","overlay-opacity":"","overlay-gradient":""},"mobile":{"background-color":"","background-image":"","background-repeat":"repeat","background-position":"center center","background-size":"auto","background-attachment":"scroll","background-type":"","background-media":"","overlay-type":"","overlay-color":"","overlay-opacity":"","overlay-gradient":""}},"ast-content-background-meta":{"desktop":{"background-color":"var(--ast-global-color-5)","background-image":"","background-repeat":"repeat","background-position":"center center","background-size":"auto","background-attachment":"scroll","background-type":"","background-media":"","overlay-type":"","overlay-color":"","overlay-opacity":"","overlay-gradient":""},"tablet":{"background-color":"var(--ast-global-color-5)","background-image":"","background-repeat":"repeat","background-position":"center center","background-size":"auto","background-attachment":"scroll","background-type":"","background-media":"","overlay-type":"","overlay-color":"","overlay-opacity":"","overlay-gradient":""},"mobile":{"background-color":"var(--ast-global-color-5)","background-image":"","background-repeat":"repeat","background-position":"center center","background-size":"auto","background-attachment":"scroll","background-type":"","background-media":"","overlay-type":"","overlay-color":"","overlay-opacity":"","overlay-gradient":""}},"footnotes":""},"class_list":["post-381","page","type-page","status-publish","hentry"],"post_mailing_queue_ids":[],"_links":{"self":[{"href":"https:\/\/agora.xtec.cat\/insmariacanela\/wp-json\/wp\/v2\/pages\/381","targetHints":{"allow":["GET"]}}],"collection":[{"href":"https:\/\/agora.xtec.cat\/insmariacanela\/wp-json\/wp\/v2\/pages"}],"about":[{"href":"https:\/\/agora.xtec.cat\/insmariacanela\/wp-json\/wp\/v2\/types\/page"}],"author":[{"embeddable":true,"href":"https:\/\/agora.xtec.cat\/insmariacanela\/wp-json\/wp\/v2\/users\/1"}],"replies":[{"embeddable":true,"href":"https:\/\/agora.xtec.cat\/insmariacanela\/wp-json\/wp\/v2\/comments?post=381"}],"version-history":[{"count":6,"href":"https:\/\/agora.xtec.cat\/insmariacanela\/wp-json\/wp\/v2\/pages\/381\/revisions"}],"predecessor-version":[{"id":5378,"href":"https:\/\/agora.xtec.cat\/insmariacanela\/wp-json\/wp\/v2\/pages\/381\/revisions\/5378"}],"up":[{"embeddable":true,"href":"https:\/\/agora.xtec.cat\/insmariacanela\/wp-json\/wp\/v2\/pages\/63"}],"wp:attachment":[{"href":"https:\/\/agora.xtec.cat\/insmariacanela\/wp-json\/wp\/v2\/media?parent=381"}],"curies":[{"name":"wp","href":"https:\/\/api.w.org\/{rel}","templated":true}]}}