{"id":27,"date":"2014-09-17T16:24:03","date_gmt":"2014-09-17T16:24:03","guid":{"rendered":"http:\/\/agora.xtec.cat\/insmariacanela\/?page_id=27"},"modified":"2025-02-07T08:43:27","modified_gmt":"2025-02-07T07:43:27","slug":"historia","status":"publish","type":"page","link":"https:\/\/agora.xtec.cat\/insmariacanela\/linstitut\/historia\/","title":{"rendered":"Hist\u00f2ria de l&#8217;edifici"},"content":{"rendered":"<p>&nbsp;<\/p>\n<p><a href=\"https:\/\/agora.xtec.cat\/insmariacanela\/wp-content\/uploads\/usu413\/2025\/02\/Foto_02.jpg\"><img loading=\"lazy\" decoding=\"async\" class=\"aligncenter size-medium wp-image-4956\" src=\"https:\/\/agora.xtec.cat\/insmariacanela\/wp-content\/uploads\/usu413\/2025\/02\/Foto_02-300x209.jpg\" alt=\"\" width=\"300\" height=\"209\" srcset=\"https:\/\/agora.xtec.cat\/insmariacanela\/wp-content\/uploads\/usu413\/2025\/02\/Foto_02-300x209.jpg 300w, https:\/\/agora.xtec.cat\/insmariacanela\/wp-content\/uploads\/usu413\/2025\/02\/Foto_02-1024x714.jpg 1024w, https:\/\/agora.xtec.cat\/insmariacanela\/wp-content\/uploads\/usu413\/2025\/02\/Foto_02-768x535.jpg 768w, https:\/\/agora.xtec.cat\/insmariacanela\/wp-content\/uploads\/usu413\/2025\/02\/Foto_02-1536x1071.jpg 1536w, https:\/\/agora.xtec.cat\/insmariacanela\/wp-content\/uploads\/usu413\/2025\/02\/Foto_02.jpg 1975w\" sizes=\"auto, (max-width: 300px) 100vw, 300px\" \/><\/a><a href=\"https:\/\/agora.xtec.cat\/insmariacanela\/wp-content\/uploads\/usu413\/2025\/02\/Foto_04.jpg\"><img loading=\"lazy\" decoding=\"async\" class=\"aligncenter size-medium wp-image-4958\" src=\"https:\/\/agora.xtec.cat\/insmariacanela\/wp-content\/uploads\/usu413\/2025\/02\/Foto_04-300x206.jpg\" alt=\"\" width=\"300\" height=\"206\" srcset=\"https:\/\/agora.xtec.cat\/insmariacanela\/wp-content\/uploads\/usu413\/2025\/02\/Foto_04-300x206.jpg 300w, https:\/\/agora.xtec.cat\/insmariacanela\/wp-content\/uploads\/usu413\/2025\/02\/Foto_04-1024x703.jpg 1024w, https:\/\/agora.xtec.cat\/insmariacanela\/wp-content\/uploads\/usu413\/2025\/02\/Foto_04-768x528.jpg 768w, https:\/\/agora.xtec.cat\/insmariacanela\/wp-content\/uploads\/usu413\/2025\/02\/Foto_04-1536x1055.jpg 1536w, https:\/\/agora.xtec.cat\/insmariacanela\/wp-content\/uploads\/usu413\/2025\/02\/Foto_04.jpg 1977w\" sizes=\"auto, (max-width: 300px) 100vw, 300px\" \/><\/a><\/p>\n<p>L&#8217;actual edifici de l&#8217;institut va ser dissenyat per<em><strong> Josep Llu\u00eds Sert <\/strong><\/em>(Barcelona 1902-1983), que fou un destacat arquitecte catal\u00e0, molt influenciat per Le Corbusier, amb qui va treballar a Par\u00eds. Tot just acabada la carrera d\u2019arquitectura va fundar el GATCPAC. Fou el principal aglutinador a Catalunya del moviment racionalista.<\/p>\n<p>Al 1935 va projectar dos edificis escolars per a Martorell, per enc\u00e0rrec de l\u2019Ajuntament: el\u00a0<strong>col\u00b7legi Montserrat<\/strong>, al barri de Can Carreres, i el\u00a0<strong>col\u00b7legi dels Convents<\/strong>, que pren el nom de l\u2019antic convent dels caputxins, una part del qual va ser incorporada al nou edifici.<br \/>\nLa construcci\u00f3 d\u2019aquests edificis va ser interrompuda pel la guerra Civil i l\u2019arquitecte no va poder completar la direcci\u00f3 de les obres. L\u2019edifici dels Convents, que era en estat de construcci\u00f3 m\u00e9s avan\u00e7ada, va mantenir pr\u00e0cticament l\u2019entitat que li havia donat el seu autor. No fou aix\u00ed en el cas del col\u00b7legi Montserrat, for\u00e7a modificat respecte del projecte original.<\/p>\n<p>Fruit de l\u2019\u00e8poca, el col\u00b7legi Montserrat es denomin\u00e0 durant el franquisme Correa Weglison, i els Convents, General\u00edsimo Franco.<br \/>\nA finals dels anys seixanta la construcci\u00f3 de l\u2019autopista A-7 va malmetre una part important dels espais oberts del col\u00b7legi dels Convents i modificacions posteriors van alterar la disposici\u00f3 de l\u2019edifici pel seu costat sud. Tamb\u00e9 fou enderrocada la casa del conserge, obra del mateix arquitecte.<\/p>\n<p>Avui ambd\u00f3s edificis s\u00f3n dels pocs exemples de les construccions escolars de Sert, el que els dona una especial import\u00e0ncia i fa imprescindible la seva recuperaci\u00f3.<\/p>\n<p>En conjunt, les seves obres van representar l\u2019avantguarda, no nom\u00e9s a nivell de Catalunya, sin\u00f3 tamb\u00e9 a nivell europeu. Defensava el ciment armat com a material constructiu b\u00e0sic per acomplir les exig\u00e8ncies que imposava la funcionalitat del nou estil: simplicitat, harmonia, equilibri, ordre i proporci\u00f3, negant l\u2019aplicaci\u00f3 gratu\u00efta d\u2019elements ornamentals i la imitaci\u00f3, i concebent l\u2019arquitectura com a resposta a una finalitat utilit\u00e0ria, en relaci\u00f3 amb la qual l\u2019interior es desenvolupa racionalment per a la funci\u00f3 i es projecta a l\u2019exterior d\u2019una manera simple i constructiva.<\/p>\n<h6 style=\"text-align: justify;\">Font:\u00a0Hist\u00f2ria visual de Martorell. Recurs electr\u00f2nic (Martorell) &#8211; Centre d&#8217;Estudis Martorellencs, 2003<\/h6>\n<p style=\"text-align: justify;\"><span style=\"color: #339966;\"><strong>Primera i provisional ubicaci\u00f3 de l\u2019nstitut SI Martorell<\/strong><\/span><br \/>\nLa secci\u00f3 d\u2019institut SI Martorell va obrir les portes el curs escolar 2012-13 compartint espais amb l\u2019EOI de Martorell situat a l\u2019Av. F\u00e8lix i Ca\u00f1ameres, 15 prop l\u2019Hospital de Sant Joan de D\u00e9u. Durant el curs escolar 2012-13 i 2013-14 aquesta va ser l\u2019ubicaci\u00f3 mentre es trobava una soluci\u00f3 per aconseguir un espai propi.<\/p>\n<p style=\"text-align: justify;\"><span style=\"color: #339966;\"><strong>Obres de restauraci\u00f3 del antic col\u00b7legi Montserrat, durant l\u2019estiu de 2014<\/strong><\/span><br \/>\nL\u2019antic edifici va ser cedit per l\u2019Ajuntament de Martorell i es troba actualment a la pla\u00e7a de Maria Canela al\u00a0<strong>barri de Can Carreras<\/strong><\/p>\n<p style=\"text-align: justify;\"><a href=\"http:\/\/agora.xtec.cat\/insmariacanela\/wp-content\/uploads\/usu413\/2014\/09\/insti65.jpg\"><img loading=\"lazy\" decoding=\"async\" class=\"wp-image-360 alignnone\" src=\"http:\/\/agora.xtec.cat\/insmariacanela\/wp-content\/uploads\/usu413\/2014\/09\/insti65.jpg\" alt=\"\" width=\"260\" height=\"172\" srcset=\"https:\/\/agora.xtec.cat\/insmariacanela\/wp-content\/uploads\/usu413\/2014\/09\/insti65.jpg 800w, https:\/\/agora.xtec.cat\/insmariacanela\/wp-content\/uploads\/usu413\/2014\/09\/insti65-300x199.jpg 300w, https:\/\/agora.xtec.cat\/insmariacanela\/wp-content\/uploads\/usu413\/2014\/09\/insti65-768x509.jpg 768w\" sizes=\"auto, (max-width: 260px) 100vw, 260px\" \/><\/a><\/p>\n<p><img loading=\"lazy\" decoding=\"async\" class=\"wp-image-359 alignnone\" src=\"http:\/\/agora.xtec.cat\/insmariacanela\/wp-content\/uploads\/usu413\/2014\/09\/insti1-1.jpg\" alt=\"\" width=\"261\" height=\"173\" srcset=\"https:\/\/agora.xtec.cat\/insmariacanela\/wp-content\/uploads\/usu413\/2014\/09\/insti1-1.jpg 800w, https:\/\/agora.xtec.cat\/insmariacanela\/wp-content\/uploads\/usu413\/2014\/09\/insti1-1-300x199.jpg 300w, https:\/\/agora.xtec.cat\/insmariacanela\/wp-content\/uploads\/usu413\/2014\/09\/insti1-1-768x509.jpg 768w\" sizes=\"auto, (max-width: 261px) 100vw, 261px\" \/><\/p>\n<p><img loading=\"lazy\" decoding=\"async\" class=\"wp-image-361 alignnone\" src=\"http:\/\/agora.xtec.cat\/insmariacanela\/wp-content\/uploads\/usu413\/2014\/09\/P1040857.jpg\" alt=\"\" width=\"259\" height=\"195\" srcset=\"https:\/\/agora.xtec.cat\/insmariacanela\/wp-content\/uploads\/usu413\/2014\/09\/P1040857.jpg 283w, https:\/\/agora.xtec.cat\/insmariacanela\/wp-content\/uploads\/usu413\/2014\/09\/P1040857-200x150.jpg 200w\" sizes=\"auto, (max-width: 259px) 100vw, 259px\" \/><\/p>\n","protected":false},"excerpt":{"rendered":"<p>&nbsp; L&#8217;actual edifici de l&#8217;institut va ser dissenyat per Josep Llu\u00eds Sert (Barcelona 1902-1983), que fou un destacat arquitecte catal\u00e0, molt influenciat per Le Corbusier, amb qui va treballar a Par\u00eds. Tot just acabada la carrera d\u2019arquitectura va fundar el GATCPAC. Fou el principal aglutinador a Catalunya del moviment racionalista. Al 1935 va projectar dos [&hellip;]<\/p>\n","protected":false},"author":1,"featured_media":0,"parent":19,"menu_order":2,"comment_status":"closed","ping_status":"closed","template":"page-templates\/side-menu.php","meta":{"_bbp_topic_count":0,"_bbp_reply_count":0,"_bbp_total_topic_count":0,"_bbp_total_reply_count":0,"_bbp_voice_count":0,"_bbp_anonymous_reply_count":0,"_bbp_topic_count_hidden":0,"_bbp_reply_count_hidden":0,"_bbp_forum_subforum_count":0,"site-sidebar-layout":"default","site-content-layout":"","ast-site-content-layout":"","site-content-style":"default","site-sidebar-style":"default","ast-global-header-display":"","ast-banner-title-visibility":"","ast-main-header-display":"","ast-hfb-above-header-display":"","ast-hfb-below-header-display":"","ast-hfb-mobile-header-display":"","site-post-title":"","ast-breadcrumbs-content":"","ast-featured-img":"","footer-sml-layout":"","theme-transparent-header-meta":"","adv-header-id-meta":"","stick-header-meta":"","header-above-stick-meta":"","header-main-stick-meta":"","header-below-stick-meta":"","astra-migrate-meta-layouts":"default","ast-page-background-enabled":"default","ast-page-background-meta":{"desktop":{"background-color":"var(--ast-global-color-4)","background-image":"","background-repeat":"repeat","background-position":"center center","background-size":"auto","background-attachment":"scroll","background-type":"","background-media":"","overlay-type":"","overlay-color":"","overlay-opacity":"","overlay-gradient":""},"tablet":{"background-color":"","background-image":"","background-repeat":"repeat","background-position":"center center","background-size":"auto","background-attachment":"scroll","background-type":"","background-media":"","overlay-type":"","overlay-color":"","overlay-opacity":"","overlay-gradient":""},"mobile":{"background-color":"","background-image":"","background-repeat":"repeat","background-position":"center center","background-size":"auto","background-attachment":"scroll","background-type":"","background-media":"","overlay-type":"","overlay-color":"","overlay-opacity":"","overlay-gradient":""}},"ast-content-background-meta":{"desktop":{"background-color":"var(--ast-global-color-5)","background-image":"","background-repeat":"repeat","background-position":"center center","background-size":"auto","background-attachment":"scroll","background-type":"","background-media":"","overlay-type":"","overlay-color":"","overlay-opacity":"","overlay-gradient":""},"tablet":{"background-color":"var(--ast-global-color-5)","background-image":"","background-repeat":"repeat","background-position":"center center","background-size":"auto","background-attachment":"scroll","background-type":"","background-media":"","overlay-type":"","overlay-color":"","overlay-opacity":"","overlay-gradient":""},"mobile":{"background-color":"var(--ast-global-color-5)","background-image":"","background-repeat":"repeat","background-position":"center center","background-size":"auto","background-attachment":"scroll","background-type":"","background-media":"","overlay-type":"","overlay-color":"","overlay-opacity":"","overlay-gradient":""}},"footnotes":""},"class_list":["post-27","page","type-page","status-publish","hentry"],"post_mailing_queue_ids":[],"_links":{"self":[{"href":"https:\/\/agora.xtec.cat\/insmariacanela\/wp-json\/wp\/v2\/pages\/27","targetHints":{"allow":["GET"]}}],"collection":[{"href":"https:\/\/agora.xtec.cat\/insmariacanela\/wp-json\/wp\/v2\/pages"}],"about":[{"href":"https:\/\/agora.xtec.cat\/insmariacanela\/wp-json\/wp\/v2\/types\/page"}],"author":[{"embeddable":true,"href":"https:\/\/agora.xtec.cat\/insmariacanela\/wp-json\/wp\/v2\/users\/1"}],"replies":[{"embeddable":true,"href":"https:\/\/agora.xtec.cat\/insmariacanela\/wp-json\/wp\/v2\/comments?post=27"}],"version-history":[{"count":5,"href":"https:\/\/agora.xtec.cat\/insmariacanela\/wp-json\/wp\/v2\/pages\/27\/revisions"}],"predecessor-version":[{"id":4960,"href":"https:\/\/agora.xtec.cat\/insmariacanela\/wp-json\/wp\/v2\/pages\/27\/revisions\/4960"}],"up":[{"embeddable":true,"href":"https:\/\/agora.xtec.cat\/insmariacanela\/wp-json\/wp\/v2\/pages\/19"}],"wp:attachment":[{"href":"https:\/\/agora.xtec.cat\/insmariacanela\/wp-json\/wp\/v2\/media?parent=27"}],"curies":[{"name":"wp","href":"https:\/\/api.w.org\/{rel}","templated":true}]}}