{"id":43,"date":"2014-09-17T16:45:07","date_gmt":"2014-09-17T14:45:07","guid":{"rendered":"http:\/\/agora.xtec.cat\/insmanresasis\/?page_id=43"},"modified":"2026-01-12T12:11:24","modified_gmt":"2026-01-12T11:11:24","slug":"consell-escolar","status":"publish","type":"page","link":"https:\/\/agora.xtec.cat\/insmanresasis\/linstitut\/consell-escolar\/","title":{"rendered":"Consell escolar"},"content":{"rendered":"<p>\u00c9s l\u2019\u00f2rgan de decisi\u00f3 i debat del centre educatiu. Est\u00e0 compost per representants dels adolescents, del personal docent, d\u2019administraci\u00f3 i serveis, de l&#8217;AFA, de les fam\u00edlies i un representant de l\u2019Ajuntament.<\/p>\n<p>Els representants dels adolescents, fam\u00edlies i docents surten elegits per votaci\u00f3.<\/p>\n<p>Les seves funcions s\u00f3n entre altres:<\/p>\n<ul>\n<li>Aprovar el pressupost i el balan\u00e7 anual.<\/li>\n<li>Aprovar la planificaci\u00f3 general del centre (PGA).<\/li>\n<li>Aprovar el projecte educatiu del centre (PEC).<\/li>\n<li>Aprovar les sortides i col\u00f2nies.<\/li>\n<li>Aprovar les activitats complement\u00e0ries.<\/li>\n<li>Aprovar l\u2019horari dels alumnes.<\/li>\n<\/ul>\n<p>Tots ells estan a la vostra disposici\u00f3 per si teniu alguna cosa a proposar, comentar o millorar de l\u2019institut.<\/p>\n<h5><strong>Representants de l&#8217;equip directiu<\/strong><\/h5>\n<ul>\n<li>Dolors Gord\u00f3<\/li>\n<li>Merc\u00e8 Jordana<\/li>\n<li>Pau Reguant<\/li>\n<\/ul>\n<h5><strong>Representants de l&#8217;alumnat<\/strong><\/h5>\n<ul>\n<li>Laura Espachs Casellas (1)<\/li>\n<li>Mar Trull\u00e0s Serra (1)<\/li>\n<\/ul>\n<h5><strong>Representant de l&#8217;AFA (Associaci\u00f3 de Fam\u00edlies)<\/strong><\/h5>\n<ul>\n<li>Marta Ferrer<\/li>\n<\/ul>\n<h5><strong>Representants de les fam\u00edlies<\/strong><\/h5>\n<ul>\n<li>Maribel G\u00f3mez Garc\u00eda (2)<br \/>\nSusana Santiago Mart\u00ednez (2)<\/li>\n<\/ul>\n<h5><strong>Representants dels docents<\/strong><\/h5>\n<ul>\n<li>Berta Planes Rotches (1)<\/li>\n<li>Eva Sall\u00e9s Hip\u00f3lito (2)<\/li>\n<li>David Berenguer Pardal (1)<\/li>\n<li>Eric L\u00f3pez Ramiro (2)<\/li>\n<li>Ram\u00f3n Mena Sanmart\u00ed (2)<\/li>\n<\/ul>\n<h5><strong>Representant del PAS (Personal d&#8217;Administraci\u00f3 i Serveis)<\/strong><\/h5>\n<ul>\n<li>Josep Malagarriga<\/li>\n<\/ul>\n<h5><strong>Representant de l&#8217;Ajuntament de Manresa<\/strong><\/h5>\n<ul>\n<li>Mariana Romero Salguero<\/li>\n<\/ul>\n<p>&nbsp;<\/p>\n<p><em>(2) elegits el curs 23-24<\/em><br \/>\n<em>(1) elegits el curs 25-26<\/em><\/p>\n","protected":false},"excerpt":{"rendered":"<p>\u00c9s l\u2019\u00f2rgan de decisi\u00f3 i debat del centre educatiu. Est\u00e0 compost per representants dels adolescents, del personal docent, d\u2019administraci\u00f3 i serveis, de l&#8217;AFA, de les fam\u00edlies i un representant de l\u2019Ajuntament.<br \/>\nEls representants dels adolescents, fam\u00edlies i docents surten elegits per votaci\u00f3.<br \/>\nLes seves funcions s\u00f3n entre&hellip;  <a href=\"https:\/\/agora.xtec.cat\/insmanresasis\/linstitut\/consell-escolar\/\" title=\"Read Consell escolar\">Llegeix m\u00e9s\u00bb<\/a><\/p>\n","protected":false},"author":1,"featured_media":0,"parent":19,"menu_order":40,"comment_status":"closed","ping_status":"closed","template":"page-templates\/side-menu.php","meta":{"_bbp_topic_count":0,"_bbp_reply_count":0,"_bbp_total_topic_count":0,"_bbp_total_reply_count":0,"_bbp_voice_count":0,"_bbp_anonymous_reply_count":0,"_bbp_topic_count_hidden":0,"_bbp_reply_count_hidden":0,"_bbp_forum_subforum_count":0,"footnotes":""},"class_list":["post-43","page","type-page","status-publish","hentry"],"post_mailing_queue_ids":[],"_links":{"self":[{"href":"https:\/\/agora.xtec.cat\/insmanresasis\/wp-json\/wp\/v2\/pages\/43","targetHints":{"allow":["GET"]}}],"collection":[{"href":"https:\/\/agora.xtec.cat\/insmanresasis\/wp-json\/wp\/v2\/pages"}],"about":[{"href":"https:\/\/agora.xtec.cat\/insmanresasis\/wp-json\/wp\/v2\/types\/page"}],"author":[{"embeddable":true,"href":"https:\/\/agora.xtec.cat\/insmanresasis\/wp-json\/wp\/v2\/users\/1"}],"replies":[{"embeddable":true,"href":"https:\/\/agora.xtec.cat\/insmanresasis\/wp-json\/wp\/v2\/comments?post=43"}],"version-history":[{"count":6,"href":"https:\/\/agora.xtec.cat\/insmanresasis\/wp-json\/wp\/v2\/pages\/43\/revisions"}],"predecessor-version":[{"id":12934,"href":"https:\/\/agora.xtec.cat\/insmanresasis\/wp-json\/wp\/v2\/pages\/43\/revisions\/12934"}],"up":[{"embeddable":true,"href":"https:\/\/agora.xtec.cat\/insmanresasis\/wp-json\/wp\/v2\/pages\/19"}],"wp:attachment":[{"href":"https:\/\/agora.xtec.cat\/insmanresasis\/wp-json\/wp\/v2\/media?parent=43"}],"curies":[{"name":"wp","href":"https:\/\/api.w.org\/{rel}","templated":true}]}}