{"id":27,"date":"2014-09-17T16:24:03","date_gmt":"2014-09-17T14:24:03","guid":{"rendered":"http:\/\/agora.xtec.cat\/insmanresasis\/?page_id=27"},"modified":"2019-02-27T22:12:08","modified_gmt":"2019-02-27T21:12:08","slug":"historia","status":"publish","type":"page","link":"https:\/\/agora.xtec.cat\/insmanresasis\/linstitut\/historia\/","title":{"rendered":"Hist\u00f2ria"},"content":{"rendered":"<p>L&#8217;Institut Manresa SIS \u00e9s un centre educatiu que neix el curs 2017-2018 amb la voluntat d&#8217;aportar una mirada pedag\u00f2gica diferent. Aquesta mirada pret\u00e9n formar persones que puguin desenvolupar-se, participar i actuar de forma activa i cr\u00edtica en la nostra societat. Persones que intenten entendre el m\u00f3n i que lluiten per transformar-lo per tal que aquest sigui m\u00e9s lliure, just i solidari.<\/p>\n<p>El centre es vol consolidar com el que \u00e9s: un centre educatiu obert, inclusiu i innovador. El seu servei consisteix a oferir una educaci\u00f3 de qualitat, amb una atenci\u00f3 integral i personalitzada a tot l&#8217;alumnat, eixamplant els seus horitzons culturals i contribuint a una s\u00f2lida formaci\u00f3 \u00e8tica.<\/p>\n","protected":false},"excerpt":{"rendered":"<p>L&#8217;Institut Manresa SIS \u00e9s un centre educatiu que neix el curs 2017-2018 amb la voluntat d&#8217;aportar una mirada pedag\u00f2gica diferent. Aquesta mirada pret\u00e9n formar persones que puguin desenvolupar-se, participar i actuar de forma activa i cr\u00edtica en la nostra societat. Persones que intenten entendre el&hellip;  <a href=\"https:\/\/agora.xtec.cat\/insmanresasis\/linstitut\/historia\/\" title=\"Read Hist\u00f2ria\">Llegeix m\u00e9s\u00bb<\/a><\/p>\n","protected":false},"author":1,"featured_media":0,"parent":19,"menu_order":20,"comment_status":"closed","ping_status":"closed","template":"page-templates\/side-menu.php","meta":{"_bbp_topic_count":0,"_bbp_reply_count":0,"_bbp_total_topic_count":0,"_bbp_total_reply_count":0,"_bbp_voice_count":0,"_bbp_anonymous_reply_count":0,"_bbp_topic_count_hidden":0,"_bbp_reply_count_hidden":0,"_bbp_forum_subforum_count":0,"footnotes":""},"class_list":["post-27","page","type-page","status-publish","hentry"],"post_mailing_queue_ids":[],"_links":{"self":[{"href":"https:\/\/agora.xtec.cat\/insmanresasis\/wp-json\/wp\/v2\/pages\/27","targetHints":{"allow":["GET"]}}],"collection":[{"href":"https:\/\/agora.xtec.cat\/insmanresasis\/wp-json\/wp\/v2\/pages"}],"about":[{"href":"https:\/\/agora.xtec.cat\/insmanresasis\/wp-json\/wp\/v2\/types\/page"}],"author":[{"embeddable":true,"href":"https:\/\/agora.xtec.cat\/insmanresasis\/wp-json\/wp\/v2\/users\/1"}],"replies":[{"embeddable":true,"href":"https:\/\/agora.xtec.cat\/insmanresasis\/wp-json\/wp\/v2\/comments?post=27"}],"version-history":[{"count":3,"href":"https:\/\/agora.xtec.cat\/insmanresasis\/wp-json\/wp\/v2\/pages\/27\/revisions"}],"predecessor-version":[{"id":9950,"href":"https:\/\/agora.xtec.cat\/insmanresasis\/wp-json\/wp\/v2\/pages\/27\/revisions\/9950"}],"up":[{"embeddable":true,"href":"https:\/\/agora.xtec.cat\/insmanresasis\/wp-json\/wp\/v2\/pages\/19"}],"wp:attachment":[{"href":"https:\/\/agora.xtec.cat\/insmanresasis\/wp-json\/wp\/v2\/media?parent=27"}],"curies":[{"name":"wp","href":"https:\/\/api.w.org\/{rel}","templated":true}]}}