{"id":12675,"date":"2025-07-10T09:52:20","date_gmt":"2025-07-10T07:52:20","guid":{"rendered":"https:\/\/agora.xtec.cat\/insmanresasis\/?page_id=12675"},"modified":"2025-07-10T18:15:52","modified_gmt":"2025-07-10T16:15:52","slug":"acreditacio-erasmus-2023-2027","status":"publish","type":"page","link":"https:\/\/agora.xtec.cat\/insmanresasis\/acreditacio-erasmus-2023-2027\/","title":{"rendered":"Acreditaci\u00f3 Erasmus 2023-2027"},"content":{"rendered":"<p>L\u2019Institut Manresa Sis som un centre acreditat, Ser un <b>centre acreditat Erasmus+<\/b> vol dir que som un institut que ha obtingut una <b>acreditaci\u00f3 oficial de la Uni\u00f3 Europea<\/b> que reconeix la seva capacitat per desenvolupar projectes internacionals de qualitat dins del programa Erasmus+. Aquesta acreditaci\u00f3 simplifica l\u2019acc\u00e9s a finan\u00e7ament i dona estabilitat al projecte internacional del centre fins el curs 2026-27.<\/p>\n<h3><b>Objectius de l&#8217;Acreditaci\u00f3 Erasmus+<\/b><\/h3>\n<h5><b>Inclusi\u00f3 educativa i igualtat d\u2019oportunitats<\/b><\/h5>\n<p>Assegurar una inclusi\u00f3 real i efectiva per garantir una educaci\u00f3 de qualitat i, aix\u00ed, enfortir la igualtat d\u2019oportunitats, especialment per a l\u2019alumnat en situaci\u00f3 de vulnerabilitat.<\/p>\n<h5><b>Aprenentatge significatiu de lleng\u00fces estrangeres<\/b><\/h5>\n<p>Aconseguir un aprenentatge m\u00e9s significatiu en l\u2019\u00e0mbit de les lleng\u00fces estrangeres amb la finalitat d\u2019aplicar-les en contextos reals i fomentar la internacionalitzaci\u00f3 del centre.<\/p>\n<h5><b>Sostenibilitat i responsabilitat ambiental<\/b><\/h5>\n<p>Actuar amb consci\u00e8ncia cap a un entorn sostenible, saludable i respectu\u00f3s amb el medi ambient per tal de fer front als reptes dels Objectius de Desenvolupament Sostenible (ODS).<\/p>\n<h5><b>\u00das responsable de la tecnologia digital<\/b><\/h5>\n<p>Prendre consci\u00e8ncia i fer un \u00fas responsable de les tecnologies digitals per adquirir h\u00e0bits digitals saludables.<\/p>\n<h3><b>Proc\u00e9s de selecci\u00f3<\/b><\/h3>\n<p>En el proc\u00e9s de selecci\u00f3 l\u2019alumnat que estigui interessat en participar en les mobilitats dels projectes Erasmus+ haur\u00e0 de passar un proc\u00e9s de selecci\u00f3 sempre que sigui necessari on es valoraran els seg\u00fcents aspectes:<\/p>\n<table>\n<tbody>\n<tr>\n<td>Acollida en fam\u00edlia (formulari)<\/td>\n<td>Necessari (excepcions molt justificades)<\/td>\n<td><\/td>\n<\/tr>\n<tr>\n<td>NESE (2p)<\/td>\n<td>2p<\/td>\n<td><\/td>\n<\/tr>\n<tr>\n<td rowspan=\"2\">Participaci\u00f3 activitats Institut (2p)<\/td>\n<td>1p<\/td>\n<td>Col\u00f2nies, Conviv\u00e8ncies<\/td>\n<\/tr>\n<tr>\n<td>1p<\/td>\n<td>Altres sortides i activitats volunt\u00e0ries<\/td>\n<\/tr>\n<tr>\n<td rowspan=\"4\">Implicaci\u00f3 en les tasques (2p)<\/td>\n<td>0,5p<\/td>\n<td>Entrega dins els terminis<\/td>\n<\/tr>\n<tr>\n<td>0,5p<\/td>\n<td>v\u00eddeo presentaci\u00f3<\/td>\n<\/tr>\n<tr>\n<td>0,5p<\/td>\n<td>Carta motivacional<\/td>\n<\/tr>\n<tr>\n<td>0,5p<\/td>\n<td>Logo<\/td>\n<\/tr>\n<tr>\n<td rowspan=\"4\">Compet\u00e8ncies centrals (2p)<\/td>\n<td>0,5p<\/td>\n<td>Autonomia<\/td>\n<\/tr>\n<tr>\n<td>0,5p<\/td>\n<td>Maduresa<\/td>\n<\/tr>\n<tr>\n<td>0,5p<\/td>\n<td>Responsabilitat<\/td>\n<\/tr>\n<tr>\n<td>0,5p<\/td>\n<td>Aptituds comunicatives<\/td>\n<\/tr>\n<tr>\n<td rowspan=\"2\">Entrevista (1p)<\/td>\n<td>0,5p<\/td>\n<td>Entrevista en angl\u00e8s<\/td>\n<\/tr>\n<tr>\n<td>0,5p<\/td>\n<td>Autodescripci\u00f3<\/td>\n<\/tr>\n<\/tbody>\n<\/table>\n<p>La comissi\u00f3 Erasmus ser\u00e0 l\u2019encarregada de supervisar la baremaci\u00f3. Un cop es publiquin els resultats provisionals, es deixar\u00e0 un marge curt de temps per a les possibles reclamacions i, despr\u00e9s, es publicar\u00e0, per ordre de puntuaci\u00f3, la llista definitiva dels candidats al taulell Erasmus.<\/p>\n<p><b>Aclariments:<\/b><\/p>\n<ul>\n<li aria-level=\"1\">Tindran prioritat aquells alumnes que hi participin per primer cop, \u00e9s a dir, que no hagin participat en cap mobilitat.<\/li>\n<li aria-level=\"1\">Per poder ser adm\u00e8s en el projecte cal que l\u2019alumnat, primer de tot, hagi emplenat el formulari. Per participar en una mobilitat Erasmus ser\u00e0 necessari acollir a un alumne del pa\u00eds participant.<\/li>\n<li aria-level=\"1\">En el cas d\u2019haver-hi alguna baixa volunt\u00e0ria durant el proc\u00e9s, se seguir\u00e0 l\u2019ordre de llista amb la puntuaci\u00f3 ja publicada anteriorment. .<\/li>\n<li aria-level=\"1\">El nivell d\u2019angl\u00e8s no ser\u00e0 excloent en cap fase del proc\u00e9s.<\/li>\n<\/ul>\n","protected":false},"excerpt":{"rendered":"<p>L\u2019Institut Manresa Sis som un centre acreditat, Ser un centre acreditat Erasmus+ vol dir que som un institut que ha obtingut una acreditaci\u00f3 oficial de la Uni\u00f3 Europea que reconeix la seva capacitat per desenvolupar projectes internacionals de qualitat dins del programa Erasmus+. Aquesta acreditaci\u00f3&hellip;  <a href=\"https:\/\/agora.xtec.cat\/insmanresasis\/acreditacio-erasmus-2023-2027\/\" title=\"Read Acreditaci\u00f3 Erasmus 2023-2027\">Llegeix m\u00e9s\u00bb<\/a><\/p>\n","protected":false},"author":4,"featured_media":0,"parent":0,"menu_order":0,"comment_status":"closed","ping_status":"closed","template":"","meta":{"_bbp_topic_count":0,"_bbp_reply_count":0,"_bbp_total_topic_count":0,"_bbp_total_reply_count":0,"_bbp_voice_count":0,"_bbp_anonymous_reply_count":0,"_bbp_topic_count_hidden":0,"_bbp_reply_count_hidden":0,"_bbp_forum_subforum_count":0,"footnotes":""},"class_list":["post-12675","page","type-page","status-publish","hentry"],"post_mailing_queue_ids":[],"_links":{"self":[{"href":"https:\/\/agora.xtec.cat\/insmanresasis\/wp-json\/wp\/v2\/pages\/12675","targetHints":{"allow":["GET"]}}],"collection":[{"href":"https:\/\/agora.xtec.cat\/insmanresasis\/wp-json\/wp\/v2\/pages"}],"about":[{"href":"https:\/\/agora.xtec.cat\/insmanresasis\/wp-json\/wp\/v2\/types\/page"}],"author":[{"embeddable":true,"href":"https:\/\/agora.xtec.cat\/insmanresasis\/wp-json\/wp\/v2\/users\/4"}],"replies":[{"embeddable":true,"href":"https:\/\/agora.xtec.cat\/insmanresasis\/wp-json\/wp\/v2\/comments?post=12675"}],"version-history":[{"count":2,"href":"https:\/\/agora.xtec.cat\/insmanresasis\/wp-json\/wp\/v2\/pages\/12675\/revisions"}],"predecessor-version":[{"id":12677,"href":"https:\/\/agora.xtec.cat\/insmanresasis\/wp-json\/wp\/v2\/pages\/12675\/revisions\/12677"}],"wp:attachment":[{"href":"https:\/\/agora.xtec.cat\/insmanresasis\/wp-json\/wp\/v2\/media?parent=12675"}],"curies":[{"name":"wp","href":"https:\/\/api.w.org\/{rel}","templated":true}]}}